{"id":10072,"date":"2012-11-18T15:26:43","date_gmt":"2012-11-18T14:26:43","guid":{"rendered":"https:\/\/www.scancostablanca.com\/de\/sponsorship\/"},"modified":"2020-11-29T22:02:37","modified_gmt":"2020-11-29T21:02:37","slug":"sponsoring","status":"publish","type":"page","link":"https:\/\/www.scancostablanca.com\/de\/sponsoring\/","title":{"rendered":"Sponsoring"},"content":{"rendered":"<p>Das Sponsoring hat sich zu einem unglaublich wichtigen Teil des Finanzierungsprogramms von S.C.A.N. entwickelt. Ohne die aktive Unterst\u00fctzung und das Sponsoring von Privatpersonen, lokalen und international Firmen sowie unserer \u00f6rtlichen Beh\u00f6rden w\u00e4re das j\u00e4hrliche Programm zur Gewinnung von Finanzmitteln mehr als schwierig.<\/p>\n<p>Wir m\u00f6chten all jenen, die aktiv auf ganz unterschiedliche Weise S.C.A.N. unterst\u00fctzt haben und weiter unterst\u00fctzen im Namen unserer Tiere ganz herzlich danken.<\/p>\n<p>Dieses Jahr bauen wir unsere Verbindungen zu \u00f6rtlichen Firmen an der gesamten Costa Blanca aus, um ein hohes Bewusstsein bei der \u00d6ffentlichkeit, Gesch\u00e4ftsinhabern und Firmen bez\u00fcglich dem Wohlergehen der Tiere sowie der Misere von ausgesetzten oder misshandelten Tieren aufzubauen.<\/p>\n<p><a style=\"background-color: #ffffff; font-size: 1rem;\" href=\"https:\/\/www.scancostablanca.com\/wp-content\/uploads\/2017\/08\/scan-logo-ours-cropped.png\"><img decoding=\"async\" class=\"wp-image-25187 alignnone lazyload\" data-src=\"https:\/\/www.scancostablanca.com\/wp-content\/uploads\/2017\/08\/scan-logo-ours-cropped-480x143.png\" alt=\"\" width=\"181\" height=\"54\" src=\"data:image\/svg+xml;base64,PHN2ZyB3aWR0aD0iMSIgaGVpZ2h0PSIxIiB4bWxucz0iaHR0cDovL3d3dy53My5vcmcvMjAwMC9zdmciPjwvc3ZnPg==\" style=\"--smush-placeholder-width: 181px; --smush-placeholder-aspect-ratio: 181\/54;\" \/><\/a><\/p>\n<p>&nbsp;<\/p>\n<h2>Unsere Sponsoren<\/h2>\n<p>Here finden Sie unsere aktuellen Sponsoren. Wenn Sie oder Ihre Firma uns auch unterst\u00fctzen m\u00f6chten, <a href=\"https:\/\/www.scancostablanca.com\/de\/kontakt\/\">kontaktieren Sie uns<\/a>\u00a0bitte.<\/p>\n\n","protected":false},"excerpt":{"rendered":"<p>Das Sponsoring hat sich zu einem unglaublich wichtigen Teil des Finanzierungsprogramms von S.C.A.N. entwickelt. Ohne die aktive Unterst\u00fctzung und das Sponsoring von Privatpersonen, lokalen und international Firmen sowie unserer \u00f6rtlichen [&#8230;]<\/p>\n<p><a class=\"btn btn-secondary understrap-read-more-link\" href=\"https:\/\/www.scancostablanca.com\/de\/sponsoring\/\">Weiterlesen&#8230;<\/a><\/p>\n","protected":false},"author":2,"featured_media":0,"parent":0,"menu_order":0,"comment_status":"closed","ping_status":"closed","template":"page-templates\/fullwidthpage.php","meta":{"_acf_changed":false,"footnotes":""},"class_list":["post-10072","page","type-page","status-publish","hentry"],"acf":[],"yoast_head":"<!-- This site is optimized with the Yoast SEO plugin v27.4 - https:\/\/yoast.com\/product\/yoast-seo-wordpress\/ -->\n<title>S.C.A.N. Costa Blanca - Animals for Adoption - Sponsoring<\/title>\n<meta name=\"description\" content=\"S.C.A.N. Costa Blanca - Animal Adoptions - Dog and Cat Rescue, Care &amp; Rehoming - - Sponsoring\" \/>\n<meta name=\"robots\" content=\"index, follow, max-snippet:-1, max-image-preview:large, max-video-preview:-1\" \/>\n<link rel=\"canonical\" href=\"https:\/\/www.scancostablanca.com\/de\/sponsoring\/\" \/>\n<meta property=\"og:locale\" content=\"de_DE\" \/>\n<meta property=\"og:type\" content=\"article\" \/>\n<meta property=\"og:title\" content=\"S.C.A.N. Costa Blanca - Animals for Adoption - Sponsoring\" \/>\n<meta property=\"og:description\" content=\"S.C.A.N. Costa Blanca - Animal Adoptions - Dog and Cat Rescue, Care &amp; Rehoming - - Sponsoring\" \/>\n<meta property=\"og:url\" content=\"https:\/\/www.scancostablanca.com\/de\/sponsoring\/\" \/>\n<meta property=\"og:site_name\" content=\"S.C.A.N. Costa Blanca\" \/>\n<meta property=\"article:publisher\" content=\"https:\/\/www.facebook.com\/SocietyForTheCareOfAnimalsInNeedScan\/\" \/>\n<meta property=\"article:modified_time\" content=\"2020-11-29T21:02:37+00:00\" \/>\n<meta property=\"og:image\" content=\"https:\/\/www.scancostablanca.com\/wp-content\/uploads\/2017\/08\/scan-logo-ours-cropped-480x143.png\" \/>\n<meta name=\"twitter:card\" content=\"summary_large_image\" \/>\n<script type=\"application\/ld+json\" class=\"yoast-schema-graph\">{\"@context\":\"https:\\\/\\\/schema.org\",\"@graph\":[{\"@type\":\"WebPage\",\"@id\":\"https:\\\/\\\/www.scancostablanca.com\\\/de\\\/sponsoring\\\/\",\"url\":\"https:\\\/\\\/www.scancostablanca.com\\\/de\\\/sponsoring\\\/\",\"name\":\"S.C.A.N. Costa Blanca - Animals for Adoption - Sponsoring\",\"isPartOf\":{\"@id\":\"https:\\\/\\\/www.scancostablanca.com\\\/#website\"},\"primaryImageOfPage\":{\"@id\":\"https:\\\/\\\/www.scancostablanca.com\\\/de\\\/sponsoring\\\/#primaryimage\"},\"image\":{\"@id\":\"https:\\\/\\\/www.scancostablanca.com\\\/de\\\/sponsoring\\\/#primaryimage\"},\"thumbnailUrl\":\"https:\\\/\\\/www.scancostablanca.com\\\/wp-content\\\/uploads\\\/2017\\\/08\\\/scan-logo-ours-cropped-480x143.png\",\"datePublished\":\"2012-11-18T14:26:43+00:00\",\"dateModified\":\"2020-11-29T21:02:37+00:00\",\"description\":\"S.C.A.N. Costa Blanca - Animal Adoptions - Dog and Cat Rescue, Care & Rehoming - - Sponsoring\",\"breadcrumb\":{\"@id\":\"https:\\\/\\\/www.scancostablanca.com\\\/de\\\/sponsoring\\\/#breadcrumb\"},\"inLanguage\":\"de\",\"potentialAction\":[{\"@type\":\"ReadAction\",\"target\":[\"https:\\\/\\\/www.scancostablanca.com\\\/de\\\/sponsoring\\\/\"]}]},{\"@type\":\"ImageObject\",\"inLanguage\":\"de\",\"@id\":\"https:\\\/\\\/www.scancostablanca.com\\\/de\\\/sponsoring\\\/#primaryimage\",\"url\":\"https:\\\/\\\/www.scancostablanca.com\\\/wp-content\\\/uploads\\\/2017\\\/08\\\/scan-logo-ours-cropped-480x143.png\",\"contentUrl\":\"https:\\\/\\\/www.scancostablanca.com\\\/wp-content\\\/uploads\\\/2017\\\/08\\\/scan-logo-ours-cropped-480x143.png\"},{\"@type\":\"BreadcrumbList\",\"@id\":\"https:\\\/\\\/www.scancostablanca.com\\\/de\\\/sponsoring\\\/#breadcrumb\",\"itemListElement\":[{\"@type\":\"ListItem\",\"position\":1,\"name\":\"Home\",\"item\":\"https:\\\/\\\/www.scancostablanca.com\\\/de\\\/\"},{\"@type\":\"ListItem\",\"position\":2,\"name\":\"Sponsoring\"}]},{\"@type\":\"WebSite\",\"@id\":\"https:\\\/\\\/www.scancostablanca.com\\\/#website\",\"url\":\"https:\\\/\\\/www.scancostablanca.com\\\/\",\"name\":\"S.C.A.N. Costa Blanca\",\"description\":\"Society for the Care of Animals in Need\",\"publisher\":{\"@id\":\"https:\\\/\\\/www.scancostablanca.com\\\/#organization\"},\"potentialAction\":[{\"@type\":\"SearchAction\",\"target\":{\"@type\":\"EntryPoint\",\"urlTemplate\":\"https:\\\/\\\/www.scancostablanca.com\\\/?s={search_term_string}\"},\"query-input\":{\"@type\":\"PropertyValueSpecification\",\"valueRequired\":true,\"valueName\":\"search_term_string\"}}],\"inLanguage\":\"de\"},{\"@type\":\"Organization\",\"@id\":\"https:\\\/\\\/www.scancostablanca.com\\\/#organization\",\"name\":\"Society for the Care of Animals in Need\",\"url\":\"https:\\\/\\\/www.scancostablanca.com\\\/\",\"logo\":{\"@type\":\"ImageObject\",\"inLanguage\":\"de\",\"@id\":\"https:\\\/\\\/www.scancostablanca.com\\\/#\\\/schema\\\/logo\\\/image\\\/\",\"url\":\"https:\\\/\\\/www.scancostablanca.com\\\/wp-content\\\/uploads\\\/2018\\\/05\\\/scan-logo-text-blk-nobg.png\",\"contentUrl\":\"https:\\\/\\\/www.scancostablanca.com\\\/wp-content\\\/uploads\\\/2018\\\/05\\\/scan-logo-text-blk-nobg.png\",\"width\":409,\"height\":135,\"caption\":\"Society for the Care of Animals in Need\"},\"image\":{\"@id\":\"https:\\\/\\\/www.scancostablanca.com\\\/#\\\/schema\\\/logo\\\/image\\\/\"},\"sameAs\":[\"https:\\\/\\\/www.facebook.com\\\/SocietyForTheCareOfAnimalsInNeedScan\\\/\"]}]}<\/script>\n<!-- \/ Yoast SEO plugin. -->","yoast_head_json":{"title":"S.C.A.N. Costa Blanca - Animals for Adoption - Sponsoring","description":"S.C.A.N. Costa Blanca - Animal Adoptions - Dog and Cat Rescue, Care & Rehoming - - Sponsoring","robots":{"index":"index","follow":"follow","max-snippet":"max-snippet:-1","max-image-preview":"max-image-preview:large","max-video-preview":"max-video-preview:-1"},"canonical":"https:\/\/www.scancostablanca.com\/de\/sponsoring\/","og_locale":"de_DE","og_type":"article","og_title":"S.C.A.N. Costa Blanca - Animals for Adoption - Sponsoring","og_description":"S.C.A.N. Costa Blanca - Animal Adoptions - Dog and Cat Rescue, Care & Rehoming - - Sponsoring","og_url":"https:\/\/www.scancostablanca.com\/de\/sponsoring\/","og_site_name":"S.C.A.N. Costa Blanca","article_publisher":"https:\/\/www.facebook.com\/SocietyForTheCareOfAnimalsInNeedScan\/","article_modified_time":"2020-11-29T21:02:37+00:00","og_image":[{"url":"https:\/\/www.scancostablanca.com\/wp-content\/uploads\/2017\/08\/scan-logo-ours-cropped-480x143.png","type":"","width":"","height":""}],"twitter_card":"summary_large_image","schema":{"@context":"https:\/\/schema.org","@graph":[{"@type":"WebPage","@id":"https:\/\/www.scancostablanca.com\/de\/sponsoring\/","url":"https:\/\/www.scancostablanca.com\/de\/sponsoring\/","name":"S.C.A.N. Costa Blanca - Animals for Adoption - Sponsoring","isPartOf":{"@id":"https:\/\/www.scancostablanca.com\/#website"},"primaryImageOfPage":{"@id":"https:\/\/www.scancostablanca.com\/de\/sponsoring\/#primaryimage"},"image":{"@id":"https:\/\/www.scancostablanca.com\/de\/sponsoring\/#primaryimage"},"thumbnailUrl":"https:\/\/www.scancostablanca.com\/wp-content\/uploads\/2017\/08\/scan-logo-ours-cropped-480x143.png","datePublished":"2012-11-18T14:26:43+00:00","dateModified":"2020-11-29T21:02:37+00:00","description":"S.C.A.N. Costa Blanca - Animal Adoptions - Dog and Cat Rescue, Care & Rehoming - - Sponsoring","breadcrumb":{"@id":"https:\/\/www.scancostablanca.com\/de\/sponsoring\/#breadcrumb"},"inLanguage":"de","potentialAction":[{"@type":"ReadAction","target":["https:\/\/www.scancostablanca.com\/de\/sponsoring\/"]}]},{"@type":"ImageObject","inLanguage":"de","@id":"https:\/\/www.scancostablanca.com\/de\/sponsoring\/#primaryimage","url":"https:\/\/www.scancostablanca.com\/wp-content\/uploads\/2017\/08\/scan-logo-ours-cropped-480x143.png","contentUrl":"https:\/\/www.scancostablanca.com\/wp-content\/uploads\/2017\/08\/scan-logo-ours-cropped-480x143.png"},{"@type":"BreadcrumbList","@id":"https:\/\/www.scancostablanca.com\/de\/sponsoring\/#breadcrumb","itemListElement":[{"@type":"ListItem","position":1,"name":"Home","item":"https:\/\/www.scancostablanca.com\/de\/"},{"@type":"ListItem","position":2,"name":"Sponsoring"}]},{"@type":"WebSite","@id":"https:\/\/www.scancostablanca.com\/#website","url":"https:\/\/www.scancostablanca.com\/","name":"S.C.A.N. Costa Blanca","description":"Society for the Care of Animals in Need","publisher":{"@id":"https:\/\/www.scancostablanca.com\/#organization"},"potentialAction":[{"@type":"SearchAction","target":{"@type":"EntryPoint","urlTemplate":"https:\/\/www.scancostablanca.com\/?s={search_term_string}"},"query-input":{"@type":"PropertyValueSpecification","valueRequired":true,"valueName":"search_term_string"}}],"inLanguage":"de"},{"@type":"Organization","@id":"https:\/\/www.scancostablanca.com\/#organization","name":"Society for the Care of Animals in Need","url":"https:\/\/www.scancostablanca.com\/","logo":{"@type":"ImageObject","inLanguage":"de","@id":"https:\/\/www.scancostablanca.com\/#\/schema\/logo\/image\/","url":"https:\/\/www.scancostablanca.com\/wp-content\/uploads\/2018\/05\/scan-logo-text-blk-nobg.png","contentUrl":"https:\/\/www.scancostablanca.com\/wp-content\/uploads\/2018\/05\/scan-logo-text-blk-nobg.png","width":409,"height":135,"caption":"Society for the Care of Animals in Need"},"image":{"@id":"https:\/\/www.scancostablanca.com\/#\/schema\/logo\/image\/"},"sameAs":["https:\/\/www.facebook.com\/SocietyForTheCareOfAnimalsInNeedScan\/"]}]}},"_links":{"self":[{"href":"https:\/\/www.scancostablanca.com\/de\/wp-json\/wp\/v2\/pages\/10072","targetHints":{"allow":["GET"]}}],"collection":[{"href":"https:\/\/www.scancostablanca.com\/de\/wp-json\/wp\/v2\/pages"}],"about":[{"href":"https:\/\/www.scancostablanca.com\/de\/wp-json\/wp\/v2\/types\/page"}],"author":[{"embeddable":true,"href":"https:\/\/www.scancostablanca.com\/de\/wp-json\/wp\/v2\/users\/2"}],"replies":[{"embeddable":true,"href":"https:\/\/www.scancostablanca.com\/de\/wp-json\/wp\/v2\/comments?post=10072"}],"version-history":[{"count":0,"href":"https:\/\/www.scancostablanca.com\/de\/wp-json\/wp\/v2\/pages\/10072\/revisions"}],"wp:attachment":[{"href":"https:\/\/www.scancostablanca.com\/de\/wp-json\/wp\/v2\/media?parent=10072"}],"curies":[{"name":"wp","href":"https:\/\/api.w.org\/{rel}","templated":true}]}}