{"id":10081,"date":"2018-08-16T17:23:11","date_gmt":"2018-08-16T15:23:11","guid":{"rendered":"https:\/\/www.scancostablanca.com\/de\/fundraising\/"},"modified":"2020-11-29T22:30:00","modified_gmt":"2020-11-29T21:30:00","slug":"fundraising","status":"publish","type":"page","link":"https:\/\/www.scancostablanca.com\/de\/fundraising\/","title":{"rendered":"Fundraising"},"content":{"rendered":"<h3>Warum ist die Beschaffung von Geldmitteln so essenziell?<\/h3>\n<p>Fundraising ist uns eine Herzensangelegenheit.<\/p>\n<p>Um eine sichere Zukunft f\u00fcr unsere Katzen und Hunde zu gew\u00e4hrleisten, muss SCAN kontinuierlich Geldmittel sammeln, um die t\u00e4gliche Pflege zu finanzieren. Veranstaltungen spielen eine wichtige Rolle, wenn es darum geht Geld in unsere Kassen zu bringen, um uns weiterhin um unsere Tiere zu k\u00fcmmern.<\/p>\n<p>K\u00f6nnen Sie uns helfen, indem Sie Ihre eigene Fundraising-Veranstaltung organisieren, vielleicht einen Kuchenverkauf, einen Kaffeevormittag oder eine gesponserte Wanderung, einen Marathon oder ein Radrennen? Alles, was Sie tun k\u00f6nnen, um uns zu helfen, Geld zu verdienen, w\u00fcrde einen wirklichen Unterschied f\u00fcr unsere Katzen und Hunde bewirken.<\/p>\n<p>Wir helfen Ihnen gerne bei der Gestaltung von Plakaten, Werbung und einem Auftritt in den Sozialen Medien. Das Veranstaltungs- und Marketingteam von SCAN werden Ihre Veranstaltung voll unterst\u00fctzen.<\/p>\n<p>Kennen Sie S\u00e4nger, Bands oder andere K\u00fcnstler, die f\u00fcr einen Nachmittag oder Abend ihre Talente zur Verf\u00fcgung stellen wollen? Wir w\u00fcrden uns freuen, von Ihnen zu h\u00f6ren.<\/p>\n<p>Wir sind st\u00e4ndig auf der Suche nach neuen Ideen und Initiativen, um SCAN einem breiteren Publikum zug\u00e4nglich zu machen. Wenn Sie eine Idee haben, wenden Sie sich bitte an ein Mitglied unseres Veranstaltungsteams:<\/p>\n<p>Pam: 679 04 28 15<br \/>\nscancenter9@gmail.com<\/p>\n<p>&nbsp;<\/p>\n\n<h4>Firmen<\/h4>\n<p>SCAN hat eine treue und breite Basis von Unterst\u00fctzern.<\/p>\n<p>Unternehmer und Manager: Sie k\u00f6nnen direkt mit dieser wirtschaftlich aktiven Gruppe \u00fcber das Sponsoring von SCAN sprechen. Unsere Sponsorship-Pakete enthalten Anzeigen auf unserer Website und in unseren regelm\u00e4\u00dfigen Newslettern sowie die M\u00f6glichkeit, bei unseren Spendenaktionen Schilder und Prospekte zu verteilen.<\/p>\n<p>Kontaktieren Sie unseren Pr\u00e4sidenten Barry unter 626 55 08 64 oder per E-Mail: scancenter9@gmail.com<\/p>\n<p>&nbsp;<\/p>\n<p>&nbsp;<\/p>\n<p>&nbsp;<\/p>\n","protected":false},"excerpt":{"rendered":"<p>Warum ist die Beschaffung von Geldmitteln so essenziell? Fundraising ist uns eine Herzensangelegenheit. Um eine sichere Zukunft f\u00fcr unsere Katzen und Hunde zu gew\u00e4hrleisten, muss SCAN kontinuierlich Geldmittel sammeln, um [&#8230;]<\/p>\n<p><a class=\"btn btn-secondary understrap-read-more-link\" href=\"https:\/\/www.scancostablanca.com\/de\/fundraising\/\">Weiterlesen&#8230;<\/a><\/p>\n","protected":false},"author":2,"featured_media":0,"parent":0,"menu_order":0,"comment_status":"closed","ping_status":"closed","template":"","meta":{"_acf_changed":false,"footnotes":""},"class_list":["post-10081","page","type-page","status-publish","hentry"],"acf":[],"yoast_head":"<!-- This site is optimized with the Yoast SEO plugin v25.9 - https:\/\/yoast.com\/wordpress\/plugins\/seo\/ -->\n<title>S.C.A.N. Costa Blanca - Animals for Adoption - Fundraising<\/title>\n<meta name=\"description\" content=\"S.C.A.N. Costa Blanca - Animal Adoptions - Dog and Cat Rescue, Care &amp; Rehoming - - Fundraising\" \/>\n<meta name=\"robots\" content=\"index, follow, max-snippet:-1, max-image-preview:large, max-video-preview:-1\" \/>\n<link rel=\"canonical\" href=\"https:\/\/www.scancostablanca.com\/de\/fundraising\/\" \/>\n<meta property=\"og:locale\" content=\"de_DE\" \/>\n<meta property=\"og:type\" content=\"article\" \/>\n<meta property=\"og:title\" content=\"S.C.A.N. Costa Blanca - Animals for Adoption - Fundraising\" \/>\n<meta property=\"og:description\" content=\"S.C.A.N. Costa Blanca - Animal Adoptions - Dog and Cat Rescue, Care &amp; Rehoming - - Fundraising\" \/>\n<meta property=\"og:url\" content=\"https:\/\/www.scancostablanca.com\/de\/fundraising\/\" \/>\n<meta property=\"og:site_name\" content=\"S.C.A.N. Costa Blanca\" \/>\n<meta property=\"article:publisher\" content=\"https:\/\/www.facebook.com\/SocietyForTheCareOfAnimalsInNeedScan\/\" \/>\n<meta property=\"article:modified_time\" content=\"2020-11-29T21:30:00+00:00\" \/>\n<meta property=\"og:image\" content=\"https:\/\/www.scancostablanca.com\/wp-content\/uploads\/2018\/02\/Barni2g-250x250.jpg\" \/>\n<meta name=\"twitter:card\" content=\"summary_large_image\" \/>\n<script type=\"application\/ld+json\" class=\"yoast-schema-graph\">{\"@context\":\"https:\/\/schema.org\",\"@graph\":[{\"@type\":\"WebPage\",\"@id\":\"https:\/\/www.scancostablanca.com\/de\/fundraising\/\",\"url\":\"https:\/\/www.scancostablanca.com\/de\/fundraising\/\",\"name\":\"S.C.A.N. Costa Blanca - Animals for Adoption - Fundraising\",\"isPartOf\":{\"@id\":\"https:\/\/www.scancostablanca.com\/#website\"},\"datePublished\":\"2018-08-16T15:23:11+00:00\",\"dateModified\":\"2020-11-29T21:30:00+00:00\",\"description\":\"S.C.A.N. Costa Blanca - Animal Adoptions - Dog and Cat Rescue, Care & Rehoming - - Fundraising\",\"breadcrumb\":{\"@id\":\"https:\/\/www.scancostablanca.com\/de\/fundraising\/#breadcrumb\"},\"inLanguage\":\"de\",\"potentialAction\":[{\"@type\":\"ReadAction\",\"target\":[\"https:\/\/www.scancostablanca.com\/de\/fundraising\/\"]}]},{\"@type\":\"BreadcrumbList\",\"@id\":\"https:\/\/www.scancostablanca.com\/de\/fundraising\/#breadcrumb\",\"itemListElement\":[{\"@type\":\"ListItem\",\"position\":1,\"name\":\"Home\",\"item\":\"https:\/\/www.scancostablanca.com\/de\/\"},{\"@type\":\"ListItem\",\"position\":2,\"name\":\"Fundraising\"}]},{\"@type\":\"WebSite\",\"@id\":\"https:\/\/www.scancostablanca.com\/#website\",\"url\":\"https:\/\/www.scancostablanca.com\/\",\"name\":\"S.C.A.N. Costa Blanca\",\"description\":\"Society for the Care of Animals in Need\",\"publisher\":{\"@id\":\"https:\/\/www.scancostablanca.com\/#organization\"},\"potentialAction\":[{\"@type\":\"SearchAction\",\"target\":{\"@type\":\"EntryPoint\",\"urlTemplate\":\"https:\/\/www.scancostablanca.com\/?s={search_term_string}\"},\"query-input\":{\"@type\":\"PropertyValueSpecification\",\"valueRequired\":true,\"valueName\":\"search_term_string\"}}],\"inLanguage\":\"de\"},{\"@type\":\"Organization\",\"@id\":\"https:\/\/www.scancostablanca.com\/#organization\",\"name\":\"Society for the Care of Animals in Need\",\"url\":\"https:\/\/www.scancostablanca.com\/\",\"logo\":{\"@type\":\"ImageObject\",\"inLanguage\":\"de\",\"@id\":\"https:\/\/www.scancostablanca.com\/#\/schema\/logo\/image\/\",\"url\":\"https:\/\/www.scancostablanca.com\/wp-content\/uploads\/2018\/05\/scan-logo-text-blk-nobg.png\",\"contentUrl\":\"https:\/\/www.scancostablanca.com\/wp-content\/uploads\/2018\/05\/scan-logo-text-blk-nobg.png\",\"width\":409,\"height\":135,\"caption\":\"Society for the Care of Animals in Need\"},\"image\":{\"@id\":\"https:\/\/www.scancostablanca.com\/#\/schema\/logo\/image\/\"},\"sameAs\":[\"https:\/\/www.facebook.com\/SocietyForTheCareOfAnimalsInNeedScan\/\"]}]}<\/script>\n<!-- \/ Yoast SEO plugin. -->","yoast_head_json":{"title":"S.C.A.N. Costa Blanca - Animals for Adoption - Fundraising","description":"S.C.A.N. Costa Blanca - Animal Adoptions - Dog and Cat Rescue, Care & Rehoming - - Fundraising","robots":{"index":"index","follow":"follow","max-snippet":"max-snippet:-1","max-image-preview":"max-image-preview:large","max-video-preview":"max-video-preview:-1"},"canonical":"https:\/\/www.scancostablanca.com\/de\/fundraising\/","og_locale":"de_DE","og_type":"article","og_title":"S.C.A.N. Costa Blanca - Animals for Adoption - Fundraising","og_description":"S.C.A.N. Costa Blanca - Animal Adoptions - Dog and Cat Rescue, Care & Rehoming - - Fundraising","og_url":"https:\/\/www.scancostablanca.com\/de\/fundraising\/","og_site_name":"S.C.A.N. Costa Blanca","article_publisher":"https:\/\/www.facebook.com\/SocietyForTheCareOfAnimalsInNeedScan\/","article_modified_time":"2020-11-29T21:30:00+00:00","og_image":[{"url":"https:\/\/www.scancostablanca.com\/wp-content\/uploads\/2018\/02\/Barni2g-250x250.jpg","type":"","width":"","height":""}],"twitter_card":"summary_large_image","schema":{"@context":"https:\/\/schema.org","@graph":[{"@type":"WebPage","@id":"https:\/\/www.scancostablanca.com\/de\/fundraising\/","url":"https:\/\/www.scancostablanca.com\/de\/fundraising\/","name":"S.C.A.N. Costa Blanca - Animals for Adoption - Fundraising","isPartOf":{"@id":"https:\/\/www.scancostablanca.com\/#website"},"datePublished":"2018-08-16T15:23:11+00:00","dateModified":"2020-11-29T21:30:00+00:00","description":"S.C.A.N. Costa Blanca - Animal Adoptions - Dog and Cat Rescue, Care & Rehoming - - Fundraising","breadcrumb":{"@id":"https:\/\/www.scancostablanca.com\/de\/fundraising\/#breadcrumb"},"inLanguage":"de","potentialAction":[{"@type":"ReadAction","target":["https:\/\/www.scancostablanca.com\/de\/fundraising\/"]}]},{"@type":"BreadcrumbList","@id":"https:\/\/www.scancostablanca.com\/de\/fundraising\/#breadcrumb","itemListElement":[{"@type":"ListItem","position":1,"name":"Home","item":"https:\/\/www.scancostablanca.com\/de\/"},{"@type":"ListItem","position":2,"name":"Fundraising"}]},{"@type":"WebSite","@id":"https:\/\/www.scancostablanca.com\/#website","url":"https:\/\/www.scancostablanca.com\/","name":"S.C.A.N. Costa Blanca","description":"Society for the Care of Animals in Need","publisher":{"@id":"https:\/\/www.scancostablanca.com\/#organization"},"potentialAction":[{"@type":"SearchAction","target":{"@type":"EntryPoint","urlTemplate":"https:\/\/www.scancostablanca.com\/?s={search_term_string}"},"query-input":{"@type":"PropertyValueSpecification","valueRequired":true,"valueName":"search_term_string"}}],"inLanguage":"de"},{"@type":"Organization","@id":"https:\/\/www.scancostablanca.com\/#organization","name":"Society for the Care of Animals in Need","url":"https:\/\/www.scancostablanca.com\/","logo":{"@type":"ImageObject","inLanguage":"de","@id":"https:\/\/www.scancostablanca.com\/#\/schema\/logo\/image\/","url":"https:\/\/www.scancostablanca.com\/wp-content\/uploads\/2018\/05\/scan-logo-text-blk-nobg.png","contentUrl":"https:\/\/www.scancostablanca.com\/wp-content\/uploads\/2018\/05\/scan-logo-text-blk-nobg.png","width":409,"height":135,"caption":"Society for the Care of Animals in Need"},"image":{"@id":"https:\/\/www.scancostablanca.com\/#\/schema\/logo\/image\/"},"sameAs":["https:\/\/www.facebook.com\/SocietyForTheCareOfAnimalsInNeedScan\/"]}]}},"_links":{"self":[{"href":"https:\/\/www.scancostablanca.com\/de\/wp-json\/wp\/v2\/pages\/10081","targetHints":{"allow":["GET"]}}],"collection":[{"href":"https:\/\/www.scancostablanca.com\/de\/wp-json\/wp\/v2\/pages"}],"about":[{"href":"https:\/\/www.scancostablanca.com\/de\/wp-json\/wp\/v2\/types\/page"}],"author":[{"embeddable":true,"href":"https:\/\/www.scancostablanca.com\/de\/wp-json\/wp\/v2\/users\/2"}],"replies":[{"embeddable":true,"href":"https:\/\/www.scancostablanca.com\/de\/wp-json\/wp\/v2\/comments?post=10081"}],"version-history":[{"count":0,"href":"https:\/\/www.scancostablanca.com\/de\/wp-json\/wp\/v2\/pages\/10081\/revisions"}],"wp:attachment":[{"href":"https:\/\/www.scancostablanca.com\/de\/wp-json\/wp\/v2\/media?parent=10081"}],"curies":[{"name":"wp","href":"https:\/\/api.w.org\/{rel}","templated":true}]}}