{"id":10085,"date":"2012-11-28T14:27:42","date_gmt":"2012-11-28T13:27:42","guid":{"rendered":"https:\/\/www.scancostablanca.com\/de\/projects-fund\/"},"modified":"2019-06-16T13:39:22","modified_gmt":"2019-06-16T11:39:22","slug":"projektfond","status":"publish","type":"page","link":"https:\/\/www.scancostablanca.com\/de\/projektfond\/","title":{"rendered":"Projektfond"},"content":{"rendered":"<h2>Sie k\u00f6nnen helfen unser Zentrum auch f\u00fcr die Zukunft zu sichern indem Sie an unserem Projektfond spenden.<\/h2>\n<p>Wir legen regelm\u00e4\u00dfig Geld zur\u00fcck, um unsere Anlagen zu erhalten und zu verbessern.<\/p>\n<p>Um diesem Fond wachsen zu lassen ben\u00f6tigen wir Spenden, so dass wir z.B. die Tierbereiche wetterfest machen k\u00f6nnen, um damit den Tieren das Leben sowohl in den hei\u00dfen Sommer- als auch in den kalten und nassen Wintermonaten zu erleichtern.<\/p>\n<p>Wir planen z.B. die Zentralbereiche zu beschatten, um w\u00e4hrend der Sommerhitze sowohl die Lebensbedingungen f\u00fcr die Tiere, als auch die Arbeitsbedingungen f\u00fcr die Freiwilligen, angenehmer zu gestalten.<\/p>\n<p>Warum kommen Sie nicht einfach mal vorbei und sehen sich den Zentralbereich an, der komplett offen ist und keine Bedachung hat, und h\u00f6ren sich die weiteren Ideen f\u00fcr die Verbesserungen unseres Tierheims an und helfen S.C.A.N. indem Sie in unseren \u201eBaufond\u201c einzahlen.<\/p>\n<p>Unsere Projekte sind alle darauf ausgerichtet das Tierheim sowie die angeschlossenen Bereiche zu verbessern. Wir hatten beim Bau des Tierzentrums ein Erweiterungsprogram im Sinn. Das Hauptaugenmerk wurde auf einen qualitativ hochwertigen Bau gerichtet \u2013was wir auch definitiv umgesetzt haben- und dann erst eine Reihe von Erweiterungen in Angriff zu nehmen.<\/p>\n<p>1. Sicherheit f\u00fcr die Hunde und Katzen<\/p>\n<p>2. Die best\u00e4ndige Gesunderhaltung und das Wohlbefinden der Tiere.<\/p>\n<p>3. Verbesserung der allgemeinen Lebensbedingungen im Tierheim.<\/p>\n<p>4. Erh\u00f6hung der Adoptionsrate bei S.C.A.N..<\/p>\n<p>5. Unterst\u00fctzung der Freiwilligen, die sich tagt\u00e4glich f\u00fcr das Tierheim einsetzen.<\/p>\n<p>6. Verbesserung der fachlichen F\u00e4higkeiten des Heims.<\/p>\n<p>Wir haben immer im Kopf, dass das Tierheim ein Zuhause auf Zeit f\u00fcr die Tiere darstellt und es daher nicht nur als Verwahrstelle oder Durchgangsstation angesehen werden soll. Dies ist ein Aspekt, den wir mit viel Herzblut verfolgen.<\/p>\n<p>Hier ist eine Liste der bereits erreichten Projekte:-<\/p>\n<table style=\"margin: 0 auto\">\n<tr>\n<td>Projektfonds<\/td>\n<\/tr>\n<tr>\n<td>\n\tProjektfonds Spende \u20ac5,00 EUR<br \/>\n\tProjektfonds Spende \u20ac10,00 EUR<br \/>\n\tProjektfonds Spende \u20ac15,00 EUR<br \/>\n\tProjektfonds Spende \u20ac20,00 EUR<br \/>\n\tProjektfonds Spende \u20ac25,00 EUR<br \/>\n\tProjektfonds Spende \u20ac30,00 EUR<br \/>\n\tProjektfonds Spende \u20ac35,00 EUR<br \/>\n\tProjektfonds Spende \u20ac40,00 EUR<br \/>\n\tProjektfonds Spende \u20ac50,00 EUR\n <\/td>\n<\/tr>\n<\/table>\n<p><img decoding=\"async\" alt=\"\" border=\"0\" data-src=\"https:\/\/www.paypalobjects.com\/en_US\/i\/scr\/pixel.gif\" width=\"1\" height=\"1\" src=\"data:image\/svg+xml;base64,PHN2ZyB3aWR0aD0iMSIgaGVpZ2h0PSIxIiB4bWxucz0iaHR0cDovL3d3dy53My5vcmcvMjAwMC9zdmciPjwvc3ZnPg==\" class=\"lazyload\" style=\"--smush-placeholder-width: 1px; --smush-placeholder-aspect-ratio: 1\/1;\"><\/p>\n\n<p><a href=\"https:\/\/www.scancostablanca.com\/wp-content\/uploads\/2015\/06\/builder1.jpg\"><img decoding=\"async\" class=\"wp-image-5953 aligncenter lazyload\" style=\"--smush-placeholder-width: 341px; --smush-placeholder-aspect-ratio: 341\/250;border: none; background: none !important;\" title=\"Buy a Brick for just \u20ac5 to help finance S.C.A.N.\" data-src=\"https:\/\/www.scancostablanca.com\/wp-content\/uploads\/2015\/06\/builder1.jpg\" alt=\"\" width=\"341\" height=\"250\" src=\"data:image\/svg+xml;base64,PHN2ZyB3aWR0aD0iMSIgaGVpZ2h0PSIxIiB4bWxucz0iaHR0cDovL3d3dy53My5vcmcvMjAwMC9zdmciPjwvc3ZnPg==\" \/><\/a><\/p>\n","protected":false},"excerpt":{"rendered":"<p>Sie k\u00f6nnen helfen unser Zentrum auch f\u00fcr die Zukunft zu sichern indem Sie an unserem Projektfond spenden. Wir legen regelm\u00e4\u00dfig Geld zur\u00fcck, um unsere Anlagen zu erhalten und zu verbessern. [&#8230;]<\/p>\n<p><a class=\"btn btn-secondary understrap-read-more-link\" href=\"https:\/\/www.scancostablanca.com\/de\/projektfond\/\">Weiterlesen&#8230;<\/a><\/p>\n","protected":false},"author":2,"featured_media":0,"parent":0,"menu_order":0,"comment_status":"closed","ping_status":"closed","template":"","meta":{"_acf_changed":false,"footnotes":""},"class_list":["post-10085","page","type-page","status-publish","hentry"],"acf":[],"yoast_head":"<!-- This site is optimized with the Yoast SEO plugin v25.9 - https:\/\/yoast.com\/wordpress\/plugins\/seo\/ -->\n<title>S.C.A.N. Costa Blanca - Animals for Adoption - Projektfond<\/title>\n<meta name=\"description\" content=\"S.C.A.N. Costa Blanca - Animal Adoptions - Dog and Cat Rescue, Care &amp; Rehoming - - Projektfond\" \/>\n<meta name=\"robots\" content=\"index, follow, max-snippet:-1, max-image-preview:large, max-video-preview:-1\" \/>\n<link rel=\"canonical\" href=\"https:\/\/www.scancostablanca.com\/de\/projektfond\/\" \/>\n<meta property=\"og:locale\" content=\"de_DE\" \/>\n<meta property=\"og:type\" content=\"article\" \/>\n<meta property=\"og:title\" content=\"S.C.A.N. Costa Blanca - Animals for Adoption - Projektfond\" \/>\n<meta property=\"og:description\" content=\"S.C.A.N. Costa Blanca - Animal Adoptions - Dog and Cat Rescue, Care &amp; Rehoming - - Projektfond\" \/>\n<meta property=\"og:url\" content=\"https:\/\/www.scancostablanca.com\/de\/projektfond\/\" \/>\n<meta property=\"og:site_name\" content=\"S.C.A.N. Costa Blanca\" \/>\n<meta property=\"article:publisher\" content=\"https:\/\/www.facebook.com\/SocietyForTheCareOfAnimalsInNeedScan\/\" \/>\n<meta property=\"article:modified_time\" content=\"2019-06-16T11:39:22+00:00\" \/>\n<meta property=\"og:image\" content=\"https:\/\/www.scancostablanca.com\/wp-content\/uploads\/2015\/06\/cat-builder.jpg\" \/>\n\t<meta property=\"og:image:width\" content=\"194\" \/>\n\t<meta property=\"og:image:height\" content=\"259\" \/>\n\t<meta property=\"og:image:type\" content=\"image\/jpeg\" \/>\n<meta name=\"twitter:card\" content=\"summary_large_image\" \/>\n<script type=\"application\/ld+json\" class=\"yoast-schema-graph\">{\"@context\":\"https:\/\/schema.org\",\"@graph\":[{\"@type\":\"WebPage\",\"@id\":\"https:\/\/www.scancostablanca.com\/de\/projektfond\/\",\"url\":\"https:\/\/www.scancostablanca.com\/de\/projektfond\/\",\"name\":\"S.C.A.N. Costa Blanca - Animals for Adoption - Projektfond\",\"isPartOf\":{\"@id\":\"https:\/\/www.scancostablanca.com\/#website\"},\"primaryImageOfPage\":{\"@id\":\"https:\/\/www.scancostablanca.com\/de\/projektfond\/#primaryimage\"},\"image\":{\"@id\":\"https:\/\/www.scancostablanca.com\/de\/projektfond\/#primaryimage\"},\"thumbnailUrl\":\"https:\/\/www.scancostablanca.com\/wp-content\/uploads\/2015\/06\/builder1.jpg\",\"datePublished\":\"2012-11-28T13:27:42+00:00\",\"dateModified\":\"2019-06-16T11:39:22+00:00\",\"description\":\"S.C.A.N. Costa Blanca - Animal Adoptions - Dog and Cat Rescue, Care & Rehoming - - Projektfond\",\"breadcrumb\":{\"@id\":\"https:\/\/www.scancostablanca.com\/de\/projektfond\/#breadcrumb\"},\"inLanguage\":\"de\",\"potentialAction\":[{\"@type\":\"ReadAction\",\"target\":[\"https:\/\/www.scancostablanca.com\/de\/projektfond\/\"]}]},{\"@type\":\"ImageObject\",\"inLanguage\":\"de\",\"@id\":\"https:\/\/www.scancostablanca.com\/de\/projektfond\/#primaryimage\",\"url\":\"https:\/\/www.scancostablanca.com\/wp-content\/uploads\/2015\/06\/builder1.jpg\",\"contentUrl\":\"https:\/\/www.scancostablanca.com\/wp-content\/uploads\/2015\/06\/builder1.jpg\"},{\"@type\":\"BreadcrumbList\",\"@id\":\"https:\/\/www.scancostablanca.com\/de\/projektfond\/#breadcrumb\",\"itemListElement\":[{\"@type\":\"ListItem\",\"position\":1,\"name\":\"Home\",\"item\":\"https:\/\/www.scancostablanca.com\/de\/\"},{\"@type\":\"ListItem\",\"position\":2,\"name\":\"Projektfond\"}]},{\"@type\":\"WebSite\",\"@id\":\"https:\/\/www.scancostablanca.com\/#website\",\"url\":\"https:\/\/www.scancostablanca.com\/\",\"name\":\"S.C.A.N. Costa Blanca\",\"description\":\"Society for the Care of Animals in Need\",\"publisher\":{\"@id\":\"https:\/\/www.scancostablanca.com\/#organization\"},\"potentialAction\":[{\"@type\":\"SearchAction\",\"target\":{\"@type\":\"EntryPoint\",\"urlTemplate\":\"https:\/\/www.scancostablanca.com\/?s={search_term_string}\"},\"query-input\":{\"@type\":\"PropertyValueSpecification\",\"valueRequired\":true,\"valueName\":\"search_term_string\"}}],\"inLanguage\":\"de\"},{\"@type\":\"Organization\",\"@id\":\"https:\/\/www.scancostablanca.com\/#organization\",\"name\":\"Society for the Care of Animals in Need\",\"url\":\"https:\/\/www.scancostablanca.com\/\",\"logo\":{\"@type\":\"ImageObject\",\"inLanguage\":\"de\",\"@id\":\"https:\/\/www.scancostablanca.com\/#\/schema\/logo\/image\/\",\"url\":\"https:\/\/www.scancostablanca.com\/wp-content\/uploads\/2018\/05\/scan-logo-text-blk-nobg.png\",\"contentUrl\":\"https:\/\/www.scancostablanca.com\/wp-content\/uploads\/2018\/05\/scan-logo-text-blk-nobg.png\",\"width\":409,\"height\":135,\"caption\":\"Society for the Care of Animals in Need\"},\"image\":{\"@id\":\"https:\/\/www.scancostablanca.com\/#\/schema\/logo\/image\/\"},\"sameAs\":[\"https:\/\/www.facebook.com\/SocietyForTheCareOfAnimalsInNeedScan\/\"]}]}<\/script>\n<!-- \/ Yoast SEO plugin. -->","yoast_head_json":{"title":"S.C.A.N. Costa Blanca - Animals for Adoption - Projektfond","description":"S.C.A.N. Costa Blanca - Animal Adoptions - Dog and Cat Rescue, Care & Rehoming - - Projektfond","robots":{"index":"index","follow":"follow","max-snippet":"max-snippet:-1","max-image-preview":"max-image-preview:large","max-video-preview":"max-video-preview:-1"},"canonical":"https:\/\/www.scancostablanca.com\/de\/projektfond\/","og_locale":"de_DE","og_type":"article","og_title":"S.C.A.N. Costa Blanca - Animals for Adoption - Projektfond","og_description":"S.C.A.N. Costa Blanca - Animal Adoptions - Dog and Cat Rescue, Care & Rehoming - - Projektfond","og_url":"https:\/\/www.scancostablanca.com\/de\/projektfond\/","og_site_name":"S.C.A.N. Costa Blanca","article_publisher":"https:\/\/www.facebook.com\/SocietyForTheCareOfAnimalsInNeedScan\/","article_modified_time":"2019-06-16T11:39:22+00:00","og_image":[{"width":194,"height":259,"url":"https:\/\/www.scancostablanca.com\/wp-content\/uploads\/2015\/06\/cat-builder.jpg","type":"image\/jpeg"}],"twitter_card":"summary_large_image","schema":{"@context":"https:\/\/schema.org","@graph":[{"@type":"WebPage","@id":"https:\/\/www.scancostablanca.com\/de\/projektfond\/","url":"https:\/\/www.scancostablanca.com\/de\/projektfond\/","name":"S.C.A.N. Costa Blanca - Animals for Adoption - Projektfond","isPartOf":{"@id":"https:\/\/www.scancostablanca.com\/#website"},"primaryImageOfPage":{"@id":"https:\/\/www.scancostablanca.com\/de\/projektfond\/#primaryimage"},"image":{"@id":"https:\/\/www.scancostablanca.com\/de\/projektfond\/#primaryimage"},"thumbnailUrl":"https:\/\/www.scancostablanca.com\/wp-content\/uploads\/2015\/06\/builder1.jpg","datePublished":"2012-11-28T13:27:42+00:00","dateModified":"2019-06-16T11:39:22+00:00","description":"S.C.A.N. Costa Blanca - Animal Adoptions - Dog and Cat Rescue, Care & Rehoming - - Projektfond","breadcrumb":{"@id":"https:\/\/www.scancostablanca.com\/de\/projektfond\/#breadcrumb"},"inLanguage":"de","potentialAction":[{"@type":"ReadAction","target":["https:\/\/www.scancostablanca.com\/de\/projektfond\/"]}]},{"@type":"ImageObject","inLanguage":"de","@id":"https:\/\/www.scancostablanca.com\/de\/projektfond\/#primaryimage","url":"https:\/\/www.scancostablanca.com\/wp-content\/uploads\/2015\/06\/builder1.jpg","contentUrl":"https:\/\/www.scancostablanca.com\/wp-content\/uploads\/2015\/06\/builder1.jpg"},{"@type":"BreadcrumbList","@id":"https:\/\/www.scancostablanca.com\/de\/projektfond\/#breadcrumb","itemListElement":[{"@type":"ListItem","position":1,"name":"Home","item":"https:\/\/www.scancostablanca.com\/de\/"},{"@type":"ListItem","position":2,"name":"Projektfond"}]},{"@type":"WebSite","@id":"https:\/\/www.scancostablanca.com\/#website","url":"https:\/\/www.scancostablanca.com\/","name":"S.C.A.N. Costa Blanca","description":"Society for the Care of Animals in Need","publisher":{"@id":"https:\/\/www.scancostablanca.com\/#organization"},"potentialAction":[{"@type":"SearchAction","target":{"@type":"EntryPoint","urlTemplate":"https:\/\/www.scancostablanca.com\/?s={search_term_string}"},"query-input":{"@type":"PropertyValueSpecification","valueRequired":true,"valueName":"search_term_string"}}],"inLanguage":"de"},{"@type":"Organization","@id":"https:\/\/www.scancostablanca.com\/#organization","name":"Society for the Care of Animals in Need","url":"https:\/\/www.scancostablanca.com\/","logo":{"@type":"ImageObject","inLanguage":"de","@id":"https:\/\/www.scancostablanca.com\/#\/schema\/logo\/image\/","url":"https:\/\/www.scancostablanca.com\/wp-content\/uploads\/2018\/05\/scan-logo-text-blk-nobg.png","contentUrl":"https:\/\/www.scancostablanca.com\/wp-content\/uploads\/2018\/05\/scan-logo-text-blk-nobg.png","width":409,"height":135,"caption":"Society for the Care of Animals in Need"},"image":{"@id":"https:\/\/www.scancostablanca.com\/#\/schema\/logo\/image\/"},"sameAs":["https:\/\/www.facebook.com\/SocietyForTheCareOfAnimalsInNeedScan\/"]}]}},"_links":{"self":[{"href":"https:\/\/www.scancostablanca.com\/de\/wp-json\/wp\/v2\/pages\/10085","targetHints":{"allow":["GET"]}}],"collection":[{"href":"https:\/\/www.scancostablanca.com\/de\/wp-json\/wp\/v2\/pages"}],"about":[{"href":"https:\/\/www.scancostablanca.com\/de\/wp-json\/wp\/v2\/types\/page"}],"author":[{"embeddable":true,"href":"https:\/\/www.scancostablanca.com\/de\/wp-json\/wp\/v2\/users\/2"}],"replies":[{"embeddable":true,"href":"https:\/\/www.scancostablanca.com\/de\/wp-json\/wp\/v2\/comments?post=10085"}],"version-history":[{"count":0,"href":"https:\/\/www.scancostablanca.com\/de\/wp-json\/wp\/v2\/pages\/10085\/revisions"}],"wp:attachment":[{"href":"https:\/\/www.scancostablanca.com\/de\/wp-json\/wp\/v2\/media?parent=10085"}],"curies":[{"name":"wp","href":"https:\/\/api.w.org\/{rel}","templated":true}]}}