{"id":10097,"date":"2012-11-18T15:29:45","date_gmt":"2012-11-18T14:29:45","guid":{"rendered":"https:\/\/www.scancostablanca.com\/de\/become-a-member\/"},"modified":"2020-11-29T22:36:14","modified_gmt":"2020-11-29T21:36:14","slug":"werden-sie-mitglied","status":"publish","type":"page","link":"https:\/\/www.scancostablanca.com\/de\/werden-sie-mitglied\/","title":{"rendered":"Werden Sie Mitglied"},"content":{"rendered":"<p>&nbsp;<\/p>\n<p>SCAN-Mitglieder sind uns wichtig. Ihre Ermutigung und Unterst\u00fctzung, sowohl finanziell als auch moralisch, hat uns geholfen, seit unserer Gr\u00fcndung viele unglaubliche Dinge zu erreichen.<\/p>\n<p>Als Mitglied erhalten Sie regelm\u00e4\u00dfige Newsletter und Informationen zu zuk\u00fcnftigen Veranstaltungen. Sie k\u00f6nnen sich jedoch von unserem E-Mail-Programm abmelden, wenn Sie m\u00f6chten. Sie sind auf der Hauptversammlung willkommen, haben ein Stimmrecht und werden zu allen unseren Veranstaltungen eingeladen.<\/p>\n<p>Wenn Sie auf andere Weise als als soziales Mitglied helfen m\u00f6chten, besuchen Sie bitte die Seite unserer <a href=\"http:\/\/scancostablanca.com\/volunteers\/\">Freiwilligen<\/a>. SCAN braucht Menschen im Tierheim, dem Wohlt\u00e4tigkeitsladen, bei der Organisation und \"hinter der B\u00fchne\".<\/p>\n<p>So k\u00f6nnen Sie Mitglied werden:<\/p>\n<ul>\n<li>Klicken Sie unten auf die Schaltfl\u00e4che \"Mitgliedschaft Paypal\". Sie ben\u00f6tigen kein PayPal-Konto, nur eine Debit- oder Kreditkarte.<\/li>\n<li>Kommen Sie zum SCAN Tierheim.<\/li>\n<li>Zahlen Sie direkt auf unser Bankkonto:<br \/>\nIBAN: ES34 0081 1046 3300 0119 9530<br \/>\nBanco de Sabadell, Carrer Marques de Estrella,2, 03770, Verger, Alicante<\/li>\n<li>Rufen Sie an oder mailen Sie uns. Bitte z\u00f6gern Sie nicht, Kontakt aufzunehmen. Wir freuen uns, von Ihnen zu h\u00f6ren. E-Mail: scancenter9@gmail.com, Telefon: +34 626 550 864.<\/li>\n<\/ul>\n<p>Wir freuen uns darauf, Sie als Mitglied von SCAN begr\u00fc\u00dfen zu d\u00fcrfen.<\/p>\n<p>&nbsp;<\/p>\n<p><img decoding=\"async\" class=\"alignnone wp-image-32807 lazyload\" data-src=\"https:\/\/www.scancostablanca.com\/wp-content\/uploads\/2018\/03\/scan-logo-white-100h.png\" alt=\"\" width=\"192\" height=\"57\" src=\"data:image\/svg+xml;base64,PHN2ZyB3aWR0aD0iMSIgaGVpZ2h0PSIxIiB4bWxucz0iaHR0cDovL3d3dy53My5vcmcvMjAwMC9zdmciPjwvc3ZnPg==\" style=\"--smush-placeholder-width: 192px; --smush-placeholder-aspect-ratio: 192\/57;\" \/><\/p>\n<\/p>\n<div class=\"memberBtn\"><strong>SCAN Membership - 20\u20ac<\/strong> <form action=\"https:\/\/www.paypal.com\/cgi-bin\/webscr\" method=\"post\">\n <input type=\"hidden\" name=\"business\" value=\"donations@scancostablanca.com\" \/>\n <input type=\"hidden\" name=\"cmd\" value=\"_xclick\" \/>\n <!-- Sofortige Zahlungsbenachrichtigung und Einzelheiten zur R\u00fcckkehrseite -->\n <input type=\"hidden\" name=\"notify_url\" value=\"https:\/\/www.scancostablanca.com\/de\/?s2member_paypal_notify=1\" \/>\n <input type=\"hidden\" name=\"cancel_return\" value=\"https:\/\/www.scancostablanca.com\/de\/\" \/>\n <input type=\"hidden\" name=\"return\" value=\"https:\/\/www.scancostablanca.com\/de\/?s2member_paypal_return=1&amp;s2member_paypal_return_tra=ZGVmNTAyMDA5NmU2OTI2ZGI2MzliZTM4OTFhYWM3YmE1YThjMzk5OThmM2Y4YTliNTlmN2M2MzQ5ZDIxYjYyMjZjNzYwNDYyZmNhZDg0MGIzZmM5ODgwMzE5MjAxNTc5MDU5ODI3MWI1OGFiOTU2YzZjOGEyNTVhYWFlZmQxY2YzOTMwMWU2N2U5YTM5NWIxMjYyYWRhMDczNGM0OTM0NWM1ZjE0Y2ZkN2Y3MmM2ZmQ4MGJjOGFmMTIwYjY1ZjU2OWU4ZjdiY2ZkZDI4ZTViMjI0YzY1MDhkOTliNzRmMjk0NTZiNzkzMjQ4MDliOGEwNzQ1Y2M3ODM0ZDkyZjQyY2FmNThhNmI1ZmEyNjU3NjI3MmRmYWFlZDc2NGJiZGI1MWZlZjUyMDQxMjJkMWIwM2ViOTVjMmExYzQwOTBiMzg5ZjVlZjljOGQyM2MyNTNiMmY2Yjg3NmMzYTcxZjVmNjYzOWY3NzA4Y2I1NjUwMDA3NTM0YWU2ZGRmZmFhMmFjZTE3YmVmMzNkYjUwZTZhY2NlZTE2NDYyYzc3YTBkMGJkMjUyYjU1YTc2NGEyZTlmYTAyYWEzOWVkNWQwY2JjNjJjMmJlNGRlMzY1ZGE2MWFmYzkwMmI1OTU2ZTk0MTY5M2E4YjkwZWRjMjRjNTAwNjRjNzM0MDQ5MDY0YTdlM2IxNGNhYTE0MjNiMzJlMzAzODdhN2RiZDI3NGIxYWM0OWY2M2M5ODAxZTMxZDg2OTg4MTc0NzVmMGVkMzEzMjkwMTI1YTdlZTNmZDllNTA2NGM5NjNlYWQ1MjliYzg3ZjAwYTBiNjYyODZhNzI0ZmM3NjY0MWRkZjk4MjQwNDFlMDk2MDU3MDBiNmE4YTI2YmQyYjcyNGJhZDZiZTc1YWY4NjMzOTFhYzJjMWQyYTIyMzA1MzUwYWRjMDRhZWI5\" \/>\n <input type=\"hidden\" name=\"rm\" value=\"2\" \/>\n <!-- Konfiguriert grundlegende Checkout-Felder -->\n <input type=\"hidden\" name=\"lc\" value=\"GB\" \/>\n <input type=\"hidden\" name=\"no_shipping\" value=\"1\" \/>\n <input type=\"hidden\" name=\"no_note\" value=\"1\" \/>\n <input type=\"hidden\" name=\"custom\" value=\"www.scancostablanca.com\" \/>\n <input type=\"hidden\" name=\"currency_code\" value=\"EUR\" \/>\n <input type=\"hidden\" name=\"page_style\" value=\"SCANdonations\" \/>\n <input type=\"hidden\" name=\"charset\" value=\"utf-8\" \/>\n <input type=\"hidden\" name=\"item_name\" value=\"SCAN Membership - Annual Membership Fee\" \/>\n <input type=\"hidden\" name=\"item_number\" value=\"1::1 Y\" \/>\n <!-- Konfiguriert die eindeutige Rechnungs-ID\/den Code von s2Member  -->\n <input type=\"hidden\" name=\"invoice\" value=\"69de338346f17~216.73.216.46\" \/>\n <!-- Identifiziert\/aktualisiert einen bestehenden Benutzer\/Mitglied (wenn\/falls zutreffend)  -->\n <input type=\"hidden\" name=\"on0\" value=\"Originating Domain\" \/>\n <input type=\"hidden\" name=\"os0\" value=\"www.scancostablanca.com\" \/>\n <!-- Identifiziert die IP-Adresse des Kunden f\u00fcr die Nachverfolgung -->\n <input type=\"hidden\" name=\"on1\" value=\"Customer IP Address\" \/>\n <input type=\"hidden\" name=\"os1\" value=\"216.73.216.46\" \/>\n <!-- Steuerelemente \u00e4ndern das Verhalten im PayPal-Checkout -->\n <input type=\"hidden\" name=\"modify\" value=\"0\" \/>\n <!-- Passt Preise, Zahlungen und Abrechnungszyklus an -->\n <input type=\"hidden\" name=\"amount\" value=\"15\" \/>\n <!--<input type=\"hidden\" name=\"src\" value=\"BN\" \/>-->\n <!--<input type=\"hidden\" name=\"srt\" value=\"\" \/>-->\n <!--<input type=\"hidden\" name=\"sra\" value=\"1\" \/>-->\n <!--<input type=\"hidden\" name=\"a1\" value=\"0\" \/>-->\n <!--<input type=\"hidden\" name=\"p1\" value=\"0\" \/>-->\n <!--<input type=\"hidden\" name=\"t1\" value=\"D\" \/>-->\n <!--<input type=\"hidden\" name=\"a3\" value=\"15\" \/>-->\n <!--<input type=\"hidden\" name=\"p3\" value=\"1\" \/>-->\n <!--<input type=\"hidden\" name=\"t3\" value=\"Y\" \/>-->\n <!-- Zeigt die PayPal-Bildschaltfl\u00e4che an -->\n <input type=\"image\" src=\"https:\/\/www.paypal.com\/de_DE\/i\/btn\/btn_xpressCheckout.gif\" style=\"width:auto; height:auto; border:0;\" alt=\"PayPal\" \/>\n<\/form><\/div>\n<p>\n\n","protected":false},"excerpt":{"rendered":"<p>&nbsp; SCAN-Mitglieder sind uns wichtig. Ihre Ermutigung und Unterst\u00fctzung, sowohl finanziell als auch moralisch, hat uns geholfen, seit unserer Gr\u00fcndung viele unglaubliche Dinge zu erreichen. Als Mitglied erhalten Sie regelm\u00e4\u00dfige [&#8230;]<\/p>\n<p><a class=\"btn btn-secondary understrap-read-more-link\" href=\"https:\/\/www.scancostablanca.com\/de\/werden-sie-mitglied\/\">Weiterlesen&#8230;<\/a><\/p>\n","protected":false},"author":2,"featured_media":0,"parent":0,"menu_order":0,"comment_status":"closed","ping_status":"closed","template":"","meta":{"_acf_changed":false,"footnotes":""},"class_list":["post-10097","page","type-page","status-publish","hentry"],"acf":[],"yoast_head":"<!-- This site is optimized with the Yoast SEO plugin v25.9 - https:\/\/yoast.com\/wordpress\/plugins\/seo\/ -->\n<title>S.C.A.N. Costa Blanca - Animals for Adoption - Werden Sie Mitglied<\/title>\n<meta name=\"description\" content=\"S.C.A.N. Costa Blanca - Animal Adoptions - Dog and Cat Rescue, Care &amp; Rehoming - - Werden Sie Mitglied\" \/>\n<meta name=\"robots\" content=\"index, follow, max-snippet:-1, max-image-preview:large, max-video-preview:-1\" \/>\n<link rel=\"canonical\" href=\"https:\/\/www.scancostablanca.com\/de\/werden-sie-mitglied\/\" \/>\n<meta property=\"og:locale\" content=\"de_DE\" \/>\n<meta property=\"og:type\" content=\"article\" \/>\n<meta property=\"og:title\" content=\"S.C.A.N. Costa Blanca - Animals for Adoption - Werden Sie Mitglied\" \/>\n<meta property=\"og:description\" content=\"S.C.A.N. Costa Blanca - Animal Adoptions - Dog and Cat Rescue, Care &amp; Rehoming - - Werden Sie Mitglied\" \/>\n<meta property=\"og:url\" content=\"https:\/\/www.scancostablanca.com\/de\/werden-sie-mitglied\/\" \/>\n<meta property=\"og:site_name\" content=\"S.C.A.N. Costa Blanca\" \/>\n<meta property=\"article:publisher\" content=\"https:\/\/www.facebook.com\/SocietyForTheCareOfAnimalsInNeedScan\/\" \/>\n<meta property=\"article:modified_time\" content=\"2020-11-29T21:36:14+00:00\" \/>\n<meta property=\"og:image\" content=\"https:\/\/www.scancostablanca.com\/wp-content\/uploads\/2018\/03\/scan-logo-white-100h.png\" \/>\n<meta name=\"twitter:card\" content=\"summary_large_image\" \/>\n<script type=\"application\/ld+json\" class=\"yoast-schema-graph\">{\"@context\":\"https:\/\/schema.org\",\"@graph\":[{\"@type\":\"WebPage\",\"@id\":\"https:\/\/www.scancostablanca.com\/de\/werden-sie-mitglied\/\",\"url\":\"https:\/\/www.scancostablanca.com\/de\/werden-sie-mitglied\/\",\"name\":\"S.C.A.N. Costa Blanca - Animals for Adoption - Werden Sie Mitglied\",\"isPartOf\":{\"@id\":\"https:\/\/www.scancostablanca.com\/#website\"},\"primaryImageOfPage\":{\"@id\":\"https:\/\/www.scancostablanca.com\/de\/werden-sie-mitglied\/#primaryimage\"},\"image\":{\"@id\":\"https:\/\/www.scancostablanca.com\/de\/werden-sie-mitglied\/#primaryimage\"},\"thumbnailUrl\":\"https:\/\/www.scancostablanca.com\/wp-content\/uploads\/2018\/03\/scan-logo-white-100h.png\",\"datePublished\":\"2012-11-18T14:29:45+00:00\",\"dateModified\":\"2020-11-29T21:36:14+00:00\",\"description\":\"S.C.A.N. Costa Blanca - Animal Adoptions - Dog and Cat Rescue, Care & Rehoming - - Werden Sie Mitglied\",\"breadcrumb\":{\"@id\":\"https:\/\/www.scancostablanca.com\/de\/werden-sie-mitglied\/#breadcrumb\"},\"inLanguage\":\"de\",\"potentialAction\":[{\"@type\":\"ReadAction\",\"target\":[\"https:\/\/www.scancostablanca.com\/de\/werden-sie-mitglied\/\"]}]},{\"@type\":\"ImageObject\",\"inLanguage\":\"de\",\"@id\":\"https:\/\/www.scancostablanca.com\/de\/werden-sie-mitglied\/#primaryimage\",\"url\":\"https:\/\/www.scancostablanca.com\/wp-content\/uploads\/2018\/03\/scan-logo-white-100h.png\",\"contentUrl\":\"https:\/\/www.scancostablanca.com\/wp-content\/uploads\/2018\/03\/scan-logo-white-100h.png\"},{\"@type\":\"BreadcrumbList\",\"@id\":\"https:\/\/www.scancostablanca.com\/de\/werden-sie-mitglied\/#breadcrumb\",\"itemListElement\":[{\"@type\":\"ListItem\",\"position\":1,\"name\":\"Home\",\"item\":\"https:\/\/www.scancostablanca.com\/de\/\"},{\"@type\":\"ListItem\",\"position\":2,\"name\":\"Werden Sie Mitglied\"}]},{\"@type\":\"WebSite\",\"@id\":\"https:\/\/www.scancostablanca.com\/#website\",\"url\":\"https:\/\/www.scancostablanca.com\/\",\"name\":\"S.C.A.N. Costa Blanca\",\"description\":\"Society for the Care of Animals in Need\",\"publisher\":{\"@id\":\"https:\/\/www.scancostablanca.com\/#organization\"},\"potentialAction\":[{\"@type\":\"SearchAction\",\"target\":{\"@type\":\"EntryPoint\",\"urlTemplate\":\"https:\/\/www.scancostablanca.com\/?s={search_term_string}\"},\"query-input\":{\"@type\":\"PropertyValueSpecification\",\"valueRequired\":true,\"valueName\":\"search_term_string\"}}],\"inLanguage\":\"de\"},{\"@type\":\"Organization\",\"@id\":\"https:\/\/www.scancostablanca.com\/#organization\",\"name\":\"Society for the Care of Animals in Need\",\"url\":\"https:\/\/www.scancostablanca.com\/\",\"logo\":{\"@type\":\"ImageObject\",\"inLanguage\":\"de\",\"@id\":\"https:\/\/www.scancostablanca.com\/#\/schema\/logo\/image\/\",\"url\":\"https:\/\/www.scancostablanca.com\/wp-content\/uploads\/2018\/05\/scan-logo-text-blk-nobg.png\",\"contentUrl\":\"https:\/\/www.scancostablanca.com\/wp-content\/uploads\/2018\/05\/scan-logo-text-blk-nobg.png\",\"width\":409,\"height\":135,\"caption\":\"Society for the Care of Animals in Need\"},\"image\":{\"@id\":\"https:\/\/www.scancostablanca.com\/#\/schema\/logo\/image\/\"},\"sameAs\":[\"https:\/\/www.facebook.com\/SocietyForTheCareOfAnimalsInNeedScan\/\"]}]}<\/script>\n<!-- \/ Yoast SEO plugin. -->","yoast_head_json":{"title":"S.C.A.N. Costa Blanca - Animals for Adoption - Werden Sie Mitglied","description":"S.C.A.N. Costa Blanca - Animal Adoptions - Dog and Cat Rescue, Care & Rehoming - - Werden Sie Mitglied","robots":{"index":"index","follow":"follow","max-snippet":"max-snippet:-1","max-image-preview":"max-image-preview:large","max-video-preview":"max-video-preview:-1"},"canonical":"https:\/\/www.scancostablanca.com\/de\/werden-sie-mitglied\/","og_locale":"de_DE","og_type":"article","og_title":"S.C.A.N. Costa Blanca - Animals for Adoption - Werden Sie Mitglied","og_description":"S.C.A.N. Costa Blanca - Animal Adoptions - Dog and Cat Rescue, Care & Rehoming - - Werden Sie Mitglied","og_url":"https:\/\/www.scancostablanca.com\/de\/werden-sie-mitglied\/","og_site_name":"S.C.A.N. Costa Blanca","article_publisher":"https:\/\/www.facebook.com\/SocietyForTheCareOfAnimalsInNeedScan\/","article_modified_time":"2020-11-29T21:36:14+00:00","og_image":[{"url":"https:\/\/www.scancostablanca.com\/wp-content\/uploads\/2018\/03\/scan-logo-white-100h.png","type":"","width":"","height":""}],"twitter_card":"summary_large_image","schema":{"@context":"https:\/\/schema.org","@graph":[{"@type":"WebPage","@id":"https:\/\/www.scancostablanca.com\/de\/werden-sie-mitglied\/","url":"https:\/\/www.scancostablanca.com\/de\/werden-sie-mitglied\/","name":"S.C.A.N. Costa Blanca - Animals for Adoption - Werden Sie Mitglied","isPartOf":{"@id":"https:\/\/www.scancostablanca.com\/#website"},"primaryImageOfPage":{"@id":"https:\/\/www.scancostablanca.com\/de\/werden-sie-mitglied\/#primaryimage"},"image":{"@id":"https:\/\/www.scancostablanca.com\/de\/werden-sie-mitglied\/#primaryimage"},"thumbnailUrl":"https:\/\/www.scancostablanca.com\/wp-content\/uploads\/2018\/03\/scan-logo-white-100h.png","datePublished":"2012-11-18T14:29:45+00:00","dateModified":"2020-11-29T21:36:14+00:00","description":"S.C.A.N. Costa Blanca - Animal Adoptions - Dog and Cat Rescue, Care & Rehoming - - Werden Sie Mitglied","breadcrumb":{"@id":"https:\/\/www.scancostablanca.com\/de\/werden-sie-mitglied\/#breadcrumb"},"inLanguage":"de","potentialAction":[{"@type":"ReadAction","target":["https:\/\/www.scancostablanca.com\/de\/werden-sie-mitglied\/"]}]},{"@type":"ImageObject","inLanguage":"de","@id":"https:\/\/www.scancostablanca.com\/de\/werden-sie-mitglied\/#primaryimage","url":"https:\/\/www.scancostablanca.com\/wp-content\/uploads\/2018\/03\/scan-logo-white-100h.png","contentUrl":"https:\/\/www.scancostablanca.com\/wp-content\/uploads\/2018\/03\/scan-logo-white-100h.png"},{"@type":"BreadcrumbList","@id":"https:\/\/www.scancostablanca.com\/de\/werden-sie-mitglied\/#breadcrumb","itemListElement":[{"@type":"ListItem","position":1,"name":"Home","item":"https:\/\/www.scancostablanca.com\/de\/"},{"@type":"ListItem","position":2,"name":"Werden Sie Mitglied"}]},{"@type":"WebSite","@id":"https:\/\/www.scancostablanca.com\/#website","url":"https:\/\/www.scancostablanca.com\/","name":"S.C.A.N. Costa Blanca","description":"Society for the Care of Animals in Need","publisher":{"@id":"https:\/\/www.scancostablanca.com\/#organization"},"potentialAction":[{"@type":"SearchAction","target":{"@type":"EntryPoint","urlTemplate":"https:\/\/www.scancostablanca.com\/?s={search_term_string}"},"query-input":{"@type":"PropertyValueSpecification","valueRequired":true,"valueName":"search_term_string"}}],"inLanguage":"de"},{"@type":"Organization","@id":"https:\/\/www.scancostablanca.com\/#organization","name":"Society for the Care of Animals in Need","url":"https:\/\/www.scancostablanca.com\/","logo":{"@type":"ImageObject","inLanguage":"de","@id":"https:\/\/www.scancostablanca.com\/#\/schema\/logo\/image\/","url":"https:\/\/www.scancostablanca.com\/wp-content\/uploads\/2018\/05\/scan-logo-text-blk-nobg.png","contentUrl":"https:\/\/www.scancostablanca.com\/wp-content\/uploads\/2018\/05\/scan-logo-text-blk-nobg.png","width":409,"height":135,"caption":"Society for the Care of Animals in Need"},"image":{"@id":"https:\/\/www.scancostablanca.com\/#\/schema\/logo\/image\/"},"sameAs":["https:\/\/www.facebook.com\/SocietyForTheCareOfAnimalsInNeedScan\/"]}]}},"_links":{"self":[{"href":"https:\/\/www.scancostablanca.com\/de\/wp-json\/wp\/v2\/pages\/10097","targetHints":{"allow":["GET"]}}],"collection":[{"href":"https:\/\/www.scancostablanca.com\/de\/wp-json\/wp\/v2\/pages"}],"about":[{"href":"https:\/\/www.scancostablanca.com\/de\/wp-json\/wp\/v2\/types\/page"}],"author":[{"embeddable":true,"href":"https:\/\/www.scancostablanca.com\/de\/wp-json\/wp\/v2\/users\/2"}],"replies":[{"embeddable":true,"href":"https:\/\/www.scancostablanca.com\/de\/wp-json\/wp\/v2\/comments?post=10097"}],"version-history":[{"count":0,"href":"https:\/\/www.scancostablanca.com\/de\/wp-json\/wp\/v2\/pages\/10097\/revisions"}],"wp:attachment":[{"href":"https:\/\/www.scancostablanca.com\/de\/wp-json\/wp\/v2\/media?parent=10097"}],"curies":[{"name":"wp","href":"https:\/\/api.w.org\/{rel}","templated":true}]}}