{"id":15035,"date":"2016-08-02T19:37:24","date_gmt":"2016-08-02T17:37:24","guid":{"rendered":"https:\/\/www.scancostablanca.com\/de\/?page_id=15035"},"modified":"2022-04-07T22:09:57","modified_gmt":"2022-04-07T20:09:57","slug":"mascotathon-success","status":"publish","type":"page","link":"https:\/\/www.scancostablanca.com\/de\/mascotathon-success\/","title":{"rendered":"Registrierung erfolgreich beendet"},"content":{"rendered":"<h2><span style=\"color: #008000;\">VIELEN DANK!<\/span><\/h2>\n<p>Ihr Registrierungsformular wurde <span style=\"color: #008000;\"><strong>erfolgreich<\/strong><\/span>\u00a0\u00fcbermittelt und die Zahlung per PayPal durchgef\u00fchrt. Sie werden eine Best\u00e4tigung per E-Mail erhalten. Sehen Sie dazu ggf. auch im Spam-Ordner nach.<\/p>\n<p>Bitte setzen Sie sich mit uns in Verbindung, falls Sie ein\u00a0Problem haben.<\/p>\n<p><strong>Wir freuen uns darauf Sie im Mai am Mascotathon begr\u00fc\u00dfen zu d\u00fcrfen!<\/strong><\/p>\n<p><a href=\"https:\/\/www.scancostablanca.com\/wp-content\/uploads\/2022\/04\/Mascotathon-poster-2022-de.jpg\"><img decoding=\"async\" class=\"alignnone size-medium wp-image-50470 lazyload\" data-src=\"https:\/\/www.scancostablanca.com\/wp-content\/uploads\/2022\/04\/Mascotathon-poster-2022-de-480x679.jpg\" alt=\"\" width=\"480\" height=\"679\" data-srcset=\"https:\/\/www.scancostablanca.com\/wp-content\/uploads\/2022\/04\/Mascotathon-poster-2022-de-480x679.jpg 480w, https:\/\/www.scancostablanca.com\/wp-content\/uploads\/2022\/04\/Mascotathon-poster-2022-de.jpg 595w\" data-sizes=\"(max-width: 480px) 100vw, 480px\" src=\"data:image\/svg+xml;base64,PHN2ZyB3aWR0aD0iMSIgaGVpZ2h0PSIxIiB4bWxucz0iaHR0cDovL3d3dy53My5vcmcvMjAwMC9zdmciPjwvc3ZnPg==\" style=\"--smush-placeholder-width: 480px; --smush-placeholder-aspect-ratio: 480\/679;\" \/><\/a><\/p>\n","protected":false},"excerpt":{"rendered":"<p>VIELEN DANK! Ihr Registrierungsformular wurde erfolgreich\u00a0\u00fcbermittelt und die Zahlung per PayPal durchgef\u00fchrt. Sie werden eine Best\u00e4tigung per E-Mail erhalten. Sehen Sie dazu ggf. auch im Spam-Ordner nach. Bitte setzen Sie [&#8230;]<\/p>\n<p><a class=\"btn btn-secondary understrap-read-more-link\" href=\"https:\/\/www.scancostablanca.com\/de\/mascotathon-success\/\">Weiterlesen&#8230;<\/a><\/p>\n","protected":false},"author":338,"featured_media":0,"parent":0,"menu_order":0,"comment_status":"closed","ping_status":"closed","template":"","meta":{"_acf_changed":false,"footnotes":""},"class_list":["post-15035","page","type-page","status-publish","hentry"],"acf":[],"yoast_head":"<!-- This site is optimized with the Yoast SEO plugin v25.9 - https:\/\/yoast.com\/wordpress\/plugins\/seo\/ -->\n<title>S.C.A.N. Costa Blanca - Animals for Adoption - Registrierung erfolgreich beendet<\/title>\n<meta name=\"description\" content=\"S.C.A.N. Costa Blanca - Animal Adoptions - Dog and Cat Rescue, Care &amp; Rehoming - - Registrierung erfolgreich beendet\" \/>\n<meta name=\"robots\" content=\"index, follow, max-snippet:-1, max-image-preview:large, max-video-preview:-1\" \/>\n<link rel=\"canonical\" href=\"https:\/\/www.scancostablanca.com\/de\/mascotathon-success\/\" \/>\n<meta property=\"og:locale\" content=\"de_DE\" \/>\n<meta property=\"og:type\" content=\"article\" \/>\n<meta property=\"og:title\" content=\"S.C.A.N. Costa Blanca - Animals for Adoption - Registrierung erfolgreich beendet\" \/>\n<meta property=\"og:description\" content=\"S.C.A.N. Costa Blanca - Animal Adoptions - Dog and Cat Rescue, Care &amp; Rehoming - - Registrierung erfolgreich beendet\" \/>\n<meta property=\"og:url\" content=\"https:\/\/www.scancostablanca.com\/de\/mascotathon-success\/\" \/>\n<meta property=\"og:site_name\" content=\"S.C.A.N. Costa Blanca\" \/>\n<meta property=\"article:publisher\" content=\"https:\/\/www.facebook.com\/SocietyForTheCareOfAnimalsInNeedScan\/\" \/>\n<meta property=\"article:modified_time\" content=\"2022-04-07T20:09:57+00:00\" \/>\n<meta property=\"og:image\" content=\"https:\/\/www.scancostablanca.com\/wp-content\/uploads\/2022\/04\/Mascotathon-poster-2022-de-480x679.jpg\" \/>\n<meta name=\"twitter:card\" content=\"summary_large_image\" \/>\n<script type=\"application\/ld+json\" class=\"yoast-schema-graph\">{\"@context\":\"https:\/\/schema.org\",\"@graph\":[{\"@type\":\"WebPage\",\"@id\":\"https:\/\/www.scancostablanca.com\/de\/mascotathon-success\/\",\"url\":\"https:\/\/www.scancostablanca.com\/de\/mascotathon-success\/\",\"name\":\"S.C.A.N. Costa Blanca - Animals for Adoption - Registrierung erfolgreich beendet\",\"isPartOf\":{\"@id\":\"https:\/\/www.scancostablanca.com\/#website\"},\"primaryImageOfPage\":{\"@id\":\"https:\/\/www.scancostablanca.com\/de\/mascotathon-success\/#primaryimage\"},\"image\":{\"@id\":\"https:\/\/www.scancostablanca.com\/de\/mascotathon-success\/#primaryimage\"},\"thumbnailUrl\":\"https:\/\/www.scancostablanca.com\/wp-content\/uploads\/2022\/04\/Mascotathon-poster-2022-de-480x679.jpg\",\"datePublished\":\"2016-08-02T17:37:24+00:00\",\"dateModified\":\"2022-04-07T20:09:57+00:00\",\"description\":\"S.C.A.N. Costa Blanca - Animal Adoptions - Dog and Cat Rescue, Care & Rehoming - - Registrierung erfolgreich beendet\",\"breadcrumb\":{\"@id\":\"https:\/\/www.scancostablanca.com\/de\/mascotathon-success\/#breadcrumb\"},\"inLanguage\":\"de\",\"potentialAction\":[{\"@type\":\"ReadAction\",\"target\":[\"https:\/\/www.scancostablanca.com\/de\/mascotathon-success\/\"]}]},{\"@type\":\"ImageObject\",\"inLanguage\":\"de\",\"@id\":\"https:\/\/www.scancostablanca.com\/de\/mascotathon-success\/#primaryimage\",\"url\":\"https:\/\/www.scancostablanca.com\/wp-content\/uploads\/2022\/04\/Mascotathon-poster-2022-de-480x679.jpg\",\"contentUrl\":\"https:\/\/www.scancostablanca.com\/wp-content\/uploads\/2022\/04\/Mascotathon-poster-2022-de-480x679.jpg\"},{\"@type\":\"BreadcrumbList\",\"@id\":\"https:\/\/www.scancostablanca.com\/de\/mascotathon-success\/#breadcrumb\",\"itemListElement\":[{\"@type\":\"ListItem\",\"position\":1,\"name\":\"Home\",\"item\":\"https:\/\/www.scancostablanca.com\/de\/\"},{\"@type\":\"ListItem\",\"position\":2,\"name\":\"Registrierung erfolgreich beendet\"}]},{\"@type\":\"WebSite\",\"@id\":\"https:\/\/www.scancostablanca.com\/#website\",\"url\":\"https:\/\/www.scancostablanca.com\/\",\"name\":\"S.C.A.N. Costa Blanca\",\"description\":\"Society for the Care of Animals in Need\",\"publisher\":{\"@id\":\"https:\/\/www.scancostablanca.com\/#organization\"},\"potentialAction\":[{\"@type\":\"SearchAction\",\"target\":{\"@type\":\"EntryPoint\",\"urlTemplate\":\"https:\/\/www.scancostablanca.com\/?s={search_term_string}\"},\"query-input\":{\"@type\":\"PropertyValueSpecification\",\"valueRequired\":true,\"valueName\":\"search_term_string\"}}],\"inLanguage\":\"de\"},{\"@type\":\"Organization\",\"@id\":\"https:\/\/www.scancostablanca.com\/#organization\",\"name\":\"Society for the Care of Animals in Need\",\"url\":\"https:\/\/www.scancostablanca.com\/\",\"logo\":{\"@type\":\"ImageObject\",\"inLanguage\":\"de\",\"@id\":\"https:\/\/www.scancostablanca.com\/#\/schema\/logo\/image\/\",\"url\":\"https:\/\/www.scancostablanca.com\/wp-content\/uploads\/2018\/05\/scan-logo-text-blk-nobg.png\",\"contentUrl\":\"https:\/\/www.scancostablanca.com\/wp-content\/uploads\/2018\/05\/scan-logo-text-blk-nobg.png\",\"width\":409,\"height\":135,\"caption\":\"Society for the Care of Animals in Need\"},\"image\":{\"@id\":\"https:\/\/www.scancostablanca.com\/#\/schema\/logo\/image\/\"},\"sameAs\":[\"https:\/\/www.facebook.com\/SocietyForTheCareOfAnimalsInNeedScan\/\"]}]}<\/script>\n<!-- \/ Yoast SEO plugin. -->","yoast_head_json":{"title":"S.C.A.N. Costa Blanca - Animals for Adoption - Registrierung erfolgreich beendet","description":"S.C.A.N. Costa Blanca - Animal Adoptions - Dog and Cat Rescue, Care & Rehoming - - Registrierung erfolgreich beendet","robots":{"index":"index","follow":"follow","max-snippet":"max-snippet:-1","max-image-preview":"max-image-preview:large","max-video-preview":"max-video-preview:-1"},"canonical":"https:\/\/www.scancostablanca.com\/de\/mascotathon-success\/","og_locale":"de_DE","og_type":"article","og_title":"S.C.A.N. Costa Blanca - Animals for Adoption - Registrierung erfolgreich beendet","og_description":"S.C.A.N. Costa Blanca - Animal Adoptions - Dog and Cat Rescue, Care & Rehoming - - Registrierung erfolgreich beendet","og_url":"https:\/\/www.scancostablanca.com\/de\/mascotathon-success\/","og_site_name":"S.C.A.N. Costa Blanca","article_publisher":"https:\/\/www.facebook.com\/SocietyForTheCareOfAnimalsInNeedScan\/","article_modified_time":"2022-04-07T20:09:57+00:00","og_image":[{"url":"https:\/\/www.scancostablanca.com\/wp-content\/uploads\/2022\/04\/Mascotathon-poster-2022-de-480x679.jpg","type":"","width":"","height":""}],"twitter_card":"summary_large_image","schema":{"@context":"https:\/\/schema.org","@graph":[{"@type":"WebPage","@id":"https:\/\/www.scancostablanca.com\/de\/mascotathon-success\/","url":"https:\/\/www.scancostablanca.com\/de\/mascotathon-success\/","name":"S.C.A.N. Costa Blanca - Animals for Adoption - Registrierung erfolgreich beendet","isPartOf":{"@id":"https:\/\/www.scancostablanca.com\/#website"},"primaryImageOfPage":{"@id":"https:\/\/www.scancostablanca.com\/de\/mascotathon-success\/#primaryimage"},"image":{"@id":"https:\/\/www.scancostablanca.com\/de\/mascotathon-success\/#primaryimage"},"thumbnailUrl":"https:\/\/www.scancostablanca.com\/wp-content\/uploads\/2022\/04\/Mascotathon-poster-2022-de-480x679.jpg","datePublished":"2016-08-02T17:37:24+00:00","dateModified":"2022-04-07T20:09:57+00:00","description":"S.C.A.N. Costa Blanca - Animal Adoptions - Dog and Cat Rescue, Care & Rehoming - - Registrierung erfolgreich beendet","breadcrumb":{"@id":"https:\/\/www.scancostablanca.com\/de\/mascotathon-success\/#breadcrumb"},"inLanguage":"de","potentialAction":[{"@type":"ReadAction","target":["https:\/\/www.scancostablanca.com\/de\/mascotathon-success\/"]}]},{"@type":"ImageObject","inLanguage":"de","@id":"https:\/\/www.scancostablanca.com\/de\/mascotathon-success\/#primaryimage","url":"https:\/\/www.scancostablanca.com\/wp-content\/uploads\/2022\/04\/Mascotathon-poster-2022-de-480x679.jpg","contentUrl":"https:\/\/www.scancostablanca.com\/wp-content\/uploads\/2022\/04\/Mascotathon-poster-2022-de-480x679.jpg"},{"@type":"BreadcrumbList","@id":"https:\/\/www.scancostablanca.com\/de\/mascotathon-success\/#breadcrumb","itemListElement":[{"@type":"ListItem","position":1,"name":"Home","item":"https:\/\/www.scancostablanca.com\/de\/"},{"@type":"ListItem","position":2,"name":"Registrierung erfolgreich beendet"}]},{"@type":"WebSite","@id":"https:\/\/www.scancostablanca.com\/#website","url":"https:\/\/www.scancostablanca.com\/","name":"S.C.A.N. Costa Blanca","description":"Society for the Care of Animals in Need","publisher":{"@id":"https:\/\/www.scancostablanca.com\/#organization"},"potentialAction":[{"@type":"SearchAction","target":{"@type":"EntryPoint","urlTemplate":"https:\/\/www.scancostablanca.com\/?s={search_term_string}"},"query-input":{"@type":"PropertyValueSpecification","valueRequired":true,"valueName":"search_term_string"}}],"inLanguage":"de"},{"@type":"Organization","@id":"https:\/\/www.scancostablanca.com\/#organization","name":"Society for the Care of Animals in Need","url":"https:\/\/www.scancostablanca.com\/","logo":{"@type":"ImageObject","inLanguage":"de","@id":"https:\/\/www.scancostablanca.com\/#\/schema\/logo\/image\/","url":"https:\/\/www.scancostablanca.com\/wp-content\/uploads\/2018\/05\/scan-logo-text-blk-nobg.png","contentUrl":"https:\/\/www.scancostablanca.com\/wp-content\/uploads\/2018\/05\/scan-logo-text-blk-nobg.png","width":409,"height":135,"caption":"Society for the Care of Animals in Need"},"image":{"@id":"https:\/\/www.scancostablanca.com\/#\/schema\/logo\/image\/"},"sameAs":["https:\/\/www.facebook.com\/SocietyForTheCareOfAnimalsInNeedScan\/"]}]}},"_links":{"self":[{"href":"https:\/\/www.scancostablanca.com\/de\/wp-json\/wp\/v2\/pages\/15035","targetHints":{"allow":["GET"]}}],"collection":[{"href":"https:\/\/www.scancostablanca.com\/de\/wp-json\/wp\/v2\/pages"}],"about":[{"href":"https:\/\/www.scancostablanca.com\/de\/wp-json\/wp\/v2\/types\/page"}],"author":[{"embeddable":true,"href":"https:\/\/www.scancostablanca.com\/de\/wp-json\/wp\/v2\/users\/338"}],"replies":[{"embeddable":true,"href":"https:\/\/www.scancostablanca.com\/de\/wp-json\/wp\/v2\/comments?post=15035"}],"version-history":[{"count":0,"href":"https:\/\/www.scancostablanca.com\/de\/wp-json\/wp\/v2\/pages\/15035\/revisions"}],"wp:attachment":[{"href":"https:\/\/www.scancostablanca.com\/de\/wp-json\/wp\/v2\/media?parent=15035"}],"curies":[{"name":"wp","href":"https:\/\/api.w.org\/{rel}","templated":true}]}}