{"id":15043,"date":"2016-08-02T20:21:16","date_gmt":"2016-08-02T18:21:16","guid":{"rendered":"https:\/\/www.scancostablanca.com\/de\/?page_id=15043"},"modified":"2016-08-02T20:21:16","modified_gmt":"2016-08-02T18:21:16","slug":"privacy-policy","status":"publish","type":"page","link":"https:\/\/www.scancostablanca.com\/de\/privacy-policy\/","title":{"rendered":"Privacy Policy"},"content":{"rendered":"<p>&nbsp;<\/p>\n<h1><a href=\"https:\/\/www.scancostablanca.com\/privacy-policy\/\">Datenschutz<\/a><\/h1>\n<p>Diese Datenschutzrichtlinie zeigt wie S.C.A.N. jedwede Information verarbeitet und sch\u00fctzt, die Sie S.C.A.N. beim Besuch der Webseite zur Verf\u00fcgung stellen.<\/p>\n<p>S.C.A.N. verpflichtet sich sicherzustellen, dass Ihre Privatsph\u00e4re gesch\u00fctzt ist. Sollten wir sie nach gewissen Informationen fragen, tun wir dies um Sie beim Besuch der Seite eindeutig identifizieren k\u00f6nnen. Diese werden \u00a0nur im Einklang mit vorliegender Datenschutzrichtlinie verarbeitet.<\/p>\n<p>S.C.A.N. kann diese Datenschutzrichtlinie durch Aktualisierung der Webseite von Zeit zu Zeit \u00e4ndern. Sie sollten daher diese Seite gelegentlich besuchen, um sicherzustellen, dass Sie mit den \u00c4nderungen einverstanden sind. Vorliegende Richtlinie tritt am 1. Januar 2013 in Kraft.<\/p>\n<h3>Welche Daten wir verarbeiten<\/h3>\n<p>Wir verarbeiten die folgenden Informationen:<\/p>\n<ul>\n<li>Name und Alter.<\/li>\n<li>Kontaktdaten einschlie\u00dflich E-Mail-Adresse.<\/li>\n<li>Demographische Daten wie Postleitzahl, Vorlieben und Interessen.<\/li>\n<li>Weitere Informationen, um Sie \u00fcber unseren Service informieren zu k\u00f6nnen.<\/li>\n<\/ul>\n<h3>Was tun wir mit den gesammelten Informationen<\/h3>\n<p>Wir ben\u00f6tigen diese Informationen ganz allgemein um Ihre Anspr\u00fcche zu erkennen und Ihnen einen besseren Service bieten zu k\u00f6nnen, und speziell f\u00fcr:<\/p>\n<ul>\n<li>Interne Bestandsf\u00fchrung.<\/li>\n<li>Wir nutzen die Information um Ihnen einen ma\u00dfgeschneiderten Service zu bieten.<\/li>\n<li>Wir nutzen die Informationen, um unsere Produkte und Service zu verbessern.<\/li>\n<li>Wir werden regelm\u00e4\u00dfig Werbemails \u00fcber neue Produkte, Spezialangebote oder andere Information, welche wir als f\u00fcr Sie interessant ansehen, an die angegebene E-Mail versenden.<\/li>\n<li>Gelegentlich werden wir uns auch mit uns in Verbindung setzen um eine Marktumfrage vorzunehmen. Wir kontaktieren Sie entweder per E-Mail, Telefon, Fax oder postalisch. Wir nutzen die Informationen, um unsere Webseite an die Kundeninteressen anzupassen.<\/li>\n<\/ul>\n<h3>Sicherheit<\/h3>\n<p>Wir verpflichten uns das die Daten sicher sind. Um unautorisierten Zugriff oder Ver\u00f6ffentlichung zu unterbinden, haben wir geeignete physische, elektronische und verwaltungstechnische Ma\u00dfnahmen ergriffen, um die \u00fcber die Webseite gewonnen Informationen zu sch\u00fctzen und sicher zu verwahren.<\/p>\n<h3>Wie wir Cookies einsetzen<\/h3>\n<p>Ein Cookie ist eine kleine Datei, die vor dem Speichern auf der Festplatte eine entsprechende Erlaubnis abfragt. Sobald Sie dem zustimmen, wird die Datei hinzugef\u00fcgt und hilft bei der Analyse der Internetaktivit\u00e4t oder weist Sie beim Besuch einer speziellen Seite darauf hin. Cookies erlauben es Internetanwendungen Ihnen als Individuum zu antworten. Diese Internetanwendung kann seine Vorg\u00e4nge an Ihre Bed\u00fcrfnisse, Vorlieben und Abneigungen anpassen, indem es Informationen \u00fcber Ihre Interessen sammelt und speichert.<\/p>\n<p>Wir nutzen Internetprotokollcookies um herauszufinden welche Seiten genutzt werden. Dies hilft uns bei der Analyse der Besuche unserer Webseite und deren Verbesserung durch eine Anpassung der Inhalte an Kundenbed\u00fcrfnisse. Wir nutzen diese Informationen nur f\u00fcr statistische Analysen und entfernen die Daten danach aus dem System.<\/p>\n<p>Alles in allem helfen uns Cookies unsere Webseite zu verbessern, indem wir \u00fcberpr\u00fcfen k\u00f6nnen, welche Seiten Sie n\u00fctzlich finden und welche nicht. Ein Cookie gibt uns keinen Zugang zu ihrem Computer geschweige denn Informationen \u00fcber Sie, au\u00dfer den Daten die Sie selbst uns mitteilen.<\/p>\n<p>Sie k\u00f6nnen ausw\u00e4hlen ob Sie Cookies akzeptieren oder nicht. Die meisten Webbrowser akzeptieren Cookies automatisch, aber Sie k\u00f6nnen normalerweise Ihre Browsereinstellungen so \u00e4ndern, dass Cookies abgelehnt werden. Dies kann Sie daran hindern, die Webseite voll zu nutzen.<\/p>\n<h3>Links auf andere Webseiten<\/h3>\n<p>Unsere Webseite kann Links auf andere interessante Webseiten beinhalten. Wir m\u00fcssen Sie allerdings darauf hinweisen, dass wir, sobald Sie einen dieser Links genutzt haben um unsere Seite zu verlassen, keine Kontrolle \u00fcber diese anderen Webseiten haben. Daher \u00fcbernehmen wir keine Verantwortung f\u00fcr die Sicherheit und den Datenschutz jedweder Information, die Sie w\u00e4hrend des Besuchs auf der anderen Webseite angeben. Diese Seiten werden auch nicht durch vorliegende Datenschutzrichtlinie geregelt. Sie sollten vorsichtig sein und sich die Datenschutzrichtlinie der fraglichen Webseite ansehen.<\/p>\n<h3>Zugriff auf Ihre pers\u00f6nlichen Daten<\/h3>\n<p>Sie k\u00f6nnen eine Beschr\u00e4nkung der Datenverarbeitung oder \u2013verwendung auf folgende Art und Weise beschr\u00e4nken:<\/p>\n<ul>\n<li>Wann immer Sie gefragt werden ein Formular auf der Webseite auszuf\u00fcllen, klicken Sie das Feld an, wo steht, dass Sie nicht m\u00f6chten, dass die Informationen von irgendwem f\u00fcr Direktwerbung verarbeitet werden.<\/li>\n<li>Wenn Sie bereits fr\u00fcher zugestimmt haben, dass Ihre pers\u00f6nliche Information f\u00fcr Direktwerbung verwendet werden darf, k\u00f6nnen Sie diese Zustimmung jederzeit zur\u00fccknehmen, indem Sie uns postalisch anschreiben oder eine E-Mail an <a href=\"mailto:info@scancostablanca.com\">info@scancostablanca.com<\/a> schicken.<\/li>\n<\/ul>\n<p>Wir werden Ihre pers\u00f6nlichen Daten an Dritte weder verkaufen, verteilen oder verleihen sofern wir keine Erlaubnis von Ihnen haben oder von Gesetzes wegen dazu verpflichtet werden. Wir k\u00f6nnen Ihre pers\u00f6nliche Information dazu nutzen, um Ihnen Werbeinfos \u00fcber Dritte zu schicken, die wir als interessant f\u00fcr Sie einsch\u00e4tzen, wenn Sie dem zustimmen.<\/p>\n<p>Sie k\u00f6nnen Details \u00fcber die von uns gem\u00e4\u00df Datenschutzgesetz 1998 verarbeiteten pers\u00f6nlichen Informationen anfordern. Dabei f\u00e4llt eine kleine Geb\u00fchr an. Wenn Sie eine Kopie der bei uns gespeicherten pers\u00f6nlichen Daten w\u00fcnschen, schreiben Sie uns bitte an: S.C.A.N., Poligono Industrial, Calle Alcoy, Esq. Cami Cremadella, El Verger, Spanien.<\/p>\n<p>Wenn Sie der Meinung sind, dass die von uns gespeicherten Informationen nicht richtig oder nicht komplett seien, schreiben Sie uns bitte so schnell als m\u00f6glich oder senden uns eine E-Mail an oben genannte Adresse. Wir werden die unrichtigen Daten umgehend korrigieren.<\/p>\n","protected":false},"excerpt":{"rendered":"<p>&nbsp; Datenschutz Diese Datenschutzrichtlinie zeigt wie S.C.A.N. jedwede Information verarbeitet und sch\u00fctzt, die Sie S.C.A.N. beim Besuch der Webseite zur Verf\u00fcgung stellen. S.C.A.N. verpflichtet sich sicherzustellen, dass Ihre Privatsph\u00e4re gesch\u00fctzt [&#8230;]<\/p>\n<p><a class=\"btn btn-secondary understrap-read-more-link\" href=\"https:\/\/www.scancostablanca.com\/de\/privacy-policy\/\">Weiterlesen&#8230;<\/a><\/p>\n","protected":false},"author":338,"featured_media":0,"parent":0,"menu_order":0,"comment_status":"closed","ping_status":"closed","template":"","meta":{"_acf_changed":false,"footnotes":""},"class_list":["post-15043","page","type-page","status-publish","hentry"],"acf":[],"yoast_head":"<!-- This site is optimized with the Yoast SEO plugin v27.4 - https:\/\/yoast.com\/product\/yoast-seo-wordpress\/ -->\n<title>S.C.A.N. Costa Blanca - Animals for Adoption - Privacy Policy<\/title>\n<meta name=\"description\" content=\"S.C.A.N. Costa Blanca - Animal Adoptions - Dog and Cat Rescue, Care &amp; Rehoming - - Privacy Policy\" \/>\n<meta name=\"robots\" content=\"index, follow, max-snippet:-1, max-image-preview:large, max-video-preview:-1\" \/>\n<link rel=\"canonical\" href=\"https:\/\/www.scancostablanca.com\/de\/privacy-policy\/\" \/>\n<meta property=\"og:locale\" content=\"de_DE\" \/>\n<meta property=\"og:type\" content=\"article\" \/>\n<meta property=\"og:title\" content=\"S.C.A.N. Costa Blanca - Animals for Adoption - Privacy Policy\" \/>\n<meta property=\"og:description\" content=\"S.C.A.N. Costa Blanca - Animal Adoptions - Dog and Cat Rescue, Care &amp; Rehoming - - Privacy Policy\" \/>\n<meta property=\"og:url\" content=\"https:\/\/www.scancostablanca.com\/de\/privacy-policy\/\" \/>\n<meta property=\"og:site_name\" content=\"S.C.A.N. Costa Blanca\" \/>\n<meta property=\"article:publisher\" content=\"https:\/\/www.facebook.com\/SocietyForTheCareOfAnimalsInNeedScan\/\" \/>\n<meta property=\"og:image\" content=\"https:\/\/www.scancostablanca.com\/wp-content\/uploads\/2018\/06\/puppy-advice-notes-1.jpg\" \/>\n\t<meta property=\"og:image:width\" content=\"992\" \/>\n\t<meta property=\"og:image:height\" content=\"661\" \/>\n\t<meta property=\"og:image:type\" content=\"image\/jpeg\" \/>\n<meta name=\"twitter:card\" content=\"summary_large_image\" \/>\n<script type=\"application\/ld+json\" class=\"yoast-schema-graph\">{\"@context\":\"https:\\\/\\\/schema.org\",\"@graph\":[{\"@type\":\"WebPage\",\"@id\":\"https:\\\/\\\/www.scancostablanca.com\\\/de\\\/privacy-policy\\\/\",\"url\":\"https:\\\/\\\/www.scancostablanca.com\\\/de\\\/privacy-policy\\\/\",\"name\":\"S.C.A.N. Costa Blanca - Animals for Adoption - Privacy Policy\",\"isPartOf\":{\"@id\":\"https:\\\/\\\/www.scancostablanca.com\\\/#website\"},\"datePublished\":\"2016-08-02T18:21:16+00:00\",\"description\":\"S.C.A.N. Costa Blanca - Animal Adoptions - Dog and Cat Rescue, Care & Rehoming - - Privacy Policy\",\"breadcrumb\":{\"@id\":\"https:\\\/\\\/www.scancostablanca.com\\\/de\\\/privacy-policy\\\/#breadcrumb\"},\"inLanguage\":\"de\",\"potentialAction\":[{\"@type\":\"ReadAction\",\"target\":[\"https:\\\/\\\/www.scancostablanca.com\\\/de\\\/privacy-policy\\\/\"]}]},{\"@type\":\"BreadcrumbList\",\"@id\":\"https:\\\/\\\/www.scancostablanca.com\\\/de\\\/privacy-policy\\\/#breadcrumb\",\"itemListElement\":[{\"@type\":\"ListItem\",\"position\":1,\"name\":\"Home\",\"item\":\"https:\\\/\\\/www.scancostablanca.com\\\/de\\\/\"},{\"@type\":\"ListItem\",\"position\":2,\"name\":\"Privacy Policy\"}]},{\"@type\":\"WebSite\",\"@id\":\"https:\\\/\\\/www.scancostablanca.com\\\/#website\",\"url\":\"https:\\\/\\\/www.scancostablanca.com\\\/\",\"name\":\"S.C.A.N. Costa Blanca\",\"description\":\"Society for the Care of Animals in Need\",\"publisher\":{\"@id\":\"https:\\\/\\\/www.scancostablanca.com\\\/#organization\"},\"potentialAction\":[{\"@type\":\"SearchAction\",\"target\":{\"@type\":\"EntryPoint\",\"urlTemplate\":\"https:\\\/\\\/www.scancostablanca.com\\\/?s={search_term_string}\"},\"query-input\":{\"@type\":\"PropertyValueSpecification\",\"valueRequired\":true,\"valueName\":\"search_term_string\"}}],\"inLanguage\":\"de\"},{\"@type\":\"Organization\",\"@id\":\"https:\\\/\\\/www.scancostablanca.com\\\/#organization\",\"name\":\"Society for the Care of Animals in Need\",\"url\":\"https:\\\/\\\/www.scancostablanca.com\\\/\",\"logo\":{\"@type\":\"ImageObject\",\"inLanguage\":\"de\",\"@id\":\"https:\\\/\\\/www.scancostablanca.com\\\/#\\\/schema\\\/logo\\\/image\\\/\",\"url\":\"https:\\\/\\\/www.scancostablanca.com\\\/wp-content\\\/uploads\\\/2018\\\/05\\\/scan-logo-text-blk-nobg.png\",\"contentUrl\":\"https:\\\/\\\/www.scancostablanca.com\\\/wp-content\\\/uploads\\\/2018\\\/05\\\/scan-logo-text-blk-nobg.png\",\"width\":409,\"height\":135,\"caption\":\"Society for the Care of Animals in Need\"},\"image\":{\"@id\":\"https:\\\/\\\/www.scancostablanca.com\\\/#\\\/schema\\\/logo\\\/image\\\/\"},\"sameAs\":[\"https:\\\/\\\/www.facebook.com\\\/SocietyForTheCareOfAnimalsInNeedScan\\\/\"]}]}<\/script>\n<!-- \/ Yoast SEO plugin. -->","yoast_head_json":{"title":"S.C.A.N. Costa Blanca - Animals for Adoption - Privacy Policy","description":"S.C.A.N. Costa Blanca - Animal Adoptions - Dog and Cat Rescue, Care & Rehoming - - Privacy Policy","robots":{"index":"index","follow":"follow","max-snippet":"max-snippet:-1","max-image-preview":"max-image-preview:large","max-video-preview":"max-video-preview:-1"},"canonical":"https:\/\/www.scancostablanca.com\/de\/privacy-policy\/","og_locale":"de_DE","og_type":"article","og_title":"S.C.A.N. Costa Blanca - Animals for Adoption - Privacy Policy","og_description":"S.C.A.N. Costa Blanca - Animal Adoptions - Dog and Cat Rescue, Care & Rehoming - - Privacy Policy","og_url":"https:\/\/www.scancostablanca.com\/de\/privacy-policy\/","og_site_name":"S.C.A.N. Costa Blanca","article_publisher":"https:\/\/www.facebook.com\/SocietyForTheCareOfAnimalsInNeedScan\/","og_image":[{"width":992,"height":661,"url":"https:\/\/www.scancostablanca.com\/wp-content\/uploads\/2018\/06\/puppy-advice-notes-1.jpg","type":"image\/jpeg"}],"twitter_card":"summary_large_image","schema":{"@context":"https:\/\/schema.org","@graph":[{"@type":"WebPage","@id":"https:\/\/www.scancostablanca.com\/de\/privacy-policy\/","url":"https:\/\/www.scancostablanca.com\/de\/privacy-policy\/","name":"S.C.A.N. Costa Blanca - Animals for Adoption - Privacy Policy","isPartOf":{"@id":"https:\/\/www.scancostablanca.com\/#website"},"datePublished":"2016-08-02T18:21:16+00:00","description":"S.C.A.N. Costa Blanca - Animal Adoptions - Dog and Cat Rescue, Care & Rehoming - - Privacy Policy","breadcrumb":{"@id":"https:\/\/www.scancostablanca.com\/de\/privacy-policy\/#breadcrumb"},"inLanguage":"de","potentialAction":[{"@type":"ReadAction","target":["https:\/\/www.scancostablanca.com\/de\/privacy-policy\/"]}]},{"@type":"BreadcrumbList","@id":"https:\/\/www.scancostablanca.com\/de\/privacy-policy\/#breadcrumb","itemListElement":[{"@type":"ListItem","position":1,"name":"Home","item":"https:\/\/www.scancostablanca.com\/de\/"},{"@type":"ListItem","position":2,"name":"Privacy Policy"}]},{"@type":"WebSite","@id":"https:\/\/www.scancostablanca.com\/#website","url":"https:\/\/www.scancostablanca.com\/","name":"S.C.A.N. Costa Blanca","description":"Society for the Care of Animals in Need","publisher":{"@id":"https:\/\/www.scancostablanca.com\/#organization"},"potentialAction":[{"@type":"SearchAction","target":{"@type":"EntryPoint","urlTemplate":"https:\/\/www.scancostablanca.com\/?s={search_term_string}"},"query-input":{"@type":"PropertyValueSpecification","valueRequired":true,"valueName":"search_term_string"}}],"inLanguage":"de"},{"@type":"Organization","@id":"https:\/\/www.scancostablanca.com\/#organization","name":"Society for the Care of Animals in Need","url":"https:\/\/www.scancostablanca.com\/","logo":{"@type":"ImageObject","inLanguage":"de","@id":"https:\/\/www.scancostablanca.com\/#\/schema\/logo\/image\/","url":"https:\/\/www.scancostablanca.com\/wp-content\/uploads\/2018\/05\/scan-logo-text-blk-nobg.png","contentUrl":"https:\/\/www.scancostablanca.com\/wp-content\/uploads\/2018\/05\/scan-logo-text-blk-nobg.png","width":409,"height":135,"caption":"Society for the Care of Animals in Need"},"image":{"@id":"https:\/\/www.scancostablanca.com\/#\/schema\/logo\/image\/"},"sameAs":["https:\/\/www.facebook.com\/SocietyForTheCareOfAnimalsInNeedScan\/"]}]}},"_links":{"self":[{"href":"https:\/\/www.scancostablanca.com\/de\/wp-json\/wp\/v2\/pages\/15043","targetHints":{"allow":["GET"]}}],"collection":[{"href":"https:\/\/www.scancostablanca.com\/de\/wp-json\/wp\/v2\/pages"}],"about":[{"href":"https:\/\/www.scancostablanca.com\/de\/wp-json\/wp\/v2\/types\/page"}],"author":[{"embeddable":true,"href":"https:\/\/www.scancostablanca.com\/de\/wp-json\/wp\/v2\/users\/338"}],"replies":[{"embeddable":true,"href":"https:\/\/www.scancostablanca.com\/de\/wp-json\/wp\/v2\/comments?post=15043"}],"version-history":[{"count":0,"href":"https:\/\/www.scancostablanca.com\/de\/wp-json\/wp\/v2\/pages\/15043\/revisions"}],"wp:attachment":[{"href":"https:\/\/www.scancostablanca.com\/de\/wp-json\/wp\/v2\/media?parent=15043"}],"curies":[{"name":"wp","href":"https:\/\/api.w.org\/{rel}","templated":true}]}}