{"id":15049,"date":"2016-08-02T20:24:50","date_gmt":"2016-08-02T18:24:50","guid":{"rendered":"https:\/\/www.scancostablanca.com\/de\/?page_id=15049"},"modified":"2016-08-02T20:24:50","modified_gmt":"2016-08-02T18:24:50","slug":"verkaeufe-und-dienstleistungen","status":"publish","type":"page","link":"https:\/\/www.scancostablanca.com\/de\/verkaeufe-und-dienstleistungen\/","title":{"rendered":"Verk\u00e4ufe und Dienstleistungen"},"content":{"rendered":"<p><strong><a href=\"https:\/\/www.scancostablanca.com\/sales-services\/\">Verk\u00e4ufe und Dienstleistungen<\/a><\/strong><\/p>\n<p>Die Verk\u00e4ufer der hier angebotenen Produkte spenden einen Teil oder den gesamten Erl\u00f6s an S.C.A.N. Es finden Sie auch Angebote von Dienstleister, die ebenfalls den Erl\u00f6s an SCAN spenden. Unterst\u00fctzen Sie unsere gemeinn\u00fctzige Arbeit indem Sie auf dieser Seite einkaufen oder die Dienstleister beauftragen. Vielen Dank.<\/p>\n<p><a href=\"https:\/\/www.scancostablanca.com\/selling\/cat-travelling-boxes-sale\/\"><strong>Katzenreisebox zu verkaufen<\/strong><\/a><\/p>\n<p>Posted on February 17, 2014 | <a href=\"https:\/\/www.scancostablanca.com\/selling\/cat-travelling-boxes-sale\/#comments\">No Comments<\/a><\/p>\n<p>2 AVAILABLE PET CARRIERS Cat or small dog, with water tray and padded mat (warm and furry one side, wipe-down plastic the other) H 53cms [\u2026]<\/p>\n<p>&nbsp;<\/p>\n","protected":false},"excerpt":{"rendered":"<p>Verk\u00e4ufe und Dienstleistungen Die Verk\u00e4ufer der hier angebotenen Produkte spenden einen Teil oder den gesamten Erl\u00f6s an S.C.A.N. Es finden Sie auch Angebote von Dienstleister, die ebenfalls den Erl\u00f6s an [&#8230;]<\/p>\n<p><a class=\"btn btn-secondary understrap-read-more-link\" href=\"https:\/\/www.scancostablanca.com\/de\/verkaeufe-und-dienstleistungen\/\">Weiterlesen&#8230;<\/a><\/p>\n","protected":false},"author":338,"featured_media":0,"parent":0,"menu_order":0,"comment_status":"open","ping_status":"closed","template":"page-selling.php","meta":{"_acf_changed":false,"footnotes":""},"class_list":["post-15049","page","type-page","status-publish","hentry"],"acf":[],"yoast_head":"<!-- This site is optimized with the Yoast SEO plugin v25.9 - https:\/\/yoast.com\/wordpress\/plugins\/seo\/ -->\n<title>S.C.A.N. Costa Blanca - Animals for Adoption - Verk\u00e4ufe und Dienstleistungen<\/title>\n<meta name=\"description\" content=\"S.C.A.N. Costa Blanca - Animal Adoptions - Dog and Cat Rescue, Care &amp; Rehoming - - Verk\u00e4ufe und Dienstleistungen\" \/>\n<meta name=\"robots\" content=\"index, follow, max-snippet:-1, max-image-preview:large, max-video-preview:-1\" \/>\n<link rel=\"canonical\" href=\"https:\/\/www.scancostablanca.com\/de\/verkaeufe-und-dienstleistungen\/\" \/>\n<meta property=\"og:locale\" content=\"de_DE\" \/>\n<meta property=\"og:type\" content=\"article\" \/>\n<meta property=\"og:title\" content=\"S.C.A.N. Costa Blanca - Animals for Adoption - Verk\u00e4ufe und Dienstleistungen\" \/>\n<meta property=\"og:description\" content=\"S.C.A.N. Costa Blanca - Animal Adoptions - Dog and Cat Rescue, Care &amp; Rehoming - - Verk\u00e4ufe und Dienstleistungen\" \/>\n<meta property=\"og:url\" content=\"https:\/\/www.scancostablanca.com\/de\/verkaeufe-und-dienstleistungen\/\" \/>\n<meta property=\"og:site_name\" content=\"S.C.A.N. Costa Blanca\" \/>\n<meta property=\"article:publisher\" content=\"https:\/\/www.facebook.com\/SocietyForTheCareOfAnimalsInNeedScan\/\" \/>\n<meta property=\"og:image\" content=\"https:\/\/www.scancostablanca.com\/wp-content\/uploads\/2018\/06\/puppy-advice-notes-1.jpg\" \/>\n\t<meta property=\"og:image:width\" content=\"992\" \/>\n\t<meta property=\"og:image:height\" content=\"661\" \/>\n\t<meta property=\"og:image:type\" content=\"image\/jpeg\" \/>\n<meta name=\"twitter:card\" content=\"summary_large_image\" \/>\n<script type=\"application\/ld+json\" class=\"yoast-schema-graph\">{\"@context\":\"https:\/\/schema.org\",\"@graph\":[{\"@type\":\"WebPage\",\"@id\":\"https:\/\/www.scancostablanca.com\/de\/verkaeufe-und-dienstleistungen\/\",\"url\":\"https:\/\/www.scancostablanca.com\/de\/verkaeufe-und-dienstleistungen\/\",\"name\":\"S.C.A.N. Costa Blanca - Animals for Adoption - Verk\u00e4ufe und Dienstleistungen\",\"isPartOf\":{\"@id\":\"https:\/\/www.scancostablanca.com\/#website\"},\"datePublished\":\"2016-08-02T18:24:50+00:00\",\"description\":\"S.C.A.N. Costa Blanca - Animal Adoptions - Dog and Cat Rescue, Care & Rehoming - - Verk\u00e4ufe und Dienstleistungen\",\"breadcrumb\":{\"@id\":\"https:\/\/www.scancostablanca.com\/de\/verkaeufe-und-dienstleistungen\/#breadcrumb\"},\"inLanguage\":\"de\",\"potentialAction\":[{\"@type\":\"ReadAction\",\"target\":[\"https:\/\/www.scancostablanca.com\/de\/verkaeufe-und-dienstleistungen\/\"]}]},{\"@type\":\"BreadcrumbList\",\"@id\":\"https:\/\/www.scancostablanca.com\/de\/verkaeufe-und-dienstleistungen\/#breadcrumb\",\"itemListElement\":[{\"@type\":\"ListItem\",\"position\":1,\"name\":\"Home\",\"item\":\"https:\/\/www.scancostablanca.com\/de\/\"},{\"@type\":\"ListItem\",\"position\":2,\"name\":\"Verk\u00e4ufe und Dienstleistungen\"}]},{\"@type\":\"WebSite\",\"@id\":\"https:\/\/www.scancostablanca.com\/#website\",\"url\":\"https:\/\/www.scancostablanca.com\/\",\"name\":\"S.C.A.N. Costa Blanca\",\"description\":\"Society for the Care of Animals in Need\",\"publisher\":{\"@id\":\"https:\/\/www.scancostablanca.com\/#organization\"},\"potentialAction\":[{\"@type\":\"SearchAction\",\"target\":{\"@type\":\"EntryPoint\",\"urlTemplate\":\"https:\/\/www.scancostablanca.com\/?s={search_term_string}\"},\"query-input\":{\"@type\":\"PropertyValueSpecification\",\"valueRequired\":true,\"valueName\":\"search_term_string\"}}],\"inLanguage\":\"de\"},{\"@type\":\"Organization\",\"@id\":\"https:\/\/www.scancostablanca.com\/#organization\",\"name\":\"Society for the Care of Animals in Need\",\"url\":\"https:\/\/www.scancostablanca.com\/\",\"logo\":{\"@type\":\"ImageObject\",\"inLanguage\":\"de\",\"@id\":\"https:\/\/www.scancostablanca.com\/#\/schema\/logo\/image\/\",\"url\":\"https:\/\/www.scancostablanca.com\/wp-content\/uploads\/2018\/05\/scan-logo-text-blk-nobg.png\",\"contentUrl\":\"https:\/\/www.scancostablanca.com\/wp-content\/uploads\/2018\/05\/scan-logo-text-blk-nobg.png\",\"width\":409,\"height\":135,\"caption\":\"Society for the Care of Animals in Need\"},\"image\":{\"@id\":\"https:\/\/www.scancostablanca.com\/#\/schema\/logo\/image\/\"},\"sameAs\":[\"https:\/\/www.facebook.com\/SocietyForTheCareOfAnimalsInNeedScan\/\"]}]}<\/script>\n<!-- \/ Yoast SEO plugin. -->","yoast_head_json":{"title":"S.C.A.N. Costa Blanca - Animals for Adoption - Verk\u00e4ufe und Dienstleistungen","description":"S.C.A.N. Costa Blanca - Animal Adoptions - Dog and Cat Rescue, Care & Rehoming - - Verk\u00e4ufe und Dienstleistungen","robots":{"index":"index","follow":"follow","max-snippet":"max-snippet:-1","max-image-preview":"max-image-preview:large","max-video-preview":"max-video-preview:-1"},"canonical":"https:\/\/www.scancostablanca.com\/de\/verkaeufe-und-dienstleistungen\/","og_locale":"de_DE","og_type":"article","og_title":"S.C.A.N. Costa Blanca - Animals for Adoption - Verk\u00e4ufe und Dienstleistungen","og_description":"S.C.A.N. Costa Blanca - Animal Adoptions - Dog and Cat Rescue, Care & Rehoming - - Verk\u00e4ufe und Dienstleistungen","og_url":"https:\/\/www.scancostablanca.com\/de\/verkaeufe-und-dienstleistungen\/","og_site_name":"S.C.A.N. Costa Blanca","article_publisher":"https:\/\/www.facebook.com\/SocietyForTheCareOfAnimalsInNeedScan\/","og_image":[{"width":992,"height":661,"url":"https:\/\/www.scancostablanca.com\/wp-content\/uploads\/2018\/06\/puppy-advice-notes-1.jpg","type":"image\/jpeg"}],"twitter_card":"summary_large_image","schema":{"@context":"https:\/\/schema.org","@graph":[{"@type":"WebPage","@id":"https:\/\/www.scancostablanca.com\/de\/verkaeufe-und-dienstleistungen\/","url":"https:\/\/www.scancostablanca.com\/de\/verkaeufe-und-dienstleistungen\/","name":"S.C.A.N. Costa Blanca - Animals for Adoption - Verk\u00e4ufe und Dienstleistungen","isPartOf":{"@id":"https:\/\/www.scancostablanca.com\/#website"},"datePublished":"2016-08-02T18:24:50+00:00","description":"S.C.A.N. Costa Blanca - Animal Adoptions - Dog and Cat Rescue, Care & Rehoming - - Verk\u00e4ufe und Dienstleistungen","breadcrumb":{"@id":"https:\/\/www.scancostablanca.com\/de\/verkaeufe-und-dienstleistungen\/#breadcrumb"},"inLanguage":"de","potentialAction":[{"@type":"ReadAction","target":["https:\/\/www.scancostablanca.com\/de\/verkaeufe-und-dienstleistungen\/"]}]},{"@type":"BreadcrumbList","@id":"https:\/\/www.scancostablanca.com\/de\/verkaeufe-und-dienstleistungen\/#breadcrumb","itemListElement":[{"@type":"ListItem","position":1,"name":"Home","item":"https:\/\/www.scancostablanca.com\/de\/"},{"@type":"ListItem","position":2,"name":"Verk\u00e4ufe und Dienstleistungen"}]},{"@type":"WebSite","@id":"https:\/\/www.scancostablanca.com\/#website","url":"https:\/\/www.scancostablanca.com\/","name":"S.C.A.N. Costa Blanca","description":"Society for the Care of Animals in Need","publisher":{"@id":"https:\/\/www.scancostablanca.com\/#organization"},"potentialAction":[{"@type":"SearchAction","target":{"@type":"EntryPoint","urlTemplate":"https:\/\/www.scancostablanca.com\/?s={search_term_string}"},"query-input":{"@type":"PropertyValueSpecification","valueRequired":true,"valueName":"search_term_string"}}],"inLanguage":"de"},{"@type":"Organization","@id":"https:\/\/www.scancostablanca.com\/#organization","name":"Society for the Care of Animals in Need","url":"https:\/\/www.scancostablanca.com\/","logo":{"@type":"ImageObject","inLanguage":"de","@id":"https:\/\/www.scancostablanca.com\/#\/schema\/logo\/image\/","url":"https:\/\/www.scancostablanca.com\/wp-content\/uploads\/2018\/05\/scan-logo-text-blk-nobg.png","contentUrl":"https:\/\/www.scancostablanca.com\/wp-content\/uploads\/2018\/05\/scan-logo-text-blk-nobg.png","width":409,"height":135,"caption":"Society for the Care of Animals in Need"},"image":{"@id":"https:\/\/www.scancostablanca.com\/#\/schema\/logo\/image\/"},"sameAs":["https:\/\/www.facebook.com\/SocietyForTheCareOfAnimalsInNeedScan\/"]}]}},"_links":{"self":[{"href":"https:\/\/www.scancostablanca.com\/de\/wp-json\/wp\/v2\/pages\/15049","targetHints":{"allow":["GET"]}}],"collection":[{"href":"https:\/\/www.scancostablanca.com\/de\/wp-json\/wp\/v2\/pages"}],"about":[{"href":"https:\/\/www.scancostablanca.com\/de\/wp-json\/wp\/v2\/types\/page"}],"author":[{"embeddable":true,"href":"https:\/\/www.scancostablanca.com\/de\/wp-json\/wp\/v2\/users\/338"}],"replies":[{"embeddable":true,"href":"https:\/\/www.scancostablanca.com\/de\/wp-json\/wp\/v2\/comments?post=15049"}],"version-history":[{"count":0,"href":"https:\/\/www.scancostablanca.com\/de\/wp-json\/wp\/v2\/pages\/15049\/revisions"}],"wp:attachment":[{"href":"https:\/\/www.scancostablanca.com\/de\/wp-json\/wp\/v2\/media?parent=15049"}],"curies":[{"name":"wp","href":"https:\/\/api.w.org\/{rel}","templated":true}]}}