{"id":25415,"date":"2017-11-20T17:05:13","date_gmt":"2017-11-20T16:05:13","guid":{"rendered":"https:\/\/www.scancostablanca.com\/adoptions\/"},"modified":"2020-11-29T21:05:17","modified_gmt":"2020-11-29T20:05:17","slug":"adoptionen","status":"publish","type":"page","link":"https:\/\/www.scancostablanca.com\/de\/adoptionen\/","title":{"rendered":"Adoption &#8211; der Ablauf"},"content":{"rendered":"<h2>Adoptionen<\/h2>\n<p><strong><em>\u201cDu bist jetzt bei SCAN, du bist sicher\u201d<\/em><\/strong><\/p>\n<p>Sie lesen dies, weil Sie eine\/n unserer Katzen oder Hunde adoptieren m\u00f6chten.<\/p>\n<p>Die Auswahl des richtigen Tieres ist der erste Teil des Adoptionsprozesses. Gerne plaudern wir mit Ihnen \u00fcber die Charaktere und Geschichten unserer Hunde und Katzen und \u00fcber Ihre pers\u00f6nlichen Umst\u00e4nde, um sicherzustellen, dass Sie den bestm\u00f6glichen Begleiter finden. Es ist eine Bedingung des Adoptionsvertrags, dass unsere Tiere als Haustier in ein Zuhause gehen.<\/p>\n<p>Wir bitten Sie, einen Fragebogen vor der Adoption auszuf\u00fcllen, und wir arrangieren dann ein Treffen im Tierheim, um Ihre geplante Adoption zu besprechen.<\/p>\n<h5>UNTERST\u00dcTZUNG<\/h5>\n<p>Bei SCAN tun wir alles, um das Wohlergehen der Katzen und Hunde zu gew\u00e4hrleisten, die zu uns kommen. Wir verf\u00fcgen \u00fcber umfassende Expertise und Erfahrung in der Tierpflege. Wir stehen Ihnen jederzeit zur Verf\u00fcgung, um bei Problemen oder bestimmten Themen zu helfen. Dies ist besonders wichtig w\u00e4hrend der Testphase zu Hause, wenn sich sowohl das Haustier als auch der Besitzer noch nicht gut kennen. Die ben\u00f6tigte Hilfe ist nur einen Anruf oder eine Mail entfernt.<\/p>\n<p>&nbsp;<\/p>\n<h5><img decoding=\"async\" class=\"alignnone wp-image-43420 lazyload\" data-src=\"https:\/\/www.scancostablanca.com\/wp-content\/uploads\/2020\/05\/New-Cats-Logo-480x343.jpg\" alt=\"\" width=\"157\" height=\"112\" src=\"data:image\/svg+xml;base64,PHN2ZyB3aWR0aD0iMSIgaGVpZ2h0PSIxIiB4bWxucz0iaHR0cDovL3d3dy53My5vcmcvMjAwMC9zdmciPjwvc3ZnPg==\" style=\"--smush-placeholder-width: 157px; --smush-placeholder-aspect-ratio: 157\/112;\" \/><\/h5>\n<h5>KATZEN<\/h5>\n<p>Gerne k\u00f6nnen Sie eine unserer Katzen oder K\u00e4tzchen zu einem Probezeit mitnehmen. Dies ist besonders wichtig, wenn Sie bereits Katzen zu Hause haben, da es manchmal zu Konflikten der Katzenpers\u00f6nlichkeiten kommen kann! Bei einem Test zu Hause werden alle Probleme sichtbar, bevor Sie sich f\u00fcr eine Adoption entscheiden.<\/p>\n<p>Unsere K\u00e4tzchen und Katzen werden je nach Gesundheitszustand und individueller Reife zwischen 4 und 6 Monaten sterilisiert.<\/p>\n<p>Wir erheben keine Geb\u00fchren f\u00fcr eine Katzenadoption, bitten jedoch um eine Spende, damit wir weiterhin bed\u00fcrftige Katzen retten und betreuen k\u00f6nnen.<\/p>\n<p>&nbsp;<\/p>\n<h5><img decoding=\"async\" class=\"alignnone wp-image-43423 lazyload\" data-src=\"https:\/\/www.scancostablanca.com\/wp-content\/uploads\/2020\/05\/New-Dogs-Logo.jpg\" alt=\"\" width=\"157\" height=\"136\" src=\"data:image\/svg+xml;base64,PHN2ZyB3aWR0aD0iMSIgaGVpZ2h0PSIxIiB4bWxucz0iaHR0cDovL3d3dy53My5vcmcvMjAwMC9zdmciPjwvc3ZnPg==\" style=\"--smush-placeholder-width: 157px; --smush-placeholder-aspect-ratio: 157\/136;\" \/><\/h5>\n<h5>HUNDE<\/h5>\n<p>Der n\u00e4chste Schritt ist eine Art \"Probewohnen\", bei dem Sie und Ihr neuer Freund sich gegenseitig kennen lernen k\u00f6nnen. Die meisten Versuche laufen gut, aber das Wohlergehen des Tieres ist unsere vorrangige \u00dcberlegung, daher bitten wir Sie, realistisch zu sein. W\u00e4hrend dieser Zeit wird ein Hausbesuch arrangiert.<\/p>\n<p>Unsere Schutzgeb\u00fchr dient ausschlie\u00dflich der Deckung der Kosten f\u00fcr Impfungen, Chip und Pass. Diese sind gesetzlich vorgeschrieben, bevor das Tier das Tierheim verl\u00e4sst. Wir bitten Sie, diese Ausgaben zu tragen, damit wir weiterhin Ressourcen zur Rettung bed\u00fcrftiger Tiere haben.<\/p>\n<p>Der Fragebogen zur Adoption ist als <a href=\"https:\/\/www.scancostablanca.com\/pre-adoption-questionaire-dogs\/\">Download oder online verf\u00fcgbar. Klicken Sie hier. &gt;<\/a><\/p>\n<p>&nbsp;<\/p>\n<h5>INTERNATIONALE ADOPTIONEN von KATZEN und HUNDEN<\/h5>\n<p>Diese spielen eine Schl\u00fcsselrolle f\u00fcr die Erfolge von SCAN. Ohne die Unterst\u00fctzung unserer Freunde in ganz Europa (und dar\u00fcber hinaus) w\u00fcrden jetzt deutlich weniger Tiere ein neues Leben f\u00fchren.<\/p>\n<p>SCAN ist ein als \"N\u00facleo Zool\u00f3gico\" eingetragenes Tierheim. Durch diese Akkreditierung k\u00f6nnen wir den Transport von Tieren legal \u00fcber die Grenzen hinweg organisieren. Der Prozess umfasst komplexe Verwaltungsschritte, die als TRACES bezeichnet werden. SCAN \u00fcbernimmt diesen zeitaufw\u00e4ndigen Prozess kostenfrei. Unser einziges Ziel ist das zuk\u00fcnftige Gl\u00fcck der Tiere, die in unsere Obhut gekommen sind.<\/p>\n<p>Au\u00dferhalb Spaniens ist ein \"Probewohnen\" normalerweise nicht m\u00f6glich, wir bitten Sie jedoch, den Fragebogen zur Adoption auszuf\u00fcllen. Wir geben Ihre Daten, einschlie\u00dflich der Daten des ausgesuchten Tieres, dann an eine Tierschutzorganisation in Ihrer N\u00e4he weiter, damit diese einen Hausbesuch machen k\u00f6nnen.<\/p>\n<p>Der Pre-Adoption-Fragebogen kann\u00a0<a href=\"https:\/\/www.scancostablanca.com\/pre-adoption-questionaire-dogs\/\">online heruntergeladen oder ausgef\u00fcllt<\/a>\u00a0werden.<\/p>\n<p>Wir transportieren Tiere mit spezialisierten und zugelassenen Transportern, deren Fahrzeuge die von der britischen Regierung und der Europ\u00e4ischen Gemeinschaft festgelegten Normen erf\u00fcllen oder \u00fcbertreffen. Wir k\u00f6nnen auch Fl\u00fcge arrangieren, die Kriterien h\u00e4ngen jedoch von einer Reihe von Faktoren ab, einschlie\u00dflich des Ziellandes. Bitte kontaktieren Sie uns, um Ihre spezifischen Anforderungen zu besprechen.<\/p>\n<p>Vielen Dank, dass Sie eines unserer Tiere adoptiert haben. Wir und jeder Freiwillige ist \u00fcberzeugt, dass alle Tiere ein Leben verdienen, in dem sie gl\u00fccklich sein k\u00f6nnen, geliebt werden und frei so sein k\u00f6nnen, wie sie sind. Im Gegenzug bringen sie Freude und Lachen in Ihr Zuhause.<\/p>\n<p>&nbsp;<\/p>\n<p>&nbsp;<\/p>\n","protected":false},"excerpt":{"rendered":"<p>Adoptionen \u201cDu bist jetzt bei SCAN, du bist sicher\u201d Sie lesen dies, weil Sie eine\/n unserer Katzen oder Hunde adoptieren m\u00f6chten. Die Auswahl des richtigen Tieres ist der erste Teil [&#8230;]<\/p>\n<p><a class=\"btn btn-secondary understrap-read-more-link\" href=\"https:\/\/www.scancostablanca.com\/de\/adoptionen\/\">Weiterlesen&#8230;<\/a><\/p>\n","protected":false},"author":1,"featured_media":0,"parent":0,"menu_order":0,"comment_status":"closed","ping_status":"closed","template":"","meta":{"_acf_changed":false,"footnotes":""},"class_list":["post-25415","page","type-page","status-publish","hentry"],"acf":[],"yoast_head":"<!-- This site is optimized with the Yoast SEO plugin v27.4 - https:\/\/yoast.com\/product\/yoast-seo-wordpress\/ -->\n<title>S.C.A.N. Costa Blanca - Animals for Adoption - Adoption - der Ablauf<\/title>\n<meta name=\"description\" content=\"S.C.A.N. Costa Blanca - Animal Adoptions - Dog and Cat Rescue, Care &amp; Rehoming - - Adoption - der Ablauf\" \/>\n<meta name=\"robots\" content=\"index, follow, max-snippet:-1, max-image-preview:large, max-video-preview:-1\" \/>\n<link rel=\"canonical\" href=\"https:\/\/www.scancostablanca.com\/de\/adoptionen\/\" \/>\n<meta property=\"og:locale\" content=\"de_DE\" \/>\n<meta property=\"og:type\" content=\"article\" \/>\n<meta property=\"og:title\" content=\"S.C.A.N. Costa Blanca - Animals for Adoption - Adoption - der Ablauf\" \/>\n<meta property=\"og:description\" content=\"S.C.A.N. Costa Blanca - Animal Adoptions - Dog and Cat Rescue, Care &amp; Rehoming - - Adoption - der Ablauf\" \/>\n<meta property=\"og:url\" content=\"https:\/\/www.scancostablanca.com\/de\/adoptionen\/\" \/>\n<meta property=\"og:site_name\" content=\"S.C.A.N. Costa Blanca\" \/>\n<meta property=\"article:publisher\" content=\"https:\/\/www.facebook.com\/SocietyForTheCareOfAnimalsInNeedScan\/\" \/>\n<meta property=\"article:modified_time\" content=\"2020-11-29T20:05:17+00:00\" \/>\n<meta property=\"og:image\" content=\"https:\/\/www.scancostablanca.com\/wp-content\/uploads\/2020\/05\/New-Cats-Logo-480x343.jpg\" \/>\n<meta name=\"twitter:card\" content=\"summary_large_image\" \/>\n<script type=\"application\/ld+json\" class=\"yoast-schema-graph\">{\"@context\":\"https:\\\/\\\/schema.org\",\"@graph\":[{\"@type\":\"WebPage\",\"@id\":\"https:\\\/\\\/www.scancostablanca.com\\\/de\\\/adoptionen\\\/\",\"url\":\"https:\\\/\\\/www.scancostablanca.com\\\/de\\\/adoptionen\\\/\",\"name\":\"S.C.A.N. Costa Blanca - Animals for Adoption - Adoption - der Ablauf\",\"isPartOf\":{\"@id\":\"https:\\\/\\\/www.scancostablanca.com\\\/#website\"},\"primaryImageOfPage\":{\"@id\":\"https:\\\/\\\/www.scancostablanca.com\\\/de\\\/adoptionen\\\/#primaryimage\"},\"image\":{\"@id\":\"https:\\\/\\\/www.scancostablanca.com\\\/de\\\/adoptionen\\\/#primaryimage\"},\"thumbnailUrl\":\"https:\\\/\\\/www.scancostablanca.com\\\/wp-content\\\/uploads\\\/2020\\\/05\\\/New-Cats-Logo-480x343.jpg\",\"datePublished\":\"2017-11-20T16:05:13+00:00\",\"dateModified\":\"2020-11-29T20:05:17+00:00\",\"description\":\"S.C.A.N. Costa Blanca - Animal Adoptions - Dog and Cat Rescue, Care & Rehoming - - Adoption - der Ablauf\",\"breadcrumb\":{\"@id\":\"https:\\\/\\\/www.scancostablanca.com\\\/de\\\/adoptionen\\\/#breadcrumb\"},\"inLanguage\":\"de\",\"potentialAction\":[{\"@type\":\"ReadAction\",\"target\":[\"https:\\\/\\\/www.scancostablanca.com\\\/de\\\/adoptionen\\\/\"]}]},{\"@type\":\"ImageObject\",\"inLanguage\":\"de\",\"@id\":\"https:\\\/\\\/www.scancostablanca.com\\\/de\\\/adoptionen\\\/#primaryimage\",\"url\":\"https:\\\/\\\/www.scancostablanca.com\\\/wp-content\\\/uploads\\\/2020\\\/05\\\/New-Cats-Logo-480x343.jpg\",\"contentUrl\":\"https:\\\/\\\/www.scancostablanca.com\\\/wp-content\\\/uploads\\\/2020\\\/05\\\/New-Cats-Logo-480x343.jpg\"},{\"@type\":\"BreadcrumbList\",\"@id\":\"https:\\\/\\\/www.scancostablanca.com\\\/de\\\/adoptionen\\\/#breadcrumb\",\"itemListElement\":[{\"@type\":\"ListItem\",\"position\":1,\"name\":\"Home\",\"item\":\"https:\\\/\\\/www.scancostablanca.com\\\/de\\\/\"},{\"@type\":\"ListItem\",\"position\":2,\"name\":\"Adoption &#8211; der Ablauf\"}]},{\"@type\":\"WebSite\",\"@id\":\"https:\\\/\\\/www.scancostablanca.com\\\/#website\",\"url\":\"https:\\\/\\\/www.scancostablanca.com\\\/\",\"name\":\"S.C.A.N. Costa Blanca\",\"description\":\"Society for the Care of Animals in Need\",\"publisher\":{\"@id\":\"https:\\\/\\\/www.scancostablanca.com\\\/#organization\"},\"potentialAction\":[{\"@type\":\"SearchAction\",\"target\":{\"@type\":\"EntryPoint\",\"urlTemplate\":\"https:\\\/\\\/www.scancostablanca.com\\\/?s={search_term_string}\"},\"query-input\":{\"@type\":\"PropertyValueSpecification\",\"valueRequired\":true,\"valueName\":\"search_term_string\"}}],\"inLanguage\":\"de\"},{\"@type\":\"Organization\",\"@id\":\"https:\\\/\\\/www.scancostablanca.com\\\/#organization\",\"name\":\"Society for the Care of Animals in Need\",\"url\":\"https:\\\/\\\/www.scancostablanca.com\\\/\",\"logo\":{\"@type\":\"ImageObject\",\"inLanguage\":\"de\",\"@id\":\"https:\\\/\\\/www.scancostablanca.com\\\/#\\\/schema\\\/logo\\\/image\\\/\",\"url\":\"https:\\\/\\\/www.scancostablanca.com\\\/wp-content\\\/uploads\\\/2018\\\/05\\\/scan-logo-text-blk-nobg.png\",\"contentUrl\":\"https:\\\/\\\/www.scancostablanca.com\\\/wp-content\\\/uploads\\\/2018\\\/05\\\/scan-logo-text-blk-nobg.png\",\"width\":409,\"height\":135,\"caption\":\"Society for the Care of Animals in Need\"},\"image\":{\"@id\":\"https:\\\/\\\/www.scancostablanca.com\\\/#\\\/schema\\\/logo\\\/image\\\/\"},\"sameAs\":[\"https:\\\/\\\/www.facebook.com\\\/SocietyForTheCareOfAnimalsInNeedScan\\\/\"]}]}<\/script>\n<!-- \/ Yoast SEO plugin. -->","yoast_head_json":{"title":"S.C.A.N. Costa Blanca - Animals for Adoption - Adoption - der Ablauf","description":"S.C.A.N. Costa Blanca - Animal Adoptions - Dog and Cat Rescue, Care & Rehoming - - Adoption - der Ablauf","robots":{"index":"index","follow":"follow","max-snippet":"max-snippet:-1","max-image-preview":"max-image-preview:large","max-video-preview":"max-video-preview:-1"},"canonical":"https:\/\/www.scancostablanca.com\/de\/adoptionen\/","og_locale":"de_DE","og_type":"article","og_title":"S.C.A.N. Costa Blanca - Animals for Adoption - Adoption - der Ablauf","og_description":"S.C.A.N. Costa Blanca - Animal Adoptions - Dog and Cat Rescue, Care & Rehoming - - Adoption - der Ablauf","og_url":"https:\/\/www.scancostablanca.com\/de\/adoptionen\/","og_site_name":"S.C.A.N. Costa Blanca","article_publisher":"https:\/\/www.facebook.com\/SocietyForTheCareOfAnimalsInNeedScan\/","article_modified_time":"2020-11-29T20:05:17+00:00","og_image":[{"url":"https:\/\/www.scancostablanca.com\/wp-content\/uploads\/2020\/05\/New-Cats-Logo-480x343.jpg","type":"","width":"","height":""}],"twitter_card":"summary_large_image","schema":{"@context":"https:\/\/schema.org","@graph":[{"@type":"WebPage","@id":"https:\/\/www.scancostablanca.com\/de\/adoptionen\/","url":"https:\/\/www.scancostablanca.com\/de\/adoptionen\/","name":"S.C.A.N. Costa Blanca - Animals for Adoption - Adoption - der Ablauf","isPartOf":{"@id":"https:\/\/www.scancostablanca.com\/#website"},"primaryImageOfPage":{"@id":"https:\/\/www.scancostablanca.com\/de\/adoptionen\/#primaryimage"},"image":{"@id":"https:\/\/www.scancostablanca.com\/de\/adoptionen\/#primaryimage"},"thumbnailUrl":"https:\/\/www.scancostablanca.com\/wp-content\/uploads\/2020\/05\/New-Cats-Logo-480x343.jpg","datePublished":"2017-11-20T16:05:13+00:00","dateModified":"2020-11-29T20:05:17+00:00","description":"S.C.A.N. Costa Blanca - Animal Adoptions - Dog and Cat Rescue, Care & Rehoming - - Adoption - der Ablauf","breadcrumb":{"@id":"https:\/\/www.scancostablanca.com\/de\/adoptionen\/#breadcrumb"},"inLanguage":"de","potentialAction":[{"@type":"ReadAction","target":["https:\/\/www.scancostablanca.com\/de\/adoptionen\/"]}]},{"@type":"ImageObject","inLanguage":"de","@id":"https:\/\/www.scancostablanca.com\/de\/adoptionen\/#primaryimage","url":"https:\/\/www.scancostablanca.com\/wp-content\/uploads\/2020\/05\/New-Cats-Logo-480x343.jpg","contentUrl":"https:\/\/www.scancostablanca.com\/wp-content\/uploads\/2020\/05\/New-Cats-Logo-480x343.jpg"},{"@type":"BreadcrumbList","@id":"https:\/\/www.scancostablanca.com\/de\/adoptionen\/#breadcrumb","itemListElement":[{"@type":"ListItem","position":1,"name":"Home","item":"https:\/\/www.scancostablanca.com\/de\/"},{"@type":"ListItem","position":2,"name":"Adoption &#8211; der Ablauf"}]},{"@type":"WebSite","@id":"https:\/\/www.scancostablanca.com\/#website","url":"https:\/\/www.scancostablanca.com\/","name":"S.C.A.N. Costa Blanca","description":"Society for the Care of Animals in Need","publisher":{"@id":"https:\/\/www.scancostablanca.com\/#organization"},"potentialAction":[{"@type":"SearchAction","target":{"@type":"EntryPoint","urlTemplate":"https:\/\/www.scancostablanca.com\/?s={search_term_string}"},"query-input":{"@type":"PropertyValueSpecification","valueRequired":true,"valueName":"search_term_string"}}],"inLanguage":"de"},{"@type":"Organization","@id":"https:\/\/www.scancostablanca.com\/#organization","name":"Society for the Care of Animals in Need","url":"https:\/\/www.scancostablanca.com\/","logo":{"@type":"ImageObject","inLanguage":"de","@id":"https:\/\/www.scancostablanca.com\/#\/schema\/logo\/image\/","url":"https:\/\/www.scancostablanca.com\/wp-content\/uploads\/2018\/05\/scan-logo-text-blk-nobg.png","contentUrl":"https:\/\/www.scancostablanca.com\/wp-content\/uploads\/2018\/05\/scan-logo-text-blk-nobg.png","width":409,"height":135,"caption":"Society for the Care of Animals in Need"},"image":{"@id":"https:\/\/www.scancostablanca.com\/#\/schema\/logo\/image\/"},"sameAs":["https:\/\/www.facebook.com\/SocietyForTheCareOfAnimalsInNeedScan\/"]}]}},"_links":{"self":[{"href":"https:\/\/www.scancostablanca.com\/de\/wp-json\/wp\/v2\/pages\/25415","targetHints":{"allow":["GET"]}}],"collection":[{"href":"https:\/\/www.scancostablanca.com\/de\/wp-json\/wp\/v2\/pages"}],"about":[{"href":"https:\/\/www.scancostablanca.com\/de\/wp-json\/wp\/v2\/types\/page"}],"author":[{"embeddable":true,"href":"https:\/\/www.scancostablanca.com\/de\/wp-json\/wp\/v2\/users\/1"}],"replies":[{"embeddable":true,"href":"https:\/\/www.scancostablanca.com\/de\/wp-json\/wp\/v2\/comments?post=25415"}],"version-history":[{"count":0,"href":"https:\/\/www.scancostablanca.com\/de\/wp-json\/wp\/v2\/pages\/25415\/revisions"}],"wp:attachment":[{"href":"https:\/\/www.scancostablanca.com\/de\/wp-json\/wp\/v2\/media?parent=25415"}],"curies":[{"name":"wp","href":"https:\/\/api.w.org\/{rel}","templated":true}]}}