{"id":25427,"date":"2017-11-20T17:20:50","date_gmt":"2017-11-20T16:20:50","guid":{"rendered":"https:\/\/www.scancostablanca.com\/donations\/"},"modified":"2020-11-29T20:59:46","modified_gmt":"2020-11-29T19:59:46","slug":"spenden","status":"publish","type":"page","link":"https:\/\/www.scancostablanca.com\/de\/spenden\/","title":{"rendered":"Spenden"},"content":{"rendered":"<h3>Spenden<\/h3>\n<p>Fundraising ist eine Herzensangelegenheit. Ohne einen konstanten Geldfluss k\u00f6nnte SCAN nicht funktionieren. Spenden sind f\u00fcr uns die bedeutendste Einnahmequelle. \u00dcber 2000 Tiere k\u00f6nnen sich bei jedem einzuelnen Spender daf\u00fcr bedanken, dass er ihnen geholfen hat, ein neues Leben zu beginnen.<\/p>\n<p>Es gibt verschiedene M\u00f6glichkeiten, Geld f\u00fcr SCAN zu spenden.<\/p>\n<ul>\n<li>Klicken Sie einfach <span style=\"color: #800000;\"><a style=\"color: #800000;\" href=\"https:\/\/www.paypal.com\/cgi-bin\/webscr?cmd=_s-xclick&amp;hosted_button_id=CER4MPSU4ZHGL&amp;lc=GB\">hier<\/a>,<\/span> um direkt zum sicheren PayPal zu gelangen. Sie ben\u00f6tigen kein PayPal-Konto, nur eine Debit- oder Kreditkarte.<\/li>\n<li>Senden Sie eine Spende direkt an unser PayPal-Konto: donations@scancostablanca.com<\/li>\n<li>Indem Sie unserer Teaming-Gruppe beitreten und 1 \u20ac pro Monat spenden - was nicht nach viel aussieht, aber viele kleine Spenden entspricht einer gro\u00dfen. Es <em><strong>wird<\/strong> <\/em>einen Unterschied machen. Klicken Sie <a href=\"https:\/\/www.teaming.net\/societyforthecareofanimalsinneed\">hier<\/a>, um direkt zu unserer Teaming-Website zu gelangen, wo Sie sich anmelden k\u00f6nnen, oder klicken Sie <a href=\"https:\/\/www.scancostablanca.com\/de\/what-is-teaming\/\">hier<\/a>, um mehr \u00fcber Teaming zu erfahren.<\/li>\n<li>Sie k\u00f6nnen direkt auf unser Bankkonto einzahlen oder eine regul\u00e4re Zahlung per Lastschrift oder Dauerauftrag festlegen.<br \/>\n<strong>Unsere Kontodaten<\/strong>:<br \/>\nBanco de Sabadell, Carrer Marques de Estrella,2, 03770, Verger, Alicante.<br \/>\nIBAN Nummer: ES34 0081 1046 3300 0119 9530<\/li>\n<\/ul>\n<p>F\u00fcr SCAN fallen Bankgeb\u00fchren f\u00fcr Spenden an, die in anderen W\u00e4hrungen als Euro eingehen. Ihnen, dem Spender, wird ebenfalls eine Geb\u00fchr in Rechnung gestellt. Bei Zahlungen in anderen W\u00e4hrungen als dem Euro ist PayPal der beste Weg, um den Wert Ihres Geschenks zu maximieren.<\/p>\n<ul>\n<li>Sie k\u00f6nnen pers\u00f6nlich im SCAN Tierhiem oder der Charity Boutique in El Verger spenden.<\/li>\n<li>Wir haben ein umfangreiches Netz von Sammelb\u00fcchsen in der Umgebung. Ab und zu ein paar M\u00fcnzen in eine M\u00fcnze zu werfen, hilft oft mehr als Sie vielleicht denken. Die B\u00fcchsen bringen jedes Jahr erhebliche Betr\u00e4ge f\u00fcr SCAN.<\/li>\n<\/ul>\n<h3>\u00a0Von Privatpersonen und Firmen<\/h3>\n<ul>\n<li>Spenden von Tombola und Wettbewerbspreisen sind immer willkommen. Die Gewinne umfassen normalerweise Weine, Spirituosen, Lik\u00f6re, Pralinen, attraktive Glas- und Porzellanschalen, gef\u00fcllt mit S\u00fc\u00dfigkeiten oder anderen leckeren Konfekten, interessanten Bieren und anderen begehrenswerten Dingen.<\/li>\n<li>Wir begr\u00fc\u00dfen beispielsweise Gutscheine f\u00fcr Friseur- oder Sch\u00f6nheitsbehandlungen, Restaurantmahlzeiten und so weiter. Diese Preise machen die Verlosung oder den Wettbewerb f\u00fcr unser Publikum attraktiver und erh\u00f6hen so die Bereitschaft teilzunehmen und demzufolge die Einnahmen. Sie bewerben nat\u00fcrlich auch die Firma des Spenders bei unseren freiwilligen Helfern, Mitgliedern und Unterst\u00fctzern - Sie denken sicher auch, dass das f\u00fcr alle eine Win-Win-Situation ist.<\/li>\n<\/ul>\n<p>&nbsp;<\/p>\n","protected":false},"excerpt":{"rendered":"<p>Spenden Fundraising ist eine Herzensangelegenheit. Ohne einen konstanten Geldfluss k\u00f6nnte SCAN nicht funktionieren. Spenden sind f\u00fcr uns die bedeutendste Einnahmequelle. \u00dcber 2000 Tiere k\u00f6nnen sich bei jedem einzuelnen Spender daf\u00fcr [&#8230;]<\/p>\n<p><a class=\"btn btn-secondary understrap-read-more-link\" href=\"https:\/\/www.scancostablanca.com\/de\/spenden\/\">Weiterlesen&#8230;<\/a><\/p>\n","protected":false},"author":1,"featured_media":0,"parent":0,"menu_order":0,"comment_status":"closed","ping_status":"closed","template":"","meta":{"_acf_changed":false,"footnotes":""},"class_list":["post-25427","page","type-page","status-publish","hentry"],"acf":[],"yoast_head":"<!-- This site is optimized with the Yoast SEO plugin v25.9 - https:\/\/yoast.com\/wordpress\/plugins\/seo\/ -->\n<title>S.C.A.N. Costa Blanca - Animals for Adoption - Spenden<\/title>\n<meta name=\"description\" content=\"S.C.A.N. Costa Blanca - Animal Adoptions - Dog and Cat Rescue, Care &amp; Rehoming - - Spenden\" \/>\n<meta name=\"robots\" content=\"index, follow, max-snippet:-1, max-image-preview:large, max-video-preview:-1\" \/>\n<link rel=\"canonical\" href=\"https:\/\/www.scancostablanca.com\/de\/spenden\/\" \/>\n<meta property=\"og:locale\" content=\"de_DE\" \/>\n<meta property=\"og:type\" content=\"article\" \/>\n<meta property=\"og:title\" content=\"S.C.A.N. Costa Blanca - Animals for Adoption - Spenden\" \/>\n<meta property=\"og:description\" content=\"S.C.A.N. Costa Blanca - Animal Adoptions - Dog and Cat Rescue, Care &amp; Rehoming - - Spenden\" \/>\n<meta property=\"og:url\" content=\"https:\/\/www.scancostablanca.com\/de\/spenden\/\" \/>\n<meta property=\"og:site_name\" content=\"S.C.A.N. Costa Blanca\" \/>\n<meta property=\"article:publisher\" content=\"https:\/\/www.facebook.com\/SocietyForTheCareOfAnimalsInNeedScan\/\" \/>\n<meta property=\"article:modified_time\" content=\"2020-11-29T19:59:46+00:00\" \/>\n<meta property=\"og:image\" content=\"https:\/\/www.scancostablanca.com\/wp-content\/uploads\/2018\/06\/puppy-advice-notes-1.jpg\" \/>\n\t<meta property=\"og:image:width\" content=\"992\" \/>\n\t<meta property=\"og:image:height\" content=\"661\" \/>\n\t<meta property=\"og:image:type\" content=\"image\/jpeg\" \/>\n<meta name=\"twitter:card\" content=\"summary_large_image\" \/>\n<script type=\"application\/ld+json\" class=\"yoast-schema-graph\">{\"@context\":\"https:\/\/schema.org\",\"@graph\":[{\"@type\":\"WebPage\",\"@id\":\"https:\/\/www.scancostablanca.com\/de\/spenden\/\",\"url\":\"https:\/\/www.scancostablanca.com\/de\/spenden\/\",\"name\":\"S.C.A.N. Costa Blanca - Animals for Adoption - Spenden\",\"isPartOf\":{\"@id\":\"https:\/\/www.scancostablanca.com\/#website\"},\"datePublished\":\"2017-11-20T16:20:50+00:00\",\"dateModified\":\"2020-11-29T19:59:46+00:00\",\"description\":\"S.C.A.N. Costa Blanca - Animal Adoptions - Dog and Cat Rescue, Care & Rehoming - - Spenden\",\"breadcrumb\":{\"@id\":\"https:\/\/www.scancostablanca.com\/de\/spenden\/#breadcrumb\"},\"inLanguage\":\"de\",\"potentialAction\":[{\"@type\":\"ReadAction\",\"target\":[\"https:\/\/www.scancostablanca.com\/de\/spenden\/\"]}]},{\"@type\":\"BreadcrumbList\",\"@id\":\"https:\/\/www.scancostablanca.com\/de\/spenden\/#breadcrumb\",\"itemListElement\":[{\"@type\":\"ListItem\",\"position\":1,\"name\":\"Home\",\"item\":\"https:\/\/www.scancostablanca.com\/de\/\"},{\"@type\":\"ListItem\",\"position\":2,\"name\":\"Spenden\"}]},{\"@type\":\"WebSite\",\"@id\":\"https:\/\/www.scancostablanca.com\/#website\",\"url\":\"https:\/\/www.scancostablanca.com\/\",\"name\":\"S.C.A.N. Costa Blanca\",\"description\":\"Society for the Care of Animals in Need\",\"publisher\":{\"@id\":\"https:\/\/www.scancostablanca.com\/#organization\"},\"potentialAction\":[{\"@type\":\"SearchAction\",\"target\":{\"@type\":\"EntryPoint\",\"urlTemplate\":\"https:\/\/www.scancostablanca.com\/?s={search_term_string}\"},\"query-input\":{\"@type\":\"PropertyValueSpecification\",\"valueRequired\":true,\"valueName\":\"search_term_string\"}}],\"inLanguage\":\"de\"},{\"@type\":\"Organization\",\"@id\":\"https:\/\/www.scancostablanca.com\/#organization\",\"name\":\"Society for the Care of Animals in Need\",\"url\":\"https:\/\/www.scancostablanca.com\/\",\"logo\":{\"@type\":\"ImageObject\",\"inLanguage\":\"de\",\"@id\":\"https:\/\/www.scancostablanca.com\/#\/schema\/logo\/image\/\",\"url\":\"https:\/\/www.scancostablanca.com\/wp-content\/uploads\/2018\/05\/scan-logo-text-blk-nobg.png\",\"contentUrl\":\"https:\/\/www.scancostablanca.com\/wp-content\/uploads\/2018\/05\/scan-logo-text-blk-nobg.png\",\"width\":409,\"height\":135,\"caption\":\"Society for the Care of Animals in Need\"},\"image\":{\"@id\":\"https:\/\/www.scancostablanca.com\/#\/schema\/logo\/image\/\"},\"sameAs\":[\"https:\/\/www.facebook.com\/SocietyForTheCareOfAnimalsInNeedScan\/\"]}]}<\/script>\n<!-- \/ Yoast SEO plugin. -->","yoast_head_json":{"title":"S.C.A.N. Costa Blanca - Animals for Adoption - Spenden","description":"S.C.A.N. Costa Blanca - Animal Adoptions - Dog and Cat Rescue, Care & Rehoming - - Spenden","robots":{"index":"index","follow":"follow","max-snippet":"max-snippet:-1","max-image-preview":"max-image-preview:large","max-video-preview":"max-video-preview:-1"},"canonical":"https:\/\/www.scancostablanca.com\/de\/spenden\/","og_locale":"de_DE","og_type":"article","og_title":"S.C.A.N. Costa Blanca - Animals for Adoption - Spenden","og_description":"S.C.A.N. Costa Blanca - Animal Adoptions - Dog and Cat Rescue, Care & Rehoming - - Spenden","og_url":"https:\/\/www.scancostablanca.com\/de\/spenden\/","og_site_name":"S.C.A.N. Costa Blanca","article_publisher":"https:\/\/www.facebook.com\/SocietyForTheCareOfAnimalsInNeedScan\/","article_modified_time":"2020-11-29T19:59:46+00:00","og_image":[{"width":992,"height":661,"url":"https:\/\/www.scancostablanca.com\/wp-content\/uploads\/2018\/06\/puppy-advice-notes-1.jpg","type":"image\/jpeg"}],"twitter_card":"summary_large_image","schema":{"@context":"https:\/\/schema.org","@graph":[{"@type":"WebPage","@id":"https:\/\/www.scancostablanca.com\/de\/spenden\/","url":"https:\/\/www.scancostablanca.com\/de\/spenden\/","name":"S.C.A.N. Costa Blanca - Animals for Adoption - Spenden","isPartOf":{"@id":"https:\/\/www.scancostablanca.com\/#website"},"datePublished":"2017-11-20T16:20:50+00:00","dateModified":"2020-11-29T19:59:46+00:00","description":"S.C.A.N. Costa Blanca - Animal Adoptions - Dog and Cat Rescue, Care & Rehoming - - Spenden","breadcrumb":{"@id":"https:\/\/www.scancostablanca.com\/de\/spenden\/#breadcrumb"},"inLanguage":"de","potentialAction":[{"@type":"ReadAction","target":["https:\/\/www.scancostablanca.com\/de\/spenden\/"]}]},{"@type":"BreadcrumbList","@id":"https:\/\/www.scancostablanca.com\/de\/spenden\/#breadcrumb","itemListElement":[{"@type":"ListItem","position":1,"name":"Home","item":"https:\/\/www.scancostablanca.com\/de\/"},{"@type":"ListItem","position":2,"name":"Spenden"}]},{"@type":"WebSite","@id":"https:\/\/www.scancostablanca.com\/#website","url":"https:\/\/www.scancostablanca.com\/","name":"S.C.A.N. Costa Blanca","description":"Society for the Care of Animals in Need","publisher":{"@id":"https:\/\/www.scancostablanca.com\/#organization"},"potentialAction":[{"@type":"SearchAction","target":{"@type":"EntryPoint","urlTemplate":"https:\/\/www.scancostablanca.com\/?s={search_term_string}"},"query-input":{"@type":"PropertyValueSpecification","valueRequired":true,"valueName":"search_term_string"}}],"inLanguage":"de"},{"@type":"Organization","@id":"https:\/\/www.scancostablanca.com\/#organization","name":"Society for the Care of Animals in Need","url":"https:\/\/www.scancostablanca.com\/","logo":{"@type":"ImageObject","inLanguage":"de","@id":"https:\/\/www.scancostablanca.com\/#\/schema\/logo\/image\/","url":"https:\/\/www.scancostablanca.com\/wp-content\/uploads\/2018\/05\/scan-logo-text-blk-nobg.png","contentUrl":"https:\/\/www.scancostablanca.com\/wp-content\/uploads\/2018\/05\/scan-logo-text-blk-nobg.png","width":409,"height":135,"caption":"Society for the Care of Animals in Need"},"image":{"@id":"https:\/\/www.scancostablanca.com\/#\/schema\/logo\/image\/"},"sameAs":["https:\/\/www.facebook.com\/SocietyForTheCareOfAnimalsInNeedScan\/"]}]}},"_links":{"self":[{"href":"https:\/\/www.scancostablanca.com\/de\/wp-json\/wp\/v2\/pages\/25427","targetHints":{"allow":["GET"]}}],"collection":[{"href":"https:\/\/www.scancostablanca.com\/de\/wp-json\/wp\/v2\/pages"}],"about":[{"href":"https:\/\/www.scancostablanca.com\/de\/wp-json\/wp\/v2\/types\/page"}],"author":[{"embeddable":true,"href":"https:\/\/www.scancostablanca.com\/de\/wp-json\/wp\/v2\/users\/1"}],"replies":[{"embeddable":true,"href":"https:\/\/www.scancostablanca.com\/de\/wp-json\/wp\/v2\/comments?post=25427"}],"version-history":[{"count":0,"href":"https:\/\/www.scancostablanca.com\/de\/wp-json\/wp\/v2\/pages\/25427\/revisions"}],"wp:attachment":[{"href":"https:\/\/www.scancostablanca.com\/de\/wp-json\/wp\/v2\/media?parent=25427"}],"curies":[{"name":"wp","href":"https:\/\/api.w.org\/{rel}","templated":true}]}}