{"id":32835,"date":"2018-03-27T16:07:30","date_gmt":"2018-03-27T14:07:30","guid":{"rendered":"https:\/\/www.scancostablanca.com\/what-is-teaming\/"},"modified":"2020-11-29T21:57:03","modified_gmt":"2020-11-29T20:57:03","slug":"what-is-teaming","status":"publish","type":"page","link":"https:\/\/www.scancostablanca.com\/de\/what-is-teaming\/","title":{"rendered":"Was ist Teaming?"},"content":{"rendered":"<p><img decoding=\"async\" class=\"wp-image-26541 aligncenter lazyload\" data-src=\"https:\/\/www.scancostablanca.com\/wp-content\/uploads\/2017\/10\/teaming-logo-480x112.jpg\" alt=\"\" width=\"407\" height=\"95\" src=\"data:image\/svg+xml;base64,PHN2ZyB3aWR0aD0iMSIgaGVpZ2h0PSIxIiB4bWxucz0iaHR0cDovL3d3dy53My5vcmcvMjAwMC9zdmciPjwvc3ZnPg==\" style=\"--smush-placeholder-width: 407px; --smush-placeholder-aspect-ratio: 407\/95;\" \/><\/p>\n<h4 style=\"text-align: center;\"><strong>\u20ac1 pro Monat, nicht mehr, nicht weniger.<\/strong><\/h4>\n<p>TEAMING ist eine Online-Tool, um Spenden f\u00fcr soziale Projekte zu sammeln. Die Idee basiert auf der Philosophie, dass 1\u20ac allein nicht viel ausrichten kann, aber eine Vielzahl von Leuten, die alle einen geringen Betrag spenden, einen enormen Unterschied machen.<\/p>\n<p>Im Jahr 1998 fing eine handvoll von Firmen an, ihre Angestellten zu fragen, ob sie mit 1\u20ac pro Monat verschiedene soziale Projekte unterst\u00fctzen w\u00fcrden. Das Konzept wurde Teaming genannt. Es wurde ein voller Erfolg und im Jahre 2010 wurde diese Idee ausgebaut und <em>Teaming Online<\/em> ins Leben gerufen.<\/p>\n<p><img decoding=\"async\" class=\"alignnone wp-image-26535 lazyload\" data-src=\"https:\/\/www.scancostablanca.com\/wp-content\/uploads\/2017\/10\/teaming-fundacion-logo.jpg\" alt=\"\" width=\"119\" height=\"47\" src=\"data:image\/svg+xml;base64,PHN2ZyB3aWR0aD0iMSIgaGVpZ2h0PSIxIiB4bWxucz0iaHR0cDovL3d3dy53My5vcmcvMjAwMC9zdmciPjwvc3ZnPg==\" style=\"--smush-placeholder-width: 119px; --smush-placeholder-aspect-ratio: 119\/47;\" \/> Verwaltet von der Teaming Stiftung in Zusammenarbeit mit drei essentiellen Unterst\u00fctzern der Idee, die die notwendigen finanziellen und personellen Ressourcen bereitstellen. Dies sind:<\/p>\n<p><img decoding=\"async\" class=\"alignnone wp-image-26520 lazyload\" data-src=\"https:\/\/www.scancostablanca.com\/wp-content\/uploads\/2017\/10\/grupo-intercom-480x100.gif\" alt=\"\" width=\"144\" height=\"30\" src=\"data:image\/svg+xml;base64,PHN2ZyB3aWR0aD0iMSIgaGVpZ2h0PSIxIiB4bWxucz0iaHR0cDovL3d3dy53My5vcmcvMjAwMC9zdmciPjwvc3ZnPg==\" style=\"--smush-placeholder-width: 144px; --smush-placeholder-aspect-ratio: 144\/30;\" \/> Spaniens top E-Commerce Firma mit \u00fcber 700 Angestellten und einem Platz unter den Besten 50 Arbeitgebern in Spanien.<\/p>\n<p><img decoding=\"async\" class=\"alignnone wp-image-26526 lazyload\" data-src=\"https:\/\/www.scancostablanca.com\/wp-content\/uploads\/2017\/10\/Logo-everis-.png\" alt=\"\" width=\"126\" height=\"66\" src=\"data:image\/svg+xml;base64,PHN2ZyB3aWR0aD0iMSIgaGVpZ2h0PSIxIiB4bWxucz0iaHR0cDovL3d3dy53My5vcmcvMjAwMC9zdmciPjwvc3ZnPg==\" style=\"--smush-placeholder-width: 126px; --smush-placeholder-aspect-ratio: 126\/66;\" \/> Eine multinationale Beratungsfirma mit \u00fcber 10.000 professionellen Mitarbeitern in Europa, Lateinamerika und den U.S.A.<\/p>\n<p><img decoding=\"async\" class=\"alignnone wp-image-26523 lazyload\" data-src=\"https:\/\/www.scancostablanca.com\/wp-content\/uploads\/2017\/10\/Banco_Sabadell_logo-480x107.png\" alt=\"\" width=\"130\" height=\"29\" src=\"data:image\/svg+xml;base64,PHN2ZyB3aWR0aD0iMSIgaGVpZ2h0PSIxIiB4bWxucz0iaHR0cDovL3d3dy53My5vcmcvMjAwMC9zdmciPjwvc3ZnPg==\" style=\"--smush-placeholder-width: 130px; --smush-placeholder-aspect-ratio: 130\/29;\" \/> Banco Sabadell, spaniens viertgr\u00f6\u00dfte private Bankgruppe. Sabadell stellt den sicheren Zahlungsvorgang bereit und operiert ohne Geb\u00fchren, so dass Ihre gesamte Spende direkt bei SCAN ankommt.<\/p>\n<p style=\"text-align: center;\">Es gibt (Stand November 2017) 191,051 Teamer und 7,963 Teaming Gruppen. \u20ac8.109.417 wurden bis jetzt gespendet.<\/p>\n<p>Die Anmeldung auf der Teaming Webseite geht ganz einfach und schnell. Der Euro wird von Ihrem Visa- oder MasterCard-Konto abgebucht. Sobald Sie sich einmal registriert haben funktioniert alles automatisch und Sie m\u00fcssen nichts weiter unternehmen. Selbstverst\u00e4ndlich k\u00f6nnen Sie sich jederzeit von dem Service abmelden.<\/p>\n<p style=\"text-align: center;\"><strong><a href=\"http:\/\/www.teaming.net\/scancatsdogs\">www.teaming.net\/scancatsdogs<\/a><\/strong><\/p>\n","protected":false},"excerpt":{"rendered":"<p>\u20ac1 pro Monat, nicht mehr, nicht weniger. TEAMING ist eine Online-Tool, um Spenden f\u00fcr soziale Projekte zu sammeln. Die Idee basiert auf der Philosophie, dass 1\u20ac allein nicht viel ausrichten [&#8230;]<\/p>\n<p><a class=\"btn btn-secondary understrap-read-more-link\" href=\"https:\/\/www.scancostablanca.com\/de\/what-is-teaming\/\">Weiterlesen&#8230;<\/a><\/p>\n","protected":false},"author":1,"featured_media":0,"parent":0,"menu_order":0,"comment_status":"closed","ping_status":"closed","template":"","meta":{"_acf_changed":false,"footnotes":""},"class_list":["post-32835","page","type-page","status-publish","hentry"],"acf":[],"yoast_head":"<!-- This site is optimized with the Yoast SEO plugin v25.9 - https:\/\/yoast.com\/wordpress\/plugins\/seo\/ -->\n<title>S.C.A.N. Costa Blanca - Animals for Adoption - Was ist Teaming?<\/title>\n<meta name=\"description\" content=\"S.C.A.N. Costa Blanca - Animal Adoptions - Dog and Cat Rescue, Care &amp; Rehoming - - Was ist Teaming?\" \/>\n<meta name=\"robots\" content=\"index, follow, max-snippet:-1, max-image-preview:large, max-video-preview:-1\" \/>\n<link rel=\"canonical\" href=\"https:\/\/www.scancostablanca.com\/de\/what-is-teaming\/\" \/>\n<meta property=\"og:locale\" content=\"de_DE\" \/>\n<meta property=\"og:type\" content=\"article\" \/>\n<meta property=\"og:title\" content=\"S.C.A.N. Costa Blanca - Animals for Adoption - Was ist Teaming?\" \/>\n<meta property=\"og:description\" content=\"S.C.A.N. Costa Blanca - Animal Adoptions - Dog and Cat Rescue, Care &amp; Rehoming - - Was ist Teaming?\" \/>\n<meta property=\"og:url\" content=\"https:\/\/www.scancostablanca.com\/de\/what-is-teaming\/\" \/>\n<meta property=\"og:site_name\" content=\"S.C.A.N. Costa Blanca\" \/>\n<meta property=\"article:publisher\" content=\"https:\/\/www.facebook.com\/SocietyForTheCareOfAnimalsInNeedScan\/\" \/>\n<meta property=\"article:modified_time\" content=\"2020-11-29T20:57:03+00:00\" \/>\n<meta property=\"og:image\" content=\"https:\/\/www.scancostablanca.com\/wp-content\/uploads\/2017\/10\/teaming-logo-480x112.jpg\" \/>\n<meta name=\"twitter:card\" content=\"summary_large_image\" \/>\n<script type=\"application\/ld+json\" class=\"yoast-schema-graph\">{\"@context\":\"https:\/\/schema.org\",\"@graph\":[{\"@type\":\"WebPage\",\"@id\":\"https:\/\/www.scancostablanca.com\/de\/what-is-teaming\/\",\"url\":\"https:\/\/www.scancostablanca.com\/de\/what-is-teaming\/\",\"name\":\"S.C.A.N. Costa Blanca - Animals for Adoption - Was ist Teaming?\",\"isPartOf\":{\"@id\":\"https:\/\/www.scancostablanca.com\/#website\"},\"primaryImageOfPage\":{\"@id\":\"https:\/\/www.scancostablanca.com\/de\/what-is-teaming\/#primaryimage\"},\"image\":{\"@id\":\"https:\/\/www.scancostablanca.com\/de\/what-is-teaming\/#primaryimage\"},\"thumbnailUrl\":\"https:\/\/www.scancostablanca.com\/wp-content\/uploads\/2017\/10\/teaming-logo-480x112.jpg\",\"datePublished\":\"2018-03-27T14:07:30+00:00\",\"dateModified\":\"2020-11-29T20:57:03+00:00\",\"description\":\"S.C.A.N. Costa Blanca - Animal Adoptions - Dog and Cat Rescue, Care & Rehoming - - Was ist Teaming?\",\"breadcrumb\":{\"@id\":\"https:\/\/www.scancostablanca.com\/de\/what-is-teaming\/#breadcrumb\"},\"inLanguage\":\"de\",\"potentialAction\":[{\"@type\":\"ReadAction\",\"target\":[\"https:\/\/www.scancostablanca.com\/de\/what-is-teaming\/\"]}]},{\"@type\":\"ImageObject\",\"inLanguage\":\"de\",\"@id\":\"https:\/\/www.scancostablanca.com\/de\/what-is-teaming\/#primaryimage\",\"url\":\"https:\/\/www.scancostablanca.com\/wp-content\/uploads\/2017\/10\/teaming-logo-480x112.jpg\",\"contentUrl\":\"https:\/\/www.scancostablanca.com\/wp-content\/uploads\/2017\/10\/teaming-logo-480x112.jpg\"},{\"@type\":\"BreadcrumbList\",\"@id\":\"https:\/\/www.scancostablanca.com\/de\/what-is-teaming\/#breadcrumb\",\"itemListElement\":[{\"@type\":\"ListItem\",\"position\":1,\"name\":\"Home\",\"item\":\"https:\/\/www.scancostablanca.com\/de\/\"},{\"@type\":\"ListItem\",\"position\":2,\"name\":\"Was ist Teaming?\"}]},{\"@type\":\"WebSite\",\"@id\":\"https:\/\/www.scancostablanca.com\/#website\",\"url\":\"https:\/\/www.scancostablanca.com\/\",\"name\":\"S.C.A.N. Costa Blanca\",\"description\":\"Society for the Care of Animals in Need\",\"publisher\":{\"@id\":\"https:\/\/www.scancostablanca.com\/#organization\"},\"potentialAction\":[{\"@type\":\"SearchAction\",\"target\":{\"@type\":\"EntryPoint\",\"urlTemplate\":\"https:\/\/www.scancostablanca.com\/?s={search_term_string}\"},\"query-input\":{\"@type\":\"PropertyValueSpecification\",\"valueRequired\":true,\"valueName\":\"search_term_string\"}}],\"inLanguage\":\"de\"},{\"@type\":\"Organization\",\"@id\":\"https:\/\/www.scancostablanca.com\/#organization\",\"name\":\"Society for the Care of Animals in Need\",\"url\":\"https:\/\/www.scancostablanca.com\/\",\"logo\":{\"@type\":\"ImageObject\",\"inLanguage\":\"de\",\"@id\":\"https:\/\/www.scancostablanca.com\/#\/schema\/logo\/image\/\",\"url\":\"https:\/\/www.scancostablanca.com\/wp-content\/uploads\/2018\/05\/scan-logo-text-blk-nobg.png\",\"contentUrl\":\"https:\/\/www.scancostablanca.com\/wp-content\/uploads\/2018\/05\/scan-logo-text-blk-nobg.png\",\"width\":409,\"height\":135,\"caption\":\"Society for the Care of Animals in Need\"},\"image\":{\"@id\":\"https:\/\/www.scancostablanca.com\/#\/schema\/logo\/image\/\"},\"sameAs\":[\"https:\/\/www.facebook.com\/SocietyForTheCareOfAnimalsInNeedScan\/\"]}]}<\/script>\n<!-- \/ Yoast SEO plugin. -->","yoast_head_json":{"title":"S.C.A.N. Costa Blanca - Animals for Adoption - Was ist Teaming?","description":"S.C.A.N. Costa Blanca - Animal Adoptions - Dog and Cat Rescue, Care & Rehoming - - Was ist Teaming?","robots":{"index":"index","follow":"follow","max-snippet":"max-snippet:-1","max-image-preview":"max-image-preview:large","max-video-preview":"max-video-preview:-1"},"canonical":"https:\/\/www.scancostablanca.com\/de\/what-is-teaming\/","og_locale":"de_DE","og_type":"article","og_title":"S.C.A.N. Costa Blanca - Animals for Adoption - Was ist Teaming?","og_description":"S.C.A.N. Costa Blanca - Animal Adoptions - Dog and Cat Rescue, Care & Rehoming - - Was ist Teaming?","og_url":"https:\/\/www.scancostablanca.com\/de\/what-is-teaming\/","og_site_name":"S.C.A.N. Costa Blanca","article_publisher":"https:\/\/www.facebook.com\/SocietyForTheCareOfAnimalsInNeedScan\/","article_modified_time":"2020-11-29T20:57:03+00:00","og_image":[{"url":"https:\/\/www.scancostablanca.com\/wp-content\/uploads\/2017\/10\/teaming-logo-480x112.jpg","type":"","width":"","height":""}],"twitter_card":"summary_large_image","schema":{"@context":"https:\/\/schema.org","@graph":[{"@type":"WebPage","@id":"https:\/\/www.scancostablanca.com\/de\/what-is-teaming\/","url":"https:\/\/www.scancostablanca.com\/de\/what-is-teaming\/","name":"S.C.A.N. Costa Blanca - Animals for Adoption - Was ist Teaming?","isPartOf":{"@id":"https:\/\/www.scancostablanca.com\/#website"},"primaryImageOfPage":{"@id":"https:\/\/www.scancostablanca.com\/de\/what-is-teaming\/#primaryimage"},"image":{"@id":"https:\/\/www.scancostablanca.com\/de\/what-is-teaming\/#primaryimage"},"thumbnailUrl":"https:\/\/www.scancostablanca.com\/wp-content\/uploads\/2017\/10\/teaming-logo-480x112.jpg","datePublished":"2018-03-27T14:07:30+00:00","dateModified":"2020-11-29T20:57:03+00:00","description":"S.C.A.N. Costa Blanca - Animal Adoptions - Dog and Cat Rescue, Care & Rehoming - - Was ist Teaming?","breadcrumb":{"@id":"https:\/\/www.scancostablanca.com\/de\/what-is-teaming\/#breadcrumb"},"inLanguage":"de","potentialAction":[{"@type":"ReadAction","target":["https:\/\/www.scancostablanca.com\/de\/what-is-teaming\/"]}]},{"@type":"ImageObject","inLanguage":"de","@id":"https:\/\/www.scancostablanca.com\/de\/what-is-teaming\/#primaryimage","url":"https:\/\/www.scancostablanca.com\/wp-content\/uploads\/2017\/10\/teaming-logo-480x112.jpg","contentUrl":"https:\/\/www.scancostablanca.com\/wp-content\/uploads\/2017\/10\/teaming-logo-480x112.jpg"},{"@type":"BreadcrumbList","@id":"https:\/\/www.scancostablanca.com\/de\/what-is-teaming\/#breadcrumb","itemListElement":[{"@type":"ListItem","position":1,"name":"Home","item":"https:\/\/www.scancostablanca.com\/de\/"},{"@type":"ListItem","position":2,"name":"Was ist Teaming?"}]},{"@type":"WebSite","@id":"https:\/\/www.scancostablanca.com\/#website","url":"https:\/\/www.scancostablanca.com\/","name":"S.C.A.N. Costa Blanca","description":"Society for the Care of Animals in Need","publisher":{"@id":"https:\/\/www.scancostablanca.com\/#organization"},"potentialAction":[{"@type":"SearchAction","target":{"@type":"EntryPoint","urlTemplate":"https:\/\/www.scancostablanca.com\/?s={search_term_string}"},"query-input":{"@type":"PropertyValueSpecification","valueRequired":true,"valueName":"search_term_string"}}],"inLanguage":"de"},{"@type":"Organization","@id":"https:\/\/www.scancostablanca.com\/#organization","name":"Society for the Care of Animals in Need","url":"https:\/\/www.scancostablanca.com\/","logo":{"@type":"ImageObject","inLanguage":"de","@id":"https:\/\/www.scancostablanca.com\/#\/schema\/logo\/image\/","url":"https:\/\/www.scancostablanca.com\/wp-content\/uploads\/2018\/05\/scan-logo-text-blk-nobg.png","contentUrl":"https:\/\/www.scancostablanca.com\/wp-content\/uploads\/2018\/05\/scan-logo-text-blk-nobg.png","width":409,"height":135,"caption":"Society for the Care of Animals in Need"},"image":{"@id":"https:\/\/www.scancostablanca.com\/#\/schema\/logo\/image\/"},"sameAs":["https:\/\/www.facebook.com\/SocietyForTheCareOfAnimalsInNeedScan\/"]}]}},"_links":{"self":[{"href":"https:\/\/www.scancostablanca.com\/de\/wp-json\/wp\/v2\/pages\/32835","targetHints":{"allow":["GET"]}}],"collection":[{"href":"https:\/\/www.scancostablanca.com\/de\/wp-json\/wp\/v2\/pages"}],"about":[{"href":"https:\/\/www.scancostablanca.com\/de\/wp-json\/wp\/v2\/types\/page"}],"author":[{"embeddable":true,"href":"https:\/\/www.scancostablanca.com\/de\/wp-json\/wp\/v2\/users\/1"}],"replies":[{"embeddable":true,"href":"https:\/\/www.scancostablanca.com\/de\/wp-json\/wp\/v2\/comments?post=32835"}],"version-history":[{"count":0,"href":"https:\/\/www.scancostablanca.com\/de\/wp-json\/wp\/v2\/pages\/32835\/revisions"}],"wp:attachment":[{"href":"https:\/\/www.scancostablanca.com\/de\/wp-json\/wp\/v2\/media?parent=32835"}],"curies":[{"name":"wp","href":"https:\/\/api.w.org\/{rel}","templated":true}]}}