{"id":34528,"date":"2018-06-05T11:42:51","date_gmt":"2018-06-05T09:42:51","guid":{"rendered":"https:\/\/www.scancostablanca.com\/adopting-one-of-scans-animals\/"},"modified":"2020-11-29T21:07:04","modified_gmt":"2020-11-29T20:07:04","slug":"ein-tier-von-scan-adoptieren","status":"publish","type":"page","link":"https:\/\/www.scancostablanca.com\/de\/ein-tier-von-scan-adoptieren\/","title":{"rendered":"Ein Tier von SCAN adoptieren"},"content":{"rendered":"<p style=\"text-align: left;\"><a href=\"https:\/\/www.scancostablanca.com\/wp-content\/uploads\/2018\/06\/how-to-help-adopt.jpg\"><img decoding=\"async\" class=\"alignright wp-image-34523 lazyload\" data-src=\"https:\/\/www.scancostablanca.com\/wp-content\/uploads\/2018\/06\/how-to-help-adopt.jpg\" alt=\"\" width=\"296\" height=\"430\" src=\"data:image\/svg+xml;base64,PHN2ZyB3aWR0aD0iMSIgaGVpZ2h0PSIxIiB4bWxucz0iaHR0cDovL3d3dy53My5vcmcvMjAwMC9zdmciPjwvc3ZnPg==\" style=\"--smush-placeholder-width: 296px; --smush-placeholder-aspect-ratio: 296\/430;\" \/><\/a><\/p>\n<p><img decoding=\"async\" class=\"alignnone size-full wp-image-43426 lazyload\" data-src=\"https:\/\/www.scancostablanca.com\/wp-content\/uploads\/2020\/05\/New-SCAN-Logos.jpg\" alt=\"\" width=\"217\" height=\"139\" src=\"data:image\/svg+xml;base64,PHN2ZyB3aWR0aD0iMSIgaGVpZ2h0PSIxIiB4bWxucz0iaHR0cDovL3d3dy53My5vcmcvMjAwMC9zdmciPjwvc3ZnPg==\" style=\"--smush-placeholder-width: 217px; --smush-placeholder-aspect-ratio: 217\/139;\" \/><\/p>\n<p>Das ultimative Ziel unseres Rettungs- und Pflegeprozesses ist es, f\u00fcr jedes einzelne Tier einen f\u00fcrsorglichen und mitf\u00fchlenden Besitzer zu finden, der diesem Tier f\u00fcr den Rest seines Lebens ein eigenes Zuhause gibt.<\/p>\n<p>Wenn Sie in diesem Abschnitt \"Wie Sie Helfen K\u00f6nnen\" lesen ist die \u00dcbernahme einer unserer Katzen oder Hunde eine wunderbare und dauerhafte Sache, die Sie pers\u00f6nlich tun k\u00f6nnen, um unseren Tieren zu helfen.<\/p>\n<p>Wir wenden einen Standardprozess f\u00fcr die zuk\u00fcnftigen Adoptionen an. Nach der ersten Kontaktaufnahme durchlaufen wir verschiedene Schritte, damit die Adoption bei einem geeigneten Zuhause und einer geeigneten Person stattfinden kann. Der gesamte Prozess ist darauf ausgelegt, die potenziellen neuen Herr-\/Frauchen zu sch\u00fctzen und vor allem sicherzustellen, dass \"das beste Match von Tier und Mensch\" gefunden wird.<\/p>\n<p>Der gesamte <a href=\"https:\/\/www.scancostablanca.com\/de\/adoptionen\/\">Adoptionsvorgang wird hier angezeigt.<\/a><\/p>\n<p>&nbsp;<\/p>\n","protected":false},"excerpt":{"rendered":"<p>Das ultimative Ziel unseres Rettungs- und Pflegeprozesses ist es, f\u00fcr jedes einzelne Tier einen f\u00fcrsorglichen und mitf\u00fchlenden Besitzer zu finden, der diesem Tier f\u00fcr den Rest seines Lebens ein eigenes [&#8230;]<\/p>\n<p><a class=\"btn btn-secondary understrap-read-more-link\" href=\"https:\/\/www.scancostablanca.com\/de\/ein-tier-von-scan-adoptieren\/\">Weiterlesen&#8230;<\/a><\/p>\n","protected":false},"author":2,"featured_media":0,"parent":0,"menu_order":0,"comment_status":"closed","ping_status":"closed","template":"","meta":{"_acf_changed":false,"footnotes":""},"class_list":["post-34528","page","type-page","status-publish","hentry"],"acf":[],"yoast_head":"<!-- This site is optimized with the Yoast SEO plugin v25.9 - https:\/\/yoast.com\/wordpress\/plugins\/seo\/ -->\n<title>S.C.A.N. Costa Blanca - Animals for Adoption - Ein Tier von SCAN adoptieren<\/title>\n<meta name=\"description\" content=\"S.C.A.N. Costa Blanca - Animal Adoptions - Dog and Cat Rescue, Care &amp; Rehoming - - Ein Tier von SCAN adoptieren\" \/>\n<meta name=\"robots\" content=\"index, follow, max-snippet:-1, max-image-preview:large, max-video-preview:-1\" \/>\n<link rel=\"canonical\" href=\"https:\/\/www.scancostablanca.com\/de\/ein-tier-von-scan-adoptieren\/\" \/>\n<meta property=\"og:locale\" content=\"de_DE\" \/>\n<meta property=\"og:type\" content=\"article\" \/>\n<meta property=\"og:title\" content=\"S.C.A.N. Costa Blanca - Animals for Adoption - Ein Tier von SCAN adoptieren\" \/>\n<meta property=\"og:description\" content=\"S.C.A.N. Costa Blanca - Animal Adoptions - Dog and Cat Rescue, Care &amp; Rehoming - - Ein Tier von SCAN adoptieren\" \/>\n<meta property=\"og:url\" content=\"https:\/\/www.scancostablanca.com\/de\/ein-tier-von-scan-adoptieren\/\" \/>\n<meta property=\"og:site_name\" content=\"S.C.A.N. Costa Blanca\" \/>\n<meta property=\"article:publisher\" content=\"https:\/\/www.facebook.com\/SocietyForTheCareOfAnimalsInNeedScan\/\" \/>\n<meta property=\"article:modified_time\" content=\"2020-11-29T20:07:04+00:00\" \/>\n<meta property=\"og:image\" content=\"https:\/\/www.scancostablanca.com\/wp-content\/uploads\/2018\/06\/how-to-help-adopt.jpg\" \/>\n<meta name=\"twitter:card\" content=\"summary_large_image\" \/>\n<script type=\"application\/ld+json\" class=\"yoast-schema-graph\">{\"@context\":\"https:\/\/schema.org\",\"@graph\":[{\"@type\":\"WebPage\",\"@id\":\"https:\/\/www.scancostablanca.com\/de\/ein-tier-von-scan-adoptieren\/\",\"url\":\"https:\/\/www.scancostablanca.com\/de\/ein-tier-von-scan-adoptieren\/\",\"name\":\"S.C.A.N. Costa Blanca - Animals for Adoption - Ein Tier von SCAN adoptieren\",\"isPartOf\":{\"@id\":\"https:\/\/www.scancostablanca.com\/#website\"},\"primaryImageOfPage\":{\"@id\":\"https:\/\/www.scancostablanca.com\/de\/ein-tier-von-scan-adoptieren\/#primaryimage\"},\"image\":{\"@id\":\"https:\/\/www.scancostablanca.com\/de\/ein-tier-von-scan-adoptieren\/#primaryimage\"},\"thumbnailUrl\":\"https:\/\/www.scancostablanca.com\/wp-content\/uploads\/2018\/06\/how-to-help-adopt.jpg\",\"datePublished\":\"2018-06-05T09:42:51+00:00\",\"dateModified\":\"2020-11-29T20:07:04+00:00\",\"description\":\"S.C.A.N. Costa Blanca - Animal Adoptions - Dog and Cat Rescue, Care & Rehoming - - Ein Tier von SCAN adoptieren\",\"breadcrumb\":{\"@id\":\"https:\/\/www.scancostablanca.com\/de\/ein-tier-von-scan-adoptieren\/#breadcrumb\"},\"inLanguage\":\"de\",\"potentialAction\":[{\"@type\":\"ReadAction\",\"target\":[\"https:\/\/www.scancostablanca.com\/de\/ein-tier-von-scan-adoptieren\/\"]}]},{\"@type\":\"ImageObject\",\"inLanguage\":\"de\",\"@id\":\"https:\/\/www.scancostablanca.com\/de\/ein-tier-von-scan-adoptieren\/#primaryimage\",\"url\":\"https:\/\/www.scancostablanca.com\/wp-content\/uploads\/2018\/06\/how-to-help-adopt.jpg\",\"contentUrl\":\"https:\/\/www.scancostablanca.com\/wp-content\/uploads\/2018\/06\/how-to-help-adopt.jpg\"},{\"@type\":\"BreadcrumbList\",\"@id\":\"https:\/\/www.scancostablanca.com\/de\/ein-tier-von-scan-adoptieren\/#breadcrumb\",\"itemListElement\":[{\"@type\":\"ListItem\",\"position\":1,\"name\":\"Home\",\"item\":\"https:\/\/www.scancostablanca.com\/de\/\"},{\"@type\":\"ListItem\",\"position\":2,\"name\":\"Ein Tier von SCAN adoptieren\"}]},{\"@type\":\"WebSite\",\"@id\":\"https:\/\/www.scancostablanca.com\/#website\",\"url\":\"https:\/\/www.scancostablanca.com\/\",\"name\":\"S.C.A.N. Costa Blanca\",\"description\":\"Society for the Care of Animals in Need\",\"publisher\":{\"@id\":\"https:\/\/www.scancostablanca.com\/#organization\"},\"potentialAction\":[{\"@type\":\"SearchAction\",\"target\":{\"@type\":\"EntryPoint\",\"urlTemplate\":\"https:\/\/www.scancostablanca.com\/?s={search_term_string}\"},\"query-input\":{\"@type\":\"PropertyValueSpecification\",\"valueRequired\":true,\"valueName\":\"search_term_string\"}}],\"inLanguage\":\"de\"},{\"@type\":\"Organization\",\"@id\":\"https:\/\/www.scancostablanca.com\/#organization\",\"name\":\"Society for the Care of Animals in Need\",\"url\":\"https:\/\/www.scancostablanca.com\/\",\"logo\":{\"@type\":\"ImageObject\",\"inLanguage\":\"de\",\"@id\":\"https:\/\/www.scancostablanca.com\/#\/schema\/logo\/image\/\",\"url\":\"https:\/\/www.scancostablanca.com\/wp-content\/uploads\/2018\/05\/scan-logo-text-blk-nobg.png\",\"contentUrl\":\"https:\/\/www.scancostablanca.com\/wp-content\/uploads\/2018\/05\/scan-logo-text-blk-nobg.png\",\"width\":409,\"height\":135,\"caption\":\"Society for the Care of Animals in Need\"},\"image\":{\"@id\":\"https:\/\/www.scancostablanca.com\/#\/schema\/logo\/image\/\"},\"sameAs\":[\"https:\/\/www.facebook.com\/SocietyForTheCareOfAnimalsInNeedScan\/\"]}]}<\/script>\n<!-- \/ Yoast SEO plugin. -->","yoast_head_json":{"title":"S.C.A.N. Costa Blanca - Animals for Adoption - Ein Tier von SCAN adoptieren","description":"S.C.A.N. Costa Blanca - Animal Adoptions - Dog and Cat Rescue, Care & Rehoming - - Ein Tier von SCAN adoptieren","robots":{"index":"index","follow":"follow","max-snippet":"max-snippet:-1","max-image-preview":"max-image-preview:large","max-video-preview":"max-video-preview:-1"},"canonical":"https:\/\/www.scancostablanca.com\/de\/ein-tier-von-scan-adoptieren\/","og_locale":"de_DE","og_type":"article","og_title":"S.C.A.N. Costa Blanca - Animals for Adoption - Ein Tier von SCAN adoptieren","og_description":"S.C.A.N. Costa Blanca - Animal Adoptions - Dog and Cat Rescue, Care & Rehoming - - Ein Tier von SCAN adoptieren","og_url":"https:\/\/www.scancostablanca.com\/de\/ein-tier-von-scan-adoptieren\/","og_site_name":"S.C.A.N. Costa Blanca","article_publisher":"https:\/\/www.facebook.com\/SocietyForTheCareOfAnimalsInNeedScan\/","article_modified_time":"2020-11-29T20:07:04+00:00","og_image":[{"url":"https:\/\/www.scancostablanca.com\/wp-content\/uploads\/2018\/06\/how-to-help-adopt.jpg","type":"","width":"","height":""}],"twitter_card":"summary_large_image","schema":{"@context":"https:\/\/schema.org","@graph":[{"@type":"WebPage","@id":"https:\/\/www.scancostablanca.com\/de\/ein-tier-von-scan-adoptieren\/","url":"https:\/\/www.scancostablanca.com\/de\/ein-tier-von-scan-adoptieren\/","name":"S.C.A.N. Costa Blanca - Animals for Adoption - Ein Tier von SCAN adoptieren","isPartOf":{"@id":"https:\/\/www.scancostablanca.com\/#website"},"primaryImageOfPage":{"@id":"https:\/\/www.scancostablanca.com\/de\/ein-tier-von-scan-adoptieren\/#primaryimage"},"image":{"@id":"https:\/\/www.scancostablanca.com\/de\/ein-tier-von-scan-adoptieren\/#primaryimage"},"thumbnailUrl":"https:\/\/www.scancostablanca.com\/wp-content\/uploads\/2018\/06\/how-to-help-adopt.jpg","datePublished":"2018-06-05T09:42:51+00:00","dateModified":"2020-11-29T20:07:04+00:00","description":"S.C.A.N. Costa Blanca - Animal Adoptions - Dog and Cat Rescue, Care & Rehoming - - Ein Tier von SCAN adoptieren","breadcrumb":{"@id":"https:\/\/www.scancostablanca.com\/de\/ein-tier-von-scan-adoptieren\/#breadcrumb"},"inLanguage":"de","potentialAction":[{"@type":"ReadAction","target":["https:\/\/www.scancostablanca.com\/de\/ein-tier-von-scan-adoptieren\/"]}]},{"@type":"ImageObject","inLanguage":"de","@id":"https:\/\/www.scancostablanca.com\/de\/ein-tier-von-scan-adoptieren\/#primaryimage","url":"https:\/\/www.scancostablanca.com\/wp-content\/uploads\/2018\/06\/how-to-help-adopt.jpg","contentUrl":"https:\/\/www.scancostablanca.com\/wp-content\/uploads\/2018\/06\/how-to-help-adopt.jpg"},{"@type":"BreadcrumbList","@id":"https:\/\/www.scancostablanca.com\/de\/ein-tier-von-scan-adoptieren\/#breadcrumb","itemListElement":[{"@type":"ListItem","position":1,"name":"Home","item":"https:\/\/www.scancostablanca.com\/de\/"},{"@type":"ListItem","position":2,"name":"Ein Tier von SCAN adoptieren"}]},{"@type":"WebSite","@id":"https:\/\/www.scancostablanca.com\/#website","url":"https:\/\/www.scancostablanca.com\/","name":"S.C.A.N. Costa Blanca","description":"Society for the Care of Animals in Need","publisher":{"@id":"https:\/\/www.scancostablanca.com\/#organization"},"potentialAction":[{"@type":"SearchAction","target":{"@type":"EntryPoint","urlTemplate":"https:\/\/www.scancostablanca.com\/?s={search_term_string}"},"query-input":{"@type":"PropertyValueSpecification","valueRequired":true,"valueName":"search_term_string"}}],"inLanguage":"de"},{"@type":"Organization","@id":"https:\/\/www.scancostablanca.com\/#organization","name":"Society for the Care of Animals in Need","url":"https:\/\/www.scancostablanca.com\/","logo":{"@type":"ImageObject","inLanguage":"de","@id":"https:\/\/www.scancostablanca.com\/#\/schema\/logo\/image\/","url":"https:\/\/www.scancostablanca.com\/wp-content\/uploads\/2018\/05\/scan-logo-text-blk-nobg.png","contentUrl":"https:\/\/www.scancostablanca.com\/wp-content\/uploads\/2018\/05\/scan-logo-text-blk-nobg.png","width":409,"height":135,"caption":"Society for the Care of Animals in Need"},"image":{"@id":"https:\/\/www.scancostablanca.com\/#\/schema\/logo\/image\/"},"sameAs":["https:\/\/www.facebook.com\/SocietyForTheCareOfAnimalsInNeedScan\/"]}]}},"_links":{"self":[{"href":"https:\/\/www.scancostablanca.com\/de\/wp-json\/wp\/v2\/pages\/34528","targetHints":{"allow":["GET"]}}],"collection":[{"href":"https:\/\/www.scancostablanca.com\/de\/wp-json\/wp\/v2\/pages"}],"about":[{"href":"https:\/\/www.scancostablanca.com\/de\/wp-json\/wp\/v2\/types\/page"}],"author":[{"embeddable":true,"href":"https:\/\/www.scancostablanca.com\/de\/wp-json\/wp\/v2\/users\/2"}],"replies":[{"embeddable":true,"href":"https:\/\/www.scancostablanca.com\/de\/wp-json\/wp\/v2\/comments?post=34528"}],"version-history":[{"count":0,"href":"https:\/\/www.scancostablanca.com\/de\/wp-json\/wp\/v2\/pages\/34528\/revisions"}],"wp:attachment":[{"href":"https:\/\/www.scancostablanca.com\/de\/wp-json\/wp\/v2\/media?parent=34528"}],"curies":[{"name":"wp","href":"https:\/\/api.w.org\/{rel}","templated":true}]}}