{"id":37648,"date":"2018-03-01T18:38:46","date_gmt":"2018-03-01T17:38:46","guid":{"rendered":"https:\/\/www.scancostablanca.com\/education-and-awareness\/"},"modified":"2019-01-06T21:45:58","modified_gmt":"2019-01-06T20:45:58","slug":"education-and-awareness","status":"publish","type":"page","link":"https:\/\/www.scancostablanca.com\/de\/education-and-awareness\/","title":{"rendered":"Erziehung und Sensibilisierung"},"content":{"rendered":"<p>Die Rettung von Tieren ist nat\u00fcrlich unsere wichtigste Aufgabe. Die traurige Wahrheit ist jedoch, dass es immer mehr Katzen und Hunde gibt, die Hilfe ben\u00f6tigen, egal wie viele Tiere in Tierheimen aufgenommen werden.<\/p>\n<p>So eindrucksvoll die Aufgabe auch sein mag, die zugrunde liegenden Ursachen des Problems in den Griff zu bekommen, kann dies nur langfristig gelingen. SCAN ist aktiv, um das Problembewusstsein zu sch\u00e4rfen, indem Aufkl\u00e4rungsprogramme an lokalen Schulen durchgef\u00fchrt werden.<\/p>\n<p>SCAN l\u00e4dt Sch\u00fcler und Sch\u00fcler in das Tierheim ein, um die Realit\u00e4t des Aussetzens von Tieren und die Arbeit, die zur Rettung und Rehabilitation unserer Hunde und Katzen erforderlich ist, aus erster Hand zu erfahren.<\/p>\n<p>Die Reaktion der Jugendlichen ist ermutigend und gibt allen Mitarbeitern von SCAN Hoffnung. Einige der \u00e4lteren Studenten melden sich als Freiwillige und waren wertvolle Mitglieder des Teams. Aber nat\u00fcrlich beginnen sie erst mit einer Ausbildung\/Karriere und ziehen weiter. Hoffentlich wird ihre Zeit bei uns den Tieren auch in Zukunft zugute kommen.<\/p>\n<p>SCAN setzt sich f\u00fcr Kampagnen f\u00fcr Gesetzes\u00e4nderungen und deren Durchsetzung ein.<\/p>\n<p><img decoding=\"async\" class=\"wp-image-32617 alignright lazyload\" data-src=\"https:\/\/www.scancostablanca.com\/wp-content\/uploads\/2018\/03\/paes-logo-blue-background-480x294.jpg\" alt=\"\" width=\"209\" height=\"128\" src=\"data:image\/svg+xml;base64,PHN2ZyB3aWR0aD0iMSIgaGVpZ2h0PSIxIiB4bWxucz0iaHR0cDovL3d3dy53My5vcmcvMjAwMC9zdmciPjwvc3ZnPg==\" style=\"--smush-placeholder-width: 209px; --smush-placeholder-aspect-ratio: 209\/128;\" \/><\/p>\n<p>Unser Pr\u00e4sident ist auch Vizepr\u00e4sident von PAES, Protecci\u00f3n Animales Espa\u00f1a.<\/p>\n<p>PAES hat sich zum Ziel gesetzt, Verb\u00e4nde, Tierheime, Freiwillige, Regierungsbeh\u00f6rden, Branchenfachleute und an Tierschutz interessierte Unternehmen zusammenzubringen, damit wir alle zusammen einen echten Beitrag zur Verbesserung des Tierschutzes und der Behandlung der Tiere in Spanien leisten k\u00f6nnen.<\/p>\n<p><a href=\"http:\/\/www.proteccionanimales.es\">www.proteccionanimales.es<\/a><\/p>\n<p>Im Februar 2017 veranstaltete PAES gemeinsam mit SCAN eine Konferenz mit dem Titel \"<em><strong>Challenging the Iceberg<\/strong><\/em>\" (Den Eisberg herausfordern), um die Verantwortlichkeiten und Zust\u00e4ndigkeiten der verschiedenen Beh\u00f6rden, Kommunen, Polizei, Tier\u00e4rzte und Justiz bei der Anwendung und Durchsetzung des spanischen Tierschutzgesetzes hervorzuheben.<\/p>\n<p><img decoding=\"async\" class=\"wp-image-20440 alignnone lazyload\" data-src=\"https:\/\/www.scancostablanca.com\/wp-content\/uploads\/2017\/02\/IcebergPoster_en-480x339.jpg\" alt=\"\" width=\"338\" height=\"181\" src=\"data:image\/svg+xml;base64,PHN2ZyB3aWR0aD0iMSIgaGVpZ2h0PSIxIiB4bWxucz0iaHR0cDovL3d3dy53My5vcmcvMjAwMC9zdmciPjwvc3ZnPg==\" style=\"--smush-placeholder-width: 338px; --smush-placeholder-aspect-ratio: 338\/181;\" \/><\/p>\n<p>&nbsp;<\/p>\n<p>&nbsp;<\/p>\n<p>&nbsp;<\/p>\n<p>&nbsp;<\/p>\n<p>&nbsp;<\/p>\n<p>&nbsp;<\/p>\n","protected":false},"excerpt":{"rendered":"<p>Die Rettung von Tieren ist nat\u00fcrlich unsere wichtigste Aufgabe. Die traurige Wahrheit ist jedoch, dass es immer mehr Katzen und Hunde gibt, die Hilfe ben\u00f6tigen, egal wie viele Tiere in [&#8230;]<\/p>\n<p><a class=\"btn btn-secondary understrap-read-more-link\" href=\"https:\/\/www.scancostablanca.com\/de\/education-and-awareness\/\">Weiterlesen&#8230;<\/a><\/p>\n","protected":false},"author":1,"featured_media":0,"parent":0,"menu_order":0,"comment_status":"closed","ping_status":"closed","template":"","meta":{"_acf_changed":false,"footnotes":""},"class_list":["post-37648","page","type-page","status-publish","hentry"],"acf":[],"yoast_head":"<!-- This site is optimized with the Yoast SEO plugin v25.9 - https:\/\/yoast.com\/wordpress\/plugins\/seo\/ -->\n<title>S.C.A.N. Costa Blanca - Animals for Adoption - Erziehung und Sensibilisierung<\/title>\n<meta name=\"description\" content=\"S.C.A.N. Costa Blanca - Animal Adoptions - Dog and Cat Rescue, Care &amp; Rehoming - - Erziehung und Sensibilisierung\" \/>\n<meta name=\"robots\" content=\"index, follow, max-snippet:-1, max-image-preview:large, max-video-preview:-1\" \/>\n<link rel=\"canonical\" href=\"https:\/\/www.scancostablanca.com\/de\/education-and-awareness\/\" \/>\n<meta property=\"og:locale\" content=\"de_DE\" \/>\n<meta property=\"og:type\" content=\"article\" \/>\n<meta property=\"og:title\" content=\"S.C.A.N. Costa Blanca - Animals for Adoption - Erziehung und Sensibilisierung\" \/>\n<meta property=\"og:description\" content=\"S.C.A.N. Costa Blanca - Animal Adoptions - Dog and Cat Rescue, Care &amp; Rehoming - - Erziehung und Sensibilisierung\" \/>\n<meta property=\"og:url\" content=\"https:\/\/www.scancostablanca.com\/de\/education-and-awareness\/\" \/>\n<meta property=\"og:site_name\" content=\"S.C.A.N. Costa Blanca\" \/>\n<meta property=\"article:publisher\" content=\"https:\/\/www.facebook.com\/SocietyForTheCareOfAnimalsInNeedScan\/\" \/>\n<meta property=\"article:modified_time\" content=\"2019-01-06T20:45:58+00:00\" \/>\n<meta property=\"og:image\" content=\"https:\/\/www.scancostablanca.com\/wp-content\/uploads\/2018\/03\/paes-logo-blue-background-480x294.jpg\" \/>\n<meta name=\"twitter:card\" content=\"summary_large_image\" \/>\n<script type=\"application\/ld+json\" class=\"yoast-schema-graph\">{\"@context\":\"https:\/\/schema.org\",\"@graph\":[{\"@type\":\"WebPage\",\"@id\":\"https:\/\/www.scancostablanca.com\/de\/education-and-awareness\/\",\"url\":\"https:\/\/www.scancostablanca.com\/de\/education-and-awareness\/\",\"name\":\"S.C.A.N. Costa Blanca - Animals for Adoption - Erziehung und Sensibilisierung\",\"isPartOf\":{\"@id\":\"https:\/\/www.scancostablanca.com\/#website\"},\"primaryImageOfPage\":{\"@id\":\"https:\/\/www.scancostablanca.com\/de\/education-and-awareness\/#primaryimage\"},\"image\":{\"@id\":\"https:\/\/www.scancostablanca.com\/de\/education-and-awareness\/#primaryimage\"},\"thumbnailUrl\":\"https:\/\/www.scancostablanca.com\/wp-content\/uploads\/2018\/03\/paes-logo-blue-background-480x294.jpg\",\"datePublished\":\"2018-03-01T17:38:46+00:00\",\"dateModified\":\"2019-01-06T20:45:58+00:00\",\"description\":\"S.C.A.N. Costa Blanca - Animal Adoptions - Dog and Cat Rescue, Care & Rehoming - - Erziehung und Sensibilisierung\",\"breadcrumb\":{\"@id\":\"https:\/\/www.scancostablanca.com\/de\/education-and-awareness\/#breadcrumb\"},\"inLanguage\":\"de\",\"potentialAction\":[{\"@type\":\"ReadAction\",\"target\":[\"https:\/\/www.scancostablanca.com\/de\/education-and-awareness\/\"]}]},{\"@type\":\"ImageObject\",\"inLanguage\":\"de\",\"@id\":\"https:\/\/www.scancostablanca.com\/de\/education-and-awareness\/#primaryimage\",\"url\":\"https:\/\/www.scancostablanca.com\/wp-content\/uploads\/2018\/03\/paes-logo-blue-background-480x294.jpg\",\"contentUrl\":\"https:\/\/www.scancostablanca.com\/wp-content\/uploads\/2018\/03\/paes-logo-blue-background-480x294.jpg\"},{\"@type\":\"BreadcrumbList\",\"@id\":\"https:\/\/www.scancostablanca.com\/de\/education-and-awareness\/#breadcrumb\",\"itemListElement\":[{\"@type\":\"ListItem\",\"position\":1,\"name\":\"Home\",\"item\":\"https:\/\/www.scancostablanca.com\/de\/\"},{\"@type\":\"ListItem\",\"position\":2,\"name\":\"Erziehung und Sensibilisierung\"}]},{\"@type\":\"WebSite\",\"@id\":\"https:\/\/www.scancostablanca.com\/#website\",\"url\":\"https:\/\/www.scancostablanca.com\/\",\"name\":\"S.C.A.N. Costa Blanca\",\"description\":\"Society for the Care of Animals in Need\",\"publisher\":{\"@id\":\"https:\/\/www.scancostablanca.com\/#organization\"},\"potentialAction\":[{\"@type\":\"SearchAction\",\"target\":{\"@type\":\"EntryPoint\",\"urlTemplate\":\"https:\/\/www.scancostablanca.com\/?s={search_term_string}\"},\"query-input\":{\"@type\":\"PropertyValueSpecification\",\"valueRequired\":true,\"valueName\":\"search_term_string\"}}],\"inLanguage\":\"de\"},{\"@type\":\"Organization\",\"@id\":\"https:\/\/www.scancostablanca.com\/#organization\",\"name\":\"Society for the Care of Animals in Need\",\"url\":\"https:\/\/www.scancostablanca.com\/\",\"logo\":{\"@type\":\"ImageObject\",\"inLanguage\":\"de\",\"@id\":\"https:\/\/www.scancostablanca.com\/#\/schema\/logo\/image\/\",\"url\":\"https:\/\/www.scancostablanca.com\/wp-content\/uploads\/2018\/05\/scan-logo-text-blk-nobg.png\",\"contentUrl\":\"https:\/\/www.scancostablanca.com\/wp-content\/uploads\/2018\/05\/scan-logo-text-blk-nobg.png\",\"width\":409,\"height\":135,\"caption\":\"Society for the Care of Animals in Need\"},\"image\":{\"@id\":\"https:\/\/www.scancostablanca.com\/#\/schema\/logo\/image\/\"},\"sameAs\":[\"https:\/\/www.facebook.com\/SocietyForTheCareOfAnimalsInNeedScan\/\"]}]}<\/script>\n<!-- \/ Yoast SEO plugin. -->","yoast_head_json":{"title":"S.C.A.N. Costa Blanca - Animals for Adoption - Erziehung und Sensibilisierung","description":"S.C.A.N. Costa Blanca - Animal Adoptions - Dog and Cat Rescue, Care & Rehoming - - Erziehung und Sensibilisierung","robots":{"index":"index","follow":"follow","max-snippet":"max-snippet:-1","max-image-preview":"max-image-preview:large","max-video-preview":"max-video-preview:-1"},"canonical":"https:\/\/www.scancostablanca.com\/de\/education-and-awareness\/","og_locale":"de_DE","og_type":"article","og_title":"S.C.A.N. Costa Blanca - Animals for Adoption - Erziehung und Sensibilisierung","og_description":"S.C.A.N. Costa Blanca - Animal Adoptions - Dog and Cat Rescue, Care & Rehoming - - Erziehung und Sensibilisierung","og_url":"https:\/\/www.scancostablanca.com\/de\/education-and-awareness\/","og_site_name":"S.C.A.N. Costa Blanca","article_publisher":"https:\/\/www.facebook.com\/SocietyForTheCareOfAnimalsInNeedScan\/","article_modified_time":"2019-01-06T20:45:58+00:00","og_image":[{"url":"https:\/\/www.scancostablanca.com\/wp-content\/uploads\/2018\/03\/paes-logo-blue-background-480x294.jpg","type":"","width":"","height":""}],"twitter_card":"summary_large_image","schema":{"@context":"https:\/\/schema.org","@graph":[{"@type":"WebPage","@id":"https:\/\/www.scancostablanca.com\/de\/education-and-awareness\/","url":"https:\/\/www.scancostablanca.com\/de\/education-and-awareness\/","name":"S.C.A.N. Costa Blanca - Animals for Adoption - Erziehung und Sensibilisierung","isPartOf":{"@id":"https:\/\/www.scancostablanca.com\/#website"},"primaryImageOfPage":{"@id":"https:\/\/www.scancostablanca.com\/de\/education-and-awareness\/#primaryimage"},"image":{"@id":"https:\/\/www.scancostablanca.com\/de\/education-and-awareness\/#primaryimage"},"thumbnailUrl":"https:\/\/www.scancostablanca.com\/wp-content\/uploads\/2018\/03\/paes-logo-blue-background-480x294.jpg","datePublished":"2018-03-01T17:38:46+00:00","dateModified":"2019-01-06T20:45:58+00:00","description":"S.C.A.N. Costa Blanca - Animal Adoptions - Dog and Cat Rescue, Care & Rehoming - - Erziehung und Sensibilisierung","breadcrumb":{"@id":"https:\/\/www.scancostablanca.com\/de\/education-and-awareness\/#breadcrumb"},"inLanguage":"de","potentialAction":[{"@type":"ReadAction","target":["https:\/\/www.scancostablanca.com\/de\/education-and-awareness\/"]}]},{"@type":"ImageObject","inLanguage":"de","@id":"https:\/\/www.scancostablanca.com\/de\/education-and-awareness\/#primaryimage","url":"https:\/\/www.scancostablanca.com\/wp-content\/uploads\/2018\/03\/paes-logo-blue-background-480x294.jpg","contentUrl":"https:\/\/www.scancostablanca.com\/wp-content\/uploads\/2018\/03\/paes-logo-blue-background-480x294.jpg"},{"@type":"BreadcrumbList","@id":"https:\/\/www.scancostablanca.com\/de\/education-and-awareness\/#breadcrumb","itemListElement":[{"@type":"ListItem","position":1,"name":"Home","item":"https:\/\/www.scancostablanca.com\/de\/"},{"@type":"ListItem","position":2,"name":"Erziehung und Sensibilisierung"}]},{"@type":"WebSite","@id":"https:\/\/www.scancostablanca.com\/#website","url":"https:\/\/www.scancostablanca.com\/","name":"S.C.A.N. Costa Blanca","description":"Society for the Care of Animals in Need","publisher":{"@id":"https:\/\/www.scancostablanca.com\/#organization"},"potentialAction":[{"@type":"SearchAction","target":{"@type":"EntryPoint","urlTemplate":"https:\/\/www.scancostablanca.com\/?s={search_term_string}"},"query-input":{"@type":"PropertyValueSpecification","valueRequired":true,"valueName":"search_term_string"}}],"inLanguage":"de"},{"@type":"Organization","@id":"https:\/\/www.scancostablanca.com\/#organization","name":"Society for the Care of Animals in Need","url":"https:\/\/www.scancostablanca.com\/","logo":{"@type":"ImageObject","inLanguage":"de","@id":"https:\/\/www.scancostablanca.com\/#\/schema\/logo\/image\/","url":"https:\/\/www.scancostablanca.com\/wp-content\/uploads\/2018\/05\/scan-logo-text-blk-nobg.png","contentUrl":"https:\/\/www.scancostablanca.com\/wp-content\/uploads\/2018\/05\/scan-logo-text-blk-nobg.png","width":409,"height":135,"caption":"Society for the Care of Animals in Need"},"image":{"@id":"https:\/\/www.scancostablanca.com\/#\/schema\/logo\/image\/"},"sameAs":["https:\/\/www.facebook.com\/SocietyForTheCareOfAnimalsInNeedScan\/"]}]}},"_links":{"self":[{"href":"https:\/\/www.scancostablanca.com\/de\/wp-json\/wp\/v2\/pages\/37648","targetHints":{"allow":["GET"]}}],"collection":[{"href":"https:\/\/www.scancostablanca.com\/de\/wp-json\/wp\/v2\/pages"}],"about":[{"href":"https:\/\/www.scancostablanca.com\/de\/wp-json\/wp\/v2\/types\/page"}],"author":[{"embeddable":true,"href":"https:\/\/www.scancostablanca.com\/de\/wp-json\/wp\/v2\/users\/1"}],"replies":[{"embeddable":true,"href":"https:\/\/www.scancostablanca.com\/de\/wp-json\/wp\/v2\/comments?post=37648"}],"version-history":[{"count":0,"href":"https:\/\/www.scancostablanca.com\/de\/wp-json\/wp\/v2\/pages\/37648\/revisions"}],"wp:attachment":[{"href":"https:\/\/www.scancostablanca.com\/de\/wp-json\/wp\/v2\/media?parent=37648"}],"curies":[{"name":"wp","href":"https:\/\/api.w.org\/{rel}","templated":true}]}}