{"id":37672,"date":"2018-08-16T17:30:46","date_gmt":"2018-08-16T15:30:46","guid":{"rendered":"https:\/\/www.scancostablanca.com\/fostering\/"},"modified":"2019-01-07T00:11:05","modified_gmt":"2019-01-06T23:11:05","slug":"fostering","status":"publish","type":"page","link":"https:\/\/www.scancostablanca.com\/de\/fostering\/","title":{"rendered":"Pflegeplatz"},"content":{"rendered":"<h3>K\u00f6nnen Sie sich etwas Zeit nehmen, um SCAN bei sich zu Hause zu helfen?<\/h3>\n<p>&nbsp;<\/p>\n<p>Tiere kommen in der Regel nicht nach Termin bei SCAN an. Welpen und K\u00e4tzchen werden in st\u00e4dtischen M\u00fcllcontainern entsorgt oder in Kartons au\u00dferhalb des Tors ausgesetzt. Tiere werden unter ung\u00fcnstigen Umst\u00e4nden gefunden; einige ben\u00f6tigen mehr Pflege, als im Tierheim m\u00f6glich ist. Dies bedeutet, dass Pflegestelle nur eine geringe Vorlaufzeit haben, um zu erfahren, dass ihre Dienste ben\u00f6tigt werden.<\/p>\n<p>Neugeborene und sehr junge K\u00e4tzchen und Welpen ohne M\u00fctter m\u00fcssen zumindest ihre ersten Lebenswochen in einem Pflegestelle verbringen. Katzen und Hunde, die sich von einer Operation erholen, Tiere, die eine spezielle Di\u00e4t ben\u00f6tigen, oder diejenigen, denen das Leben im Tierheim zu viel ist, um damit fertig zu werden: alle profitieren enorm von einem Aufenthalt in einer Pflegefamilie.<\/p>\n<p>Pflegefamilien m\u00fcssen in einer angemessenen Entfernung von El Verger leben. Tiere in Pflege warten auf ihr endg\u00fcltiges Zuhause und m\u00f6chten potentielle Adoptanten treffen. Diese Treffen finden im Tierheim statt, so dass die -Mamis und Pflege-Papis ohne allzu gro\u00dfe Schwierigkeiten dorthin gelangen sollten.<\/p>\n<p>Pflege ist nat\u00fcrlich harte Arbeit, macht aber viel Spa\u00df und ist sehr erf\u00fcllend ........<\/p>\n<p>M\u00f6chten Sie eine oder mehrere Katzen oder Hunde mit nach Hause nehmen?<\/p>\n<p>Pflegestellen werden von SCAN vollst\u00e4ndig unterst\u00fctzt ..... und m\u00fcssen keine Lebensmittel, Tier\u00e4rzte, Medikamente oder andere wichtige Dinge bezahlen.<\/p>\n<p>Um mehr \u00fcber Pflege zu Hause zu erfahren, wenden Sie sich bitte an<\/p>\n<p style=\"text-align: center;\"><strong>KATZEN 615 408 788 \u00a0 \u00a0 \u00a0 \u00a0 HUNDE 626 550 864 <\/strong><\/p>\n<p style=\"text-align: center;\"><strong>E-Mail: scancenter9@gmail.com<\/strong><\/p>\n<p>&nbsp;<\/p>\n\n","protected":false},"excerpt":{"rendered":"<p>K\u00f6nnen Sie sich etwas Zeit nehmen, um SCAN bei sich zu Hause zu helfen? &nbsp; Tiere kommen in der Regel nicht nach Termin bei SCAN an. Welpen und K\u00e4tzchen werden [&#8230;]<\/p>\n<p><a class=\"btn btn-secondary understrap-read-more-link\" href=\"https:\/\/www.scancostablanca.com\/de\/fostering\/\">Weiterlesen&#8230;<\/a><\/p>\n","protected":false},"author":391,"featured_media":0,"parent":0,"menu_order":0,"comment_status":"closed","ping_status":"closed","template":"","meta":{"_acf_changed":false,"footnotes":""},"class_list":["post-37672","page","type-page","status-publish","hentry"],"acf":[],"yoast_head":"<!-- This site is optimized with the Yoast SEO plugin v27.4 - https:\/\/yoast.com\/product\/yoast-seo-wordpress\/ -->\n<title>S.C.A.N. Costa Blanca - Animals for Adoption - Pflegeplatz<\/title>\n<meta name=\"description\" content=\"S.C.A.N. Costa Blanca - Animal Adoptions - Dog and Cat Rescue, Care &amp; Rehoming - - Pflegeplatz\" \/>\n<meta name=\"robots\" content=\"index, follow, max-snippet:-1, max-image-preview:large, max-video-preview:-1\" \/>\n<link rel=\"canonical\" href=\"https:\/\/www.scancostablanca.com\/de\/fostering\/\" \/>\n<meta property=\"og:locale\" content=\"de_DE\" \/>\n<meta property=\"og:type\" content=\"article\" \/>\n<meta property=\"og:title\" content=\"S.C.A.N. Costa Blanca - Animals for Adoption - Pflegeplatz\" \/>\n<meta property=\"og:description\" content=\"S.C.A.N. Costa Blanca - Animal Adoptions - Dog and Cat Rescue, Care &amp; Rehoming - - Pflegeplatz\" \/>\n<meta property=\"og:url\" content=\"https:\/\/www.scancostablanca.com\/de\/fostering\/\" \/>\n<meta property=\"og:site_name\" content=\"S.C.A.N. Costa Blanca\" \/>\n<meta property=\"article:publisher\" content=\"https:\/\/www.facebook.com\/SocietyForTheCareOfAnimalsInNeedScan\/\" \/>\n<meta property=\"article:modified_time\" content=\"2019-01-06T23:11:05+00:00\" \/>\n<meta property=\"og:image\" content=\"https:\/\/www.scancostablanca.com\/wp-content\/uploads\/2018\/06\/sterilisation-cats-sml-250x250.jpg\" \/>\n<meta name=\"twitter:card\" content=\"summary_large_image\" \/>\n<script type=\"application\/ld+json\" class=\"yoast-schema-graph\">{\"@context\":\"https:\\\/\\\/schema.org\",\"@graph\":[{\"@type\":\"WebPage\",\"@id\":\"https:\\\/\\\/www.scancostablanca.com\\\/de\\\/fostering\\\/\",\"url\":\"https:\\\/\\\/www.scancostablanca.com\\\/de\\\/fostering\\\/\",\"name\":\"S.C.A.N. Costa Blanca - Animals for Adoption - Pflegeplatz\",\"isPartOf\":{\"@id\":\"https:\\\/\\\/www.scancostablanca.com\\\/#website\"},\"datePublished\":\"2018-08-16T15:30:46+00:00\",\"dateModified\":\"2019-01-06T23:11:05+00:00\",\"description\":\"S.C.A.N. Costa Blanca - Animal Adoptions - Dog and Cat Rescue, Care & Rehoming - - Pflegeplatz\",\"breadcrumb\":{\"@id\":\"https:\\\/\\\/www.scancostablanca.com\\\/de\\\/fostering\\\/#breadcrumb\"},\"inLanguage\":\"de\",\"potentialAction\":[{\"@type\":\"ReadAction\",\"target\":[\"https:\\\/\\\/www.scancostablanca.com\\\/de\\\/fostering\\\/\"]}]},{\"@type\":\"BreadcrumbList\",\"@id\":\"https:\\\/\\\/www.scancostablanca.com\\\/de\\\/fostering\\\/#breadcrumb\",\"itemListElement\":[{\"@type\":\"ListItem\",\"position\":1,\"name\":\"Home\",\"item\":\"https:\\\/\\\/www.scancostablanca.com\\\/de\\\/\"},{\"@type\":\"ListItem\",\"position\":2,\"name\":\"Pflegeplatz\"}]},{\"@type\":\"WebSite\",\"@id\":\"https:\\\/\\\/www.scancostablanca.com\\\/#website\",\"url\":\"https:\\\/\\\/www.scancostablanca.com\\\/\",\"name\":\"S.C.A.N. Costa Blanca\",\"description\":\"Society for the Care of Animals in Need\",\"publisher\":{\"@id\":\"https:\\\/\\\/www.scancostablanca.com\\\/#organization\"},\"potentialAction\":[{\"@type\":\"SearchAction\",\"target\":{\"@type\":\"EntryPoint\",\"urlTemplate\":\"https:\\\/\\\/www.scancostablanca.com\\\/?s={search_term_string}\"},\"query-input\":{\"@type\":\"PropertyValueSpecification\",\"valueRequired\":true,\"valueName\":\"search_term_string\"}}],\"inLanguage\":\"de\"},{\"@type\":\"Organization\",\"@id\":\"https:\\\/\\\/www.scancostablanca.com\\\/#organization\",\"name\":\"Society for the Care of Animals in Need\",\"url\":\"https:\\\/\\\/www.scancostablanca.com\\\/\",\"logo\":{\"@type\":\"ImageObject\",\"inLanguage\":\"de\",\"@id\":\"https:\\\/\\\/www.scancostablanca.com\\\/#\\\/schema\\\/logo\\\/image\\\/\",\"url\":\"https:\\\/\\\/www.scancostablanca.com\\\/wp-content\\\/uploads\\\/2018\\\/05\\\/scan-logo-text-blk-nobg.png\",\"contentUrl\":\"https:\\\/\\\/www.scancostablanca.com\\\/wp-content\\\/uploads\\\/2018\\\/05\\\/scan-logo-text-blk-nobg.png\",\"width\":409,\"height\":135,\"caption\":\"Society for the Care of Animals in Need\"},\"image\":{\"@id\":\"https:\\\/\\\/www.scancostablanca.com\\\/#\\\/schema\\\/logo\\\/image\\\/\"},\"sameAs\":[\"https:\\\/\\\/www.facebook.com\\\/SocietyForTheCareOfAnimalsInNeedScan\\\/\"]}]}<\/script>\n<!-- \/ Yoast SEO plugin. -->","yoast_head_json":{"title":"S.C.A.N. Costa Blanca - Animals for Adoption - Pflegeplatz","description":"S.C.A.N. Costa Blanca - Animal Adoptions - Dog and Cat Rescue, Care & Rehoming - - Pflegeplatz","robots":{"index":"index","follow":"follow","max-snippet":"max-snippet:-1","max-image-preview":"max-image-preview:large","max-video-preview":"max-video-preview:-1"},"canonical":"https:\/\/www.scancostablanca.com\/de\/fostering\/","og_locale":"de_DE","og_type":"article","og_title":"S.C.A.N. Costa Blanca - Animals for Adoption - Pflegeplatz","og_description":"S.C.A.N. Costa Blanca - Animal Adoptions - Dog and Cat Rescue, Care & Rehoming - - Pflegeplatz","og_url":"https:\/\/www.scancostablanca.com\/de\/fostering\/","og_site_name":"S.C.A.N. Costa Blanca","article_publisher":"https:\/\/www.facebook.com\/SocietyForTheCareOfAnimalsInNeedScan\/","article_modified_time":"2019-01-06T23:11:05+00:00","og_image":[{"url":"https:\/\/www.scancostablanca.com\/wp-content\/uploads\/2018\/06\/sterilisation-cats-sml-250x250.jpg","type":"","width":"","height":""}],"twitter_card":"summary_large_image","schema":{"@context":"https:\/\/schema.org","@graph":[{"@type":"WebPage","@id":"https:\/\/www.scancostablanca.com\/de\/fostering\/","url":"https:\/\/www.scancostablanca.com\/de\/fostering\/","name":"S.C.A.N. Costa Blanca - Animals for Adoption - Pflegeplatz","isPartOf":{"@id":"https:\/\/www.scancostablanca.com\/#website"},"datePublished":"2018-08-16T15:30:46+00:00","dateModified":"2019-01-06T23:11:05+00:00","description":"S.C.A.N. Costa Blanca - Animal Adoptions - Dog and Cat Rescue, Care & Rehoming - - Pflegeplatz","breadcrumb":{"@id":"https:\/\/www.scancostablanca.com\/de\/fostering\/#breadcrumb"},"inLanguage":"de","potentialAction":[{"@type":"ReadAction","target":["https:\/\/www.scancostablanca.com\/de\/fostering\/"]}]},{"@type":"BreadcrumbList","@id":"https:\/\/www.scancostablanca.com\/de\/fostering\/#breadcrumb","itemListElement":[{"@type":"ListItem","position":1,"name":"Home","item":"https:\/\/www.scancostablanca.com\/de\/"},{"@type":"ListItem","position":2,"name":"Pflegeplatz"}]},{"@type":"WebSite","@id":"https:\/\/www.scancostablanca.com\/#website","url":"https:\/\/www.scancostablanca.com\/","name":"S.C.A.N. Costa Blanca","description":"Society for the Care of Animals in Need","publisher":{"@id":"https:\/\/www.scancostablanca.com\/#organization"},"potentialAction":[{"@type":"SearchAction","target":{"@type":"EntryPoint","urlTemplate":"https:\/\/www.scancostablanca.com\/?s={search_term_string}"},"query-input":{"@type":"PropertyValueSpecification","valueRequired":true,"valueName":"search_term_string"}}],"inLanguage":"de"},{"@type":"Organization","@id":"https:\/\/www.scancostablanca.com\/#organization","name":"Society for the Care of Animals in Need","url":"https:\/\/www.scancostablanca.com\/","logo":{"@type":"ImageObject","inLanguage":"de","@id":"https:\/\/www.scancostablanca.com\/#\/schema\/logo\/image\/","url":"https:\/\/www.scancostablanca.com\/wp-content\/uploads\/2018\/05\/scan-logo-text-blk-nobg.png","contentUrl":"https:\/\/www.scancostablanca.com\/wp-content\/uploads\/2018\/05\/scan-logo-text-blk-nobg.png","width":409,"height":135,"caption":"Society for the Care of Animals in Need"},"image":{"@id":"https:\/\/www.scancostablanca.com\/#\/schema\/logo\/image\/"},"sameAs":["https:\/\/www.facebook.com\/SocietyForTheCareOfAnimalsInNeedScan\/"]}]}},"_links":{"self":[{"href":"https:\/\/www.scancostablanca.com\/de\/wp-json\/wp\/v2\/pages\/37672","targetHints":{"allow":["GET"]}}],"collection":[{"href":"https:\/\/www.scancostablanca.com\/de\/wp-json\/wp\/v2\/pages"}],"about":[{"href":"https:\/\/www.scancostablanca.com\/de\/wp-json\/wp\/v2\/types\/page"}],"author":[{"embeddable":true,"href":"https:\/\/www.scancostablanca.com\/de\/wp-json\/wp\/v2\/users\/391"}],"replies":[{"embeddable":true,"href":"https:\/\/www.scancostablanca.com\/de\/wp-json\/wp\/v2\/comments?post=37672"}],"version-history":[{"count":0,"href":"https:\/\/www.scancostablanca.com\/de\/wp-json\/wp\/v2\/pages\/37672\/revisions"}],"wp:attachment":[{"href":"https:\/\/www.scancostablanca.com\/de\/wp-json\/wp\/v2\/media?parent=37672"}],"curies":[{"name":"wp","href":"https:\/\/api.w.org\/{rel}","templated":true}]}}