{"id":37757,"date":"2017-06-13T13:10:57","date_gmt":"2017-06-13T11:10:57","guid":{"rendered":"https:\/\/www.scancostablanca.com\/sponsor-dog-cat\/"},"modified":"2020-11-29T21:59:47","modified_gmt":"2020-11-29T20:59:47","slug":"patenschaft-fuer-eine-katze-oder-einen-hund","status":"publish","type":"page","link":"https:\/\/www.scancostablanca.com\/de\/patenschaft-fuer-eine-katze-oder-einen-hund\/","title":{"rendered":"Patenschaft f\u00fcr eine Katze oder einen Hund"},"content":{"rendered":"<p>Lieben Sie Tiere, haben aber kein eigenes Haustier? Warum \u00fcbernehmen Sie nicht eine Patenchaft f\u00fcr einen SCAN-Hund oder eine SCAN-Katze und helfen Sie damit, f\u00fcr ihre Nahrung, Gesundheitschecks, Tierarztrechnungen, Mikrochips und Reisep\u00e4sse zu zahlen, w\u00e4hrend sie auf ihr zuk\u00fcnftiges Zuhause warten.<\/p>\n<p><a href=\"https:\/\/www.scancostablanca.com\/wp-content\/uploads\/2017\/06\/sponsor-dog.jpg\"><img decoding=\"async\" class=\"wp-image-23473 aligncenter lazyload\" data-src=\"https:\/\/www.scancostablanca.com\/wp-content\/uploads\/2017\/06\/sponsor-dog.jpg\" alt=\"sponsor-dog\" width=\"511\" height=\"313\" src=\"data:image\/svg+xml;base64,PHN2ZyB3aWR0aD0iMSIgaGVpZ2h0PSIxIiB4bWxucz0iaHR0cDovL3d3dy53My5vcmcvMjAwMC9zdmciPjwvc3ZnPg==\" style=\"--smush-placeholder-width: 511px; --smush-placeholder-aspect-ratio: 511\/313;\" \/><\/a><\/p>\n<h3>Die Vorteile einen Hund oder eine Katze von SCAN zu unterst\u00fctzen<\/h3>\n<p>Als Sponsor eines unserer Hunde oder Katzen k\u00f6nnen Sie ausw\u00e4hlen, welches Tier Sie sponsern m\u00f6chten, und Ihre Spende geht in die Pflege dieses Tieres. Sie erhalten monatlich Updates zum Tier mit Neuigkeiten und Fotos. Es ist also egal, wie weit entfernt Sie leben, Sie werden dem Tier wie ein Pate sein. Wenn Sie online und in sozialen Medien aktiv sind, k\u00f6nnen Sie f\u00fcr Ihren Hund oder Ihre Katze auch ein \"Cyber-Kumpel\" werden und deren Profil mit Ihrem Netzwerk teilen, um uns dabei zu helfen, ein Zuhause zu finden. Wenn Sie sich in der N\u00e4he des <a href=\"https:\/\/www.scancostablanca.com\/scan-shelter\/\">SCAN-Tierheims<\/a> befinden, k\u00f6nnen Sie Ihren Hund und Ihre Katze besuchen, mit ihnen spazieren gehen und w\u00e4hrend der \u00d6ffnungszeiten mit ihnen Zeit verbringen<\/p>\n<p>Wenn Sie Sponsor eines Hundes oder einer Katze werden, k\u00f6nnen Sie ein Haustier haben, w\u00e4hrend wir uns mit Ihrer Unterst\u00fctzung im Tierheim um das Tier k\u00fcmmern. Sie helfen uns, die Kosten zu decken, und werden Patin oder Pate f\u00fcr ein Tier, das Liebe, Unterst\u00fctzung und Hilfe braucht, um sein neues Zuhause zu finden.<\/p>\n<p><a href=\"https:\/\/www.scancostablanca.com\/wp-content\/uploads\/2017\/06\/sponsor-cat.jpg\"><img decoding=\"async\" class=\"alignright wp-image-23476 lazyload\" data-src=\"https:\/\/www.scancostablanca.com\/wp-content\/uploads\/2017\/06\/sponsor-cat.jpg\" alt=\"sponsor-cat\" width=\"332\" height=\"331\" src=\"data:image\/svg+xml;base64,PHN2ZyB3aWR0aD0iMSIgaGVpZ2h0PSIxIiB4bWxucz0iaHR0cDovL3d3dy53My5vcmcvMjAwMC9zdmciPjwvc3ZnPg==\" style=\"--smush-placeholder-width: 332px; --smush-placeholder-aspect-ratio: 332\/331;\" \/><\/a><\/p>\n<h3>Wie werde ich Pate f\u00fcr einen Hund oder eine Katze<\/h3>\n<p>Wenn Sie daran interessiert sind, Pate eines unserer Tiere zu werden, f\u00fcllen Sie bitte das folgende Formular aus und geben Sie den Namen des Tieres an, das Sie sponsern m\u00f6chten. Wir werden Ihnen mit Informationen \u00fcber Ihre regelm\u00e4\u00dfige Spende (per Paypal oder Bank\u00fcberweisung) und weiteren Informationen zum Sponsoringprogramm antworten.<\/p>\n<p>Vielen Dank f\u00fcr Ihr Interesse.<\/p>\n<h3>Ein Tier sponsorn<\/h3>\n\n<div class=\"wpcf7 no-js\" id=\"wpcf7-f33721-o1\" lang=\"en-US\" dir=\"ltr\" data-wpcf7-id=\"33721\">\n<div class=\"screen-reader-response\"><p role=\"status\" aria-live=\"polite\" aria-atomic=\"true\"><\/p> <ul><\/ul><\/div>\n<form action=\"\/de\/wp-json\/wp\/v2\/pages\/37757#wpcf7-f33721-o1\" method=\"post\" class=\"wpcf7-form init\" aria-label=\"Contact form\" novalidate=\"novalidate\" data-status=\"init\">\n<fieldset class=\"hidden-fields-container\"><input type=\"hidden\" name=\"_wpcf7\" value=\"33721\" \/><input type=\"hidden\" name=\"_wpcf7_version\" value=\"6.1.1\" \/><input type=\"hidden\" name=\"_wpcf7_locale\" value=\"en_US\" \/><input type=\"hidden\" name=\"_wpcf7_unit_tag\" value=\"wpcf7-f33721-o1\" \/><input type=\"hidden\" name=\"_wpcf7_container_post\" value=\"0\" \/><input type=\"hidden\" name=\"_wpcf7_posted_data_hash\" value=\"\" \/><input type=\"hidden\" name=\"_wpcf7_recaptcha_response\" value=\"\" \/>\n<\/fieldset>\n<p><small>Fields marked with an * are required<\/small>\n<\/p>\n<div class=\"form-group\">\n\t<p><label>Name *<\/label><br \/>\n<span class=\"wpcf7-form-control-wrap\" data-name=\"sa-name\"><input size=\"40\" maxlength=\"400\" class=\"wpcf7-form-control wpcf7-text wpcf7-validates-as-required\" aria-required=\"true\" aria-invalid=\"false\" value=\"\" type=\"text\" name=\"sa-name\" \/><\/span>\n\t<\/p>\n<\/div>\n<div class=\"form-group\">\n\t<p><label>Email *<\/label><br \/>\n<span class=\"wpcf7-form-control-wrap\" data-name=\"sa-email\"><input size=\"40\" maxlength=\"400\" class=\"wpcf7-form-control wpcf7-email wpcf7-validates-as-required wpcf7-text wpcf7-validates-as-email\" aria-required=\"true\" aria-invalid=\"false\" value=\"\" type=\"email\" name=\"sa-email\" \/><\/span>\n\t<\/p>\n<\/div>\n<div class=\"form-group\">\n\t<p><label>I would like to sponsor a *<\/label><br \/>\n<span class=\"wpcf7-form-control-wrap\" data-name=\"sa-dog-cat\"><select class=\"wpcf7-form-control wpcf7-select wpcf7-validates-as-required\" aria-required=\"true\" aria-invalid=\"false\" name=\"sa-dog-cat\"><option value=\"\">&#8212;Please choose an option&#8212;<\/option><option value=\"Dog\">Dog<\/option><option value=\"Cat\">Cat<\/option><option value=\"Dog &amp; Cat\">Dog &amp; Cat<\/option><\/select><\/span>\n\t<\/p>\n<\/div>\n<div class=\"form-group\">\n\t<p><label>Name of animal\/s *<\/label><br \/>\n<span class=\"wpcf7-form-control-wrap\" data-name=\"sa-animal-name\"><input size=\"40\" maxlength=\"400\" class=\"wpcf7-form-control wpcf7-text wpcf7-validates-as-required\" aria-required=\"true\" aria-invalid=\"false\" value=\"\" type=\"text\" name=\"sa-animal-name\" \/><\/span>\n\t<\/p>\n<\/div>\n<div class=\"form-group\">\n\t<p><label>Message<\/label><br \/>\n<span class=\"wpcf7-form-control-wrap\" data-name=\"message\"><textarea cols=\"40\" rows=\"10\" maxlength=\"2000\" class=\"wpcf7-form-control wpcf7-textarea\" aria-invalid=\"false\" name=\"message\"><\/textarea><\/span>\n\t<\/p>\n<\/div>\n<div class=\"form-group\">\n\t<p><input class=\"wpcf7-form-control wpcf7-submit has-spinner btn-primary\" type=\"submit\" value=\"Send\" \/>\n\t<\/p>\n<\/div><p style=\"display: none !important;\" class=\"akismet-fields-container\" data-prefix=\"_wpcf7_ak_\"><label>&#916;<textarea name=\"_wpcf7_ak_hp_textarea\" cols=\"45\" rows=\"8\" maxlength=\"100\"><\/textarea><\/label><input type=\"hidden\" id=\"ak_js_1\" name=\"_wpcf7_ak_js\" value=\"41\"\/><script>document.getElementById( \"ak_js_1\" ).setAttribute( \"value\", ( new Date() ).getTime() );<\/script><\/p><div class=\"wpcf7-response-output\" aria-hidden=\"true\"><\/div>\n<\/form>\n<\/div>\n\n","protected":false},"excerpt":{"rendered":"<p>Lieben Sie Tiere, haben aber kein eigenes Haustier? Warum \u00fcbernehmen Sie nicht eine Patenchaft f\u00fcr einen SCAN-Hund oder eine SCAN-Katze und helfen Sie damit, f\u00fcr ihre Nahrung, Gesundheitschecks, Tierarztrechnungen, Mikrochips [&#8230;]<\/p>\n<p><a class=\"btn btn-secondary understrap-read-more-link\" href=\"https:\/\/www.scancostablanca.com\/de\/patenschaft-fuer-eine-katze-oder-einen-hund\/\">Weiterlesen&#8230;<\/a><\/p>\n","protected":false},"author":1,"featured_media":0,"parent":0,"menu_order":0,"comment_status":"closed","ping_status":"closed","template":"","meta":{"_acf_changed":false,"footnotes":""},"class_list":["post-37757","page","type-page","status-publish","hentry"],"acf":[],"yoast_head":"<!-- This site is optimized with the Yoast SEO plugin v25.9 - https:\/\/yoast.com\/wordpress\/plugins\/seo\/ -->\n<title>S.C.A.N. Costa Blanca - Animals for Adoption - Patenschaft f\u00fcr eine Katze oder einen Hund<\/title>\n<meta name=\"description\" content=\"S.C.A.N. Costa Blanca - Animal Adoptions - Dog and Cat Rescue, Care &amp; Rehoming - - Patenschaft f\u00fcr eine Katze oder einen Hund\" \/>\n<meta name=\"robots\" content=\"index, follow, max-snippet:-1, max-image-preview:large, max-video-preview:-1\" \/>\n<link rel=\"canonical\" href=\"https:\/\/www.scancostablanca.com\/de\/patenschaft-fuer-eine-katze-oder-einen-hund\/\" \/>\n<meta property=\"og:locale\" content=\"de_DE\" \/>\n<meta property=\"og:type\" content=\"article\" \/>\n<meta property=\"og:title\" content=\"S.C.A.N. Costa Blanca - Animals for Adoption - Patenschaft f\u00fcr eine Katze oder einen Hund\" \/>\n<meta property=\"og:description\" content=\"S.C.A.N. Costa Blanca - Animal Adoptions - Dog and Cat Rescue, Care &amp; Rehoming - - Patenschaft f\u00fcr eine Katze oder einen Hund\" \/>\n<meta property=\"og:url\" content=\"https:\/\/www.scancostablanca.com\/de\/patenschaft-fuer-eine-katze-oder-einen-hund\/\" \/>\n<meta property=\"og:site_name\" content=\"S.C.A.N. Costa Blanca\" \/>\n<meta property=\"article:publisher\" content=\"https:\/\/www.facebook.com\/SocietyForTheCareOfAnimalsInNeedScan\/\" \/>\n<meta property=\"article:modified_time\" content=\"2020-11-29T20:59:47+00:00\" \/>\n<meta property=\"og:image\" content=\"https:\/\/www.scancostablanca.com\/wp-content\/uploads\/2017\/06\/sponsor-dog.jpg\" \/>\n<meta name=\"twitter:card\" content=\"summary_large_image\" \/>\n<script type=\"application\/ld+json\" class=\"yoast-schema-graph\">{\"@context\":\"https:\/\/schema.org\",\"@graph\":[{\"@type\":\"WebPage\",\"@id\":\"https:\/\/www.scancostablanca.com\/de\/patenschaft-fuer-eine-katze-oder-einen-hund\/\",\"url\":\"https:\/\/www.scancostablanca.com\/de\/patenschaft-fuer-eine-katze-oder-einen-hund\/\",\"name\":\"S.C.A.N. Costa Blanca - Animals for Adoption - Patenschaft f\u00fcr eine Katze oder einen Hund\",\"isPartOf\":{\"@id\":\"https:\/\/www.scancostablanca.com\/#website\"},\"primaryImageOfPage\":{\"@id\":\"https:\/\/www.scancostablanca.com\/de\/patenschaft-fuer-eine-katze-oder-einen-hund\/#primaryimage\"},\"image\":{\"@id\":\"https:\/\/www.scancostablanca.com\/de\/patenschaft-fuer-eine-katze-oder-einen-hund\/#primaryimage\"},\"thumbnailUrl\":\"https:\/\/www.scancostablanca.com\/wp-content\/uploads\/2017\/06\/sponsor-dog.jpg\",\"datePublished\":\"2017-06-13T11:10:57+00:00\",\"dateModified\":\"2020-11-29T20:59:47+00:00\",\"description\":\"S.C.A.N. Costa Blanca - Animal Adoptions - Dog and Cat Rescue, Care & Rehoming - - Patenschaft f\u00fcr eine Katze oder einen Hund\",\"breadcrumb\":{\"@id\":\"https:\/\/www.scancostablanca.com\/de\/patenschaft-fuer-eine-katze-oder-einen-hund\/#breadcrumb\"},\"inLanguage\":\"de\",\"potentialAction\":[{\"@type\":\"ReadAction\",\"target\":[\"https:\/\/www.scancostablanca.com\/de\/patenschaft-fuer-eine-katze-oder-einen-hund\/\"]}]},{\"@type\":\"ImageObject\",\"inLanguage\":\"de\",\"@id\":\"https:\/\/www.scancostablanca.com\/de\/patenschaft-fuer-eine-katze-oder-einen-hund\/#primaryimage\",\"url\":\"https:\/\/www.scancostablanca.com\/wp-content\/uploads\/2017\/06\/sponsor-dog.jpg\",\"contentUrl\":\"https:\/\/www.scancostablanca.com\/wp-content\/uploads\/2017\/06\/sponsor-dog.jpg\"},{\"@type\":\"BreadcrumbList\",\"@id\":\"https:\/\/www.scancostablanca.com\/de\/patenschaft-fuer-eine-katze-oder-einen-hund\/#breadcrumb\",\"itemListElement\":[{\"@type\":\"ListItem\",\"position\":1,\"name\":\"Home\",\"item\":\"https:\/\/www.scancostablanca.com\/de\/\"},{\"@type\":\"ListItem\",\"position\":2,\"name\":\"Patenschaft f\u00fcr eine Katze oder einen Hund\"}]},{\"@type\":\"WebSite\",\"@id\":\"https:\/\/www.scancostablanca.com\/#website\",\"url\":\"https:\/\/www.scancostablanca.com\/\",\"name\":\"S.C.A.N. Costa Blanca\",\"description\":\"Society for the Care of Animals in Need\",\"publisher\":{\"@id\":\"https:\/\/www.scancostablanca.com\/#organization\"},\"potentialAction\":[{\"@type\":\"SearchAction\",\"target\":{\"@type\":\"EntryPoint\",\"urlTemplate\":\"https:\/\/www.scancostablanca.com\/?s={search_term_string}\"},\"query-input\":{\"@type\":\"PropertyValueSpecification\",\"valueRequired\":true,\"valueName\":\"search_term_string\"}}],\"inLanguage\":\"de\"},{\"@type\":\"Organization\",\"@id\":\"https:\/\/www.scancostablanca.com\/#organization\",\"name\":\"Society for the Care of Animals in Need\",\"url\":\"https:\/\/www.scancostablanca.com\/\",\"logo\":{\"@type\":\"ImageObject\",\"inLanguage\":\"de\",\"@id\":\"https:\/\/www.scancostablanca.com\/#\/schema\/logo\/image\/\",\"url\":\"https:\/\/www.scancostablanca.com\/wp-content\/uploads\/2018\/05\/scan-logo-text-blk-nobg.png\",\"contentUrl\":\"https:\/\/www.scancostablanca.com\/wp-content\/uploads\/2018\/05\/scan-logo-text-blk-nobg.png\",\"width\":409,\"height\":135,\"caption\":\"Society for the Care of Animals in Need\"},\"image\":{\"@id\":\"https:\/\/www.scancostablanca.com\/#\/schema\/logo\/image\/\"},\"sameAs\":[\"https:\/\/www.facebook.com\/SocietyForTheCareOfAnimalsInNeedScan\/\"]}]}<\/script>\n<!-- \/ Yoast SEO plugin. -->","yoast_head_json":{"title":"S.C.A.N. Costa Blanca - Animals for Adoption - Patenschaft f\u00fcr eine Katze oder einen Hund","description":"S.C.A.N. Costa Blanca - Animal Adoptions - Dog and Cat Rescue, Care & Rehoming - - Patenschaft f\u00fcr eine Katze oder einen Hund","robots":{"index":"index","follow":"follow","max-snippet":"max-snippet:-1","max-image-preview":"max-image-preview:large","max-video-preview":"max-video-preview:-1"},"canonical":"https:\/\/www.scancostablanca.com\/de\/patenschaft-fuer-eine-katze-oder-einen-hund\/","og_locale":"de_DE","og_type":"article","og_title":"S.C.A.N. Costa Blanca - Animals for Adoption - Patenschaft f\u00fcr eine Katze oder einen Hund","og_description":"S.C.A.N. Costa Blanca - Animal Adoptions - Dog and Cat Rescue, Care & Rehoming - - Patenschaft f\u00fcr eine Katze oder einen Hund","og_url":"https:\/\/www.scancostablanca.com\/de\/patenschaft-fuer-eine-katze-oder-einen-hund\/","og_site_name":"S.C.A.N. Costa Blanca","article_publisher":"https:\/\/www.facebook.com\/SocietyForTheCareOfAnimalsInNeedScan\/","article_modified_time":"2020-11-29T20:59:47+00:00","og_image":[{"url":"https:\/\/www.scancostablanca.com\/wp-content\/uploads\/2017\/06\/sponsor-dog.jpg","type":"","width":"","height":""}],"twitter_card":"summary_large_image","schema":{"@context":"https:\/\/schema.org","@graph":[{"@type":"WebPage","@id":"https:\/\/www.scancostablanca.com\/de\/patenschaft-fuer-eine-katze-oder-einen-hund\/","url":"https:\/\/www.scancostablanca.com\/de\/patenschaft-fuer-eine-katze-oder-einen-hund\/","name":"S.C.A.N. Costa Blanca - Animals for Adoption - Patenschaft f\u00fcr eine Katze oder einen Hund","isPartOf":{"@id":"https:\/\/www.scancostablanca.com\/#website"},"primaryImageOfPage":{"@id":"https:\/\/www.scancostablanca.com\/de\/patenschaft-fuer-eine-katze-oder-einen-hund\/#primaryimage"},"image":{"@id":"https:\/\/www.scancostablanca.com\/de\/patenschaft-fuer-eine-katze-oder-einen-hund\/#primaryimage"},"thumbnailUrl":"https:\/\/www.scancostablanca.com\/wp-content\/uploads\/2017\/06\/sponsor-dog.jpg","datePublished":"2017-06-13T11:10:57+00:00","dateModified":"2020-11-29T20:59:47+00:00","description":"S.C.A.N. Costa Blanca - Animal Adoptions - Dog and Cat Rescue, Care & Rehoming - - Patenschaft f\u00fcr eine Katze oder einen Hund","breadcrumb":{"@id":"https:\/\/www.scancostablanca.com\/de\/patenschaft-fuer-eine-katze-oder-einen-hund\/#breadcrumb"},"inLanguage":"de","potentialAction":[{"@type":"ReadAction","target":["https:\/\/www.scancostablanca.com\/de\/patenschaft-fuer-eine-katze-oder-einen-hund\/"]}]},{"@type":"ImageObject","inLanguage":"de","@id":"https:\/\/www.scancostablanca.com\/de\/patenschaft-fuer-eine-katze-oder-einen-hund\/#primaryimage","url":"https:\/\/www.scancostablanca.com\/wp-content\/uploads\/2017\/06\/sponsor-dog.jpg","contentUrl":"https:\/\/www.scancostablanca.com\/wp-content\/uploads\/2017\/06\/sponsor-dog.jpg"},{"@type":"BreadcrumbList","@id":"https:\/\/www.scancostablanca.com\/de\/patenschaft-fuer-eine-katze-oder-einen-hund\/#breadcrumb","itemListElement":[{"@type":"ListItem","position":1,"name":"Home","item":"https:\/\/www.scancostablanca.com\/de\/"},{"@type":"ListItem","position":2,"name":"Patenschaft f\u00fcr eine Katze oder einen Hund"}]},{"@type":"WebSite","@id":"https:\/\/www.scancostablanca.com\/#website","url":"https:\/\/www.scancostablanca.com\/","name":"S.C.A.N. Costa Blanca","description":"Society for the Care of Animals in Need","publisher":{"@id":"https:\/\/www.scancostablanca.com\/#organization"},"potentialAction":[{"@type":"SearchAction","target":{"@type":"EntryPoint","urlTemplate":"https:\/\/www.scancostablanca.com\/?s={search_term_string}"},"query-input":{"@type":"PropertyValueSpecification","valueRequired":true,"valueName":"search_term_string"}}],"inLanguage":"de"},{"@type":"Organization","@id":"https:\/\/www.scancostablanca.com\/#organization","name":"Society for the Care of Animals in Need","url":"https:\/\/www.scancostablanca.com\/","logo":{"@type":"ImageObject","inLanguage":"de","@id":"https:\/\/www.scancostablanca.com\/#\/schema\/logo\/image\/","url":"https:\/\/www.scancostablanca.com\/wp-content\/uploads\/2018\/05\/scan-logo-text-blk-nobg.png","contentUrl":"https:\/\/www.scancostablanca.com\/wp-content\/uploads\/2018\/05\/scan-logo-text-blk-nobg.png","width":409,"height":135,"caption":"Society for the Care of Animals in Need"},"image":{"@id":"https:\/\/www.scancostablanca.com\/#\/schema\/logo\/image\/"},"sameAs":["https:\/\/www.facebook.com\/SocietyForTheCareOfAnimalsInNeedScan\/"]}]}},"_links":{"self":[{"href":"https:\/\/www.scancostablanca.com\/de\/wp-json\/wp\/v2\/pages\/37757","targetHints":{"allow":["GET"]}}],"collection":[{"href":"https:\/\/www.scancostablanca.com\/de\/wp-json\/wp\/v2\/pages"}],"about":[{"href":"https:\/\/www.scancostablanca.com\/de\/wp-json\/wp\/v2\/types\/page"}],"author":[{"embeddable":true,"href":"https:\/\/www.scancostablanca.com\/de\/wp-json\/wp\/v2\/users\/1"}],"replies":[{"embeddable":true,"href":"https:\/\/www.scancostablanca.com\/de\/wp-json\/wp\/v2\/comments?post=37757"}],"version-history":[{"count":0,"href":"https:\/\/www.scancostablanca.com\/de\/wp-json\/wp\/v2\/pages\/37757\/revisions"}],"wp:attachment":[{"href":"https:\/\/www.scancostablanca.com\/de\/wp-json\/wp\/v2\/media?parent=37757"}],"curies":[{"name":"wp","href":"https:\/\/api.w.org\/{rel}","templated":true}]}}