{"id":37766,"date":"2018-08-15T21:25:12","date_gmt":"2018-08-15T19:25:12","guid":{"rendered":"https:\/\/www.scancostablanca.com\/scan-shelter\/"},"modified":"2020-11-29T21:49:05","modified_gmt":"2020-11-29T20:49:05","slug":"scan-tierheim","status":"publish","type":"page","link":"https:\/\/www.scancostablanca.com\/de\/scan-tierheim\/","title":{"rendered":"SCAN Tierheim"},"content":{"rendered":"<p>SCAN ist bekannt f\u00fcr die Qualit\u00e4t der Pflege, die hohen Standards f\u00fcr Sauberkeit und Hygiene sowie f\u00fcr die Einhaltung unserer Versprechen. Die Exzellenz unserer Hygiene- und Verwaltungsprozesse hat uns die begehrte N\u00facleo Zool\u00f3gico-Akkreditierung eingebracht. Dies ist eine nationale und regionale Reihe von Standards f\u00fcr Organisationen, die sich mit Tieren befassen. Nur Tierheime mit dieser Akkreditierung k\u00f6nnen Tiere \u00fcber internationale Grenzen hinweg transportieren.<\/p>\n<p>Unser spezielles Zentrum wurde entwickelt, um allen Tieren, die von SCAN betreut werden, ein helles, luftiges und sauberes Wohnumfeld zu bieten.<\/p>\n<p>Zu den Einrichtungen geh\u00f6ren sichere Tierbereiche, ein tier\u00e4rztlicher Behandlungsraum vor Ort, ein B\u00fcro, Lagerbereiche und K\u00fcchen. Das Zentrum in einem neu entwickelten Industriegebiet auf Land, das vom El Verger Ayuntamiento (Gemeinderat) gespendet wurde, erf\u00fcllt die hohen Anforderungen eines modernen Tierheims.<\/p>\n<p>Unser Tierarzt besucht das Zentrum einmal pro Woche, um Neuank\u00f6mmlinge zu untersuchen und Tiere zu untersuchen, die Anlass zur Sorge geben. Dieser Ansatz erm\u00f6glicht es, Probleme fr\u00fchzeitig zu erkennen und komplexe Behandlungen und unn\u00f6tiges Leiden f\u00fcr die Tiere zu vermeiden.<\/p>\n<p>Das Zentrum verf\u00fcgt \u00fcber 1400 m\u00b2 \u00dcbungs-, Spiel- und Trainingsbereiche sowie einen Gartenbereich mit Grill, in dem wir eine Reihe unserer Spendenaktionen oder Veranstaltungen durchf\u00fchren.<\/p>\n\n","protected":false},"excerpt":{"rendered":"<p>SCAN ist bekannt f\u00fcr die Qualit\u00e4t der Pflege, die hohen Standards f\u00fcr Sauberkeit und Hygiene sowie f\u00fcr die Einhaltung unserer Versprechen. Die Exzellenz unserer Hygiene- und Verwaltungsprozesse hat uns die [&#8230;]<\/p>\n<p><a class=\"btn btn-secondary understrap-read-more-link\" href=\"https:\/\/www.scancostablanca.com\/de\/scan-tierheim\/\">Weiterlesen&#8230;<\/a><\/p>\n","protected":false},"author":1,"featured_media":0,"parent":0,"menu_order":0,"comment_status":"closed","ping_status":"closed","template":"","meta":{"_acf_changed":false,"footnotes":""},"class_list":["post-37766","page","type-page","status-publish","hentry"],"acf":[],"yoast_head":"<!-- This site is optimized with the Yoast SEO plugin v25.9 - https:\/\/yoast.com\/wordpress\/plugins\/seo\/ -->\n<title>S.C.A.N. Costa Blanca - Animals for Adoption - SCAN Tierheim<\/title>\n<meta name=\"description\" content=\"S.C.A.N. Costa Blanca - Animal Adoptions - Dog and Cat Rescue, Care &amp; Rehoming - - SCAN Tierheim\" \/>\n<meta name=\"robots\" content=\"index, follow, max-snippet:-1, max-image-preview:large, max-video-preview:-1\" \/>\n<link rel=\"canonical\" href=\"https:\/\/www.scancostablanca.com\/de\/scan-tierheim\/\" \/>\n<meta property=\"og:locale\" content=\"de_DE\" \/>\n<meta property=\"og:type\" content=\"article\" \/>\n<meta property=\"og:title\" content=\"S.C.A.N. Costa Blanca - Animals for Adoption - SCAN Tierheim\" \/>\n<meta property=\"og:description\" content=\"S.C.A.N. Costa Blanca - Animal Adoptions - Dog and Cat Rescue, Care &amp; Rehoming - - SCAN Tierheim\" \/>\n<meta property=\"og:url\" content=\"https:\/\/www.scancostablanca.com\/de\/scan-tierheim\/\" \/>\n<meta property=\"og:site_name\" content=\"S.C.A.N. Costa Blanca\" \/>\n<meta property=\"article:publisher\" content=\"https:\/\/www.facebook.com\/SocietyForTheCareOfAnimalsInNeedScan\/\" \/>\n<meta property=\"article:modified_time\" content=\"2020-11-29T20:49:05+00:00\" \/>\n<meta property=\"og:image\" content=\"https:\/\/www.scancostablanca.com\/wp-content\/uploads\/2016\/06\/school-5-250x250.jpg\" \/>\n<meta name=\"twitter:card\" content=\"summary_large_image\" \/>\n<script type=\"application\/ld+json\" class=\"yoast-schema-graph\">{\"@context\":\"https:\/\/schema.org\",\"@graph\":[{\"@type\":\"WebPage\",\"@id\":\"https:\/\/www.scancostablanca.com\/de\/scan-tierheim\/\",\"url\":\"https:\/\/www.scancostablanca.com\/de\/scan-tierheim\/\",\"name\":\"S.C.A.N. Costa Blanca - Animals for Adoption - SCAN Tierheim\",\"isPartOf\":{\"@id\":\"https:\/\/www.scancostablanca.com\/#website\"},\"datePublished\":\"2018-08-15T19:25:12+00:00\",\"dateModified\":\"2020-11-29T20:49:05+00:00\",\"description\":\"S.C.A.N. Costa Blanca - Animal Adoptions - Dog and Cat Rescue, Care & Rehoming - - SCAN Tierheim\",\"breadcrumb\":{\"@id\":\"https:\/\/www.scancostablanca.com\/de\/scan-tierheim\/#breadcrumb\"},\"inLanguage\":\"de\",\"potentialAction\":[{\"@type\":\"ReadAction\",\"target\":[\"https:\/\/www.scancostablanca.com\/de\/scan-tierheim\/\"]}]},{\"@type\":\"BreadcrumbList\",\"@id\":\"https:\/\/www.scancostablanca.com\/de\/scan-tierheim\/#breadcrumb\",\"itemListElement\":[{\"@type\":\"ListItem\",\"position\":1,\"name\":\"Home\",\"item\":\"https:\/\/www.scancostablanca.com\/de\/\"},{\"@type\":\"ListItem\",\"position\":2,\"name\":\"SCAN Tierheim\"}]},{\"@type\":\"WebSite\",\"@id\":\"https:\/\/www.scancostablanca.com\/#website\",\"url\":\"https:\/\/www.scancostablanca.com\/\",\"name\":\"S.C.A.N. Costa Blanca\",\"description\":\"Society for the Care of Animals in Need\",\"publisher\":{\"@id\":\"https:\/\/www.scancostablanca.com\/#organization\"},\"potentialAction\":[{\"@type\":\"SearchAction\",\"target\":{\"@type\":\"EntryPoint\",\"urlTemplate\":\"https:\/\/www.scancostablanca.com\/?s={search_term_string}\"},\"query-input\":{\"@type\":\"PropertyValueSpecification\",\"valueRequired\":true,\"valueName\":\"search_term_string\"}}],\"inLanguage\":\"de\"},{\"@type\":\"Organization\",\"@id\":\"https:\/\/www.scancostablanca.com\/#organization\",\"name\":\"Society for the Care of Animals in Need\",\"url\":\"https:\/\/www.scancostablanca.com\/\",\"logo\":{\"@type\":\"ImageObject\",\"inLanguage\":\"de\",\"@id\":\"https:\/\/www.scancostablanca.com\/#\/schema\/logo\/image\/\",\"url\":\"https:\/\/www.scancostablanca.com\/wp-content\/uploads\/2018\/05\/scan-logo-text-blk-nobg.png\",\"contentUrl\":\"https:\/\/www.scancostablanca.com\/wp-content\/uploads\/2018\/05\/scan-logo-text-blk-nobg.png\",\"width\":409,\"height\":135,\"caption\":\"Society for the Care of Animals in Need\"},\"image\":{\"@id\":\"https:\/\/www.scancostablanca.com\/#\/schema\/logo\/image\/\"},\"sameAs\":[\"https:\/\/www.facebook.com\/SocietyForTheCareOfAnimalsInNeedScan\/\"]}]}<\/script>\n<!-- \/ Yoast SEO plugin. -->","yoast_head_json":{"title":"S.C.A.N. Costa Blanca - Animals for Adoption - SCAN Tierheim","description":"S.C.A.N. Costa Blanca - Animal Adoptions - Dog and Cat Rescue, Care & Rehoming - - SCAN Tierheim","robots":{"index":"index","follow":"follow","max-snippet":"max-snippet:-1","max-image-preview":"max-image-preview:large","max-video-preview":"max-video-preview:-1"},"canonical":"https:\/\/www.scancostablanca.com\/de\/scan-tierheim\/","og_locale":"de_DE","og_type":"article","og_title":"S.C.A.N. Costa Blanca - Animals for Adoption - SCAN Tierheim","og_description":"S.C.A.N. Costa Blanca - Animal Adoptions - Dog and Cat Rescue, Care & Rehoming - - SCAN Tierheim","og_url":"https:\/\/www.scancostablanca.com\/de\/scan-tierheim\/","og_site_name":"S.C.A.N. Costa Blanca","article_publisher":"https:\/\/www.facebook.com\/SocietyForTheCareOfAnimalsInNeedScan\/","article_modified_time":"2020-11-29T20:49:05+00:00","og_image":[{"url":"https:\/\/www.scancostablanca.com\/wp-content\/uploads\/2016\/06\/school-5-250x250.jpg","type":"","width":"","height":""}],"twitter_card":"summary_large_image","schema":{"@context":"https:\/\/schema.org","@graph":[{"@type":"WebPage","@id":"https:\/\/www.scancostablanca.com\/de\/scan-tierheim\/","url":"https:\/\/www.scancostablanca.com\/de\/scan-tierheim\/","name":"S.C.A.N. Costa Blanca - Animals for Adoption - SCAN Tierheim","isPartOf":{"@id":"https:\/\/www.scancostablanca.com\/#website"},"datePublished":"2018-08-15T19:25:12+00:00","dateModified":"2020-11-29T20:49:05+00:00","description":"S.C.A.N. Costa Blanca - Animal Adoptions - Dog and Cat Rescue, Care & Rehoming - - SCAN Tierheim","breadcrumb":{"@id":"https:\/\/www.scancostablanca.com\/de\/scan-tierheim\/#breadcrumb"},"inLanguage":"de","potentialAction":[{"@type":"ReadAction","target":["https:\/\/www.scancostablanca.com\/de\/scan-tierheim\/"]}]},{"@type":"BreadcrumbList","@id":"https:\/\/www.scancostablanca.com\/de\/scan-tierheim\/#breadcrumb","itemListElement":[{"@type":"ListItem","position":1,"name":"Home","item":"https:\/\/www.scancostablanca.com\/de\/"},{"@type":"ListItem","position":2,"name":"SCAN Tierheim"}]},{"@type":"WebSite","@id":"https:\/\/www.scancostablanca.com\/#website","url":"https:\/\/www.scancostablanca.com\/","name":"S.C.A.N. Costa Blanca","description":"Society for the Care of Animals in Need","publisher":{"@id":"https:\/\/www.scancostablanca.com\/#organization"},"potentialAction":[{"@type":"SearchAction","target":{"@type":"EntryPoint","urlTemplate":"https:\/\/www.scancostablanca.com\/?s={search_term_string}"},"query-input":{"@type":"PropertyValueSpecification","valueRequired":true,"valueName":"search_term_string"}}],"inLanguage":"de"},{"@type":"Organization","@id":"https:\/\/www.scancostablanca.com\/#organization","name":"Society for the Care of Animals in Need","url":"https:\/\/www.scancostablanca.com\/","logo":{"@type":"ImageObject","inLanguage":"de","@id":"https:\/\/www.scancostablanca.com\/#\/schema\/logo\/image\/","url":"https:\/\/www.scancostablanca.com\/wp-content\/uploads\/2018\/05\/scan-logo-text-blk-nobg.png","contentUrl":"https:\/\/www.scancostablanca.com\/wp-content\/uploads\/2018\/05\/scan-logo-text-blk-nobg.png","width":409,"height":135,"caption":"Society for the Care of Animals in Need"},"image":{"@id":"https:\/\/www.scancostablanca.com\/#\/schema\/logo\/image\/"},"sameAs":["https:\/\/www.facebook.com\/SocietyForTheCareOfAnimalsInNeedScan\/"]}]}},"_links":{"self":[{"href":"https:\/\/www.scancostablanca.com\/de\/wp-json\/wp\/v2\/pages\/37766","targetHints":{"allow":["GET"]}}],"collection":[{"href":"https:\/\/www.scancostablanca.com\/de\/wp-json\/wp\/v2\/pages"}],"about":[{"href":"https:\/\/www.scancostablanca.com\/de\/wp-json\/wp\/v2\/types\/page"}],"author":[{"embeddable":true,"href":"https:\/\/www.scancostablanca.com\/de\/wp-json\/wp\/v2\/users\/1"}],"replies":[{"embeddable":true,"href":"https:\/\/www.scancostablanca.com\/de\/wp-json\/wp\/v2\/comments?post=37766"}],"version-history":[{"count":0,"href":"https:\/\/www.scancostablanca.com\/de\/wp-json\/wp\/v2\/pages\/37766\/revisions"}],"wp:attachment":[{"href":"https:\/\/www.scancostablanca.com\/de\/wp-json\/wp\/v2\/media?parent=37766"}],"curies":[{"name":"wp","href":"https:\/\/api.w.org\/{rel}","templated":true}]}}