{"id":37768,"date":"2018-08-15T21:27:22","date_gmt":"2018-08-15T19:27:22","guid":{"rendered":"https:\/\/www.scancostablanca.com\/scan-history\/"},"modified":"2020-11-29T21:43:15","modified_gmt":"2020-11-29T20:43:15","slug":"scan-geschichte","status":"publish","type":"page","link":"https:\/\/www.scancostablanca.com\/de\/scan-geschichte\/","title":{"rendered":"SCAN-Geschichte"},"content":{"rendered":"<p>Im Jahr 2009 war SCAN eine Organisation, die Spenden f\u00fcr die Katzenrettungsorganisation in Pego sammelte. 2010 wurde ein eigenes Tierheim f\u00fcr Katzen er\u00f6ffnet.<\/p>\n<p>Dieses urspr\u00fcngliche Tierheim war 2011 in Gefahr geschlossen zu werden, was nat\u00fcrlich inakzeptabel war. In Zusammenarbeit mit dem Rathaus El Verger begann das SCAN-Team mit der Planung und dem Entwurf eines neuen, speziell gebauten Tierheims, in dem verlassene Hunde und Katzen untergebracht werden konnten.<\/p>\n<p>Im Jahr 2012 wurde das neu errichtete Tierheim von B\u00fcrgermeister D. Miguel Gonzalez Ba\u00f1o und Lord und Lady Acton er\u00f6ffnet. Die Mittel f\u00fcr den Bau wurden aus den Spendenaktionen in der Gemeinde aufgebracht, und das Land wurde f\u00fcr die ersten 15 Jahre vom Rathaus gepachtet, mit einem anschlie\u00dfenden erneuerbaren Pachtvertrag.<\/p>\n<p>Das Tierheim ist ein vom N\u00facleo Zoologico verliehenes Kompetenzzentrum: eines von nur zwei Tierheimen in diesem Teil Spaniens mit dieser Akkreditierung.<\/p>\n<p>2014 wurde das Fundraising durch die Er\u00f6ffnung der SCAN Charity Boutique in El Verger beschleunigt, einem Gesch\u00e4ft, das Mode, Haushaltswaren und mehr anbietet.<\/p>\n<p>Seit der Er\u00f6ffnung des Tierheims im Jahr 2012 wurden mehr als <strong>2.800<\/strong> Tiere vermittelt!<\/p>\n<p>Und es sind Expansionspl\u00e4ne in Sicht. SCAN hofft zu \u00f6ffnen:<\/p>\n<ul>\n<li>Ein Zuhause f\u00fcr alte Katzen und Hunde. SCAN wurde vom Rathaus die Erlaubnis erteilt, das Zentrum \u00fcber seinen urspr\u00fcnglichen Plan hinaus zu erweitern. Es ist geplant, gegen Ende ihres Lebens ein \u201eAltersheim\u201c f\u00fcr Langzeitbewohner und Tiere, die in K\u00fcrze von uns gehen k\u00f6nnten, zu bauen. Dies wird ihnen ein friedlicheres Leben und mehr Lebensraum geben, sowohl drinnen als auch drau\u00dfen, so dass sie ungehindert zwischen den beiden Bereichen umherwandern k\u00f6nnen.<\/li>\n<li>Ein erweiterter Spielbereich f\u00fcr die Katzen. Katzen profitieren enorm vom Spiel. Es hilft bei Verhaltensproblemen, Fettleibigkeit und Stress. Es hilft auch bei Spannungen zwischen Katzen und schafft Vertrauen, insbesondere bei sch\u00fcchternen Tieren. Dieses Projekt wird f\u00fcr die Katzenfreunde von SCAN von gro\u00dfem Nutzen sein, um ihre Zeit im Tierheim angenehmer zu gestalten und ihre Chancen auf eine baldige Adoption zu erh\u00f6hen.<\/li>\n<li>Eine Rampe im Grillbereich erleichtert Rollstuhlfahrern und Personen, die Schwierigkeiten mit der Mobilit\u00e4t haben, den Zugang.<\/li>\n<li>Einen Holzschuppen abrei\u00dfen und durch ein Metallgeb\u00e4ude ersetzen, das f\u00fcr die Lagerung von Futter o.\u00e4. geeignet ist.<\/li>\n<li>Eine Aufr\u00fcstung des Hunde\u00fcbungsplatzes mit neuen Rampen und kleinen Pools, wobei derzeit Verbesserungen im Tierheims selbst bereits in Angriff genommen werden.<\/li>\n<\/ul>\n<figure id=\"attachment_36543\" aria-describedby=\"caption-attachment-36543\" style=\"width: 480px\" class=\"wp-caption alignnone\"><img decoding=\"async\" class=\"wp-image-36543 size-medium lazyload\" data-src=\"https:\/\/www.scancostablanca.com\/wp-content\/uploads\/2018\/08\/IMG_3274-480x360.jpg\" alt=\"Boutique\" width=\"480\" height=\"360\" src=\"data:image\/svg+xml;base64,PHN2ZyB3aWR0aD0iMSIgaGVpZ2h0PSIxIiB4bWxucz0iaHR0cDovL3d3dy53My5vcmcvMjAwMC9zdmciPjwvc3ZnPg==\" style=\"--smush-placeholder-width: 480px; --smush-placeholder-aspect-ratio: 480\/360;\" \/><figcaption id=\"caption-attachment-36543\" class=\"wp-caption-text\">SCAN Boutique &amp; Wohlt\u00e4tigkeitsladen<\/figcaption><\/figure>\n<figure id=\"attachment_646\" aria-describedby=\"caption-attachment-646\" style=\"width: 480px\" class=\"wp-caption alignnone\"><img decoding=\"async\" class=\"wp-image-646 size-medium lazyload\" data-src=\"https:\/\/www.scancostablanca.com\/wp-content\/uploads\/2013\/03\/DSC01433-480x350.jpg\" alt=\"Inauguration\" width=\"480\" height=\"350\" src=\"data:image\/svg+xml;base64,PHN2ZyB3aWR0aD0iMSIgaGVpZ2h0PSIxIiB4bWxucz0iaHR0cDovL3d3dy53My5vcmcvMjAwMC9zdmciPjwvc3ZnPg==\" style=\"--smush-placeholder-width: 480px; --smush-placeholder-aspect-ratio: 480\/350;\" \/><figcaption id=\"caption-attachment-646\" class=\"wp-caption-text\">Er\u00f6ffnungsfeier des Tierheims<\/figcaption><\/figure>\n","protected":false},"excerpt":{"rendered":"<p>Im Jahr 2009 war SCAN eine Organisation, die Spenden f\u00fcr die Katzenrettungsorganisation in Pego sammelte. 2010 wurde ein eigenes Tierheim f\u00fcr Katzen er\u00f6ffnet. Dieses urspr\u00fcngliche Tierheim war 2011 in Gefahr [&#8230;]<\/p>\n<p><a class=\"btn btn-secondary understrap-read-more-link\" href=\"https:\/\/www.scancostablanca.com\/de\/scan-geschichte\/\">Weiterlesen&#8230;<\/a><\/p>\n","protected":false},"author":1,"featured_media":0,"parent":0,"menu_order":0,"comment_status":"closed","ping_status":"closed","template":"","meta":{"_acf_changed":false,"footnotes":""},"class_list":["post-37768","page","type-page","status-publish","hentry"],"acf":[],"yoast_head":"<!-- This site is optimized with the Yoast SEO plugin v25.9 - https:\/\/yoast.com\/wordpress\/plugins\/seo\/ -->\n<title>S.C.A.N. Costa Blanca - Animals for Adoption - SCAN-Geschichte<\/title>\n<meta name=\"description\" content=\"S.C.A.N. Costa Blanca - Animal Adoptions - Dog and Cat Rescue, Care &amp; Rehoming - - SCAN-Geschichte\" \/>\n<meta name=\"robots\" content=\"index, follow, max-snippet:-1, max-image-preview:large, max-video-preview:-1\" \/>\n<link rel=\"canonical\" href=\"https:\/\/www.scancostablanca.com\/de\/scan-geschichte\/\" \/>\n<meta property=\"og:locale\" content=\"de_DE\" \/>\n<meta property=\"og:type\" content=\"article\" \/>\n<meta property=\"og:title\" content=\"S.C.A.N. Costa Blanca - Animals for Adoption - SCAN-Geschichte\" \/>\n<meta property=\"og:description\" content=\"S.C.A.N. Costa Blanca - Animal Adoptions - Dog and Cat Rescue, Care &amp; Rehoming - - SCAN-Geschichte\" \/>\n<meta property=\"og:url\" content=\"https:\/\/www.scancostablanca.com\/de\/scan-geschichte\/\" \/>\n<meta property=\"og:site_name\" content=\"S.C.A.N. Costa Blanca\" \/>\n<meta property=\"article:publisher\" content=\"https:\/\/www.facebook.com\/SocietyForTheCareOfAnimalsInNeedScan\/\" \/>\n<meta property=\"article:modified_time\" content=\"2020-11-29T20:43:15+00:00\" \/>\n<meta property=\"og:image\" content=\"https:\/\/www.scancostablanca.com\/wp-content\/uploads\/2018\/08\/IMG_3274-480x360.jpg\" \/>\n<meta name=\"twitter:card\" content=\"summary_large_image\" \/>\n<script type=\"application\/ld+json\" class=\"yoast-schema-graph\">{\"@context\":\"https:\/\/schema.org\",\"@graph\":[{\"@type\":\"WebPage\",\"@id\":\"https:\/\/www.scancostablanca.com\/de\/scan-geschichte\/\",\"url\":\"https:\/\/www.scancostablanca.com\/de\/scan-geschichte\/\",\"name\":\"S.C.A.N. Costa Blanca - Animals for Adoption - SCAN-Geschichte\",\"isPartOf\":{\"@id\":\"https:\/\/www.scancostablanca.com\/#website\"},\"primaryImageOfPage\":{\"@id\":\"https:\/\/www.scancostablanca.com\/de\/scan-geschichte\/#primaryimage\"},\"image\":{\"@id\":\"https:\/\/www.scancostablanca.com\/de\/scan-geschichte\/#primaryimage\"},\"thumbnailUrl\":\"https:\/\/www.scancostablanca.com\/wp-content\/uploads\/2018\/08\/IMG_3274-480x360.jpg\",\"datePublished\":\"2018-08-15T19:27:22+00:00\",\"dateModified\":\"2020-11-29T20:43:15+00:00\",\"description\":\"S.C.A.N. Costa Blanca - Animal Adoptions - Dog and Cat Rescue, Care & Rehoming - - SCAN-Geschichte\",\"breadcrumb\":{\"@id\":\"https:\/\/www.scancostablanca.com\/de\/scan-geschichte\/#breadcrumb\"},\"inLanguage\":\"de\",\"potentialAction\":[{\"@type\":\"ReadAction\",\"target\":[\"https:\/\/www.scancostablanca.com\/de\/scan-geschichte\/\"]}]},{\"@type\":\"ImageObject\",\"inLanguage\":\"de\",\"@id\":\"https:\/\/www.scancostablanca.com\/de\/scan-geschichte\/#primaryimage\",\"url\":\"https:\/\/www.scancostablanca.com\/wp-content\/uploads\/2018\/08\/IMG_3274-480x360.jpg\",\"contentUrl\":\"https:\/\/www.scancostablanca.com\/wp-content\/uploads\/2018\/08\/IMG_3274-480x360.jpg\"},{\"@type\":\"BreadcrumbList\",\"@id\":\"https:\/\/www.scancostablanca.com\/de\/scan-geschichte\/#breadcrumb\",\"itemListElement\":[{\"@type\":\"ListItem\",\"position\":1,\"name\":\"Home\",\"item\":\"https:\/\/www.scancostablanca.com\/de\/\"},{\"@type\":\"ListItem\",\"position\":2,\"name\":\"SCAN-Geschichte\"}]},{\"@type\":\"WebSite\",\"@id\":\"https:\/\/www.scancostablanca.com\/#website\",\"url\":\"https:\/\/www.scancostablanca.com\/\",\"name\":\"S.C.A.N. Costa Blanca\",\"description\":\"Society for the Care of Animals in Need\",\"publisher\":{\"@id\":\"https:\/\/www.scancostablanca.com\/#organization\"},\"potentialAction\":[{\"@type\":\"SearchAction\",\"target\":{\"@type\":\"EntryPoint\",\"urlTemplate\":\"https:\/\/www.scancostablanca.com\/?s={search_term_string}\"},\"query-input\":{\"@type\":\"PropertyValueSpecification\",\"valueRequired\":true,\"valueName\":\"search_term_string\"}}],\"inLanguage\":\"de\"},{\"@type\":\"Organization\",\"@id\":\"https:\/\/www.scancostablanca.com\/#organization\",\"name\":\"Society for the Care of Animals in Need\",\"url\":\"https:\/\/www.scancostablanca.com\/\",\"logo\":{\"@type\":\"ImageObject\",\"inLanguage\":\"de\",\"@id\":\"https:\/\/www.scancostablanca.com\/#\/schema\/logo\/image\/\",\"url\":\"https:\/\/www.scancostablanca.com\/wp-content\/uploads\/2018\/05\/scan-logo-text-blk-nobg.png\",\"contentUrl\":\"https:\/\/www.scancostablanca.com\/wp-content\/uploads\/2018\/05\/scan-logo-text-blk-nobg.png\",\"width\":409,\"height\":135,\"caption\":\"Society for the Care of Animals in Need\"},\"image\":{\"@id\":\"https:\/\/www.scancostablanca.com\/#\/schema\/logo\/image\/\"},\"sameAs\":[\"https:\/\/www.facebook.com\/SocietyForTheCareOfAnimalsInNeedScan\/\"]}]}<\/script>\n<!-- \/ Yoast SEO plugin. -->","yoast_head_json":{"title":"S.C.A.N. Costa Blanca - Animals for Adoption - SCAN-Geschichte","description":"S.C.A.N. Costa Blanca - Animal Adoptions - Dog and Cat Rescue, Care & Rehoming - - SCAN-Geschichte","robots":{"index":"index","follow":"follow","max-snippet":"max-snippet:-1","max-image-preview":"max-image-preview:large","max-video-preview":"max-video-preview:-1"},"canonical":"https:\/\/www.scancostablanca.com\/de\/scan-geschichte\/","og_locale":"de_DE","og_type":"article","og_title":"S.C.A.N. Costa Blanca - Animals for Adoption - SCAN-Geschichte","og_description":"S.C.A.N. Costa Blanca - Animal Adoptions - Dog and Cat Rescue, Care & Rehoming - - SCAN-Geschichte","og_url":"https:\/\/www.scancostablanca.com\/de\/scan-geschichte\/","og_site_name":"S.C.A.N. Costa Blanca","article_publisher":"https:\/\/www.facebook.com\/SocietyForTheCareOfAnimalsInNeedScan\/","article_modified_time":"2020-11-29T20:43:15+00:00","og_image":[{"url":"https:\/\/www.scancostablanca.com\/wp-content\/uploads\/2018\/08\/IMG_3274-480x360.jpg","type":"","width":"","height":""}],"twitter_card":"summary_large_image","schema":{"@context":"https:\/\/schema.org","@graph":[{"@type":"WebPage","@id":"https:\/\/www.scancostablanca.com\/de\/scan-geschichte\/","url":"https:\/\/www.scancostablanca.com\/de\/scan-geschichte\/","name":"S.C.A.N. Costa Blanca - Animals for Adoption - SCAN-Geschichte","isPartOf":{"@id":"https:\/\/www.scancostablanca.com\/#website"},"primaryImageOfPage":{"@id":"https:\/\/www.scancostablanca.com\/de\/scan-geschichte\/#primaryimage"},"image":{"@id":"https:\/\/www.scancostablanca.com\/de\/scan-geschichte\/#primaryimage"},"thumbnailUrl":"https:\/\/www.scancostablanca.com\/wp-content\/uploads\/2018\/08\/IMG_3274-480x360.jpg","datePublished":"2018-08-15T19:27:22+00:00","dateModified":"2020-11-29T20:43:15+00:00","description":"S.C.A.N. Costa Blanca - Animal Adoptions - Dog and Cat Rescue, Care & Rehoming - - SCAN-Geschichte","breadcrumb":{"@id":"https:\/\/www.scancostablanca.com\/de\/scan-geschichte\/#breadcrumb"},"inLanguage":"de","potentialAction":[{"@type":"ReadAction","target":["https:\/\/www.scancostablanca.com\/de\/scan-geschichte\/"]}]},{"@type":"ImageObject","inLanguage":"de","@id":"https:\/\/www.scancostablanca.com\/de\/scan-geschichte\/#primaryimage","url":"https:\/\/www.scancostablanca.com\/wp-content\/uploads\/2018\/08\/IMG_3274-480x360.jpg","contentUrl":"https:\/\/www.scancostablanca.com\/wp-content\/uploads\/2018\/08\/IMG_3274-480x360.jpg"},{"@type":"BreadcrumbList","@id":"https:\/\/www.scancostablanca.com\/de\/scan-geschichte\/#breadcrumb","itemListElement":[{"@type":"ListItem","position":1,"name":"Home","item":"https:\/\/www.scancostablanca.com\/de\/"},{"@type":"ListItem","position":2,"name":"SCAN-Geschichte"}]},{"@type":"WebSite","@id":"https:\/\/www.scancostablanca.com\/#website","url":"https:\/\/www.scancostablanca.com\/","name":"S.C.A.N. Costa Blanca","description":"Society for the Care of Animals in Need","publisher":{"@id":"https:\/\/www.scancostablanca.com\/#organization"},"potentialAction":[{"@type":"SearchAction","target":{"@type":"EntryPoint","urlTemplate":"https:\/\/www.scancostablanca.com\/?s={search_term_string}"},"query-input":{"@type":"PropertyValueSpecification","valueRequired":true,"valueName":"search_term_string"}}],"inLanguage":"de"},{"@type":"Organization","@id":"https:\/\/www.scancostablanca.com\/#organization","name":"Society for the Care of Animals in Need","url":"https:\/\/www.scancostablanca.com\/","logo":{"@type":"ImageObject","inLanguage":"de","@id":"https:\/\/www.scancostablanca.com\/#\/schema\/logo\/image\/","url":"https:\/\/www.scancostablanca.com\/wp-content\/uploads\/2018\/05\/scan-logo-text-blk-nobg.png","contentUrl":"https:\/\/www.scancostablanca.com\/wp-content\/uploads\/2018\/05\/scan-logo-text-blk-nobg.png","width":409,"height":135,"caption":"Society for the Care of Animals in Need"},"image":{"@id":"https:\/\/www.scancostablanca.com\/#\/schema\/logo\/image\/"},"sameAs":["https:\/\/www.facebook.com\/SocietyForTheCareOfAnimalsInNeedScan\/"]}]}},"_links":{"self":[{"href":"https:\/\/www.scancostablanca.com\/de\/wp-json\/wp\/v2\/pages\/37768","targetHints":{"allow":["GET"]}}],"collection":[{"href":"https:\/\/www.scancostablanca.com\/de\/wp-json\/wp\/v2\/pages"}],"about":[{"href":"https:\/\/www.scancostablanca.com\/de\/wp-json\/wp\/v2\/types\/page"}],"author":[{"embeddable":true,"href":"https:\/\/www.scancostablanca.com\/de\/wp-json\/wp\/v2\/users\/1"}],"replies":[{"embeddable":true,"href":"https:\/\/www.scancostablanca.com\/de\/wp-json\/wp\/v2\/comments?post=37768"}],"version-history":[{"count":0,"href":"https:\/\/www.scancostablanca.com\/de\/wp-json\/wp\/v2\/pages\/37768\/revisions"}],"wp:attachment":[{"href":"https:\/\/www.scancostablanca.com\/de\/wp-json\/wp\/v2\/media?parent=37768"}],"curies":[{"name":"wp","href":"https:\/\/api.w.org\/{rel}","templated":true}]}}