{"id":45141,"date":"2018-11-18T15:23:47","date_gmt":"2018-11-18T14:23:47","guid":{"rendered":"https:\/\/www.scancostablanca.com\/pre-adoption-questionnaire-cats\/"},"modified":"2020-11-29T21:22:12","modified_gmt":"2020-11-29T20:22:12","slug":"selbstauskunft-fuer-die-adoption-katzen","status":"publish","type":"page","link":"https:\/\/www.scancostablanca.com\/de\/selbstauskunft-fuer-die-adoption-katzen\/","title":{"rendered":"Selbstauskunft f\u00fcr die Adoption &#8211; Katzen"},"content":{"rendered":"<h4><img decoding=\"async\" class=\"alignnone wp-image-43420 lazyload\" data-src=\"https:\/\/www.scancostablanca.com\/wp-content\/uploads\/2020\/05\/New-Cats-Logo-480x343.jpg\" alt=\"\" width=\"210\" height=\"150\" src=\"data:image\/svg+xml;base64,PHN2ZyB3aWR0aD0iMSIgaGVpZ2h0PSIxIiB4bWxucz0iaHR0cDovL3d3dy53My5vcmcvMjAwMC9zdmciPjwvc3ZnPg==\" style=\"--smush-placeholder-width: 210px; --smush-placeholder-aspect-ratio: 210\/150;\" \/><\/h4>\n<h4>Das Formular herunterladen:<\/h4>\n<p>Sie k\u00f6nnen den Fragebogen im PDF-Format \u00fcber den folgenden Link herunterladen, ausdrucken und ausf\u00fcllen<span style=\"color: #292b2c; font-size: 1rem;\">.<\/span><\/p>\n<a href='https:\/\/www.scancostablanca.com\/download\/pre-adoption-questionnaire-cats\/?wpdmdl=37172&refresh=69e4a467500311776591975'>        <div class=\"w3eden\"><div class=\"w3eden-link-btn w3eden-blue  pleft\">    <div class=\"media\">        <div class=\"pull-left wbt-left mr-3\"><div class=\"wbt-icon\"><img decoding=\"async\" data-src=\"https:\/\/www.scancostablanca.com\/wp-content\/plugins\/download-manager\/assets\/file-type-icons\/pdf.svg\" class=\"wpdm_icon-bt m-0 p-0 lazyload\" src=\"data:image\/svg+xml;base64,PHN2ZyB3aWR0aD0iMSIgaGVpZ2h0PSIxIiB4bWxucz0iaHR0cDovL3d3dy53My5vcmcvMjAwMC9zdmciPjwvc3ZnPg==\"><\/div><\/div>        <div class=\"media-body text-left wbt-content\"><strong class=\"ptitle\">                Pre-Adoption Questionnaire Cats            <\/strong>            <div style=\"font-size: 8pt;padding-top: 1px\">Download <i style=\"margin: 4px 0 0 5px;opacity:0.5\"                                                           class=\"fa fa-th-large\"><\/i> 291.29 KB            <\/div>        <\/div>    <\/div><\/div><div style=\"clear: both;\"><\/div><\/div><script>jQuery(function(){jQuery('.w3eden-link-btn a.wpdm-download-link img').after('Download');jQuery('.w3eden-link-btn a.wpdm-download-link img').remove();});<\/script><\/a>\n","protected":false},"excerpt":{"rendered":"<p>Das Formular herunterladen: Sie k\u00f6nnen den Fragebogen im PDF-Format \u00fcber den folgenden Link herunterladen, ausdrucken und ausf\u00fcllen. [&#8230;]<\/p>\n<p><a class=\"btn btn-secondary understrap-read-more-link\" href=\"https:\/\/www.scancostablanca.com\/de\/selbstauskunft-fuer-die-adoption-katzen\/\">Weiterlesen&#8230;<\/a><\/p>\n","protected":false},"author":1,"featured_media":0,"parent":0,"menu_order":0,"comment_status":"closed","ping_status":"closed","template":"","meta":{"_acf_changed":false,"footnotes":""},"class_list":["post-45141","page","type-page","status-publish","hentry"],"acf":[],"yoast_head":"<!-- This site is optimized with the Yoast SEO plugin v25.9 - https:\/\/yoast.com\/wordpress\/plugins\/seo\/ -->\n<title>S.C.A.N. Costa Blanca - Animals for Adoption - Selbstauskunft f\u00fcr die Adoption - Katzen<\/title>\n<meta name=\"description\" content=\"SCAN Costa Blanca - Animal Adoptions - Dog and Cat Rescue, Care &amp; Rehoming - - Selbstauskunft f\u00fcr die Adoption - Katzen\" \/>\n<meta name=\"robots\" content=\"index, follow, max-snippet:-1, max-image-preview:large, max-video-preview:-1\" \/>\n<link rel=\"canonical\" href=\"https:\/\/www.scancostablanca.com\/de\/selbstauskunft-fuer-die-adoption-katzen\/\" \/>\n<meta property=\"og:locale\" content=\"de_DE\" \/>\n<meta property=\"og:type\" content=\"article\" \/>\n<meta property=\"og:title\" content=\"S.C.A.N. Costa Blanca - Animals for Adoption - Selbstauskunft f\u00fcr die Adoption - Katzen\" \/>\n<meta property=\"og:description\" content=\"SCAN Costa Blanca - Animal Adoptions - Dog and Cat Rescue, Care &amp; Rehoming - - Selbstauskunft f\u00fcr die Adoption - Katzen\" \/>\n<meta property=\"og:url\" content=\"https:\/\/www.scancostablanca.com\/de\/selbstauskunft-fuer-die-adoption-katzen\/\" \/>\n<meta property=\"og:site_name\" content=\"S.C.A.N. Costa Blanca\" \/>\n<meta property=\"article:publisher\" content=\"https:\/\/www.facebook.com\/SocietyForTheCareOfAnimalsInNeedScan\/\" \/>\n<meta property=\"article:modified_time\" content=\"2020-11-29T20:22:12+00:00\" \/>\n<meta property=\"og:image\" content=\"https:\/\/www.scancostablanca.com\/wp-content\/uploads\/2020\/05\/New-Cats-Logo-480x343.jpg\" \/>\n<meta name=\"twitter:card\" content=\"summary_large_image\" \/>\n<script type=\"application\/ld+json\" class=\"yoast-schema-graph\">{\"@context\":\"https:\/\/schema.org\",\"@graph\":[{\"@type\":\"WebPage\",\"@id\":\"https:\/\/www.scancostablanca.com\/de\/selbstauskunft-fuer-die-adoption-katzen\/\",\"url\":\"https:\/\/www.scancostablanca.com\/de\/selbstauskunft-fuer-die-adoption-katzen\/\",\"name\":\"S.C.A.N. Costa Blanca - Animals for Adoption - Selbstauskunft f\u00fcr die Adoption - Katzen\",\"isPartOf\":{\"@id\":\"https:\/\/www.scancostablanca.com\/#website\"},\"primaryImageOfPage\":{\"@id\":\"https:\/\/www.scancostablanca.com\/de\/selbstauskunft-fuer-die-adoption-katzen\/#primaryimage\"},\"image\":{\"@id\":\"https:\/\/www.scancostablanca.com\/de\/selbstauskunft-fuer-die-adoption-katzen\/#primaryimage\"},\"thumbnailUrl\":\"https:\/\/www.scancostablanca.com\/wp-content\/uploads\/2020\/05\/New-Cats-Logo-480x343.jpg\",\"datePublished\":\"2018-11-18T14:23:47+00:00\",\"dateModified\":\"2020-11-29T20:22:12+00:00\",\"description\":\"SCAN Costa Blanca - Animal Adoptions - Dog and Cat Rescue, Care & Rehoming - - Selbstauskunft f\u00fcr die Adoption - Katzen\",\"breadcrumb\":{\"@id\":\"https:\/\/www.scancostablanca.com\/de\/selbstauskunft-fuer-die-adoption-katzen\/#breadcrumb\"},\"inLanguage\":\"de\",\"potentialAction\":[{\"@type\":\"ReadAction\",\"target\":[\"https:\/\/www.scancostablanca.com\/de\/selbstauskunft-fuer-die-adoption-katzen\/\"]}]},{\"@type\":\"ImageObject\",\"inLanguage\":\"de\",\"@id\":\"https:\/\/www.scancostablanca.com\/de\/selbstauskunft-fuer-die-adoption-katzen\/#primaryimage\",\"url\":\"https:\/\/www.scancostablanca.com\/wp-content\/uploads\/2020\/05\/New-Cats-Logo-480x343.jpg\",\"contentUrl\":\"https:\/\/www.scancostablanca.com\/wp-content\/uploads\/2020\/05\/New-Cats-Logo-480x343.jpg\"},{\"@type\":\"BreadcrumbList\",\"@id\":\"https:\/\/www.scancostablanca.com\/de\/selbstauskunft-fuer-die-adoption-katzen\/#breadcrumb\",\"itemListElement\":[{\"@type\":\"ListItem\",\"position\":1,\"name\":\"Home\",\"item\":\"https:\/\/www.scancostablanca.com\/de\/\"},{\"@type\":\"ListItem\",\"position\":2,\"name\":\"Selbstauskunft f\u00fcr die Adoption &#8211; Katzen\"}]},{\"@type\":\"WebSite\",\"@id\":\"https:\/\/www.scancostablanca.com\/#website\",\"url\":\"https:\/\/www.scancostablanca.com\/\",\"name\":\"S.C.A.N. Costa Blanca\",\"description\":\"Society for the Care of Animals in Need\",\"publisher\":{\"@id\":\"https:\/\/www.scancostablanca.com\/#organization\"},\"potentialAction\":[{\"@type\":\"SearchAction\",\"target\":{\"@type\":\"EntryPoint\",\"urlTemplate\":\"https:\/\/www.scancostablanca.com\/?s={search_term_string}\"},\"query-input\":{\"@type\":\"PropertyValueSpecification\",\"valueRequired\":true,\"valueName\":\"search_term_string\"}}],\"inLanguage\":\"de\"},{\"@type\":\"Organization\",\"@id\":\"https:\/\/www.scancostablanca.com\/#organization\",\"name\":\"Society for the Care of Animals in Need\",\"url\":\"https:\/\/www.scancostablanca.com\/\",\"logo\":{\"@type\":\"ImageObject\",\"inLanguage\":\"de\",\"@id\":\"https:\/\/www.scancostablanca.com\/#\/schema\/logo\/image\/\",\"url\":\"https:\/\/www.scancostablanca.com\/wp-content\/uploads\/2018\/05\/scan-logo-text-blk-nobg.png\",\"contentUrl\":\"https:\/\/www.scancostablanca.com\/wp-content\/uploads\/2018\/05\/scan-logo-text-blk-nobg.png\",\"width\":409,\"height\":135,\"caption\":\"Society for the Care of Animals in Need\"},\"image\":{\"@id\":\"https:\/\/www.scancostablanca.com\/#\/schema\/logo\/image\/\"},\"sameAs\":[\"https:\/\/www.facebook.com\/SocietyForTheCareOfAnimalsInNeedScan\/\"]}]}<\/script>\n<!-- \/ Yoast SEO plugin. -->","yoast_head_json":{"title":"S.C.A.N. Costa Blanca - Animals for Adoption - Selbstauskunft f\u00fcr die Adoption - Katzen","description":"SCAN Costa Blanca - Animal Adoptions - Dog and Cat Rescue, Care & Rehoming - - Selbstauskunft f\u00fcr die Adoption - Katzen","robots":{"index":"index","follow":"follow","max-snippet":"max-snippet:-1","max-image-preview":"max-image-preview:large","max-video-preview":"max-video-preview:-1"},"canonical":"https:\/\/www.scancostablanca.com\/de\/selbstauskunft-fuer-die-adoption-katzen\/","og_locale":"de_DE","og_type":"article","og_title":"S.C.A.N. Costa Blanca - Animals for Adoption - Selbstauskunft f\u00fcr die Adoption - Katzen","og_description":"SCAN Costa Blanca - Animal Adoptions - Dog and Cat Rescue, Care & Rehoming - - Selbstauskunft f\u00fcr die Adoption - Katzen","og_url":"https:\/\/www.scancostablanca.com\/de\/selbstauskunft-fuer-die-adoption-katzen\/","og_site_name":"S.C.A.N. Costa Blanca","article_publisher":"https:\/\/www.facebook.com\/SocietyForTheCareOfAnimalsInNeedScan\/","article_modified_time":"2020-11-29T20:22:12+00:00","og_image":[{"url":"https:\/\/www.scancostablanca.com\/wp-content\/uploads\/2020\/05\/New-Cats-Logo-480x343.jpg","type":"","width":"","height":""}],"twitter_card":"summary_large_image","schema":{"@context":"https:\/\/schema.org","@graph":[{"@type":"WebPage","@id":"https:\/\/www.scancostablanca.com\/de\/selbstauskunft-fuer-die-adoption-katzen\/","url":"https:\/\/www.scancostablanca.com\/de\/selbstauskunft-fuer-die-adoption-katzen\/","name":"S.C.A.N. Costa Blanca - Animals for Adoption - Selbstauskunft f\u00fcr die Adoption - Katzen","isPartOf":{"@id":"https:\/\/www.scancostablanca.com\/#website"},"primaryImageOfPage":{"@id":"https:\/\/www.scancostablanca.com\/de\/selbstauskunft-fuer-die-adoption-katzen\/#primaryimage"},"image":{"@id":"https:\/\/www.scancostablanca.com\/de\/selbstauskunft-fuer-die-adoption-katzen\/#primaryimage"},"thumbnailUrl":"https:\/\/www.scancostablanca.com\/wp-content\/uploads\/2020\/05\/New-Cats-Logo-480x343.jpg","datePublished":"2018-11-18T14:23:47+00:00","dateModified":"2020-11-29T20:22:12+00:00","description":"SCAN Costa Blanca - Animal Adoptions - Dog and Cat Rescue, Care & Rehoming - - Selbstauskunft f\u00fcr die Adoption - Katzen","breadcrumb":{"@id":"https:\/\/www.scancostablanca.com\/de\/selbstauskunft-fuer-die-adoption-katzen\/#breadcrumb"},"inLanguage":"de","potentialAction":[{"@type":"ReadAction","target":["https:\/\/www.scancostablanca.com\/de\/selbstauskunft-fuer-die-adoption-katzen\/"]}]},{"@type":"ImageObject","inLanguage":"de","@id":"https:\/\/www.scancostablanca.com\/de\/selbstauskunft-fuer-die-adoption-katzen\/#primaryimage","url":"https:\/\/www.scancostablanca.com\/wp-content\/uploads\/2020\/05\/New-Cats-Logo-480x343.jpg","contentUrl":"https:\/\/www.scancostablanca.com\/wp-content\/uploads\/2020\/05\/New-Cats-Logo-480x343.jpg"},{"@type":"BreadcrumbList","@id":"https:\/\/www.scancostablanca.com\/de\/selbstauskunft-fuer-die-adoption-katzen\/#breadcrumb","itemListElement":[{"@type":"ListItem","position":1,"name":"Home","item":"https:\/\/www.scancostablanca.com\/de\/"},{"@type":"ListItem","position":2,"name":"Selbstauskunft f\u00fcr die Adoption &#8211; Katzen"}]},{"@type":"WebSite","@id":"https:\/\/www.scancostablanca.com\/#website","url":"https:\/\/www.scancostablanca.com\/","name":"S.C.A.N. Costa Blanca","description":"Society for the Care of Animals in Need","publisher":{"@id":"https:\/\/www.scancostablanca.com\/#organization"},"potentialAction":[{"@type":"SearchAction","target":{"@type":"EntryPoint","urlTemplate":"https:\/\/www.scancostablanca.com\/?s={search_term_string}"},"query-input":{"@type":"PropertyValueSpecification","valueRequired":true,"valueName":"search_term_string"}}],"inLanguage":"de"},{"@type":"Organization","@id":"https:\/\/www.scancostablanca.com\/#organization","name":"Society for the Care of Animals in Need","url":"https:\/\/www.scancostablanca.com\/","logo":{"@type":"ImageObject","inLanguage":"de","@id":"https:\/\/www.scancostablanca.com\/#\/schema\/logo\/image\/","url":"https:\/\/www.scancostablanca.com\/wp-content\/uploads\/2018\/05\/scan-logo-text-blk-nobg.png","contentUrl":"https:\/\/www.scancostablanca.com\/wp-content\/uploads\/2018\/05\/scan-logo-text-blk-nobg.png","width":409,"height":135,"caption":"Society for the Care of Animals in Need"},"image":{"@id":"https:\/\/www.scancostablanca.com\/#\/schema\/logo\/image\/"},"sameAs":["https:\/\/www.facebook.com\/SocietyForTheCareOfAnimalsInNeedScan\/"]}]}},"_links":{"self":[{"href":"https:\/\/www.scancostablanca.com\/de\/wp-json\/wp\/v2\/pages\/45141","targetHints":{"allow":["GET"]}}],"collection":[{"href":"https:\/\/www.scancostablanca.com\/de\/wp-json\/wp\/v2\/pages"}],"about":[{"href":"https:\/\/www.scancostablanca.com\/de\/wp-json\/wp\/v2\/types\/page"}],"author":[{"embeddable":true,"href":"https:\/\/www.scancostablanca.com\/de\/wp-json\/wp\/v2\/users\/1"}],"replies":[{"embeddable":true,"href":"https:\/\/www.scancostablanca.com\/de\/wp-json\/wp\/v2\/comments?post=45141"}],"version-history":[{"count":0,"href":"https:\/\/www.scancostablanca.com\/de\/wp-json\/wp\/v2\/pages\/45141\/revisions"}],"wp:attachment":[{"href":"https:\/\/www.scancostablanca.com\/de\/wp-json\/wp\/v2\/media?parent=45141"}],"curies":[{"name":"wp","href":"https:\/\/api.w.org\/{rel}","templated":true}]}}