{"id":9826,"date":"2012-11-23T12:43:41","date_gmt":"2012-11-23T11:43:41","guid":{"rendered":"https:\/\/www.scancostablanca.com\/de\/about-scan\/"},"modified":"2020-11-29T22:24:49","modified_gmt":"2020-11-29T21:24:49","slug":"ueber-scan","status":"publish","type":"page","link":"https:\/\/www.scancostablanca.com\/de\/ueber-scan\/","title":{"rendered":"\u00dcber SCAN"},"content":{"rendered":"<p>SCAN ist eine eingetragene Wohlt\u00e4tigkeitsorganisation, die verlassene Katzen und Hunde in der n\u00f6rdlichen Costa Blanca rettet und in ein neues Zuhause vermittelt. Viele Tiere, die in unserem Tierheim ankommen, wurden misshandelt, sind krank, halb verhungert und einige sind nur wenige Stunden vom Tod entfernt. Tiere, die unser Tierheim verlassen, leben in f\u00fcrsorglichen, liebevollen H\u00e4usern, werden nie wieder misshandelt oder hungern.<\/p>\n<p>SCAN hat eine NO KILL-Richtlinie f\u00fcr gesunde Tiere: Wir halten das Versprechen, das wir jeder Katze und jedem Hund geben, die in unser Tierheim kommen: \"Du bist jetzt ein SCAN-Tier, Du bist in Sicherheit.\"<\/p>\n<p>Unsere Mission ist es, diejenigen zu sch\u00fctzen, die nicht f\u00fcr sich selbst sprechen k\u00f6nnen. Wir:<\/p>\n<ul>\n<li>RETTEN Tiere in Gefahr<\/li>\n<li>K\u00dcMMERN uns um sie, in wir Ihnen\u00a0angemessene Ern\u00e4hrung, tier\u00e4rztliche Betreuung und sichere, komfortable und trockene Unterk\u00fcnfte geben<\/li>\n<li>FINDEN eines neuen, endg\u00fcltigen ZUHAUSE, damit sie den Rest ihres Lebens genie\u00dfen k\u00f6nnen<\/li>\n<\/ul>\n<p>Sobald ein Tier unser Tierheim betritt, erhalten es alles, was es braucht, um sich zu erholen und zu gedeihen. Wir arbeiten eng mit den \u00f6rtlichen Beh\u00f6rden, der Polizei und den \u00f6rtlichen Tier\u00e4rzten zusammen. Alle Beteiligten sind auf das Wohlergehen und die Pflege von Tieren in Not fokussiert.<\/p>\n<p>Von unserem eigens errichteten Zentrum aus f\u00fchren wir unser Adoptionsprogramm durch, m\u00f6glicherweise das aktivste und effektivste in der Region. Die Statistiken f\u00fcr diese Initiative sind erstaunlich: bis M\u00e4rz 2018 wurden 96% unserer SCAN-Tiere vor Ort in Spanien und in Gro\u00dfbritannien, Guernsey und den Kanalinseln, Deutschland, Frankreich, der Schweiz, Finnland und den USA adoptiert.<a href=\"https:\/\/www.scancostablanca.com\/wp-content\/uploads\/2018\/03\/5-freedoms-v3-.jpg\"><img decoding=\"async\" class=\"size-medium wp-image-32648 alignright lazyload\" data-src=\"https:\/\/www.scancostablanca.com\/wp-content\/uploads\/2018\/03\/5-freedoms-v3--480x249.jpg\" alt=\"\" width=\"480\" height=\"249\" src=\"data:image\/svg+xml;base64,PHN2ZyB3aWR0aD0iMSIgaGVpZ2h0PSIxIiB4bWxucz0iaHR0cDovL3d3dy53My5vcmcvMjAwMC9zdmciPjwvc3ZnPg==\" style=\"--smush-placeholder-width: 480px; --smush-placeholder-aspect-ratio: 480\/249;\" \/><\/a><\/p>\n<p>Wir widmen uns sowohl einer Reihe internationaler Richtlinien f\u00fcr das Wohlergehen der Tiere, die als \"Die f\u00fcnf Freiheiten in der Tierpflege\" bekannt sind, als auch den Grunds\u00e4tzen, auf denen sich unsere Philosophie begr\u00fcndet: dass wir immer engagiert, f\u00fcrsorglich, effektiv und mitf\u00fchlend sein werden.<\/p>\n<p>SCAN erh\u00e4lt kein Geld von der lokalen, regionalen oder nationalen Regierung. Wir werden vollst\u00e4ndig durch die Gro\u00dfz\u00fcgigkeit der SCAN-Unterst\u00fctzer auf der ganzen Welt finanziert, die Einnahmen kommen von unseren Veranstaltungen, der SCAN-Boutique und unseren Sammelb\u00fcchsen. Da wir unabh\u00e4ngig finanziert werden, arbeiten wir frei von zentral festgelegten Quoten und Managementprotokollen, die das Wohlergehen unserer Tiere gef\u00e4hrden w\u00fcrden.<\/p>\n<p><a href=\"https:\/\/www.scancostablanca.com\/wp-content\/uploads\/2013\/03\/DSC01433.jpg\"><img decoding=\"async\" class=\"wp-image-646 alignright lazyload\" data-src=\"https:\/\/www.scancostablanca.com\/wp-content\/uploads\/2013\/03\/DSC01433.jpg\" alt=\"Inauguration\" width=\"464\" height=\"333\" src=\"data:image\/svg+xml;base64,PHN2ZyB3aWR0aD0iMSIgaGVpZ2h0PSIxIiB4bWxucz0iaHR0cDovL3d3dy53My5vcmcvMjAwMC9zdmciPjwvc3ZnPg==\" style=\"--smush-placeholder-width: 464px; --smush-placeholder-aspect-ratio: 464\/333;\" \/><\/a><\/p>\n<h2>Wie Sie uns finden:<\/h2>\n<p><strong>SCAN Tierheim<\/strong><\/p>\n<p>Poligono Industrial<br \/>\nCalle Alcoy<br \/>\nEsq. Cami Cremadella<br \/>\nEl Verger 03770<\/p>\n<p>Allg. Anfragen 626 550 864<\/p>\n<p><strong>Die GPS Koordinaten sind:<\/strong><\/p>\n<p>Abh\u00e4ngig von Ihrem GPS-Ger\u00e4t:<\/p>\n<p>N 38\u00b0 51.578' - W 000\u00b0 00.451' or<\/p>\n<p>N 38\u00b0 51' 35\" - W 000\u00b0 00' 27\"<\/p>\n<h2>\u00d6ffnungszeiten<\/h2>\n<p><strong>Montag bis Sonntag<\/strong><\/p>\n<h3>Sommer<\/h3>\n<p><strong>Morgens (Katzen und Hunde): 09:30 bis 12:30<\/strong><\/p>\n<p><strong>Nachmittags (Hunde): 17:00 bis 19:00<\/strong><\/p>\n<h3>Winter<strong><br \/>\n<\/strong><\/h3>\n<p><strong>Morgens (Katzen und Hunde): 09:30 bis 12:30<\/strong><\/p>\n<p><strong>Nachmittags (Hunde): 16:30 bis 18:00<\/strong><\/p>\n<p>Wenn die oben genannten \u00d6ffnungszeiten f\u00fcr Sie ung\u00fcnstig sind und Sie einen Termin f\u00fcr eine Adoption, Freiwilligenarbeit oder eine andere Angelegenheit w\u00fcnschen rufen Sie bitte\u00a0<strong><span style=\"text-decoration: underline;\">Barry Caulfield unter 626 550 864 an.<\/span><\/strong><\/p>\n<p><iframe data-src=\"https:\/\/www.google.com\/maps\/d\/embed?mid=12PfS1YnDXX02zBB9KhUUc3M-2Q-vveLJ\" width=\"700\" height=\"520\" src=\"data:image\/svg+xml;base64,PHN2ZyB3aWR0aD0iMSIgaGVpZ2h0PSIxIiB4bWxucz0iaHR0cDovL3d3dy53My5vcmcvMjAwMC9zdmciPjwvc3ZnPg==\" class=\"lazyload\" data-load-mode=\"1\"><\/iframe><\/p>\n","protected":false},"excerpt":{"rendered":"<p>SCAN ist eine eingetragene Wohlt\u00e4tigkeitsorganisation, die verlassene Katzen und Hunde in der n\u00f6rdlichen Costa Blanca rettet und in ein neues Zuhause vermittelt. Viele Tiere, die in unserem Tierheim ankommen, wurden [&#8230;]<\/p>\n<p><a class=\"btn btn-secondary understrap-read-more-link\" href=\"https:\/\/www.scancostablanca.com\/de\/ueber-scan\/\">Weiterlesen&#8230;<\/a><\/p>\n","protected":false},"author":2,"featured_media":0,"parent":0,"menu_order":0,"comment_status":"closed","ping_status":"closed","template":"","meta":{"_acf_changed":false,"footnotes":""},"class_list":["post-9826","page","type-page","status-publish","hentry"],"acf":[],"yoast_head":"<!-- This site is optimized with the Yoast SEO plugin v27.4 - https:\/\/yoast.com\/product\/yoast-seo-wordpress\/ -->\n<title>S.C.A.N. Costa Blanca - Animals for Adoption - \u00dcber SCAN<\/title>\n<meta name=\"description\" content=\"S.C.A.N. Costa Blanca - Animal Adoptions - Dog and Cat Rescue, Care &amp; Rehoming - - \u00dcber SCAN\" \/>\n<meta name=\"robots\" content=\"index, follow, max-snippet:-1, max-image-preview:large, max-video-preview:-1\" \/>\n<link rel=\"canonical\" href=\"https:\/\/www.scancostablanca.com\/de\/ueber-scan\/\" \/>\n<meta property=\"og:locale\" content=\"de_DE\" \/>\n<meta property=\"og:type\" content=\"article\" \/>\n<meta property=\"og:title\" content=\"S.C.A.N. Costa Blanca - Animals for Adoption - \u00dcber SCAN\" \/>\n<meta property=\"og:description\" content=\"S.C.A.N. Costa Blanca - Animal Adoptions - Dog and Cat Rescue, Care &amp; Rehoming - - \u00dcber SCAN\" \/>\n<meta property=\"og:url\" content=\"https:\/\/www.scancostablanca.com\/de\/ueber-scan\/\" \/>\n<meta property=\"og:site_name\" content=\"S.C.A.N. Costa Blanca\" \/>\n<meta property=\"article:publisher\" content=\"https:\/\/www.facebook.com\/SocietyForTheCareOfAnimalsInNeedScan\/\" \/>\n<meta property=\"article:modified_time\" content=\"2020-11-29T21:24:49+00:00\" \/>\n<meta property=\"og:image\" content=\"https:\/\/www.scancostablanca.com\/wp-content\/uploads\/2018\/03\/5-freedoms-v3--480x249.jpg\" \/>\n<meta name=\"twitter:card\" content=\"summary_large_image\" \/>\n<script type=\"application\/ld+json\" class=\"yoast-schema-graph\">{\"@context\":\"https:\\\/\\\/schema.org\",\"@graph\":[{\"@type\":\"WebPage\",\"@id\":\"https:\\\/\\\/www.scancostablanca.com\\\/de\\\/ueber-scan\\\/\",\"url\":\"https:\\\/\\\/www.scancostablanca.com\\\/de\\\/ueber-scan\\\/\",\"name\":\"S.C.A.N. Costa Blanca - Animals for Adoption - \u00dcber SCAN\",\"isPartOf\":{\"@id\":\"https:\\\/\\\/www.scancostablanca.com\\\/#website\"},\"primaryImageOfPage\":{\"@id\":\"https:\\\/\\\/www.scancostablanca.com\\\/de\\\/ueber-scan\\\/#primaryimage\"},\"image\":{\"@id\":\"https:\\\/\\\/www.scancostablanca.com\\\/de\\\/ueber-scan\\\/#primaryimage\"},\"thumbnailUrl\":\"https:\\\/\\\/www.scancostablanca.com\\\/wp-content\\\/uploads\\\/2018\\\/03\\\/5-freedoms-v3--480x249.jpg\",\"datePublished\":\"2012-11-23T11:43:41+00:00\",\"dateModified\":\"2020-11-29T21:24:49+00:00\",\"description\":\"S.C.A.N. Costa Blanca - Animal Adoptions - Dog and Cat Rescue, Care & Rehoming - - \u00dcber SCAN\",\"breadcrumb\":{\"@id\":\"https:\\\/\\\/www.scancostablanca.com\\\/de\\\/ueber-scan\\\/#breadcrumb\"},\"inLanguage\":\"de\",\"potentialAction\":[{\"@type\":\"ReadAction\",\"target\":[\"https:\\\/\\\/www.scancostablanca.com\\\/de\\\/ueber-scan\\\/\"]}]},{\"@type\":\"ImageObject\",\"inLanguage\":\"de\",\"@id\":\"https:\\\/\\\/www.scancostablanca.com\\\/de\\\/ueber-scan\\\/#primaryimage\",\"url\":\"https:\\\/\\\/www.scancostablanca.com\\\/wp-content\\\/uploads\\\/2018\\\/03\\\/5-freedoms-v3--480x249.jpg\",\"contentUrl\":\"https:\\\/\\\/www.scancostablanca.com\\\/wp-content\\\/uploads\\\/2018\\\/03\\\/5-freedoms-v3--480x249.jpg\"},{\"@type\":\"BreadcrumbList\",\"@id\":\"https:\\\/\\\/www.scancostablanca.com\\\/de\\\/ueber-scan\\\/#breadcrumb\",\"itemListElement\":[{\"@type\":\"ListItem\",\"position\":1,\"name\":\"Home\",\"item\":\"https:\\\/\\\/www.scancostablanca.com\\\/de\\\/\"},{\"@type\":\"ListItem\",\"position\":2,\"name\":\"\u00dcber SCAN\"}]},{\"@type\":\"WebSite\",\"@id\":\"https:\\\/\\\/www.scancostablanca.com\\\/#website\",\"url\":\"https:\\\/\\\/www.scancostablanca.com\\\/\",\"name\":\"S.C.A.N. Costa Blanca\",\"description\":\"Society for the Care of Animals in Need\",\"publisher\":{\"@id\":\"https:\\\/\\\/www.scancostablanca.com\\\/#organization\"},\"potentialAction\":[{\"@type\":\"SearchAction\",\"target\":{\"@type\":\"EntryPoint\",\"urlTemplate\":\"https:\\\/\\\/www.scancostablanca.com\\\/?s={search_term_string}\"},\"query-input\":{\"@type\":\"PropertyValueSpecification\",\"valueRequired\":true,\"valueName\":\"search_term_string\"}}],\"inLanguage\":\"de\"},{\"@type\":\"Organization\",\"@id\":\"https:\\\/\\\/www.scancostablanca.com\\\/#organization\",\"name\":\"Society for the Care of Animals in Need\",\"url\":\"https:\\\/\\\/www.scancostablanca.com\\\/\",\"logo\":{\"@type\":\"ImageObject\",\"inLanguage\":\"de\",\"@id\":\"https:\\\/\\\/www.scancostablanca.com\\\/#\\\/schema\\\/logo\\\/image\\\/\",\"url\":\"https:\\\/\\\/www.scancostablanca.com\\\/wp-content\\\/uploads\\\/2018\\\/05\\\/scan-logo-text-blk-nobg.png\",\"contentUrl\":\"https:\\\/\\\/www.scancostablanca.com\\\/wp-content\\\/uploads\\\/2018\\\/05\\\/scan-logo-text-blk-nobg.png\",\"width\":409,\"height\":135,\"caption\":\"Society for the Care of Animals in Need\"},\"image\":{\"@id\":\"https:\\\/\\\/www.scancostablanca.com\\\/#\\\/schema\\\/logo\\\/image\\\/\"},\"sameAs\":[\"https:\\\/\\\/www.facebook.com\\\/SocietyForTheCareOfAnimalsInNeedScan\\\/\"]}]}<\/script>\n<!-- \/ Yoast SEO plugin. -->","yoast_head_json":{"title":"S.C.A.N. Costa Blanca - Animals for Adoption - \u00dcber SCAN","description":"S.C.A.N. Costa Blanca - Animal Adoptions - Dog and Cat Rescue, Care & Rehoming - - \u00dcber SCAN","robots":{"index":"index","follow":"follow","max-snippet":"max-snippet:-1","max-image-preview":"max-image-preview:large","max-video-preview":"max-video-preview:-1"},"canonical":"https:\/\/www.scancostablanca.com\/de\/ueber-scan\/","og_locale":"de_DE","og_type":"article","og_title":"S.C.A.N. Costa Blanca - Animals for Adoption - \u00dcber SCAN","og_description":"S.C.A.N. Costa Blanca - Animal Adoptions - Dog and Cat Rescue, Care & Rehoming - - \u00dcber SCAN","og_url":"https:\/\/www.scancostablanca.com\/de\/ueber-scan\/","og_site_name":"S.C.A.N. Costa Blanca","article_publisher":"https:\/\/www.facebook.com\/SocietyForTheCareOfAnimalsInNeedScan\/","article_modified_time":"2020-11-29T21:24:49+00:00","og_image":[{"url":"https:\/\/www.scancostablanca.com\/wp-content\/uploads\/2018\/03\/5-freedoms-v3--480x249.jpg","type":"","width":"","height":""}],"twitter_card":"summary_large_image","schema":{"@context":"https:\/\/schema.org","@graph":[{"@type":"WebPage","@id":"https:\/\/www.scancostablanca.com\/de\/ueber-scan\/","url":"https:\/\/www.scancostablanca.com\/de\/ueber-scan\/","name":"S.C.A.N. Costa Blanca - Animals for Adoption - \u00dcber SCAN","isPartOf":{"@id":"https:\/\/www.scancostablanca.com\/#website"},"primaryImageOfPage":{"@id":"https:\/\/www.scancostablanca.com\/de\/ueber-scan\/#primaryimage"},"image":{"@id":"https:\/\/www.scancostablanca.com\/de\/ueber-scan\/#primaryimage"},"thumbnailUrl":"https:\/\/www.scancostablanca.com\/wp-content\/uploads\/2018\/03\/5-freedoms-v3--480x249.jpg","datePublished":"2012-11-23T11:43:41+00:00","dateModified":"2020-11-29T21:24:49+00:00","description":"S.C.A.N. Costa Blanca - Animal Adoptions - Dog and Cat Rescue, Care & Rehoming - - \u00dcber SCAN","breadcrumb":{"@id":"https:\/\/www.scancostablanca.com\/de\/ueber-scan\/#breadcrumb"},"inLanguage":"de","potentialAction":[{"@type":"ReadAction","target":["https:\/\/www.scancostablanca.com\/de\/ueber-scan\/"]}]},{"@type":"ImageObject","inLanguage":"de","@id":"https:\/\/www.scancostablanca.com\/de\/ueber-scan\/#primaryimage","url":"https:\/\/www.scancostablanca.com\/wp-content\/uploads\/2018\/03\/5-freedoms-v3--480x249.jpg","contentUrl":"https:\/\/www.scancostablanca.com\/wp-content\/uploads\/2018\/03\/5-freedoms-v3--480x249.jpg"},{"@type":"BreadcrumbList","@id":"https:\/\/www.scancostablanca.com\/de\/ueber-scan\/#breadcrumb","itemListElement":[{"@type":"ListItem","position":1,"name":"Home","item":"https:\/\/www.scancostablanca.com\/de\/"},{"@type":"ListItem","position":2,"name":"\u00dcber SCAN"}]},{"@type":"WebSite","@id":"https:\/\/www.scancostablanca.com\/#website","url":"https:\/\/www.scancostablanca.com\/","name":"S.C.A.N. Costa Blanca","description":"Society for the Care of Animals in Need","publisher":{"@id":"https:\/\/www.scancostablanca.com\/#organization"},"potentialAction":[{"@type":"SearchAction","target":{"@type":"EntryPoint","urlTemplate":"https:\/\/www.scancostablanca.com\/?s={search_term_string}"},"query-input":{"@type":"PropertyValueSpecification","valueRequired":true,"valueName":"search_term_string"}}],"inLanguage":"de"},{"@type":"Organization","@id":"https:\/\/www.scancostablanca.com\/#organization","name":"Society for the Care of Animals in Need","url":"https:\/\/www.scancostablanca.com\/","logo":{"@type":"ImageObject","inLanguage":"de","@id":"https:\/\/www.scancostablanca.com\/#\/schema\/logo\/image\/","url":"https:\/\/www.scancostablanca.com\/wp-content\/uploads\/2018\/05\/scan-logo-text-blk-nobg.png","contentUrl":"https:\/\/www.scancostablanca.com\/wp-content\/uploads\/2018\/05\/scan-logo-text-blk-nobg.png","width":409,"height":135,"caption":"Society for the Care of Animals in Need"},"image":{"@id":"https:\/\/www.scancostablanca.com\/#\/schema\/logo\/image\/"},"sameAs":["https:\/\/www.facebook.com\/SocietyForTheCareOfAnimalsInNeedScan\/"]}]}},"_links":{"self":[{"href":"https:\/\/www.scancostablanca.com\/de\/wp-json\/wp\/v2\/pages\/9826","targetHints":{"allow":["GET"]}}],"collection":[{"href":"https:\/\/www.scancostablanca.com\/de\/wp-json\/wp\/v2\/pages"}],"about":[{"href":"https:\/\/www.scancostablanca.com\/de\/wp-json\/wp\/v2\/types\/page"}],"author":[{"embeddable":true,"href":"https:\/\/www.scancostablanca.com\/de\/wp-json\/wp\/v2\/users\/2"}],"replies":[{"embeddable":true,"href":"https:\/\/www.scancostablanca.com\/de\/wp-json\/wp\/v2\/comments?post=9826"}],"version-history":[{"count":0,"href":"https:\/\/www.scancostablanca.com\/de\/wp-json\/wp\/v2\/pages\/9826\/revisions"}],"wp:attachment":[{"href":"https:\/\/www.scancostablanca.com\/de\/wp-json\/wp\/v2\/media?parent=9826"}],"curies":[{"name":"wp","href":"https:\/\/api.w.org\/{rel}","templated":true}]}}