{"id":9838,"date":"2018-08-16T17:22:56","date_gmt":"2018-08-16T15:22:56","guid":{"rendered":"https:\/\/www.scancostablanca.com\/de\/scan-shop\/"},"modified":"2019-01-07T11:59:52","modified_gmt":"2019-01-07T10:59:52","slug":"scan-shop","status":"publish","type":"page","link":"https:\/\/www.scancostablanca.com\/de\/scan-shop\/","title":{"rendered":"SCAN Wohlt\u00e4tigkeitsboutique"},"content":{"rendered":"<p><img decoding=\"async\" class=\"alignnone size-medium wp-image-32770 aligncenter lazyload\" data-src=\"https:\/\/www.scancostablanca.com\/wp-content\/uploads\/2018\/03\/items-composite-sf-1-6-480x284.png\" alt=\"\" width=\"480\" height=\"284\" src=\"data:image\/svg+xml;base64,PHN2ZyB3aWR0aD0iMSIgaGVpZ2h0PSIxIiB4bWxucz0iaHR0cDovL3d3dy53My5vcmcvMjAwMC9zdmciPjwvc3ZnPg==\" style=\"--smush-placeholder-width: 480px; --smush-placeholder-aspect-ratio: 480\/284;\" \/><\/p>\n<p>Die SCAN Boutique verkauft neue und gebrauchte Produkte (einschlie\u00dflich Designer-Schn\u00e4ppchen), Wohnaccessoires, Schmuck, Gru\u00dfkarten, Handtaschen, Bettw\u00e4sche, Schuhe, DVDs und B\u00fccher zu bemerkenswert g\u00fcnstigen Preisen.<\/p>\n<p>Jeder verkaufte Gegenstand sch\u00fctzt gef\u00e4hrdete Leben und bietet SCAN-Katzen und -Hunden eine Zukunft.<\/p>\n<p>Nach dem Erfolg unseres Shops in der Carrer de Estella wurde im November 2017 die neue SCAN-Boutique mit mehr als doppelt so viel Verkaufsfl\u00e4che er\u00f6ffnet und bietet unseren Kunden ein frischeres und einladenderes Umfeld.<\/p>\n<p>Sie finden die SCAN-Boutique in der Carrer Doctor Domenech 5, El Verger (siehe interaktive Karte unten). Wenn Sie die Gegend kennen, ist sie nur einen Katzensprung vom Consum entfernt. Aus dem Supermarkt kommen Sie durch die Hauptt\u00fcr, gehen zur Stra\u00dfe, nicht in den Parkplatz und biegen nach links ab. Unser Gesch\u00e4ft befindet sich ein St\u00fcck weiter oben auf der rechten Stra\u00dfenseite. Es ist gut ausgeschildert und leicht zu erkennen.<\/p>\n<p>Die SCAN Boutique ist montags bis freitags von 10:00 bis 13:00 Uhr ge\u00f6ffnet.<\/p>\n<p>Wir freuen uns \u00fcber alle Spenden in der Boutique (unerw\u00fcnschte und wiederverk\u00e4ufliche Kleidung, Haushaltszubeh\u00f6r, Bettw\u00e4sche, B\u00fccher, DVDs usw.) w\u00e4hrend der \u00d6ffnungszeiten.<\/p>\n<p>Wenn Sie w\u00e4hrend der \u00d6ffnungszeiten nicht kommen k\u00f6nnen, freuen wir uns \u00fcber Ihre Spende im Tierheim entgegenzunehmen. Es ist sieben Tage in der Woche, 365 Tage im Jahr, von 9:00 bis 13:00 Uhr und von ca. 16:30 bis 18:00 Uhr ge\u00f6ffnet.<\/p>\n<p>Alle Einnahmen der SCAN Boutique werden f\u00fcr das Wohlergehen der Tiere verwendet, die von SCAN gepflegt und gesch\u00fctzt werden. Warum kommen Sie nicht vorbei und schauen ob Sie nicht ein Schn\u00e4ppchen machen k\u00f6nnen? Wir freuen uns darauf, Sie zu sehen....<\/p>\n<p style=\"text-align: center;\">The SCAN Boutique<br \/>\nCarrer Doctor Domenech 5<br \/>\n03770 El Verger<br \/>\nAlicante<br \/>\nSpain<\/p>\n<p><img decoding=\"async\" class=\"size-medium wp-image-26961 aligncenter lazyload\" data-src=\"https:\/\/www.scancostablanca.com\/wp-content\/uploads\/2012\/11\/exterior-480x360.jpg\" alt=\"\" width=\"480\" height=\"360\" src=\"data:image\/svg+xml;base64,PHN2ZyB3aWR0aD0iMSIgaGVpZ2h0PSIxIiB4bWxucz0iaHR0cDovL3d3dy53My5vcmcvMjAwMC9zdmciPjwvc3ZnPg==\" style=\"--smush-placeholder-width: 480px; --smush-placeholder-aspect-ratio: 480\/360;\" \/><\/p>\n<p>[mappress mapid=\"3\"]<\/p>\n","protected":false},"excerpt":{"rendered":"<p>Die SCAN Boutique verkauft neue und gebrauchte Produkte (einschlie\u00dflich Designer-Schn\u00e4ppchen), Wohnaccessoires, Schmuck, Gru\u00dfkarten, Handtaschen, Bettw\u00e4sche, Schuhe, DVDs und B\u00fccher zu bemerkenswert g\u00fcnstigen Preisen. Jeder verkaufte Gegenstand sch\u00fctzt gef\u00e4hrdete Leben und [&#8230;]<\/p>\n<p><a class=\"btn btn-secondary understrap-read-more-link\" href=\"https:\/\/www.scancostablanca.com\/de\/scan-shop\/\">Weiterlesen&#8230;<\/a><\/p>\n","protected":false},"author":2,"featured_media":0,"parent":0,"menu_order":0,"comment_status":"closed","ping_status":"closed","template":"","meta":{"_acf_changed":false,"footnotes":""},"class_list":["post-9838","page","type-page","status-publish","hentry"],"acf":[],"yoast_head":"<!-- This site is optimized with the Yoast SEO plugin v25.9 - https:\/\/yoast.com\/wordpress\/plugins\/seo\/ -->\n<title>S.C.A.N. Costa Blanca - Animals for Adoption - SCAN Wohlt\u00e4tigkeitsboutique<\/title>\n<meta name=\"description\" content=\"S.C.A.N. Costa Blanca - Animal Adoptions - Dog and Cat Rescue, Care &amp; Rehoming - - SCAN Wohlt\u00e4tigkeitsboutique\" \/>\n<meta name=\"robots\" content=\"index, follow, max-snippet:-1, max-image-preview:large, max-video-preview:-1\" \/>\n<link rel=\"canonical\" href=\"https:\/\/www.scancostablanca.com\/de\/scan-shop\/\" \/>\n<meta property=\"og:locale\" content=\"de_DE\" \/>\n<meta property=\"og:type\" content=\"article\" \/>\n<meta property=\"og:title\" content=\"S.C.A.N. Costa Blanca - Animals for Adoption - SCAN Wohlt\u00e4tigkeitsboutique\" \/>\n<meta property=\"og:description\" content=\"S.C.A.N. Costa Blanca - Animal Adoptions - Dog and Cat Rescue, Care &amp; Rehoming - - SCAN Wohlt\u00e4tigkeitsboutique\" \/>\n<meta property=\"og:url\" content=\"https:\/\/www.scancostablanca.com\/de\/scan-shop\/\" \/>\n<meta property=\"og:site_name\" content=\"S.C.A.N. Costa Blanca\" \/>\n<meta property=\"article:publisher\" content=\"https:\/\/www.facebook.com\/SocietyForTheCareOfAnimalsInNeedScan\/\" \/>\n<meta property=\"article:modified_time\" content=\"2019-01-07T10:59:52+00:00\" \/>\n<meta property=\"og:image\" content=\"https:\/\/www.scancostablanca.com\/wp-content\/uploads\/2018\/03\/items-composite-sf-1-6-480x284.png\" \/>\n<meta name=\"twitter:card\" content=\"summary_large_image\" \/>\n<script type=\"application\/ld+json\" class=\"yoast-schema-graph\">{\"@context\":\"https:\/\/schema.org\",\"@graph\":[{\"@type\":\"WebPage\",\"@id\":\"https:\/\/www.scancostablanca.com\/de\/scan-shop\/\",\"url\":\"https:\/\/www.scancostablanca.com\/de\/scan-shop\/\",\"name\":\"S.C.A.N. Costa Blanca - Animals for Adoption - SCAN Wohlt\u00e4tigkeitsboutique\",\"isPartOf\":{\"@id\":\"https:\/\/www.scancostablanca.com\/#website\"},\"primaryImageOfPage\":{\"@id\":\"https:\/\/www.scancostablanca.com\/de\/scan-shop\/#primaryimage\"},\"image\":{\"@id\":\"https:\/\/www.scancostablanca.com\/de\/scan-shop\/#primaryimage\"},\"thumbnailUrl\":\"https:\/\/www.scancostablanca.com\/wp-content\/uploads\/2018\/03\/items-composite-sf-1-6-480x284.png\",\"datePublished\":\"2018-08-16T15:22:56+00:00\",\"dateModified\":\"2019-01-07T10:59:52+00:00\",\"description\":\"S.C.A.N. Costa Blanca - Animal Adoptions - Dog and Cat Rescue, Care & Rehoming - - SCAN Wohlt\u00e4tigkeitsboutique\",\"breadcrumb\":{\"@id\":\"https:\/\/www.scancostablanca.com\/de\/scan-shop\/#breadcrumb\"},\"inLanguage\":\"de\",\"potentialAction\":[{\"@type\":\"ReadAction\",\"target\":[\"https:\/\/www.scancostablanca.com\/de\/scan-shop\/\"]}]},{\"@type\":\"ImageObject\",\"inLanguage\":\"de\",\"@id\":\"https:\/\/www.scancostablanca.com\/de\/scan-shop\/#primaryimage\",\"url\":\"https:\/\/www.scancostablanca.com\/wp-content\/uploads\/2018\/03\/items-composite-sf-1-6-480x284.png\",\"contentUrl\":\"https:\/\/www.scancostablanca.com\/wp-content\/uploads\/2018\/03\/items-composite-sf-1-6-480x284.png\"},{\"@type\":\"BreadcrumbList\",\"@id\":\"https:\/\/www.scancostablanca.com\/de\/scan-shop\/#breadcrumb\",\"itemListElement\":[{\"@type\":\"ListItem\",\"position\":1,\"name\":\"Home\",\"item\":\"https:\/\/www.scancostablanca.com\/de\/\"},{\"@type\":\"ListItem\",\"position\":2,\"name\":\"SCAN Wohlt\u00e4tigkeitsboutique\"}]},{\"@type\":\"WebSite\",\"@id\":\"https:\/\/www.scancostablanca.com\/#website\",\"url\":\"https:\/\/www.scancostablanca.com\/\",\"name\":\"S.C.A.N. Costa Blanca\",\"description\":\"Society for the Care of Animals in Need\",\"publisher\":{\"@id\":\"https:\/\/www.scancostablanca.com\/#organization\"},\"potentialAction\":[{\"@type\":\"SearchAction\",\"target\":{\"@type\":\"EntryPoint\",\"urlTemplate\":\"https:\/\/www.scancostablanca.com\/?s={search_term_string}\"},\"query-input\":{\"@type\":\"PropertyValueSpecification\",\"valueRequired\":true,\"valueName\":\"search_term_string\"}}],\"inLanguage\":\"de\"},{\"@type\":\"Organization\",\"@id\":\"https:\/\/www.scancostablanca.com\/#organization\",\"name\":\"Society for the Care of Animals in Need\",\"url\":\"https:\/\/www.scancostablanca.com\/\",\"logo\":{\"@type\":\"ImageObject\",\"inLanguage\":\"de\",\"@id\":\"https:\/\/www.scancostablanca.com\/#\/schema\/logo\/image\/\",\"url\":\"https:\/\/www.scancostablanca.com\/wp-content\/uploads\/2018\/05\/scan-logo-text-blk-nobg.png\",\"contentUrl\":\"https:\/\/www.scancostablanca.com\/wp-content\/uploads\/2018\/05\/scan-logo-text-blk-nobg.png\",\"width\":409,\"height\":135,\"caption\":\"Society for the Care of Animals in Need\"},\"image\":{\"@id\":\"https:\/\/www.scancostablanca.com\/#\/schema\/logo\/image\/\"},\"sameAs\":[\"https:\/\/www.facebook.com\/SocietyForTheCareOfAnimalsInNeedScan\/\"]}]}<\/script>\n<!-- \/ Yoast SEO plugin. -->","yoast_head_json":{"title":"S.C.A.N. Costa Blanca - Animals for Adoption - SCAN Wohlt\u00e4tigkeitsboutique","description":"S.C.A.N. Costa Blanca - Animal Adoptions - Dog and Cat Rescue, Care & Rehoming - - SCAN Wohlt\u00e4tigkeitsboutique","robots":{"index":"index","follow":"follow","max-snippet":"max-snippet:-1","max-image-preview":"max-image-preview:large","max-video-preview":"max-video-preview:-1"},"canonical":"https:\/\/www.scancostablanca.com\/de\/scan-shop\/","og_locale":"de_DE","og_type":"article","og_title":"S.C.A.N. Costa Blanca - Animals for Adoption - SCAN Wohlt\u00e4tigkeitsboutique","og_description":"S.C.A.N. Costa Blanca - Animal Adoptions - Dog and Cat Rescue, Care & Rehoming - - SCAN Wohlt\u00e4tigkeitsboutique","og_url":"https:\/\/www.scancostablanca.com\/de\/scan-shop\/","og_site_name":"S.C.A.N. Costa Blanca","article_publisher":"https:\/\/www.facebook.com\/SocietyForTheCareOfAnimalsInNeedScan\/","article_modified_time":"2019-01-07T10:59:52+00:00","og_image":[{"url":"https:\/\/www.scancostablanca.com\/wp-content\/uploads\/2018\/03\/items-composite-sf-1-6-480x284.png","type":"","width":"","height":""}],"twitter_card":"summary_large_image","schema":{"@context":"https:\/\/schema.org","@graph":[{"@type":"WebPage","@id":"https:\/\/www.scancostablanca.com\/de\/scan-shop\/","url":"https:\/\/www.scancostablanca.com\/de\/scan-shop\/","name":"S.C.A.N. Costa Blanca - Animals for Adoption - SCAN Wohlt\u00e4tigkeitsboutique","isPartOf":{"@id":"https:\/\/www.scancostablanca.com\/#website"},"primaryImageOfPage":{"@id":"https:\/\/www.scancostablanca.com\/de\/scan-shop\/#primaryimage"},"image":{"@id":"https:\/\/www.scancostablanca.com\/de\/scan-shop\/#primaryimage"},"thumbnailUrl":"https:\/\/www.scancostablanca.com\/wp-content\/uploads\/2018\/03\/items-composite-sf-1-6-480x284.png","datePublished":"2018-08-16T15:22:56+00:00","dateModified":"2019-01-07T10:59:52+00:00","description":"S.C.A.N. Costa Blanca - Animal Adoptions - Dog and Cat Rescue, Care & Rehoming - - SCAN Wohlt\u00e4tigkeitsboutique","breadcrumb":{"@id":"https:\/\/www.scancostablanca.com\/de\/scan-shop\/#breadcrumb"},"inLanguage":"de","potentialAction":[{"@type":"ReadAction","target":["https:\/\/www.scancostablanca.com\/de\/scan-shop\/"]}]},{"@type":"ImageObject","inLanguage":"de","@id":"https:\/\/www.scancostablanca.com\/de\/scan-shop\/#primaryimage","url":"https:\/\/www.scancostablanca.com\/wp-content\/uploads\/2018\/03\/items-composite-sf-1-6-480x284.png","contentUrl":"https:\/\/www.scancostablanca.com\/wp-content\/uploads\/2018\/03\/items-composite-sf-1-6-480x284.png"},{"@type":"BreadcrumbList","@id":"https:\/\/www.scancostablanca.com\/de\/scan-shop\/#breadcrumb","itemListElement":[{"@type":"ListItem","position":1,"name":"Home","item":"https:\/\/www.scancostablanca.com\/de\/"},{"@type":"ListItem","position":2,"name":"SCAN Wohlt\u00e4tigkeitsboutique"}]},{"@type":"WebSite","@id":"https:\/\/www.scancostablanca.com\/#website","url":"https:\/\/www.scancostablanca.com\/","name":"S.C.A.N. Costa Blanca","description":"Society for the Care of Animals in Need","publisher":{"@id":"https:\/\/www.scancostablanca.com\/#organization"},"potentialAction":[{"@type":"SearchAction","target":{"@type":"EntryPoint","urlTemplate":"https:\/\/www.scancostablanca.com\/?s={search_term_string}"},"query-input":{"@type":"PropertyValueSpecification","valueRequired":true,"valueName":"search_term_string"}}],"inLanguage":"de"},{"@type":"Organization","@id":"https:\/\/www.scancostablanca.com\/#organization","name":"Society for the Care of Animals in Need","url":"https:\/\/www.scancostablanca.com\/","logo":{"@type":"ImageObject","inLanguage":"de","@id":"https:\/\/www.scancostablanca.com\/#\/schema\/logo\/image\/","url":"https:\/\/www.scancostablanca.com\/wp-content\/uploads\/2018\/05\/scan-logo-text-blk-nobg.png","contentUrl":"https:\/\/www.scancostablanca.com\/wp-content\/uploads\/2018\/05\/scan-logo-text-blk-nobg.png","width":409,"height":135,"caption":"Society for the Care of Animals in Need"},"image":{"@id":"https:\/\/www.scancostablanca.com\/#\/schema\/logo\/image\/"},"sameAs":["https:\/\/www.facebook.com\/SocietyForTheCareOfAnimalsInNeedScan\/"]}]}},"_links":{"self":[{"href":"https:\/\/www.scancostablanca.com\/de\/wp-json\/wp\/v2\/pages\/9838","targetHints":{"allow":["GET"]}}],"collection":[{"href":"https:\/\/www.scancostablanca.com\/de\/wp-json\/wp\/v2\/pages"}],"about":[{"href":"https:\/\/www.scancostablanca.com\/de\/wp-json\/wp\/v2\/types\/page"}],"author":[{"embeddable":true,"href":"https:\/\/www.scancostablanca.com\/de\/wp-json\/wp\/v2\/users\/2"}],"replies":[{"embeddable":true,"href":"https:\/\/www.scancostablanca.com\/de\/wp-json\/wp\/v2\/comments?post=9838"}],"version-history":[{"count":0,"href":"https:\/\/www.scancostablanca.com\/de\/wp-json\/wp\/v2\/pages\/9838\/revisions"}],"wp:attachment":[{"href":"https:\/\/www.scancostablanca.com\/de\/wp-json\/wp\/v2\/media?parent=9838"}],"curies":[{"name":"wp","href":"https:\/\/api.w.org\/{rel}","templated":true}]}}