{"id":9846,"date":"2018-08-18T18:29:19","date_gmt":"2018-08-18T16:29:19","guid":{"rendered":"https:\/\/www.scancostablanca.com\/de\/volunteers\/"},"modified":"2020-11-29T22:08:32","modified_gmt":"2020-11-29T21:08:32","slug":"freiwillige-helfer","status":"publish","type":"page","link":"https:\/\/www.scancostablanca.com\/de\/freiwillige-helfer\/","title":{"rendered":"Freiwillige Helfer"},"content":{"rendered":"<h5 style=\"text-align: center;\"><\/h5>\n<h5 style=\"text-align: center;\">...<strong> WIR BRAUCHEN SIE ...<\/strong><\/h5>\n<h5 style=\"text-align: center;\"><strong>Ohne unsere Freiwilligen w\u00e4re SCAN nicht in der Lage, sich um die Tiere zu k\u00fcmmern.<\/strong><\/h5>\n<h5 style=\"text-align: center;\"><strong>M\u00f6chten Sie unserem freundlichen, engagierten Team beitreten?<\/strong><\/h5>\n<h5 style=\"text-align: center;\"><\/h5>\n<p><img decoding=\"async\" class=\"aligncenter size-full wp-image-33109 lazyload\" data-src=\"https:\/\/www.scancostablanca.com\/wp-content\/uploads\/2018\/04\/arrow-hearts-green.png\" alt=\"\" width=\"194\" height=\"49\" src=\"data:image\/svg+xml;base64,PHN2ZyB3aWR0aD0iMSIgaGVpZ2h0PSIxIiB4bWxucz0iaHR0cDovL3d3dy53My5vcmcvMjAwMC9zdmciPjwvc3ZnPg==\" style=\"--smush-placeholder-width: 194px; --smush-placeholder-aspect-ratio: 194\/49;\" \/><\/p>\n<h5 style=\"text-align: center;\"><strong>Wir brauchen immer Hilfe<br \/>\n<\/strong><\/h5>\n<p>&nbsp;<\/p>\n\n","protected":false},"excerpt":{"rendered":"<p>&#8230; WIR BRAUCHEN SIE &#8230; Ohne unsere Freiwilligen w\u00e4re SCAN nicht in der Lage, sich um die Tiere zu k\u00fcmmern. M\u00f6chten Sie unserem freundlichen, engagierten Team beitreten? Wir brauchen immer [&#8230;]<\/p>\n<p><a class=\"btn btn-secondary understrap-read-more-link\" href=\"https:\/\/www.scancostablanca.com\/de\/freiwillige-helfer\/\">Weiterlesen&#8230;<\/a><\/p>\n","protected":false},"author":2,"featured_media":0,"parent":0,"menu_order":0,"comment_status":"closed","ping_status":"closed","template":"page-templates\/volunteers-page.php","meta":{"_acf_changed":false,"footnotes":""},"class_list":["post-9846","page","type-page","status-publish","hentry"],"acf":[],"yoast_head":"<!-- This site is optimized with the Yoast SEO plugin v25.9 - https:\/\/yoast.com\/wordpress\/plugins\/seo\/ -->\n<title>S.C.A.N. Costa Blanca - Animals for Adoption - Freiwillige Helfer<\/title>\n<meta name=\"description\" content=\"SCAN Costa Blanca - Animal Adoptions - Dog and Cat Rescue, Care &amp; Rehoming - - Freiwillige Helfer\" \/>\n<meta name=\"robots\" content=\"index, follow, max-snippet:-1, max-image-preview:large, max-video-preview:-1\" \/>\n<link rel=\"canonical\" href=\"https:\/\/www.scancostablanca.com\/de\/freiwillige-helfer\/\" \/>\n<meta property=\"og:locale\" content=\"de_DE\" \/>\n<meta property=\"og:type\" content=\"article\" \/>\n<meta property=\"og:title\" content=\"S.C.A.N. Costa Blanca - Animals for Adoption - Freiwillige Helfer\" \/>\n<meta property=\"og:description\" content=\"SCAN Costa Blanca - Animal Adoptions - Dog and Cat Rescue, Care &amp; Rehoming - - Freiwillige Helfer\" \/>\n<meta property=\"og:url\" content=\"https:\/\/www.scancostablanca.com\/de\/freiwillige-helfer\/\" \/>\n<meta property=\"og:site_name\" content=\"S.C.A.N. Costa Blanca\" \/>\n<meta property=\"article:publisher\" content=\"https:\/\/www.facebook.com\/SocietyForTheCareOfAnimalsInNeedScan\/\" \/>\n<meta property=\"article:modified_time\" content=\"2020-11-29T21:08:32+00:00\" \/>\n<meta property=\"og:image\" content=\"https:\/\/www.scancostablanca.com\/wp-content\/uploads\/2018\/08\/736288c3-bd66-4fb9-bc23-e4b0d458aa7e-250x250.jpg\" \/>\n<meta name=\"twitter:card\" content=\"summary_large_image\" \/>\n<script type=\"application\/ld+json\" class=\"yoast-schema-graph\">{\"@context\":\"https:\/\/schema.org\",\"@graph\":[{\"@type\":\"WebPage\",\"@id\":\"https:\/\/www.scancostablanca.com\/de\/freiwillige-helfer\/\",\"url\":\"https:\/\/www.scancostablanca.com\/de\/freiwillige-helfer\/\",\"name\":\"S.C.A.N. Costa Blanca - Animals for Adoption - Freiwillige Helfer\",\"isPartOf\":{\"@id\":\"https:\/\/www.scancostablanca.com\/#website\"},\"primaryImageOfPage\":{\"@id\":\"https:\/\/www.scancostablanca.com\/de\/freiwillige-helfer\/#primaryimage\"},\"image\":{\"@id\":\"https:\/\/www.scancostablanca.com\/de\/freiwillige-helfer\/#primaryimage\"},\"thumbnailUrl\":\"https:\/\/www.scancostablanca.com\/wp-content\/uploads\/2018\/04\/arrow-hearts-green.png\",\"datePublished\":\"2018-08-18T16:29:19+00:00\",\"dateModified\":\"2020-11-29T21:08:32+00:00\",\"description\":\"SCAN Costa Blanca - Animal Adoptions - Dog and Cat Rescue, Care & Rehoming - - Freiwillige Helfer\",\"breadcrumb\":{\"@id\":\"https:\/\/www.scancostablanca.com\/de\/freiwillige-helfer\/#breadcrumb\"},\"inLanguage\":\"de\",\"potentialAction\":[{\"@type\":\"ReadAction\",\"target\":[\"https:\/\/www.scancostablanca.com\/de\/freiwillige-helfer\/\"]}]},{\"@type\":\"ImageObject\",\"inLanguage\":\"de\",\"@id\":\"https:\/\/www.scancostablanca.com\/de\/freiwillige-helfer\/#primaryimage\",\"url\":\"https:\/\/www.scancostablanca.com\/wp-content\/uploads\/2018\/04\/arrow-hearts-green.png\",\"contentUrl\":\"https:\/\/www.scancostablanca.com\/wp-content\/uploads\/2018\/04\/arrow-hearts-green.png\"},{\"@type\":\"BreadcrumbList\",\"@id\":\"https:\/\/www.scancostablanca.com\/de\/freiwillige-helfer\/#breadcrumb\",\"itemListElement\":[{\"@type\":\"ListItem\",\"position\":1,\"name\":\"Home\",\"item\":\"https:\/\/www.scancostablanca.com\/de\/\"},{\"@type\":\"ListItem\",\"position\":2,\"name\":\"Freiwillige Helfer\"}]},{\"@type\":\"WebSite\",\"@id\":\"https:\/\/www.scancostablanca.com\/#website\",\"url\":\"https:\/\/www.scancostablanca.com\/\",\"name\":\"S.C.A.N. Costa Blanca\",\"description\":\"Society for the Care of Animals in Need\",\"publisher\":{\"@id\":\"https:\/\/www.scancostablanca.com\/#organization\"},\"potentialAction\":[{\"@type\":\"SearchAction\",\"target\":{\"@type\":\"EntryPoint\",\"urlTemplate\":\"https:\/\/www.scancostablanca.com\/?s={search_term_string}\"},\"query-input\":{\"@type\":\"PropertyValueSpecification\",\"valueRequired\":true,\"valueName\":\"search_term_string\"}}],\"inLanguage\":\"de\"},{\"@type\":\"Organization\",\"@id\":\"https:\/\/www.scancostablanca.com\/#organization\",\"name\":\"Society for the Care of Animals in Need\",\"url\":\"https:\/\/www.scancostablanca.com\/\",\"logo\":{\"@type\":\"ImageObject\",\"inLanguage\":\"de\",\"@id\":\"https:\/\/www.scancostablanca.com\/#\/schema\/logo\/image\/\",\"url\":\"https:\/\/www.scancostablanca.com\/wp-content\/uploads\/2018\/05\/scan-logo-text-blk-nobg.png\",\"contentUrl\":\"https:\/\/www.scancostablanca.com\/wp-content\/uploads\/2018\/05\/scan-logo-text-blk-nobg.png\",\"width\":409,\"height\":135,\"caption\":\"Society for the Care of Animals in Need\"},\"image\":{\"@id\":\"https:\/\/www.scancostablanca.com\/#\/schema\/logo\/image\/\"},\"sameAs\":[\"https:\/\/www.facebook.com\/SocietyForTheCareOfAnimalsInNeedScan\/\"]}]}<\/script>\n<!-- \/ Yoast SEO plugin. -->","yoast_head_json":{"title":"S.C.A.N. Costa Blanca - Animals for Adoption - Freiwillige Helfer","description":"SCAN Costa Blanca - Animal Adoptions - Dog and Cat Rescue, Care & Rehoming - - Freiwillige Helfer","robots":{"index":"index","follow":"follow","max-snippet":"max-snippet:-1","max-image-preview":"max-image-preview:large","max-video-preview":"max-video-preview:-1"},"canonical":"https:\/\/www.scancostablanca.com\/de\/freiwillige-helfer\/","og_locale":"de_DE","og_type":"article","og_title":"S.C.A.N. Costa Blanca - Animals for Adoption - Freiwillige Helfer","og_description":"SCAN Costa Blanca - Animal Adoptions - Dog and Cat Rescue, Care & Rehoming - - Freiwillige Helfer","og_url":"https:\/\/www.scancostablanca.com\/de\/freiwillige-helfer\/","og_site_name":"S.C.A.N. Costa Blanca","article_publisher":"https:\/\/www.facebook.com\/SocietyForTheCareOfAnimalsInNeedScan\/","article_modified_time":"2020-11-29T21:08:32+00:00","og_image":[{"url":"https:\/\/www.scancostablanca.com\/wp-content\/uploads\/2018\/08\/736288c3-bd66-4fb9-bc23-e4b0d458aa7e-250x250.jpg","type":"","width":"","height":""}],"twitter_card":"summary_large_image","schema":{"@context":"https:\/\/schema.org","@graph":[{"@type":"WebPage","@id":"https:\/\/www.scancostablanca.com\/de\/freiwillige-helfer\/","url":"https:\/\/www.scancostablanca.com\/de\/freiwillige-helfer\/","name":"S.C.A.N. Costa Blanca - Animals for Adoption - Freiwillige Helfer","isPartOf":{"@id":"https:\/\/www.scancostablanca.com\/#website"},"primaryImageOfPage":{"@id":"https:\/\/www.scancostablanca.com\/de\/freiwillige-helfer\/#primaryimage"},"image":{"@id":"https:\/\/www.scancostablanca.com\/de\/freiwillige-helfer\/#primaryimage"},"thumbnailUrl":"https:\/\/www.scancostablanca.com\/wp-content\/uploads\/2018\/04\/arrow-hearts-green.png","datePublished":"2018-08-18T16:29:19+00:00","dateModified":"2020-11-29T21:08:32+00:00","description":"SCAN Costa Blanca - Animal Adoptions - Dog and Cat Rescue, Care & Rehoming - - Freiwillige Helfer","breadcrumb":{"@id":"https:\/\/www.scancostablanca.com\/de\/freiwillige-helfer\/#breadcrumb"},"inLanguage":"de","potentialAction":[{"@type":"ReadAction","target":["https:\/\/www.scancostablanca.com\/de\/freiwillige-helfer\/"]}]},{"@type":"ImageObject","inLanguage":"de","@id":"https:\/\/www.scancostablanca.com\/de\/freiwillige-helfer\/#primaryimage","url":"https:\/\/www.scancostablanca.com\/wp-content\/uploads\/2018\/04\/arrow-hearts-green.png","contentUrl":"https:\/\/www.scancostablanca.com\/wp-content\/uploads\/2018\/04\/arrow-hearts-green.png"},{"@type":"BreadcrumbList","@id":"https:\/\/www.scancostablanca.com\/de\/freiwillige-helfer\/#breadcrumb","itemListElement":[{"@type":"ListItem","position":1,"name":"Home","item":"https:\/\/www.scancostablanca.com\/de\/"},{"@type":"ListItem","position":2,"name":"Freiwillige Helfer"}]},{"@type":"WebSite","@id":"https:\/\/www.scancostablanca.com\/#website","url":"https:\/\/www.scancostablanca.com\/","name":"S.C.A.N. Costa Blanca","description":"Society for the Care of Animals in Need","publisher":{"@id":"https:\/\/www.scancostablanca.com\/#organization"},"potentialAction":[{"@type":"SearchAction","target":{"@type":"EntryPoint","urlTemplate":"https:\/\/www.scancostablanca.com\/?s={search_term_string}"},"query-input":{"@type":"PropertyValueSpecification","valueRequired":true,"valueName":"search_term_string"}}],"inLanguage":"de"},{"@type":"Organization","@id":"https:\/\/www.scancostablanca.com\/#organization","name":"Society for the Care of Animals in Need","url":"https:\/\/www.scancostablanca.com\/","logo":{"@type":"ImageObject","inLanguage":"de","@id":"https:\/\/www.scancostablanca.com\/#\/schema\/logo\/image\/","url":"https:\/\/www.scancostablanca.com\/wp-content\/uploads\/2018\/05\/scan-logo-text-blk-nobg.png","contentUrl":"https:\/\/www.scancostablanca.com\/wp-content\/uploads\/2018\/05\/scan-logo-text-blk-nobg.png","width":409,"height":135,"caption":"Society for the Care of Animals in Need"},"image":{"@id":"https:\/\/www.scancostablanca.com\/#\/schema\/logo\/image\/"},"sameAs":["https:\/\/www.facebook.com\/SocietyForTheCareOfAnimalsInNeedScan\/"]}]}},"_links":{"self":[{"href":"https:\/\/www.scancostablanca.com\/de\/wp-json\/wp\/v2\/pages\/9846","targetHints":{"allow":["GET"]}}],"collection":[{"href":"https:\/\/www.scancostablanca.com\/de\/wp-json\/wp\/v2\/pages"}],"about":[{"href":"https:\/\/www.scancostablanca.com\/de\/wp-json\/wp\/v2\/types\/page"}],"author":[{"embeddable":true,"href":"https:\/\/www.scancostablanca.com\/de\/wp-json\/wp\/v2\/users\/2"}],"replies":[{"embeddable":true,"href":"https:\/\/www.scancostablanca.com\/de\/wp-json\/wp\/v2\/comments?post=9846"}],"version-history":[{"count":0,"href":"https:\/\/www.scancostablanca.com\/de\/wp-json\/wp\/v2\/pages\/9846\/revisions"}],"wp:attachment":[{"href":"https:\/\/www.scancostablanca.com\/de\/wp-json\/wp\/v2\/media?parent=9846"}],"curies":[{"name":"wp","href":"https:\/\/api.w.org\/{rel}","templated":true}]}}