{"id":10073,"date":"2012-11-18T15:26:43","date_gmt":"2012-11-18T14:26:43","guid":{"rendered":"https:\/\/www.scancostablanca.com\/es\/sponsorship\/"},"modified":"2020-11-29T22:01:40","modified_gmt":"2020-11-29T21:01:40","slug":"patrocinio","status":"publish","type":"page","link":"https:\/\/www.scancostablanca.com\/es\/patrocinio\/","title":{"rendered":"Patrocinio"},"content":{"rendered":"<p>El patrocinio se est\u00e1 convirtiendo en una parte incre\u00edblemente importante del programa de financiamiento de SCAN. Sin el apoyo activo y el patrocinio de individuos y empresas tanto locales como internacionales nuestro programa anual de recaudaci\u00f3n de fondos de SCAN ser\u00eda mucho m\u00e1s dif\u00edcil.<\/p>\n<p>A todos aquellos que han patrocinado activamente a SCAN de muchas maneras diferentes, les damos las gracias en nombre de nuestros animales.<\/p>\n<p>Este a\u00f1o tenemos la intenci\u00f3n de desarrollar nuestros v\u00ednculos con empresas locales de la Costa Blanca para crear s\u00f3lidos niveles de conciencia p\u00fablica, empresarial y corporativa sobre el bienestar animal y una comprensi\u00f3n clara de la dif\u00edcil situaci\u00f3n de los animales abandonados y maltratados.<\/p>\n<p><a href=\"https:\/\/www.scancostablanca.com\/wp-content\/uploads\/2017\/08\/scan-logo-ours-cropped.png\"><img decoding=\"async\" class=\"wp-image-25187 alignnone lazyload\" data-src=\"https:\/\/www.scancostablanca.com\/wp-content\/uploads\/2017\/08\/scan-logo-ours-cropped-480x143.png\" alt=\"\" width=\"181\" height=\"54\" src=\"data:image\/svg+xml;base64,PHN2ZyB3aWR0aD0iMSIgaGVpZ2h0PSIxIiB4bWxucz0iaHR0cDovL3d3dy53My5vcmcvMjAwMC9zdmciPjwvc3ZnPg==\" style=\"--smush-placeholder-width: 181px; --smush-placeholder-aspect-ratio: 181\/54;\" \/><\/a><\/p>\n<p>&nbsp;<\/p>\n<h2>Nuestros patrocinadores<\/h2>\n<p>Aqu\u00ed est\u00e1n nuestros patrocinadores actuales. Si usted o su empresa desean convertirse en patrocinadores y ser incluidos en esta p\u00e1gina, por favor\u00a0<a href=\"https:\/\/www.scancostablanca.com\/es\/contacto\/\">cont\u00e1ctenos<\/a>.<\/p>\n\n","protected":false},"excerpt":{"rendered":"<p>El patrocinio se est\u00e1 convirtiendo en una parte incre\u00edblemente importante del programa de financiamiento de SCAN. Sin el apoyo activo y el patrocinio de individuos y empresas tanto locales como [&#8230;]<\/p>\n<p><a class=\"btn btn-secondary understrap-read-more-link\" href=\"https:\/\/www.scancostablanca.com\/es\/patrocinio\/\">Leer m\u00e1s&#8230;<\/a><\/p>\n","protected":false},"author":2,"featured_media":0,"parent":0,"menu_order":0,"comment_status":"closed","ping_status":"closed","template":"page-templates\/fullwidthpage.php","meta":{"_acf_changed":false,"footnotes":""},"class_list":["post-10073","page","type-page","status-publish","hentry"],"acf":[],"yoast_head":"<!-- This site is optimized with the Yoast SEO plugin v27.4 - https:\/\/yoast.com\/product\/yoast-seo-wordpress\/ -->\n<title>S.C.A.N. Costa Blanca - Animals for Adoption - Patrocinio<\/title>\n<meta name=\"description\" content=\"S.C.A.N. Costa Blanca - Animal Adoptions - Dog and Cat Rescue, Care &amp; Rehoming - - Patrocinio\" \/>\n<meta name=\"robots\" content=\"index, follow, max-snippet:-1, max-image-preview:large, max-video-preview:-1\" \/>\n<link rel=\"canonical\" href=\"https:\/\/www.scancostablanca.com\/es\/patrocinio\/\" \/>\n<meta property=\"og:locale\" content=\"es_ES\" \/>\n<meta property=\"og:type\" content=\"article\" \/>\n<meta property=\"og:title\" content=\"S.C.A.N. Costa Blanca - Animals for Adoption - Patrocinio\" \/>\n<meta property=\"og:description\" content=\"S.C.A.N. Costa Blanca - Animal Adoptions - Dog and Cat Rescue, Care &amp; Rehoming - - Patrocinio\" \/>\n<meta property=\"og:url\" content=\"https:\/\/www.scancostablanca.com\/es\/patrocinio\/\" \/>\n<meta property=\"og:site_name\" content=\"S.C.A.N. Costa Blanca\" \/>\n<meta property=\"article:publisher\" content=\"https:\/\/www.facebook.com\/SocietyForTheCareOfAnimalsInNeedScan\/\" \/>\n<meta property=\"article:modified_time\" content=\"2020-11-29T21:01:40+00:00\" \/>\n<meta property=\"og:image\" content=\"https:\/\/www.scancostablanca.com\/wp-content\/uploads\/2017\/08\/scan-logo-ours-cropped-480x143.png\" \/>\n<meta name=\"twitter:card\" content=\"summary_large_image\" \/>\n<script type=\"application\/ld+json\" class=\"yoast-schema-graph\">{\"@context\":\"https:\\\/\\\/schema.org\",\"@graph\":[{\"@type\":\"WebPage\",\"@id\":\"https:\\\/\\\/www.scancostablanca.com\\\/es\\\/patrocinio\\\/\",\"url\":\"https:\\\/\\\/www.scancostablanca.com\\\/es\\\/patrocinio\\\/\",\"name\":\"S.C.A.N. Costa Blanca - Animals for Adoption - Patrocinio\",\"isPartOf\":{\"@id\":\"https:\\\/\\\/www.scancostablanca.com\\\/#website\"},\"primaryImageOfPage\":{\"@id\":\"https:\\\/\\\/www.scancostablanca.com\\\/es\\\/patrocinio\\\/#primaryimage\"},\"image\":{\"@id\":\"https:\\\/\\\/www.scancostablanca.com\\\/es\\\/patrocinio\\\/#primaryimage\"},\"thumbnailUrl\":\"https:\\\/\\\/www.scancostablanca.com\\\/wp-content\\\/uploads\\\/2017\\\/08\\\/scan-logo-ours-cropped-480x143.png\",\"datePublished\":\"2012-11-18T14:26:43+00:00\",\"dateModified\":\"2020-11-29T21:01:40+00:00\",\"description\":\"S.C.A.N. Costa Blanca - Animal Adoptions - Dog and Cat Rescue, Care & Rehoming - - Patrocinio\",\"breadcrumb\":{\"@id\":\"https:\\\/\\\/www.scancostablanca.com\\\/es\\\/patrocinio\\\/#breadcrumb\"},\"inLanguage\":\"es\",\"potentialAction\":[{\"@type\":\"ReadAction\",\"target\":[\"https:\\\/\\\/www.scancostablanca.com\\\/es\\\/patrocinio\\\/\"]}]},{\"@type\":\"ImageObject\",\"inLanguage\":\"es\",\"@id\":\"https:\\\/\\\/www.scancostablanca.com\\\/es\\\/patrocinio\\\/#primaryimage\",\"url\":\"https:\\\/\\\/www.scancostablanca.com\\\/wp-content\\\/uploads\\\/2017\\\/08\\\/scan-logo-ours-cropped-480x143.png\",\"contentUrl\":\"https:\\\/\\\/www.scancostablanca.com\\\/wp-content\\\/uploads\\\/2017\\\/08\\\/scan-logo-ours-cropped-480x143.png\"},{\"@type\":\"BreadcrumbList\",\"@id\":\"https:\\\/\\\/www.scancostablanca.com\\\/es\\\/patrocinio\\\/#breadcrumb\",\"itemListElement\":[{\"@type\":\"ListItem\",\"position\":1,\"name\":\"Home\",\"item\":\"https:\\\/\\\/www.scancostablanca.com\\\/es\\\/\"},{\"@type\":\"ListItem\",\"position\":2,\"name\":\"Patrocinio\"}]},{\"@type\":\"WebSite\",\"@id\":\"https:\\\/\\\/www.scancostablanca.com\\\/#website\",\"url\":\"https:\\\/\\\/www.scancostablanca.com\\\/\",\"name\":\"S.C.A.N. Costa Blanca\",\"description\":\"Sociedad para el Cuidado de los Animales que lo Necesitan\",\"publisher\":{\"@id\":\"https:\\\/\\\/www.scancostablanca.com\\\/#organization\"},\"potentialAction\":[{\"@type\":\"SearchAction\",\"target\":{\"@type\":\"EntryPoint\",\"urlTemplate\":\"https:\\\/\\\/www.scancostablanca.com\\\/?s={search_term_string}\"},\"query-input\":{\"@type\":\"PropertyValueSpecification\",\"valueRequired\":true,\"valueName\":\"search_term_string\"}}],\"inLanguage\":\"es\"},{\"@type\":\"Organization\",\"@id\":\"https:\\\/\\\/www.scancostablanca.com\\\/#organization\",\"name\":\"Society for the Care of Animals in Need\",\"url\":\"https:\\\/\\\/www.scancostablanca.com\\\/\",\"logo\":{\"@type\":\"ImageObject\",\"inLanguage\":\"es\",\"@id\":\"https:\\\/\\\/www.scancostablanca.com\\\/#\\\/schema\\\/logo\\\/image\\\/\",\"url\":\"https:\\\/\\\/www.scancostablanca.com\\\/wp-content\\\/uploads\\\/2018\\\/05\\\/scan-logo-text-blk-nobg.png\",\"contentUrl\":\"https:\\\/\\\/www.scancostablanca.com\\\/wp-content\\\/uploads\\\/2018\\\/05\\\/scan-logo-text-blk-nobg.png\",\"width\":409,\"height\":135,\"caption\":\"Society for the Care of Animals in Need\"},\"image\":{\"@id\":\"https:\\\/\\\/www.scancostablanca.com\\\/#\\\/schema\\\/logo\\\/image\\\/\"},\"sameAs\":[\"https:\\\/\\\/www.facebook.com\\\/SocietyForTheCareOfAnimalsInNeedScan\\\/\"]}]}<\/script>\n<!-- \/ Yoast SEO plugin. -->","yoast_head_json":{"title":"S.C.A.N. Costa Blanca - Animals for Adoption - Patrocinio","description":"S.C.A.N. Costa Blanca - Animal Adoptions - Dog and Cat Rescue, Care & Rehoming - - Patrocinio","robots":{"index":"index","follow":"follow","max-snippet":"max-snippet:-1","max-image-preview":"max-image-preview:large","max-video-preview":"max-video-preview:-1"},"canonical":"https:\/\/www.scancostablanca.com\/es\/patrocinio\/","og_locale":"es_ES","og_type":"article","og_title":"S.C.A.N. Costa Blanca - Animals for Adoption - Patrocinio","og_description":"S.C.A.N. Costa Blanca - Animal Adoptions - Dog and Cat Rescue, Care & Rehoming - - Patrocinio","og_url":"https:\/\/www.scancostablanca.com\/es\/patrocinio\/","og_site_name":"S.C.A.N. Costa Blanca","article_publisher":"https:\/\/www.facebook.com\/SocietyForTheCareOfAnimalsInNeedScan\/","article_modified_time":"2020-11-29T21:01:40+00:00","og_image":[{"url":"https:\/\/www.scancostablanca.com\/wp-content\/uploads\/2017\/08\/scan-logo-ours-cropped-480x143.png","type":"","width":"","height":""}],"twitter_card":"summary_large_image","schema":{"@context":"https:\/\/schema.org","@graph":[{"@type":"WebPage","@id":"https:\/\/www.scancostablanca.com\/es\/patrocinio\/","url":"https:\/\/www.scancostablanca.com\/es\/patrocinio\/","name":"S.C.A.N. Costa Blanca - Animals for Adoption - Patrocinio","isPartOf":{"@id":"https:\/\/www.scancostablanca.com\/#website"},"primaryImageOfPage":{"@id":"https:\/\/www.scancostablanca.com\/es\/patrocinio\/#primaryimage"},"image":{"@id":"https:\/\/www.scancostablanca.com\/es\/patrocinio\/#primaryimage"},"thumbnailUrl":"https:\/\/www.scancostablanca.com\/wp-content\/uploads\/2017\/08\/scan-logo-ours-cropped-480x143.png","datePublished":"2012-11-18T14:26:43+00:00","dateModified":"2020-11-29T21:01:40+00:00","description":"S.C.A.N. Costa Blanca - Animal Adoptions - Dog and Cat Rescue, Care & Rehoming - - Patrocinio","breadcrumb":{"@id":"https:\/\/www.scancostablanca.com\/es\/patrocinio\/#breadcrumb"},"inLanguage":"es","potentialAction":[{"@type":"ReadAction","target":["https:\/\/www.scancostablanca.com\/es\/patrocinio\/"]}]},{"@type":"ImageObject","inLanguage":"es","@id":"https:\/\/www.scancostablanca.com\/es\/patrocinio\/#primaryimage","url":"https:\/\/www.scancostablanca.com\/wp-content\/uploads\/2017\/08\/scan-logo-ours-cropped-480x143.png","contentUrl":"https:\/\/www.scancostablanca.com\/wp-content\/uploads\/2017\/08\/scan-logo-ours-cropped-480x143.png"},{"@type":"BreadcrumbList","@id":"https:\/\/www.scancostablanca.com\/es\/patrocinio\/#breadcrumb","itemListElement":[{"@type":"ListItem","position":1,"name":"Home","item":"https:\/\/www.scancostablanca.com\/es\/"},{"@type":"ListItem","position":2,"name":"Patrocinio"}]},{"@type":"WebSite","@id":"https:\/\/www.scancostablanca.com\/#website","url":"https:\/\/www.scancostablanca.com\/","name":"S.C.A.N. Costa Blanca","description":"Sociedad para el Cuidado de los Animales que lo Necesitan","publisher":{"@id":"https:\/\/www.scancostablanca.com\/#organization"},"potentialAction":[{"@type":"SearchAction","target":{"@type":"EntryPoint","urlTemplate":"https:\/\/www.scancostablanca.com\/?s={search_term_string}"},"query-input":{"@type":"PropertyValueSpecification","valueRequired":true,"valueName":"search_term_string"}}],"inLanguage":"es"},{"@type":"Organization","@id":"https:\/\/www.scancostablanca.com\/#organization","name":"Society for the Care of Animals in Need","url":"https:\/\/www.scancostablanca.com\/","logo":{"@type":"ImageObject","inLanguage":"es","@id":"https:\/\/www.scancostablanca.com\/#\/schema\/logo\/image\/","url":"https:\/\/www.scancostablanca.com\/wp-content\/uploads\/2018\/05\/scan-logo-text-blk-nobg.png","contentUrl":"https:\/\/www.scancostablanca.com\/wp-content\/uploads\/2018\/05\/scan-logo-text-blk-nobg.png","width":409,"height":135,"caption":"Society for the Care of Animals in Need"},"image":{"@id":"https:\/\/www.scancostablanca.com\/#\/schema\/logo\/image\/"},"sameAs":["https:\/\/www.facebook.com\/SocietyForTheCareOfAnimalsInNeedScan\/"]}]}},"_links":{"self":[{"href":"https:\/\/www.scancostablanca.com\/es\/wp-json\/wp\/v2\/pages\/10073","targetHints":{"allow":["GET"]}}],"collection":[{"href":"https:\/\/www.scancostablanca.com\/es\/wp-json\/wp\/v2\/pages"}],"about":[{"href":"https:\/\/www.scancostablanca.com\/es\/wp-json\/wp\/v2\/types\/page"}],"author":[{"embeddable":true,"href":"https:\/\/www.scancostablanca.com\/es\/wp-json\/wp\/v2\/users\/2"}],"replies":[{"embeddable":true,"href":"https:\/\/www.scancostablanca.com\/es\/wp-json\/wp\/v2\/comments?post=10073"}],"version-history":[{"count":0,"href":"https:\/\/www.scancostablanca.com\/es\/wp-json\/wp\/v2\/pages\/10073\/revisions"}],"wp:attachment":[{"href":"https:\/\/www.scancostablanca.com\/es\/wp-json\/wp\/v2\/media?parent=10073"}],"curies":[{"name":"wp","href":"https:\/\/api.w.org\/{rel}","templated":true}]}}