{"id":10082,"date":"2018-08-16T17:23:11","date_gmt":"2018-08-16T15:23:11","guid":{"rendered":"https:\/\/www.scancostablanca.com\/es\/fundraising\/"},"modified":"2020-11-29T22:29:32","modified_gmt":"2020-11-29T21:29:32","slug":"recaudacion-de-fondos","status":"publish","type":"page","link":"https:\/\/www.scancostablanca.com\/es\/recaudacion-de-fondos\/","title":{"rendered":"Recaudaci\u00f3n de fondos"},"content":{"rendered":"<h3>\u00bfPor qu\u00e9 es tan esencial la recaudaci\u00f3n de fondos?<\/h3>\n<p>La recaudaci\u00f3n de fondos es una cuesti\u00f3n de vida o muerte para nosotros.<\/p>\n<p>Para garantizar un futuro seguro para nuestros gatos y perros, SCAN necesita recaudar fondos continuamente para pagar los cuidados diarios. Los eventos juegan un papel clave al proporcionarnos el dinero para cuidar a nuestros animales.<\/p>\n<p>\u00bfPuede ayudarnos organizando su propio evento de recaudaci\u00f3n de fondos, tal vez una venta de pasteles, una ma\u00f1ana de caf\u00e9 o una caminata patrocinada, marat\u00f3n o carrera de bicicletas? Cualquier cosa que pueda hacer para ayudarnos a recaudar fondos supondr\u00eda una gran diferencia para nuestros perros y gatos.<\/p>\n<p>Podemos y estamos felices de ayudar con el dise\u00f1o de carteles, publicidad y publicaciones en redes sociales. Los equipos de marketing y eventos de SCAN apoyar\u00e1n completamente su evento.<\/p>\n<p>\u00bfConoce alg\u00fan cantante, bandas u otros artistas que quieran prestar su talento a nuestra causa para una tarde o noche? Nos encantar\u00eda tener noticias de usted.<\/p>\n<p>Siempre estamos buscando nuevas ideas e iniciativas de recaudaci\u00f3n de fondos que promover\u00e1n SCAN a una audiencia m\u00e1s amplia. Si tiene una idea que discutir, comun\u00edquese con un miembro de nuestro equipo de eventos.<\/p>\n<p>Pam: 679 04 28 15<br \/>\nscancenter9@gmail.com<\/p>\n<p>&nbsp;<\/p>\n<p>&nbsp;<\/p>\n\n<h4>Empresas y negocios<\/h4>\n<p>SCAN tiene una base de apoyo leal y diversa.<\/p>\n<p>Propietarios y gerentes de negocios o empresas: puede hablar directamente con este grupo econ\u00f3micamente activo patrocinando SCAN. Nuestros paquetes de patrocinio incluyen anuncios en nuestro sitio web y en nuestros boletines informativos regulares, adem\u00e1s de oportunidades de distribuci\u00f3n de carteles y anuncios en nuestros eventos de recaudaci\u00f3n de fondos.<\/p>\n<p>P\u00f3ngase en contacto con nuestro presidente, Barry, en el 626 55 08 64 o por correo electr\u00f3nico: scancenter9@gmail.com<\/p>\n<p>&nbsp;<\/p>\n<p>&nbsp;<\/p>\n","protected":false},"excerpt":{"rendered":"<p>\u00bfPor qu\u00e9 es tan esencial la recaudaci\u00f3n de fondos? La recaudaci\u00f3n de fondos es una cuesti\u00f3n de vida o muerte para nosotros. Para garantizar un futuro seguro para nuestros gatos [&#8230;]<\/p>\n<p><a class=\"btn btn-secondary understrap-read-more-link\" href=\"https:\/\/www.scancostablanca.com\/es\/recaudacion-de-fondos\/\">Leer m\u00e1s&#8230;<\/a><\/p>\n","protected":false},"author":2,"featured_media":0,"parent":0,"menu_order":0,"comment_status":"closed","ping_status":"closed","template":"","meta":{"_acf_changed":false,"footnotes":""},"class_list":["post-10082","page","type-page","status-publish","hentry"],"acf":[],"yoast_head":"<!-- This site is optimized with the Yoast SEO plugin v25.9 - https:\/\/yoast.com\/wordpress\/plugins\/seo\/ -->\n<title>S.C.A.N. Costa Blanca - Animals for Adoption - Recaudaci\u00f3n de fondos<\/title>\n<meta name=\"description\" content=\"S.C.A.N. Costa Blanca - Animal Adoptions - Dog and Cat Rescue, Care &amp; Rehoming - - Recaudaci\u00f3n de fondos\" \/>\n<meta name=\"robots\" content=\"index, follow, max-snippet:-1, max-image-preview:large, max-video-preview:-1\" \/>\n<link rel=\"canonical\" href=\"https:\/\/www.scancostablanca.com\/es\/recaudacion-de-fondos\/\" \/>\n<meta property=\"og:locale\" content=\"es_ES\" \/>\n<meta property=\"og:type\" content=\"article\" \/>\n<meta property=\"og:title\" content=\"S.C.A.N. Costa Blanca - Animals for Adoption - Recaudaci\u00f3n de fondos\" \/>\n<meta property=\"og:description\" content=\"S.C.A.N. Costa Blanca - Animal Adoptions - Dog and Cat Rescue, Care &amp; Rehoming - - Recaudaci\u00f3n de fondos\" \/>\n<meta property=\"og:url\" content=\"https:\/\/www.scancostablanca.com\/es\/recaudacion-de-fondos\/\" \/>\n<meta property=\"og:site_name\" content=\"S.C.A.N. Costa Blanca\" \/>\n<meta property=\"article:publisher\" content=\"https:\/\/www.facebook.com\/SocietyForTheCareOfAnimalsInNeedScan\/\" \/>\n<meta property=\"article:modified_time\" content=\"2020-11-29T21:29:32+00:00\" \/>\n<meta property=\"og:image\" content=\"https:\/\/www.scancostablanca.com\/wp-content\/uploads\/2018\/02\/Barni2g-250x250.jpg\" \/>\n<meta name=\"twitter:card\" content=\"summary_large_image\" \/>\n<script type=\"application\/ld+json\" class=\"yoast-schema-graph\">{\"@context\":\"https:\/\/schema.org\",\"@graph\":[{\"@type\":\"WebPage\",\"@id\":\"https:\/\/www.scancostablanca.com\/es\/recaudacion-de-fondos\/\",\"url\":\"https:\/\/www.scancostablanca.com\/es\/recaudacion-de-fondos\/\",\"name\":\"S.C.A.N. Costa Blanca - Animals for Adoption - Recaudaci\u00f3n de fondos\",\"isPartOf\":{\"@id\":\"https:\/\/www.scancostablanca.com\/#website\"},\"datePublished\":\"2018-08-16T15:23:11+00:00\",\"dateModified\":\"2020-11-29T21:29:32+00:00\",\"description\":\"S.C.A.N. Costa Blanca - Animal Adoptions - Dog and Cat Rescue, Care & Rehoming - - Recaudaci\u00f3n de fondos\",\"breadcrumb\":{\"@id\":\"https:\/\/www.scancostablanca.com\/es\/recaudacion-de-fondos\/#breadcrumb\"},\"inLanguage\":\"es\",\"potentialAction\":[{\"@type\":\"ReadAction\",\"target\":[\"https:\/\/www.scancostablanca.com\/es\/recaudacion-de-fondos\/\"]}]},{\"@type\":\"BreadcrumbList\",\"@id\":\"https:\/\/www.scancostablanca.com\/es\/recaudacion-de-fondos\/#breadcrumb\",\"itemListElement\":[{\"@type\":\"ListItem\",\"position\":1,\"name\":\"Home\",\"item\":\"https:\/\/www.scancostablanca.com\/es\/\"},{\"@type\":\"ListItem\",\"position\":2,\"name\":\"Recaudaci\u00f3n de fondos\"}]},{\"@type\":\"WebSite\",\"@id\":\"https:\/\/www.scancostablanca.com\/#website\",\"url\":\"https:\/\/www.scancostablanca.com\/\",\"name\":\"S.C.A.N. Costa Blanca\",\"description\":\"Sociedad para el Cuidado de los Animales que lo Necesitan\",\"publisher\":{\"@id\":\"https:\/\/www.scancostablanca.com\/#organization\"},\"potentialAction\":[{\"@type\":\"SearchAction\",\"target\":{\"@type\":\"EntryPoint\",\"urlTemplate\":\"https:\/\/www.scancostablanca.com\/?s={search_term_string}\"},\"query-input\":{\"@type\":\"PropertyValueSpecification\",\"valueRequired\":true,\"valueName\":\"search_term_string\"}}],\"inLanguage\":\"es\"},{\"@type\":\"Organization\",\"@id\":\"https:\/\/www.scancostablanca.com\/#organization\",\"name\":\"Society for the Care of Animals in Need\",\"url\":\"https:\/\/www.scancostablanca.com\/\",\"logo\":{\"@type\":\"ImageObject\",\"inLanguage\":\"es\",\"@id\":\"https:\/\/www.scancostablanca.com\/#\/schema\/logo\/image\/\",\"url\":\"https:\/\/www.scancostablanca.com\/wp-content\/uploads\/2018\/05\/scan-logo-text-blk-nobg.png\",\"contentUrl\":\"https:\/\/www.scancostablanca.com\/wp-content\/uploads\/2018\/05\/scan-logo-text-blk-nobg.png\",\"width\":409,\"height\":135,\"caption\":\"Society for the Care of Animals in Need\"},\"image\":{\"@id\":\"https:\/\/www.scancostablanca.com\/#\/schema\/logo\/image\/\"},\"sameAs\":[\"https:\/\/www.facebook.com\/SocietyForTheCareOfAnimalsInNeedScan\/\"]}]}<\/script>\n<!-- \/ Yoast SEO plugin. -->","yoast_head_json":{"title":"S.C.A.N. Costa Blanca - Animals for Adoption - Recaudaci\u00f3n de fondos","description":"S.C.A.N. Costa Blanca - Animal Adoptions - Dog and Cat Rescue, Care & Rehoming - - Recaudaci\u00f3n de fondos","robots":{"index":"index","follow":"follow","max-snippet":"max-snippet:-1","max-image-preview":"max-image-preview:large","max-video-preview":"max-video-preview:-1"},"canonical":"https:\/\/www.scancostablanca.com\/es\/recaudacion-de-fondos\/","og_locale":"es_ES","og_type":"article","og_title":"S.C.A.N. Costa Blanca - Animals for Adoption - Recaudaci\u00f3n de fondos","og_description":"S.C.A.N. Costa Blanca - Animal Adoptions - Dog and Cat Rescue, Care & Rehoming - - Recaudaci\u00f3n de fondos","og_url":"https:\/\/www.scancostablanca.com\/es\/recaudacion-de-fondos\/","og_site_name":"S.C.A.N. Costa Blanca","article_publisher":"https:\/\/www.facebook.com\/SocietyForTheCareOfAnimalsInNeedScan\/","article_modified_time":"2020-11-29T21:29:32+00:00","og_image":[{"url":"https:\/\/www.scancostablanca.com\/wp-content\/uploads\/2018\/02\/Barni2g-250x250.jpg","type":"","width":"","height":""}],"twitter_card":"summary_large_image","schema":{"@context":"https:\/\/schema.org","@graph":[{"@type":"WebPage","@id":"https:\/\/www.scancostablanca.com\/es\/recaudacion-de-fondos\/","url":"https:\/\/www.scancostablanca.com\/es\/recaudacion-de-fondos\/","name":"S.C.A.N. Costa Blanca - Animals for Adoption - Recaudaci\u00f3n de fondos","isPartOf":{"@id":"https:\/\/www.scancostablanca.com\/#website"},"datePublished":"2018-08-16T15:23:11+00:00","dateModified":"2020-11-29T21:29:32+00:00","description":"S.C.A.N. Costa Blanca - Animal Adoptions - Dog and Cat Rescue, Care & Rehoming - - Recaudaci\u00f3n de fondos","breadcrumb":{"@id":"https:\/\/www.scancostablanca.com\/es\/recaudacion-de-fondos\/#breadcrumb"},"inLanguage":"es","potentialAction":[{"@type":"ReadAction","target":["https:\/\/www.scancostablanca.com\/es\/recaudacion-de-fondos\/"]}]},{"@type":"BreadcrumbList","@id":"https:\/\/www.scancostablanca.com\/es\/recaudacion-de-fondos\/#breadcrumb","itemListElement":[{"@type":"ListItem","position":1,"name":"Home","item":"https:\/\/www.scancostablanca.com\/es\/"},{"@type":"ListItem","position":2,"name":"Recaudaci\u00f3n de fondos"}]},{"@type":"WebSite","@id":"https:\/\/www.scancostablanca.com\/#website","url":"https:\/\/www.scancostablanca.com\/","name":"S.C.A.N. Costa Blanca","description":"Sociedad para el Cuidado de los Animales que lo Necesitan","publisher":{"@id":"https:\/\/www.scancostablanca.com\/#organization"},"potentialAction":[{"@type":"SearchAction","target":{"@type":"EntryPoint","urlTemplate":"https:\/\/www.scancostablanca.com\/?s={search_term_string}"},"query-input":{"@type":"PropertyValueSpecification","valueRequired":true,"valueName":"search_term_string"}}],"inLanguage":"es"},{"@type":"Organization","@id":"https:\/\/www.scancostablanca.com\/#organization","name":"Society for the Care of Animals in Need","url":"https:\/\/www.scancostablanca.com\/","logo":{"@type":"ImageObject","inLanguage":"es","@id":"https:\/\/www.scancostablanca.com\/#\/schema\/logo\/image\/","url":"https:\/\/www.scancostablanca.com\/wp-content\/uploads\/2018\/05\/scan-logo-text-blk-nobg.png","contentUrl":"https:\/\/www.scancostablanca.com\/wp-content\/uploads\/2018\/05\/scan-logo-text-blk-nobg.png","width":409,"height":135,"caption":"Society for the Care of Animals in Need"},"image":{"@id":"https:\/\/www.scancostablanca.com\/#\/schema\/logo\/image\/"},"sameAs":["https:\/\/www.facebook.com\/SocietyForTheCareOfAnimalsInNeedScan\/"]}]}},"_links":{"self":[{"href":"https:\/\/www.scancostablanca.com\/es\/wp-json\/wp\/v2\/pages\/10082","targetHints":{"allow":["GET"]}}],"collection":[{"href":"https:\/\/www.scancostablanca.com\/es\/wp-json\/wp\/v2\/pages"}],"about":[{"href":"https:\/\/www.scancostablanca.com\/es\/wp-json\/wp\/v2\/types\/page"}],"author":[{"embeddable":true,"href":"https:\/\/www.scancostablanca.com\/es\/wp-json\/wp\/v2\/users\/2"}],"replies":[{"embeddable":true,"href":"https:\/\/www.scancostablanca.com\/es\/wp-json\/wp\/v2\/comments?post=10082"}],"version-history":[{"count":0,"href":"https:\/\/www.scancostablanca.com\/es\/wp-json\/wp\/v2\/pages\/10082\/revisions"}],"wp:attachment":[{"href":"https:\/\/www.scancostablanca.com\/es\/wp-json\/wp\/v2\/media?parent=10082"}],"curies":[{"name":"wp","href":"https:\/\/api.w.org\/{rel}","templated":true}]}}