{"id":10086,"date":"2012-11-28T14:27:42","date_gmt":"2012-11-28T13:27:42","guid":{"rendered":"https:\/\/www.scancostablanca.com\/es\/projects-fund\/"},"modified":"2019-06-16T13:37:33","modified_gmt":"2019-06-16T11:37:33","slug":"fondo-de-proyectos","status":"publish","type":"page","link":"https:\/\/www.scancostablanca.com\/es\/fondo-de-proyectos\/","title":{"rendered":"Fondo de Proyectos"},"content":{"rendered":"<h2>Usted puede contribuir en asegurar nuestro refugio, tambi\u00e9n en el futuro, donando a nuestro fondo de proyectos.<\/h2>\n<p>Regularmente apartamos un poco de dinero para el mantenimiento y la mejora de nuestras instalaciones.<\/p>\n<p>Para hacer crecer este fondo, necesitamos donaciones, para que nosotros, por ejemplo podamos hacer que las \u00e1reas de animales sean resistentes a la intemperie con el fin de facilitar la vida de los animales en el caluroso verano y en los meses fr\u00edos y h\u00famedos del invierno.<\/p>\n<p>Estamos planeando sombrear las \u00e1reas centrales con el fin de hacer m\u00e1s agradable tanto las condiciones de vida de los animales, as\u00ed como las condiciones de trabajo de los voluntarios durante el calor del verano.<\/p>\n<p>\u00bfPor qu\u00e9 no viene a visitarnos y mira la parte central que est\u00e1 completamente abierta y sin techo, escuche las otras ideas que tenemos para mejorar nuestro refugio y ayude a SCAN ingresando en nuestro \"Fondo de Construcciones\".<\/p>\n<p>Todos nuestros proyectos est\u00e1n pensados para mejorar el refugio y las zonas colindantes. A la hora de construir el centro del refugio tuvimos el programa de expansi\u00f3n, en mente. La atenci\u00f3n principal se fij\u00f3 en una construcci\u00f3n de alta calidad, -lo que hemos conseguido definitivamente- y s\u00f3lo entonces empezar con una serie de ampliaciones.<\/p>\n<p>1. Seguridad para los perros y gatos.<\/p>\n<p>2. Mantener constantemente la salud y el bienestar de los animales.<\/p>\n<p>3. Mejora de las condiciones de vida generales en el refugio.<\/p>\n<p>4. Aumento de la tasa de adopci\u00f3n.<\/p>\n<p>5. Dar soporte a los voluntarios, que se vienen todos los d\u00edas a la protectora.<\/p>\n<p>6. Mejora de las habilidades profesionales.<\/p>\n<p>Siempre tenemos en cuenta que la vivienda en el refugio es un hogar temporal para los animales y, por tanto, debe ser visto no s\u00f3lo como un depositario o una estaci\u00f3n de tr\u00e1nsito. Este es un aspecto que perseguimos con mucha pasi\u00f3n.<\/p>\n<p>He aqu\u00ed una lista de los proyectos ya terminados: -<\/p>\n<table style=\"margin: 0 auto\">\n<tbody>\n<tr>\n<td>Fondo de Proyectos<\/td>\n<\/tr>\n<tr>\n<td>\nProyectos Donaci\u00f3n \u20ac5,00 EUR<br \/>\nProyectos Donaci\u00f3n \u20ac10,00 EUR<br \/>\nProyectos Donaci\u00f3n \u20ac15,00 EUR<br \/>\nProyectos Donaci\u00f3n \u20ac20,00 EUR<br \/>\nProyectos Donaci\u00f3n \u20ac25,00 EUR<br \/>\nProyectos Donaci\u00f3n \u20ac30,00 EUR<br \/>\nProyectos Donaci\u00f3n \u20ac35,00 EUR<br \/>\nProyectos Donaci\u00f3n \u20ac40,00 EUR<br \/>\nProyectos Donaci\u00f3n \u20ac50,00 EUR\n<\/td>\n<\/tr>\n<\/tbody>\n<\/table>\n<p><img decoding=\"async\" data-src=\"https:\/\/www.paypalobjects.com\/en_US\/i\/scr\/pixel.gif\" alt=\"\" width=\"1\" height=\"1\" border=\"0\" src=\"data:image\/svg+xml;base64,PHN2ZyB3aWR0aD0iMSIgaGVpZ2h0PSIxIiB4bWxucz0iaHR0cDovL3d3dy53My5vcmcvMjAwMC9zdmciPjwvc3ZnPg==\" class=\"lazyload\" style=\"--smush-placeholder-width: 1px; --smush-placeholder-aspect-ratio: 1\/1;\" \/><\/p>\n\n<p><a href=\"https:\/\/www.scancostablanca.com\/wp-content\/uploads\/2015\/06\/builder1.jpg\"><img decoding=\"async\" class=\"wp-image-5953 aligncenter lazyload\" style=\"--smush-placeholder-width: 341px; --smush-placeholder-aspect-ratio: 341\/250;border: none; background: none !important;\" title=\"Buy a Brick for just \u20ac5 to help finance S.C.A.N.\" data-src=\"https:\/\/www.scancostablanca.com\/wp-content\/uploads\/2015\/06\/builder1.jpg\" alt=\"\" width=\"341\" height=\"250\" src=\"data:image\/svg+xml;base64,PHN2ZyB3aWR0aD0iMSIgaGVpZ2h0PSIxIiB4bWxucz0iaHR0cDovL3d3dy53My5vcmcvMjAwMC9zdmciPjwvc3ZnPg==\" \/><\/a><\/p>\n","protected":false},"excerpt":{"rendered":"<p>Usted puede contribuir en asegurar nuestro refugio, tambi\u00e9n en el futuro, donando a nuestro fondo de proyectos. Regularmente apartamos un poco de dinero para el mantenimiento y la mejora de [&#8230;]<\/p>\n<p><a class=\"btn btn-secondary understrap-read-more-link\" href=\"https:\/\/www.scancostablanca.com\/es\/fondo-de-proyectos\/\">Leer m\u00e1s&#8230;<\/a><\/p>\n","protected":false},"author":2,"featured_media":0,"parent":0,"menu_order":0,"comment_status":"closed","ping_status":"closed","template":"","meta":{"_acf_changed":false,"footnotes":""},"class_list":["post-10086","page","type-page","status-publish","hentry"],"acf":[],"yoast_head":"<!-- This site is optimized with the Yoast SEO plugin v27.4 - https:\/\/yoast.com\/product\/yoast-seo-wordpress\/ -->\n<title>S.C.A.N. Costa Blanca - Animals for Adoption - Fondo de Proyectos<\/title>\n<meta name=\"description\" content=\"S.C.A.N. Costa Blanca - Animal Adoptions - Dog and Cat Rescue, Care &amp; Rehoming - - Fondo de Proyectos\" \/>\n<meta name=\"robots\" content=\"index, follow, max-snippet:-1, max-image-preview:large, max-video-preview:-1\" \/>\n<link rel=\"canonical\" href=\"https:\/\/www.scancostablanca.com\/es\/fondo-de-proyectos\/\" \/>\n<meta property=\"og:locale\" content=\"es_ES\" \/>\n<meta property=\"og:type\" content=\"article\" \/>\n<meta property=\"og:title\" content=\"S.C.A.N. Costa Blanca - Animals for Adoption - Fondo de Proyectos\" \/>\n<meta property=\"og:description\" content=\"S.C.A.N. Costa Blanca - Animal Adoptions - Dog and Cat Rescue, Care &amp; Rehoming - - Fondo de Proyectos\" \/>\n<meta property=\"og:url\" content=\"https:\/\/www.scancostablanca.com\/es\/fondo-de-proyectos\/\" \/>\n<meta property=\"og:site_name\" content=\"S.C.A.N. Costa Blanca\" \/>\n<meta property=\"article:publisher\" content=\"https:\/\/www.facebook.com\/SocietyForTheCareOfAnimalsInNeedScan\/\" \/>\n<meta property=\"article:modified_time\" content=\"2019-06-16T11:37:33+00:00\" \/>\n<meta property=\"og:image\" content=\"https:\/\/www.scancostablanca.com\/wp-content\/uploads\/2015\/06\/cat-builder.jpg\" \/>\n\t<meta property=\"og:image:width\" content=\"194\" \/>\n\t<meta property=\"og:image:height\" content=\"259\" \/>\n\t<meta property=\"og:image:type\" content=\"image\/jpeg\" \/>\n<meta name=\"twitter:card\" content=\"summary_large_image\" \/>\n<script type=\"application\/ld+json\" class=\"yoast-schema-graph\">{\"@context\":\"https:\\\/\\\/schema.org\",\"@graph\":[{\"@type\":\"WebPage\",\"@id\":\"https:\\\/\\\/www.scancostablanca.com\\\/es\\\/fondo-de-proyectos\\\/\",\"url\":\"https:\\\/\\\/www.scancostablanca.com\\\/es\\\/fondo-de-proyectos\\\/\",\"name\":\"S.C.A.N. Costa Blanca - Animals for Adoption - Fondo de Proyectos\",\"isPartOf\":{\"@id\":\"https:\\\/\\\/www.scancostablanca.com\\\/#website\"},\"primaryImageOfPage\":{\"@id\":\"https:\\\/\\\/www.scancostablanca.com\\\/es\\\/fondo-de-proyectos\\\/#primaryimage\"},\"image\":{\"@id\":\"https:\\\/\\\/www.scancostablanca.com\\\/es\\\/fondo-de-proyectos\\\/#primaryimage\"},\"thumbnailUrl\":\"https:\\\/\\\/www.scancostablanca.com\\\/wp-content\\\/uploads\\\/2015\\\/06\\\/builder1.jpg\",\"datePublished\":\"2012-11-28T13:27:42+00:00\",\"dateModified\":\"2019-06-16T11:37:33+00:00\",\"description\":\"S.C.A.N. Costa Blanca - Animal Adoptions - Dog and Cat Rescue, Care & Rehoming - - Fondo de Proyectos\",\"breadcrumb\":{\"@id\":\"https:\\\/\\\/www.scancostablanca.com\\\/es\\\/fondo-de-proyectos\\\/#breadcrumb\"},\"inLanguage\":\"es\",\"potentialAction\":[{\"@type\":\"ReadAction\",\"target\":[\"https:\\\/\\\/www.scancostablanca.com\\\/es\\\/fondo-de-proyectos\\\/\"]}]},{\"@type\":\"ImageObject\",\"inLanguage\":\"es\",\"@id\":\"https:\\\/\\\/www.scancostablanca.com\\\/es\\\/fondo-de-proyectos\\\/#primaryimage\",\"url\":\"https:\\\/\\\/www.scancostablanca.com\\\/wp-content\\\/uploads\\\/2015\\\/06\\\/builder1.jpg\",\"contentUrl\":\"https:\\\/\\\/www.scancostablanca.com\\\/wp-content\\\/uploads\\\/2015\\\/06\\\/builder1.jpg\"},{\"@type\":\"BreadcrumbList\",\"@id\":\"https:\\\/\\\/www.scancostablanca.com\\\/es\\\/fondo-de-proyectos\\\/#breadcrumb\",\"itemListElement\":[{\"@type\":\"ListItem\",\"position\":1,\"name\":\"Home\",\"item\":\"https:\\\/\\\/www.scancostablanca.com\\\/es\\\/\"},{\"@type\":\"ListItem\",\"position\":2,\"name\":\"Fondo de Proyectos\"}]},{\"@type\":\"WebSite\",\"@id\":\"https:\\\/\\\/www.scancostablanca.com\\\/#website\",\"url\":\"https:\\\/\\\/www.scancostablanca.com\\\/\",\"name\":\"S.C.A.N. Costa Blanca\",\"description\":\"Sociedad para el Cuidado de los Animales que lo Necesitan\",\"publisher\":{\"@id\":\"https:\\\/\\\/www.scancostablanca.com\\\/#organization\"},\"potentialAction\":[{\"@type\":\"SearchAction\",\"target\":{\"@type\":\"EntryPoint\",\"urlTemplate\":\"https:\\\/\\\/www.scancostablanca.com\\\/?s={search_term_string}\"},\"query-input\":{\"@type\":\"PropertyValueSpecification\",\"valueRequired\":true,\"valueName\":\"search_term_string\"}}],\"inLanguage\":\"es\"},{\"@type\":\"Organization\",\"@id\":\"https:\\\/\\\/www.scancostablanca.com\\\/#organization\",\"name\":\"Society for the Care of Animals in Need\",\"url\":\"https:\\\/\\\/www.scancostablanca.com\\\/\",\"logo\":{\"@type\":\"ImageObject\",\"inLanguage\":\"es\",\"@id\":\"https:\\\/\\\/www.scancostablanca.com\\\/#\\\/schema\\\/logo\\\/image\\\/\",\"url\":\"https:\\\/\\\/www.scancostablanca.com\\\/wp-content\\\/uploads\\\/2018\\\/05\\\/scan-logo-text-blk-nobg.png\",\"contentUrl\":\"https:\\\/\\\/www.scancostablanca.com\\\/wp-content\\\/uploads\\\/2018\\\/05\\\/scan-logo-text-blk-nobg.png\",\"width\":409,\"height\":135,\"caption\":\"Society for the Care of Animals in Need\"},\"image\":{\"@id\":\"https:\\\/\\\/www.scancostablanca.com\\\/#\\\/schema\\\/logo\\\/image\\\/\"},\"sameAs\":[\"https:\\\/\\\/www.facebook.com\\\/SocietyForTheCareOfAnimalsInNeedScan\\\/\"]}]}<\/script>\n<!-- \/ Yoast SEO plugin. -->","yoast_head_json":{"title":"S.C.A.N. Costa Blanca - Animals for Adoption - Fondo de Proyectos","description":"S.C.A.N. Costa Blanca - Animal Adoptions - Dog and Cat Rescue, Care & Rehoming - - Fondo de Proyectos","robots":{"index":"index","follow":"follow","max-snippet":"max-snippet:-1","max-image-preview":"max-image-preview:large","max-video-preview":"max-video-preview:-1"},"canonical":"https:\/\/www.scancostablanca.com\/es\/fondo-de-proyectos\/","og_locale":"es_ES","og_type":"article","og_title":"S.C.A.N. Costa Blanca - Animals for Adoption - Fondo de Proyectos","og_description":"S.C.A.N. Costa Blanca - Animal Adoptions - Dog and Cat Rescue, Care & Rehoming - - Fondo de Proyectos","og_url":"https:\/\/www.scancostablanca.com\/es\/fondo-de-proyectos\/","og_site_name":"S.C.A.N. Costa Blanca","article_publisher":"https:\/\/www.facebook.com\/SocietyForTheCareOfAnimalsInNeedScan\/","article_modified_time":"2019-06-16T11:37:33+00:00","og_image":[{"width":194,"height":259,"url":"https:\/\/www.scancostablanca.com\/wp-content\/uploads\/2015\/06\/cat-builder.jpg","type":"image\/jpeg"}],"twitter_card":"summary_large_image","schema":{"@context":"https:\/\/schema.org","@graph":[{"@type":"WebPage","@id":"https:\/\/www.scancostablanca.com\/es\/fondo-de-proyectos\/","url":"https:\/\/www.scancostablanca.com\/es\/fondo-de-proyectos\/","name":"S.C.A.N. Costa Blanca - Animals for Adoption - Fondo de Proyectos","isPartOf":{"@id":"https:\/\/www.scancostablanca.com\/#website"},"primaryImageOfPage":{"@id":"https:\/\/www.scancostablanca.com\/es\/fondo-de-proyectos\/#primaryimage"},"image":{"@id":"https:\/\/www.scancostablanca.com\/es\/fondo-de-proyectos\/#primaryimage"},"thumbnailUrl":"https:\/\/www.scancostablanca.com\/wp-content\/uploads\/2015\/06\/builder1.jpg","datePublished":"2012-11-28T13:27:42+00:00","dateModified":"2019-06-16T11:37:33+00:00","description":"S.C.A.N. Costa Blanca - Animal Adoptions - Dog and Cat Rescue, Care & Rehoming - - Fondo de Proyectos","breadcrumb":{"@id":"https:\/\/www.scancostablanca.com\/es\/fondo-de-proyectos\/#breadcrumb"},"inLanguage":"es","potentialAction":[{"@type":"ReadAction","target":["https:\/\/www.scancostablanca.com\/es\/fondo-de-proyectos\/"]}]},{"@type":"ImageObject","inLanguage":"es","@id":"https:\/\/www.scancostablanca.com\/es\/fondo-de-proyectos\/#primaryimage","url":"https:\/\/www.scancostablanca.com\/wp-content\/uploads\/2015\/06\/builder1.jpg","contentUrl":"https:\/\/www.scancostablanca.com\/wp-content\/uploads\/2015\/06\/builder1.jpg"},{"@type":"BreadcrumbList","@id":"https:\/\/www.scancostablanca.com\/es\/fondo-de-proyectos\/#breadcrumb","itemListElement":[{"@type":"ListItem","position":1,"name":"Home","item":"https:\/\/www.scancostablanca.com\/es\/"},{"@type":"ListItem","position":2,"name":"Fondo de Proyectos"}]},{"@type":"WebSite","@id":"https:\/\/www.scancostablanca.com\/#website","url":"https:\/\/www.scancostablanca.com\/","name":"S.C.A.N. Costa Blanca","description":"Sociedad para el Cuidado de los Animales que lo Necesitan","publisher":{"@id":"https:\/\/www.scancostablanca.com\/#organization"},"potentialAction":[{"@type":"SearchAction","target":{"@type":"EntryPoint","urlTemplate":"https:\/\/www.scancostablanca.com\/?s={search_term_string}"},"query-input":{"@type":"PropertyValueSpecification","valueRequired":true,"valueName":"search_term_string"}}],"inLanguage":"es"},{"@type":"Organization","@id":"https:\/\/www.scancostablanca.com\/#organization","name":"Society for the Care of Animals in Need","url":"https:\/\/www.scancostablanca.com\/","logo":{"@type":"ImageObject","inLanguage":"es","@id":"https:\/\/www.scancostablanca.com\/#\/schema\/logo\/image\/","url":"https:\/\/www.scancostablanca.com\/wp-content\/uploads\/2018\/05\/scan-logo-text-blk-nobg.png","contentUrl":"https:\/\/www.scancostablanca.com\/wp-content\/uploads\/2018\/05\/scan-logo-text-blk-nobg.png","width":409,"height":135,"caption":"Society for the Care of Animals in Need"},"image":{"@id":"https:\/\/www.scancostablanca.com\/#\/schema\/logo\/image\/"},"sameAs":["https:\/\/www.facebook.com\/SocietyForTheCareOfAnimalsInNeedScan\/"]}]}},"_links":{"self":[{"href":"https:\/\/www.scancostablanca.com\/es\/wp-json\/wp\/v2\/pages\/10086","targetHints":{"allow":["GET"]}}],"collection":[{"href":"https:\/\/www.scancostablanca.com\/es\/wp-json\/wp\/v2\/pages"}],"about":[{"href":"https:\/\/www.scancostablanca.com\/es\/wp-json\/wp\/v2\/types\/page"}],"author":[{"embeddable":true,"href":"https:\/\/www.scancostablanca.com\/es\/wp-json\/wp\/v2\/users\/2"}],"replies":[{"embeddable":true,"href":"https:\/\/www.scancostablanca.com\/es\/wp-json\/wp\/v2\/comments?post=10086"}],"version-history":[{"count":0,"href":"https:\/\/www.scancostablanca.com\/es\/wp-json\/wp\/v2\/pages\/10086\/revisions"}],"wp:attachment":[{"href":"https:\/\/www.scancostablanca.com\/es\/wp-json\/wp\/v2\/media?parent=10086"}],"curies":[{"name":"wp","href":"https:\/\/api.w.org\/{rel}","templated":true}]}}