{"id":10098,"date":"2012-11-18T15:29:45","date_gmt":"2012-11-18T14:29:45","guid":{"rendered":"https:\/\/www.scancostablanca.com\/es\/become-a-member\/"},"modified":"2020-11-29T22:35:23","modified_gmt":"2020-11-29T21:35:23","slug":"hacerse-miembro","status":"publish","type":"page","link":"https:\/\/www.scancostablanca.com\/es\/hacerse-miembro\/","title":{"rendered":"Hacerse miembro"},"content":{"rendered":"<p>&nbsp;<\/p>\n<p>Los miembros de SCAN son importantes para nosotros. D\u00e1ndonos \u00e1nimos y apoyo, tanto financiero como moral, nos han ayudado a lograr muchas cosas sorprendentes desde nuestra fundaci\u00f3n.<\/p>\n<p>Como miembro, recibir\u00e1 un bolet\u00edn de noticias regular y detalles de eventos futuros; sin embargo, puede optar por darse de baja de nuestra lista de env\u00edos. Usted ser\u00e1 bienvenido en la Junta General, tendr\u00e1 derecho a votar y ser\u00e1 invitado a todos nuestros eventos.<\/p>\n<p>Si desea ayudar de otra manera que no sea siendo un miembro social, consulte nuestra <a href=\"http:\/\/scancostablanca.com\/volunteers\/\">p\u00e1gina de voluntarios\u00a0<\/a>. SCAN necesita personas en el refugio, la tienda de caridad y \"detr\u00e1s del tel\u00f3n\".<\/p>\n<p>Puede unirse:<\/p>\n<ul>\n<li>Haciendo clic en el bot\u00f3n Membership Paypal abajo. No necesita una cuenta de PayPal, solo una tarjeta de d\u00e9bito o cr\u00e9dito.<\/li>\n<li>Acerc\u00e1ndose al centro de SCAN.<\/li>\n<li>Pagando directamente en nuestra cuenta bancaria:<br \/>\nIBAN: ES34 0081 1046 3300 0119 9530<br \/>\nBanco de Sabadell, Carrer Marques de Estrella,2, 03770, Verger, Alicante<\/li>\n<li>Llam\u00e1ndonos por tel\u00e9fono o escribi\u00e9ndonos por correo electr\u00f3nico. Por favor, no dude en ponerse en contacto; Estaremos encantados de tener noticias de usted. Correo electr\u00f3nico: scancenter9@gmail.com, Tel\u00e9fono: +34 626 550 864<\/li>\n<\/ul>\n<p>Esperamos poder darle la bienvenida como miembro de SCAN.<\/p>\n<p><img decoding=\"async\" class=\"alignnone wp-image-32807 lazyload\" data-src=\"https:\/\/www.scancostablanca.com\/wp-content\/uploads\/2018\/03\/scan-logo-white-100h.png\" alt=\"\" width=\"192\" height=\"57\" src=\"data:image\/svg+xml;base64,PHN2ZyB3aWR0aD0iMSIgaGVpZ2h0PSIxIiB4bWxucz0iaHR0cDovL3d3dy53My5vcmcvMjAwMC9zdmciPjwvc3ZnPg==\" style=\"--smush-placeholder-width: 192px; --smush-placeholder-aspect-ratio: 192\/57;\" \/><\/p>\n<\/p>\n<div class=\"memberBtn\"><strong>SCAN Membership - 20\u20ac<\/strong> <form action=\"https:\/\/www.paypal.com\/cgi-bin\/webscr\" method=\"post\">\n <input type=\"hidden\" name=\"business\" value=\"donations@scancostablanca.com\" \/>\n <input type=\"hidden\" name=\"cmd\" value=\"_xclick\" \/>\n <!-- Instant Payment Notification & Return Page Details -->\n <input type=\"hidden\" name=\"notify_url\" value=\"https:\/\/www.scancostablanca.com\/es\/?s2member_paypal_notify=1\" \/>\n <input type=\"hidden\" name=\"cancel_return\" value=\"https:\/\/www.scancostablanca.com\/es\/\" \/>\n <input type=\"hidden\" name=\"return\" value=\"https:\/\/www.scancostablanca.com\/es\/?s2member_paypal_return=1&amp;s2member_paypal_return_tra=ZGVmNTAyMDA1Y2M0MmNlNWZiOTI2ZDg5Y2E4NDZkM2I5ZmZlZDBmZTY5NjE0MmI0MzM0OGRlMDVkYzkyOTliNWE4MWM1MTgzODI4MDU2NGFmM2M0NzUzNzVmNGFlNmVkZDM1NThmOWZiMzA0NDBhMzgyODczMDQ1ZWNjYzFhYWZhM2E0OTI2NzFjZWE5ZDFlMGNlNGY1MzUwOWM3YjAwNzI0NTdmNTE5ZDhmNDRjOTczOTVjYmQ2ZDJjZmZlZWQyNDc2MDI3MWNmMzMyNTljZjQ5NDYxNjZhYjBlN2U5ODU1NmJlOWZlNjA4MTQ5OWNjMzM0YTA3MzEwNjRhNTI4MzJmMjlmYjJlNDg0ODNkN2Y4NGQ5OTNmNTdkYTJlYzA1Y2Q5OTBiOTkxMGU4ZWM5ZDhjMmQ3NzM5OTQyZmZhMWUwNGMwOTliOGRjOWJlMjdmMWU4NjU5MDNkMWE1YjMyN2IyMmUyMWQ2YzI4NzljNTVhMDFhNWE0ZTY2M2FjYzViNGUyNTM5N2M3MWEzOGFlMzkwOGE3OTU5ODExNzBjZDU4OWM3ZDQ0NWYzZTFhNjgzNzQwZWRjMjM4MmIxZDhiZjUyY2I0OGRhMDc0MjA1MTlmMDVhOGE0MWRiOGU4NzAxYWFiMmJjNTA4MjZiMGUwMThhMWQxOTY2NDA0NTIyZjg5MTUzMThkNGUwNzllMDQyMGQ5OWM4OGNkN2Y1MDg5YjU3ZjJmZDNhMjUyYzM1NzM3MTQ1NmY4ZmQxNjhkZWJiMTlhNGIxOWFjMjgwM2QzODIxMjRkYzE3MjFjNWE1MGE1ZjY3OWMzNzQ5YTNiMTRmMDc1NGQ3YTMwNDM5ZTEyOGY4YTUzOWRiYzE1NTczMWMyZmIyMjVlNmI4MDhmN2ZjZDY0MmQ2OGUzZmMzNzNlNjVmZmNiZjE4NDUyZWNlOGM\" \/>\n <input type=\"hidden\" name=\"rm\" value=\"2\" \/>\n <!-- Configures Basic Checkout Fields -->\n <input type=\"hidden\" name=\"lc\" value=\"GB\" \/>\n <input type=\"hidden\" name=\"no_shipping\" value=\"1\" \/>\n <input type=\"hidden\" name=\"no_note\" value=\"1\" \/>\n <input type=\"hidden\" name=\"custom\" value=\"www.scancostablanca.com\" \/>\n <input type=\"hidden\" name=\"currency_code\" value=\"EUR\" \/>\n <input type=\"hidden\" name=\"page_style\" value=\"SCANdonations\" \/>\n <input type=\"hidden\" name=\"charset\" value=\"utf-8\" \/>\n <input type=\"hidden\" name=\"item_name\" value=\"SCAN Membership - Annual Membership Fee\" \/>\n <input type=\"hidden\" name=\"item_number\" value=\"1::1 Y\" \/>\n <!-- Configures s2Member's Unique Invoice ID\/Code  -->\n <input type=\"hidden\" name=\"invoice\" value=\"69e373910162b~216.73.216.131\" \/>\n <!-- Identifies\/Updates An Existing User\/Member (when\/if applicable)  -->\n <input type=\"hidden\" name=\"on0\" value=\"Originating Domain\" \/>\n <input type=\"hidden\" name=\"os0\" value=\"www.scancostablanca.com\" \/>\n <!-- Identifies The Customer's IP Address For Tracking -->\n <input type=\"hidden\" name=\"on1\" value=\"Customer IP Address\" \/>\n <input type=\"hidden\" name=\"os1\" value=\"216.73.216.131\" \/>\n <!-- Controls Modify Behavior At PayPal Checkout -->\n <input type=\"hidden\" name=\"modify\" value=\"0\" \/>\n <!-- Customizes Prices, Payments & Billing Cycle -->\n <input type=\"hidden\" name=\"amount\" value=\"15\" \/>\n <!--<input type=\"hidden\" name=\"src\" value=\"BN\" \/>-->\n <!--<input type=\"hidden\" name=\"srt\" value=\"\" \/>-->\n <!--<input type=\"hidden\" name=\"sra\" value=\"1\" \/>-->\n <!--<input type=\"hidden\" name=\"a1\" value=\"0\" \/>-->\n <!--<input type=\"hidden\" name=\"p1\" value=\"0\" \/>-->\n <!--<input type=\"hidden\" name=\"t1\" value=\"D\" \/>-->\n <!--<input type=\"hidden\" name=\"a3\" value=\"15\" \/>-->\n <!--<input type=\"hidden\" name=\"p3\" value=\"1\" \/>-->\n <!--<input type=\"hidden\" name=\"t3\" value=\"Y\" \/>-->\n <!-- Displays The PayPal Image Button -->\n <input type=\"image\" src=\"https:\/\/www.paypal.com\/en_US\/i\/btn\/btn_xpressCheckout.gif\" style=\"width:auto; height:auto; border:0;\" alt=\"PayPal\" \/>\n<\/form><\/div>\n<p>\n\n","protected":false},"excerpt":{"rendered":"<p>&nbsp; Los miembros de SCAN son importantes para nosotros. D\u00e1ndonos \u00e1nimos y apoyo, tanto financiero como moral, nos han ayudado a lograr muchas cosas sorprendentes desde nuestra fundaci\u00f3n. Como miembro, [&#8230;]<\/p>\n<p><a class=\"btn btn-secondary understrap-read-more-link\" href=\"https:\/\/www.scancostablanca.com\/es\/hacerse-miembro\/\">Leer m\u00e1s&#8230;<\/a><\/p>\n","protected":false},"author":2,"featured_media":0,"parent":0,"menu_order":0,"comment_status":"closed","ping_status":"closed","template":"","meta":{"_acf_changed":false,"footnotes":""},"class_list":["post-10098","page","type-page","status-publish","hentry"],"acf":[],"yoast_head":"<!-- This site is optimized with the Yoast SEO plugin v25.9 - https:\/\/yoast.com\/wordpress\/plugins\/seo\/ -->\n<title>S.C.A.N. Costa Blanca - Animals for Adoption - Hacerse miembro<\/title>\n<meta name=\"description\" content=\"S.C.A.N. Costa Blanca - Animal Adoptions - Dog and Cat Rescue, Care &amp; Rehoming - - Hacerse miembro\" \/>\n<meta name=\"robots\" content=\"index, follow, max-snippet:-1, max-image-preview:large, max-video-preview:-1\" \/>\n<link rel=\"canonical\" href=\"https:\/\/www.scancostablanca.com\/es\/hacerse-miembro\/\" \/>\n<meta property=\"og:locale\" content=\"es_ES\" \/>\n<meta property=\"og:type\" content=\"article\" \/>\n<meta property=\"og:title\" content=\"S.C.A.N. Costa Blanca - Animals for Adoption - Hacerse miembro\" \/>\n<meta property=\"og:description\" content=\"S.C.A.N. Costa Blanca - Animal Adoptions - Dog and Cat Rescue, Care &amp; Rehoming - - Hacerse miembro\" \/>\n<meta property=\"og:url\" content=\"https:\/\/www.scancostablanca.com\/es\/hacerse-miembro\/\" \/>\n<meta property=\"og:site_name\" content=\"S.C.A.N. Costa Blanca\" \/>\n<meta property=\"article:publisher\" content=\"https:\/\/www.facebook.com\/SocietyForTheCareOfAnimalsInNeedScan\/\" \/>\n<meta property=\"article:modified_time\" content=\"2020-11-29T21:35:23+00:00\" \/>\n<meta property=\"og:image\" content=\"https:\/\/www.scancostablanca.com\/wp-content\/uploads\/2018\/03\/scan-logo-white-100h.png\" \/>\n<meta name=\"twitter:card\" content=\"summary_large_image\" \/>\n<script type=\"application\/ld+json\" class=\"yoast-schema-graph\">{\"@context\":\"https:\/\/schema.org\",\"@graph\":[{\"@type\":\"WebPage\",\"@id\":\"https:\/\/www.scancostablanca.com\/es\/hacerse-miembro\/\",\"url\":\"https:\/\/www.scancostablanca.com\/es\/hacerse-miembro\/\",\"name\":\"S.C.A.N. Costa Blanca - Animals for Adoption - Hacerse miembro\",\"isPartOf\":{\"@id\":\"https:\/\/www.scancostablanca.com\/#website\"},\"primaryImageOfPage\":{\"@id\":\"https:\/\/www.scancostablanca.com\/es\/hacerse-miembro\/#primaryimage\"},\"image\":{\"@id\":\"https:\/\/www.scancostablanca.com\/es\/hacerse-miembro\/#primaryimage\"},\"thumbnailUrl\":\"https:\/\/www.scancostablanca.com\/wp-content\/uploads\/2018\/03\/scan-logo-white-100h.png\",\"datePublished\":\"2012-11-18T14:29:45+00:00\",\"dateModified\":\"2020-11-29T21:35:23+00:00\",\"description\":\"S.C.A.N. Costa Blanca - Animal Adoptions - Dog and Cat Rescue, Care & Rehoming - - Hacerse miembro\",\"breadcrumb\":{\"@id\":\"https:\/\/www.scancostablanca.com\/es\/hacerse-miembro\/#breadcrumb\"},\"inLanguage\":\"es\",\"potentialAction\":[{\"@type\":\"ReadAction\",\"target\":[\"https:\/\/www.scancostablanca.com\/es\/hacerse-miembro\/\"]}]},{\"@type\":\"ImageObject\",\"inLanguage\":\"es\",\"@id\":\"https:\/\/www.scancostablanca.com\/es\/hacerse-miembro\/#primaryimage\",\"url\":\"https:\/\/www.scancostablanca.com\/wp-content\/uploads\/2018\/03\/scan-logo-white-100h.png\",\"contentUrl\":\"https:\/\/www.scancostablanca.com\/wp-content\/uploads\/2018\/03\/scan-logo-white-100h.png\"},{\"@type\":\"BreadcrumbList\",\"@id\":\"https:\/\/www.scancostablanca.com\/es\/hacerse-miembro\/#breadcrumb\",\"itemListElement\":[{\"@type\":\"ListItem\",\"position\":1,\"name\":\"Home\",\"item\":\"https:\/\/www.scancostablanca.com\/es\/\"},{\"@type\":\"ListItem\",\"position\":2,\"name\":\"Hacerse miembro\"}]},{\"@type\":\"WebSite\",\"@id\":\"https:\/\/www.scancostablanca.com\/#website\",\"url\":\"https:\/\/www.scancostablanca.com\/\",\"name\":\"S.C.A.N. Costa Blanca\",\"description\":\"Sociedad para el Cuidado de los Animales que lo Necesitan\",\"publisher\":{\"@id\":\"https:\/\/www.scancostablanca.com\/#organization\"},\"potentialAction\":[{\"@type\":\"SearchAction\",\"target\":{\"@type\":\"EntryPoint\",\"urlTemplate\":\"https:\/\/www.scancostablanca.com\/?s={search_term_string}\"},\"query-input\":{\"@type\":\"PropertyValueSpecification\",\"valueRequired\":true,\"valueName\":\"search_term_string\"}}],\"inLanguage\":\"es\"},{\"@type\":\"Organization\",\"@id\":\"https:\/\/www.scancostablanca.com\/#organization\",\"name\":\"Society for the Care of Animals in Need\",\"url\":\"https:\/\/www.scancostablanca.com\/\",\"logo\":{\"@type\":\"ImageObject\",\"inLanguage\":\"es\",\"@id\":\"https:\/\/www.scancostablanca.com\/#\/schema\/logo\/image\/\",\"url\":\"https:\/\/www.scancostablanca.com\/wp-content\/uploads\/2018\/05\/scan-logo-text-blk-nobg.png\",\"contentUrl\":\"https:\/\/www.scancostablanca.com\/wp-content\/uploads\/2018\/05\/scan-logo-text-blk-nobg.png\",\"width\":409,\"height\":135,\"caption\":\"Society for the Care of Animals in Need\"},\"image\":{\"@id\":\"https:\/\/www.scancostablanca.com\/#\/schema\/logo\/image\/\"},\"sameAs\":[\"https:\/\/www.facebook.com\/SocietyForTheCareOfAnimalsInNeedScan\/\"]}]}<\/script>\n<!-- \/ Yoast SEO plugin. -->","yoast_head_json":{"title":"S.C.A.N. Costa Blanca - Animals for Adoption - Hacerse miembro","description":"S.C.A.N. Costa Blanca - Animal Adoptions - Dog and Cat Rescue, Care & Rehoming - - Hacerse miembro","robots":{"index":"index","follow":"follow","max-snippet":"max-snippet:-1","max-image-preview":"max-image-preview:large","max-video-preview":"max-video-preview:-1"},"canonical":"https:\/\/www.scancostablanca.com\/es\/hacerse-miembro\/","og_locale":"es_ES","og_type":"article","og_title":"S.C.A.N. Costa Blanca - Animals for Adoption - Hacerse miembro","og_description":"S.C.A.N. Costa Blanca - Animal Adoptions - Dog and Cat Rescue, Care & Rehoming - - Hacerse miembro","og_url":"https:\/\/www.scancostablanca.com\/es\/hacerse-miembro\/","og_site_name":"S.C.A.N. Costa Blanca","article_publisher":"https:\/\/www.facebook.com\/SocietyForTheCareOfAnimalsInNeedScan\/","article_modified_time":"2020-11-29T21:35:23+00:00","og_image":[{"url":"https:\/\/www.scancostablanca.com\/wp-content\/uploads\/2018\/03\/scan-logo-white-100h.png","type":"","width":"","height":""}],"twitter_card":"summary_large_image","schema":{"@context":"https:\/\/schema.org","@graph":[{"@type":"WebPage","@id":"https:\/\/www.scancostablanca.com\/es\/hacerse-miembro\/","url":"https:\/\/www.scancostablanca.com\/es\/hacerse-miembro\/","name":"S.C.A.N. Costa Blanca - Animals for Adoption - Hacerse miembro","isPartOf":{"@id":"https:\/\/www.scancostablanca.com\/#website"},"primaryImageOfPage":{"@id":"https:\/\/www.scancostablanca.com\/es\/hacerse-miembro\/#primaryimage"},"image":{"@id":"https:\/\/www.scancostablanca.com\/es\/hacerse-miembro\/#primaryimage"},"thumbnailUrl":"https:\/\/www.scancostablanca.com\/wp-content\/uploads\/2018\/03\/scan-logo-white-100h.png","datePublished":"2012-11-18T14:29:45+00:00","dateModified":"2020-11-29T21:35:23+00:00","description":"S.C.A.N. Costa Blanca - Animal Adoptions - Dog and Cat Rescue, Care & Rehoming - - Hacerse miembro","breadcrumb":{"@id":"https:\/\/www.scancostablanca.com\/es\/hacerse-miembro\/#breadcrumb"},"inLanguage":"es","potentialAction":[{"@type":"ReadAction","target":["https:\/\/www.scancostablanca.com\/es\/hacerse-miembro\/"]}]},{"@type":"ImageObject","inLanguage":"es","@id":"https:\/\/www.scancostablanca.com\/es\/hacerse-miembro\/#primaryimage","url":"https:\/\/www.scancostablanca.com\/wp-content\/uploads\/2018\/03\/scan-logo-white-100h.png","contentUrl":"https:\/\/www.scancostablanca.com\/wp-content\/uploads\/2018\/03\/scan-logo-white-100h.png"},{"@type":"BreadcrumbList","@id":"https:\/\/www.scancostablanca.com\/es\/hacerse-miembro\/#breadcrumb","itemListElement":[{"@type":"ListItem","position":1,"name":"Home","item":"https:\/\/www.scancostablanca.com\/es\/"},{"@type":"ListItem","position":2,"name":"Hacerse miembro"}]},{"@type":"WebSite","@id":"https:\/\/www.scancostablanca.com\/#website","url":"https:\/\/www.scancostablanca.com\/","name":"S.C.A.N. Costa Blanca","description":"Sociedad para el Cuidado de los Animales que lo Necesitan","publisher":{"@id":"https:\/\/www.scancostablanca.com\/#organization"},"potentialAction":[{"@type":"SearchAction","target":{"@type":"EntryPoint","urlTemplate":"https:\/\/www.scancostablanca.com\/?s={search_term_string}"},"query-input":{"@type":"PropertyValueSpecification","valueRequired":true,"valueName":"search_term_string"}}],"inLanguage":"es"},{"@type":"Organization","@id":"https:\/\/www.scancostablanca.com\/#organization","name":"Society for the Care of Animals in Need","url":"https:\/\/www.scancostablanca.com\/","logo":{"@type":"ImageObject","inLanguage":"es","@id":"https:\/\/www.scancostablanca.com\/#\/schema\/logo\/image\/","url":"https:\/\/www.scancostablanca.com\/wp-content\/uploads\/2018\/05\/scan-logo-text-blk-nobg.png","contentUrl":"https:\/\/www.scancostablanca.com\/wp-content\/uploads\/2018\/05\/scan-logo-text-blk-nobg.png","width":409,"height":135,"caption":"Society for the Care of Animals in Need"},"image":{"@id":"https:\/\/www.scancostablanca.com\/#\/schema\/logo\/image\/"},"sameAs":["https:\/\/www.facebook.com\/SocietyForTheCareOfAnimalsInNeedScan\/"]}]}},"_links":{"self":[{"href":"https:\/\/www.scancostablanca.com\/es\/wp-json\/wp\/v2\/pages\/10098","targetHints":{"allow":["GET"]}}],"collection":[{"href":"https:\/\/www.scancostablanca.com\/es\/wp-json\/wp\/v2\/pages"}],"about":[{"href":"https:\/\/www.scancostablanca.com\/es\/wp-json\/wp\/v2\/types\/page"}],"author":[{"embeddable":true,"href":"https:\/\/www.scancostablanca.com\/es\/wp-json\/wp\/v2\/users\/2"}],"replies":[{"embeddable":true,"href":"https:\/\/www.scancostablanca.com\/es\/wp-json\/wp\/v2\/comments?post=10098"}],"version-history":[{"count":0,"href":"https:\/\/www.scancostablanca.com\/es\/wp-json\/wp\/v2\/pages\/10098\/revisions"}],"wp:attachment":[{"href":"https:\/\/www.scancostablanca.com\/es\/wp-json\/wp\/v2\/media?parent=10098"}],"curies":[{"name":"wp","href":"https:\/\/api.w.org\/{rel}","templated":true}]}}