{"id":15045,"date":"2016-08-02T20:22:57","date_gmt":"2016-08-02T18:22:57","guid":{"rendered":"https:\/\/www.scancostablanca.com\/es\/?page_id=15045"},"modified":"2016-08-02T20:22:57","modified_gmt":"2016-08-02T18:22:57","slug":"privacy-policy","status":"publish","type":"page","link":"https:\/\/www.scancostablanca.com\/es\/privacy-policy\/","title":{"rendered":"Privacy Policy"},"content":{"rendered":"<p>&nbsp;<\/p>\n<h1><a href=\"https:\/\/www.scancostablanca.com\/privacy-policy\/\">Protecci\u00f3n de datos<\/a><\/h1>\n<p>Esta pol\u00edtica de privacidad indica c\u00f3mo S.C.A.N. procesa y protege toda la informaci\u00f3n que Usted proporciona durante su visita a la p\u00e1gina web.<\/p>\n<p>S.C.A.N. se compromete a garantizar que su privacidad est\u00e1 protegida. Si le pedimos cierta informaci\u00f3n, lo hacemos para identificarle a Usted cuando visita la p\u00e1gina. \u00c9sta ser\u00e1 procesada s\u00f3lo de acuerdo con esta pol\u00edtica de privacidad.<\/p>\n<p>S.C.A.N. puede cambiar esta pol\u00edtica de privacidad de vez en cuando actualizando la p\u00e1gina web. Por lo tanto, le recomendamos visitar esta p\u00e1gina ocasionalmente para asegurarse de que est\u00e1 satisfecho con los cambios. La presente directiva entra en vigor el 1 de enero de 2013.<\/p>\n<h3>Qu\u00e9 datos procesamos<\/h3>\n<p>Procesamos las siguientes informaciones:<\/p>\n<ul>\n<li>Nombre y edad.<\/li>\n<li>Datos de contacto incluso correo electr\u00f3nico.<\/li>\n<li>Datos demogr\u00e1ficos como c\u00f3dico postal, preferencias e intereses.<\/li>\n<li>Dem\u00e1s informaci\u00f3n para poder informarles sobre nuestros servicios.<\/li>\n<\/ul>\n<h3>Qu\u00e9 hacemos con los datos recogidos<\/h3>\n<p>En general necesitamos estas informaciones para poder detectar sus exigencias y ofrecerle un mejor servicio, y en concreto para:<\/p>\n<ul>\n<li>Gesti\u00f3n interna.<\/li>\n<li>Usamos la informaci\u00f3n para poder ofrecerle un servicio adaptado a sus necesidades.<\/li>\n<li>Adem\u00e1s la usamos para mejorar nuestros productos y servicios<\/li>\n<li>Periodicamente le enviaremos correo promocional sobre nuevos productos, ofertas especiales u otra informaci\u00f3n que consideramos interesante para Usted al correo electr\u00f3nico indicado.<\/li>\n<li>De vez en cuando nos pondremos en contacto con Usted para realizar una encuesta. Le contactaremos por email, tel\u00e9fono, fax o por correo. Usamos la informaci\u00f3n para adaptar nuestra p\u00e1gina web a los intereses de nuestros clientes.<\/li>\n<\/ul>\n<h3>Seguridad<\/h3>\n<p>Nos comprometemos a guardar los datos de forma segura. Para impedir accesos no autorizados o la publicaci\u00f3n de los mismos, hemos tomado las medidas f\u00edsicas, electr\u00f3nicas y administrativas adecuadas para la protecci\u00f3n y almacenamiento de los datos obtenidos mediante la p\u00e1gina web.<\/p>\n<h3>C\u00f3mo empleamos los Cookies<\/h3>\n<p>Un Cookie es un archivo peque\u00f1o que solicita antes de su descarga al disco duro una autorizaci\u00f3n correspondiente. En cuanto lo permiten se a\u00f1ade el archivo que ayuda con el an\u00e1lisis de la actividad en l\u00ednea o le avisa al visitar una p\u00e1gina especial. Las cookies permiten a las aplicaciones en l\u00ednea contestar como un individuo. Estas aplicaciones adaptan sus procesos a sus necesidades, preferencias y aversiones coleccionando y guardando informaciones sobre sus intereses.<\/p>\n<p>Usamos estas cookies en l\u00ednea para averiguar qu\u00e9 p\u00e1ginas visita. Esto nos ayuda analizando las visitas a nuestra p\u00e1gina web y la mejora de la misma adaptando los contenidos a los requerimientos de los clientes. Aprovechamos estas informaciones solamente para analisis, estad\u00edsticas y despu\u00e9s borramos los datos del sistema.<\/p>\n<p>En general, las cookies nos ayudan a mejorar nuestra p\u00e1gina web, porque nos permiten comprobar las p\u00e1ginas que encuentra \u00fatiles y cu\u00e1les no. Una cookie no nos da acceso a su computadora y mucho menos informaci\u00f3n sobre usted, excepto los datos que usted mismo nos facilite.<\/p>\n<p>Usted puede elegir si acepta cookies o no. La mayor\u00eda de los navegadores web aceptan las cookies autom\u00e1ticamente, pero usted puede modificar la configuraci\u00f3n de su navegador de manera que rechace las cookies. Esto puede impedir que usted pueda utilizar el sitio por completo.<\/p>\n<h3>Enlaces a otras p\u00e1ginas web<\/h3>\n<p>Nuestro sitio web puede contener enlaces a otros sitios de inter\u00e9s. Nosotros, sin embargo, tenemos que se\u00f1alar que, una vez que haya utilizado estos enlaces para salir de nuestra p\u00e1gina, no tenemos control sobre estos, sitios web. Por lo tanto, no asumimos ninguna responsabilidad por la seguridad y la privacidad de cualquier informaci\u00f3n que especifica durante la visita al otro sitio web. Estos sitios no se rigen por esta pol\u00edtica de privacidad. Usted debe tener cuidado y mirar la pol\u00edtica de privacidad del sitio web en cuesti\u00f3n.<\/p>\n<h3>Acceso a sus datos personales<\/h3>\n<p>Usted puede restringir el procesamiento y utilizaci\u00f3n de sus datos de la siguiente forma:<\/p>\n<ul>\n<li>Siempre cuando se le pregunta de rellenar un formulario en la p\u00e1gina web, cliquean el campo en que indica que no quiere se procesa su informaci\u00f3n de ninguna manera para publicidad.<\/li>\n<li>En caso de que anteriormente ya hayan permitido que se puedan utilizar sus datos para publicidad directa en cada momento puede retirar \u00e9ste consentimiento informand\u00f3nos por correo normal o por correo elect\u00f3nico a la siguiente direcci\u00f3n: <a href=\"mailto:info@scancostablanca.com\">info@scancostablanca.com<\/a>.<\/li>\n<\/ul>\n<p>Nosotros no vendemos, distribuimos o prestamos sus datos a terceros en caso de que no tenemos su aprobaci\u00f3n o si no estamos obligados por ley. Podemos usar su informaci\u00f3n, si nos lo permite, para mandarle informaci\u00f3n sobre terceros que consideremos interesantes para Usted.<\/p>\n<p>Usted puede solicitar detalles de los datos personales procesados por nosotros seg\u00fan la Ley de Protecci\u00f3n de Datos 1998. Esto incluye una tasa peque\u00f1a. Si desean una copia de los datos guardados en nuestro archivo, por favor, escribanos a: S.C.A.N., Poligono Industrial, Calle Alcoy, Esq. Cami Cremadella, El Verger, Espa\u00f1a.<\/p>\n<p>Si cree que las informaciones guardadas en nuestra base de datos no son correctas o incompletas, le rogamos nos informe cuanto antes o m\u00e1ndenos un correo electr\u00f3nico a la direcci\u00f3n arriba indicada. Corregiremos los datos en el menor tiempo posible.<\/p>\n","protected":false},"excerpt":{"rendered":"<p>&nbsp; Protecci\u00f3n de datos Esta pol\u00edtica de privacidad indica c\u00f3mo S.C.A.N. procesa y protege toda la informaci\u00f3n que Usted proporciona durante su visita a la p\u00e1gina web. S.C.A.N. se compromete [&#8230;]<\/p>\n<p><a class=\"btn btn-secondary understrap-read-more-link\" href=\"https:\/\/www.scancostablanca.com\/es\/privacy-policy\/\">Leer m\u00e1s&#8230;<\/a><\/p>\n","protected":false},"author":338,"featured_media":0,"parent":0,"menu_order":0,"comment_status":"closed","ping_status":"closed","template":"","meta":{"_acf_changed":false,"footnotes":""},"class_list":["post-15045","page","type-page","status-publish","hentry"],"acf":[],"yoast_head":"<!-- This site is optimized with the Yoast SEO plugin v25.9 - https:\/\/yoast.com\/wordpress\/plugins\/seo\/ -->\n<title>S.C.A.N. Costa Blanca - Animals for Adoption - Privacy Policy<\/title>\n<meta name=\"description\" content=\"S.C.A.N. Costa Blanca - Animal Adoptions - Dog and Cat Rescue, Care &amp; Rehoming - - Privacy Policy\" \/>\n<meta name=\"robots\" content=\"index, follow, max-snippet:-1, max-image-preview:large, max-video-preview:-1\" \/>\n<link rel=\"canonical\" href=\"https:\/\/www.scancostablanca.com\/es\/privacy-policy\/\" \/>\n<meta property=\"og:locale\" content=\"es_ES\" \/>\n<meta property=\"og:type\" content=\"article\" \/>\n<meta property=\"og:title\" content=\"S.C.A.N. Costa Blanca - Animals for Adoption - Privacy Policy\" \/>\n<meta property=\"og:description\" content=\"S.C.A.N. Costa Blanca - Animal Adoptions - Dog and Cat Rescue, Care &amp; Rehoming - - Privacy Policy\" \/>\n<meta property=\"og:url\" content=\"https:\/\/www.scancostablanca.com\/es\/privacy-policy\/\" \/>\n<meta property=\"og:site_name\" content=\"S.C.A.N. Costa Blanca\" \/>\n<meta property=\"article:publisher\" content=\"https:\/\/www.facebook.com\/SocietyForTheCareOfAnimalsInNeedScan\/\" \/>\n<meta property=\"og:image\" content=\"https:\/\/www.scancostablanca.com\/wp-content\/uploads\/2018\/06\/puppy-advice-notes-1.jpg\" \/>\n\t<meta property=\"og:image:width\" content=\"992\" \/>\n\t<meta property=\"og:image:height\" content=\"661\" \/>\n\t<meta property=\"og:image:type\" content=\"image\/jpeg\" \/>\n<meta name=\"twitter:card\" content=\"summary_large_image\" \/>\n<script type=\"application\/ld+json\" class=\"yoast-schema-graph\">{\"@context\":\"https:\/\/schema.org\",\"@graph\":[{\"@type\":\"WebPage\",\"@id\":\"https:\/\/www.scancostablanca.com\/es\/privacy-policy\/\",\"url\":\"https:\/\/www.scancostablanca.com\/es\/privacy-policy\/\",\"name\":\"S.C.A.N. Costa Blanca - Animals for Adoption - Privacy Policy\",\"isPartOf\":{\"@id\":\"https:\/\/www.scancostablanca.com\/#website\"},\"datePublished\":\"2016-08-02T18:22:57+00:00\",\"description\":\"S.C.A.N. Costa Blanca - Animal Adoptions - Dog and Cat Rescue, Care & Rehoming - - Privacy Policy\",\"breadcrumb\":{\"@id\":\"https:\/\/www.scancostablanca.com\/es\/privacy-policy\/#breadcrumb\"},\"inLanguage\":\"es\",\"potentialAction\":[{\"@type\":\"ReadAction\",\"target\":[\"https:\/\/www.scancostablanca.com\/es\/privacy-policy\/\"]}]},{\"@type\":\"BreadcrumbList\",\"@id\":\"https:\/\/www.scancostablanca.com\/es\/privacy-policy\/#breadcrumb\",\"itemListElement\":[{\"@type\":\"ListItem\",\"position\":1,\"name\":\"Home\",\"item\":\"https:\/\/www.scancostablanca.com\/es\/\"},{\"@type\":\"ListItem\",\"position\":2,\"name\":\"Privacy Policy\"}]},{\"@type\":\"WebSite\",\"@id\":\"https:\/\/www.scancostablanca.com\/#website\",\"url\":\"https:\/\/www.scancostablanca.com\/\",\"name\":\"S.C.A.N. Costa Blanca\",\"description\":\"Sociedad para el Cuidado de los Animales que lo Necesitan\",\"publisher\":{\"@id\":\"https:\/\/www.scancostablanca.com\/#organization\"},\"potentialAction\":[{\"@type\":\"SearchAction\",\"target\":{\"@type\":\"EntryPoint\",\"urlTemplate\":\"https:\/\/www.scancostablanca.com\/?s={search_term_string}\"},\"query-input\":{\"@type\":\"PropertyValueSpecification\",\"valueRequired\":true,\"valueName\":\"search_term_string\"}}],\"inLanguage\":\"es\"},{\"@type\":\"Organization\",\"@id\":\"https:\/\/www.scancostablanca.com\/#organization\",\"name\":\"Society for the Care of Animals in Need\",\"url\":\"https:\/\/www.scancostablanca.com\/\",\"logo\":{\"@type\":\"ImageObject\",\"inLanguage\":\"es\",\"@id\":\"https:\/\/www.scancostablanca.com\/#\/schema\/logo\/image\/\",\"url\":\"https:\/\/www.scancostablanca.com\/wp-content\/uploads\/2018\/05\/scan-logo-text-blk-nobg.png\",\"contentUrl\":\"https:\/\/www.scancostablanca.com\/wp-content\/uploads\/2018\/05\/scan-logo-text-blk-nobg.png\",\"width\":409,\"height\":135,\"caption\":\"Society for the Care of Animals in Need\"},\"image\":{\"@id\":\"https:\/\/www.scancostablanca.com\/#\/schema\/logo\/image\/\"},\"sameAs\":[\"https:\/\/www.facebook.com\/SocietyForTheCareOfAnimalsInNeedScan\/\"]}]}<\/script>\n<!-- \/ Yoast SEO plugin. -->","yoast_head_json":{"title":"S.C.A.N. Costa Blanca - Animals for Adoption - Privacy Policy","description":"S.C.A.N. Costa Blanca - Animal Adoptions - Dog and Cat Rescue, Care & Rehoming - - Privacy Policy","robots":{"index":"index","follow":"follow","max-snippet":"max-snippet:-1","max-image-preview":"max-image-preview:large","max-video-preview":"max-video-preview:-1"},"canonical":"https:\/\/www.scancostablanca.com\/es\/privacy-policy\/","og_locale":"es_ES","og_type":"article","og_title":"S.C.A.N. Costa Blanca - Animals for Adoption - Privacy Policy","og_description":"S.C.A.N. Costa Blanca - Animal Adoptions - Dog and Cat Rescue, Care & Rehoming - - Privacy Policy","og_url":"https:\/\/www.scancostablanca.com\/es\/privacy-policy\/","og_site_name":"S.C.A.N. Costa Blanca","article_publisher":"https:\/\/www.facebook.com\/SocietyForTheCareOfAnimalsInNeedScan\/","og_image":[{"width":992,"height":661,"url":"https:\/\/www.scancostablanca.com\/wp-content\/uploads\/2018\/06\/puppy-advice-notes-1.jpg","type":"image\/jpeg"}],"twitter_card":"summary_large_image","schema":{"@context":"https:\/\/schema.org","@graph":[{"@type":"WebPage","@id":"https:\/\/www.scancostablanca.com\/es\/privacy-policy\/","url":"https:\/\/www.scancostablanca.com\/es\/privacy-policy\/","name":"S.C.A.N. Costa Blanca - Animals for Adoption - Privacy Policy","isPartOf":{"@id":"https:\/\/www.scancostablanca.com\/#website"},"datePublished":"2016-08-02T18:22:57+00:00","description":"S.C.A.N. Costa Blanca - Animal Adoptions - Dog and Cat Rescue, Care & Rehoming - - Privacy Policy","breadcrumb":{"@id":"https:\/\/www.scancostablanca.com\/es\/privacy-policy\/#breadcrumb"},"inLanguage":"es","potentialAction":[{"@type":"ReadAction","target":["https:\/\/www.scancostablanca.com\/es\/privacy-policy\/"]}]},{"@type":"BreadcrumbList","@id":"https:\/\/www.scancostablanca.com\/es\/privacy-policy\/#breadcrumb","itemListElement":[{"@type":"ListItem","position":1,"name":"Home","item":"https:\/\/www.scancostablanca.com\/es\/"},{"@type":"ListItem","position":2,"name":"Privacy Policy"}]},{"@type":"WebSite","@id":"https:\/\/www.scancostablanca.com\/#website","url":"https:\/\/www.scancostablanca.com\/","name":"S.C.A.N. Costa Blanca","description":"Sociedad para el Cuidado de los Animales que lo Necesitan","publisher":{"@id":"https:\/\/www.scancostablanca.com\/#organization"},"potentialAction":[{"@type":"SearchAction","target":{"@type":"EntryPoint","urlTemplate":"https:\/\/www.scancostablanca.com\/?s={search_term_string}"},"query-input":{"@type":"PropertyValueSpecification","valueRequired":true,"valueName":"search_term_string"}}],"inLanguage":"es"},{"@type":"Organization","@id":"https:\/\/www.scancostablanca.com\/#organization","name":"Society for the Care of Animals in Need","url":"https:\/\/www.scancostablanca.com\/","logo":{"@type":"ImageObject","inLanguage":"es","@id":"https:\/\/www.scancostablanca.com\/#\/schema\/logo\/image\/","url":"https:\/\/www.scancostablanca.com\/wp-content\/uploads\/2018\/05\/scan-logo-text-blk-nobg.png","contentUrl":"https:\/\/www.scancostablanca.com\/wp-content\/uploads\/2018\/05\/scan-logo-text-blk-nobg.png","width":409,"height":135,"caption":"Society for the Care of Animals in Need"},"image":{"@id":"https:\/\/www.scancostablanca.com\/#\/schema\/logo\/image\/"},"sameAs":["https:\/\/www.facebook.com\/SocietyForTheCareOfAnimalsInNeedScan\/"]}]}},"_links":{"self":[{"href":"https:\/\/www.scancostablanca.com\/es\/wp-json\/wp\/v2\/pages\/15045","targetHints":{"allow":["GET"]}}],"collection":[{"href":"https:\/\/www.scancostablanca.com\/es\/wp-json\/wp\/v2\/pages"}],"about":[{"href":"https:\/\/www.scancostablanca.com\/es\/wp-json\/wp\/v2\/types\/page"}],"author":[{"embeddable":true,"href":"https:\/\/www.scancostablanca.com\/es\/wp-json\/wp\/v2\/users\/338"}],"replies":[{"embeddable":true,"href":"https:\/\/www.scancostablanca.com\/es\/wp-json\/wp\/v2\/comments?post=15045"}],"version-history":[{"count":0,"href":"https:\/\/www.scancostablanca.com\/es\/wp-json\/wp\/v2\/pages\/15045\/revisions"}],"wp:attachment":[{"href":"https:\/\/www.scancostablanca.com\/es\/wp-json\/wp\/v2\/media?parent=15045"}],"curies":[{"name":"wp","href":"https:\/\/api.w.org\/{rel}","templated":true}]}}