{"id":25416,"date":"2017-11-20T17:05:13","date_gmt":"2017-11-20T16:05:13","guid":{"rendered":"https:\/\/www.scancostablanca.com\/adoptions\/"},"modified":"2020-11-29T21:05:35","modified_gmt":"2020-11-29T20:05:35","slug":"adopciones","status":"publish","type":"page","link":"https:\/\/www.scancostablanca.com\/es\/adopciones\/","title":{"rendered":"Adopci\u00f3n &#8211; el proceso"},"content":{"rendered":"<h2>Adopciones<\/h2>\n<p><strong><em>\u201cAhora est\u00e1s en SCAN, ahora est\u00e1s a salvo\u201d<\/em><\/strong><\/p>\n<p>Est\u00e1 leyendo esto porque tiene en mente adoptar uno de nuestros gatos o perros.<\/p>\n<p>Seleccionar el animal adecuado es la primera parte del proceso de adopci\u00f3n. Nos complacer\u00e1 charlar de los caracteres y las historias de nuestros perros y gatos y sus circunstancias personales para asegurarnos de que obtenga el mejor compa\u00f1ero posible. Es una condici\u00f3n del contrato de adopci\u00f3n que nuestros animales entren en una casa como mascota.<\/p>\n<p>Le pedimos que complete un cuestionario previo a la adopci\u00f3n y luego organizaremos una reuni\u00f3n en el refugio para hablar de la adopci\u00f3n prevista.<\/p>\n<h5>APOYO<\/h5>\n<p>En SCAN hacemos todo lo posible para garantizar el bienestar de los perros y gatos que est\u00e1n con nosotros. Tenemos una gran cantidad de conocimientos y experiencia en el cuidado de los animales. Siempre estamos disponibles para ayudar con cualquier problema o tema que pueda surgir. Esto es especialmente importante durante el per\u00edodo de prueba en casa cuando tanto la mascota como el due\u00f1o a\u00fan no se conocen muy bien. El apoyo est\u00e1 a solo una llamada telef\u00f3nica o correo electr\u00f3nico.<\/p>\n<p>&nbsp;<\/p>\n<h5><img decoding=\"async\" class=\"alignnone wp-image-43420 lazyload\" data-src=\"https:\/\/www.scancostablanca.com\/wp-content\/uploads\/2020\/05\/New-Cats-Logo-480x343.jpg\" alt=\"\" width=\"157\" height=\"112\" src=\"data:image\/svg+xml;base64,PHN2ZyB3aWR0aD0iMSIgaGVpZ2h0PSIxIiB4bWxucz0iaHR0cDovL3d3dy53My5vcmcvMjAwMC9zdmciPjwvc3ZnPg==\" style=\"--smush-placeholder-width: 157px; --smush-placeholder-aspect-ratio: 157\/112;\" \/><\/h5>\n<h5>GATOS<\/h5>\n<p>Le invitamos a llevar a uno de nuestros gatos o gatitos a probar la convivencia en casa. \u00a1Esto es particularmente importante si ya tiene gatos en casa porque, a veces, puede haber conflictos de personalidad entre los gatos! Una prueba en casa mostrar\u00e1 cualquier problema antes de comprometerse con una adopci\u00f3n.<\/p>\n<p>Nuestros gatitos y gatos se esterilizan entre los 4 y 6 meses, dependiendo de su individual estado de salud y madurez.<\/p>\n<p>No cobramos por la adopci\u00f3n de un gato, pero le solicitamos que haga una donaci\u00f3n para que podamos continuar rescatando y cuidando a m\u00e1s gatos necesitados.<\/p>\n<p>&nbsp;<\/p>\n<h5><img decoding=\"async\" class=\"alignnone wp-image-43423 lazyload\" data-src=\"https:\/\/www.scancostablanca.com\/wp-content\/uploads\/2020\/05\/New-Dogs-Logo.jpg\" alt=\"\" width=\"157\" height=\"136\" src=\"data:image\/svg+xml;base64,PHN2ZyB3aWR0aD0iMSIgaGVpZ2h0PSIxIiB4bWxucz0iaHR0cDovL3d3dy53My5vcmcvMjAwMC9zdmciPjwvc3ZnPg==\" style=\"--smush-placeholder-width: 157px; --smush-placeholder-aspect-ratio: 157\/136;\" \/><\/h5>\n<h5>PERROS<\/h5>\n<p>El siguiente paso es una prueba en casa en la que usted y su nuevo amigo pueden probar la convivencia. La mayor\u00eda de las pruebas funcionan bien, pero el bienestar del animal es nuestra consideraci\u00f3n primordial, por lo que le pedimos que sea realista. Durante este per\u00edodo organizaremos una visita a domicilio.<\/p>\n<p>Nuestra tasa de adopci\u00f3n se establecen \u00fanicamente para cubrir los costos de las vacunas, el chip y el pasaporte. Estos son requeridos legalmente antes de que el animal abandone el refugio. Le pedimos que cubra estos gastos para que tengamos los recursos para rescatar a m\u00e1s animales necesitados.<\/p>\n<p>El cuestionario pre-adopci\u00f3n est\u00e1 disponible para\u00a0<a href=\"https:\/\/www.scancostablanca.com\/pre-adoption-questionaire-dogs\/\">descargar o rellenar en l\u00ednea. Cliquea aqu\u00ed. &gt;<\/a><\/p>\n<p>&nbsp;<\/p>\n<h5>ADOPCIONES INTERNATIONALES de GATOS y PERROS<\/h5>\n<p>\u00c9stas juegan un papel clave en los \u00e9xitos de realojamiento de SCAN. Sin el apoyo de nuestros amigos en toda Europa (y m\u00e1s lejos), muchos menos animales ahora disfrutar\u00edan de sus nuevas vidas.<\/p>\n<p>SCAN es un refugio de animales registrado como N\u00facleo Zool\u00f3gico. Esta acreditaci\u00f3n significa que podemos organizar legalmente el transporte de animales a trav\u00e9s de las fronteras. El proceso involucra unos pasos administrativos complejos conocidos como TRACES. SCAN se encarga gratuitamente de este papeleo, que consume mucho tiempo. Nuestro \u00fanico objetivo es la futura felicidad de los animales que han llegado a nuestro cuidado.<\/p>\n<p>Fuera de Espa\u00f1a, generalmente no es posible realizar una prueba en casa, pero a\u00fan asi le pedimos que complete el cuestionario previo a la adopci\u00f3n. Luego, transmitiremos sus datos, incluidos los del animal que tiene en mente adoptar, a una organizaci\u00f3n ben\u00e9fica de animales en su \u00e1rea para que puedan realizar una visita en su hogar.<\/p>\n<p>El cuestionario previo a la adopci\u00f3n est\u00e1 disponible para \u00a0<a href=\"https:\/\/www.scancostablanca.com\/pre-adoption-questionaire-dogs\/\">descargar o completar en l\u00ednea.<\/a><\/p>\n<p>Transportamos animales empreando transportistas especializados y acreditados cuyos veh\u00edculos cumplen o superan los est\u00e1ndares establecidos por el gobierno brit\u00e1nico y la Comunidad Europea. Tambi\u00e9n podemos organizar vuelos, pero los criterios var\u00edan dependiendo de varios factores, incluido el pa\u00eds de destino. Por favor, p\u00f3ngase en contacto con nosotros para discutir sus requisitos espec\u00edficos.<\/p>\n<p>Gracias por considerar adoptar uno de nuestros animales. Creemos, todos los voluntarios creen, que todos los animales merecen una vida en la que puedan ser felices, ser amados y ser libre de mostrar quienes son. A cambio, traer\u00e1n alegr\u00eda y risas a su hogar.<\/p>\n<p>&nbsp;<\/p>\n<p>&nbsp;<\/p>\n","protected":false},"excerpt":{"rendered":"<p>Adopciones \u201cAhora est\u00e1s en SCAN, ahora est\u00e1s a salvo\u201d Est\u00e1 leyendo esto porque tiene en mente adoptar uno de nuestros gatos o perros. Seleccionar el animal adecuado es la primera [&#8230;]<\/p>\n<p><a class=\"btn btn-secondary understrap-read-more-link\" href=\"https:\/\/www.scancostablanca.com\/es\/adopciones\/\">Leer m\u00e1s&#8230;<\/a><\/p>\n","protected":false},"author":1,"featured_media":0,"parent":0,"menu_order":0,"comment_status":"closed","ping_status":"closed","template":"","meta":{"_acf_changed":false,"footnotes":""},"class_list":["post-25416","page","type-page","status-publish","hentry"],"acf":[],"yoast_head":"<!-- This site is optimized with the Yoast SEO plugin v25.9 - https:\/\/yoast.com\/wordpress\/plugins\/seo\/ -->\n<title>S.C.A.N. Costa Blanca - Animals for Adoption - Adopci\u00f3n - el proceso<\/title>\n<meta name=\"description\" content=\"S.C.A.N. Costa Blanca - Animal Adoptions - Dog and Cat Rescue, Care &amp; Rehoming - - Adopci\u00f3n - el proceso\" \/>\n<meta name=\"robots\" content=\"index, follow, max-snippet:-1, max-image-preview:large, max-video-preview:-1\" \/>\n<link rel=\"canonical\" href=\"https:\/\/www.scancostablanca.com\/es\/adopciones\/\" \/>\n<meta property=\"og:locale\" content=\"es_ES\" \/>\n<meta property=\"og:type\" content=\"article\" \/>\n<meta property=\"og:title\" content=\"S.C.A.N. Costa Blanca - Animals for Adoption - Adopci\u00f3n - el proceso\" \/>\n<meta property=\"og:description\" content=\"S.C.A.N. Costa Blanca - Animal Adoptions - Dog and Cat Rescue, Care &amp; Rehoming - - Adopci\u00f3n - el proceso\" \/>\n<meta property=\"og:url\" content=\"https:\/\/www.scancostablanca.com\/es\/adopciones\/\" \/>\n<meta property=\"og:site_name\" content=\"S.C.A.N. Costa Blanca\" \/>\n<meta property=\"article:publisher\" content=\"https:\/\/www.facebook.com\/SocietyForTheCareOfAnimalsInNeedScan\/\" \/>\n<meta property=\"article:modified_time\" content=\"2020-11-29T20:05:35+00:00\" \/>\n<meta property=\"og:image\" content=\"https:\/\/www.scancostablanca.com\/wp-content\/uploads\/2020\/05\/New-Cats-Logo-480x343.jpg\" \/>\n<meta name=\"twitter:card\" content=\"summary_large_image\" \/>\n<script type=\"application\/ld+json\" class=\"yoast-schema-graph\">{\"@context\":\"https:\/\/schema.org\",\"@graph\":[{\"@type\":\"WebPage\",\"@id\":\"https:\/\/www.scancostablanca.com\/es\/adopciones\/\",\"url\":\"https:\/\/www.scancostablanca.com\/es\/adopciones\/\",\"name\":\"S.C.A.N. Costa Blanca - Animals for Adoption - Adopci\u00f3n - el proceso\",\"isPartOf\":{\"@id\":\"https:\/\/www.scancostablanca.com\/#website\"},\"primaryImageOfPage\":{\"@id\":\"https:\/\/www.scancostablanca.com\/es\/adopciones\/#primaryimage\"},\"image\":{\"@id\":\"https:\/\/www.scancostablanca.com\/es\/adopciones\/#primaryimage\"},\"thumbnailUrl\":\"https:\/\/www.scancostablanca.com\/wp-content\/uploads\/2020\/05\/New-Cats-Logo-480x343.jpg\",\"datePublished\":\"2017-11-20T16:05:13+00:00\",\"dateModified\":\"2020-11-29T20:05:35+00:00\",\"description\":\"S.C.A.N. Costa Blanca - Animal Adoptions - Dog and Cat Rescue, Care & Rehoming - - Adopci\u00f3n - el proceso\",\"breadcrumb\":{\"@id\":\"https:\/\/www.scancostablanca.com\/es\/adopciones\/#breadcrumb\"},\"inLanguage\":\"es\",\"potentialAction\":[{\"@type\":\"ReadAction\",\"target\":[\"https:\/\/www.scancostablanca.com\/es\/adopciones\/\"]}]},{\"@type\":\"ImageObject\",\"inLanguage\":\"es\",\"@id\":\"https:\/\/www.scancostablanca.com\/es\/adopciones\/#primaryimage\",\"url\":\"https:\/\/www.scancostablanca.com\/wp-content\/uploads\/2020\/05\/New-Cats-Logo-480x343.jpg\",\"contentUrl\":\"https:\/\/www.scancostablanca.com\/wp-content\/uploads\/2020\/05\/New-Cats-Logo-480x343.jpg\"},{\"@type\":\"BreadcrumbList\",\"@id\":\"https:\/\/www.scancostablanca.com\/es\/adopciones\/#breadcrumb\",\"itemListElement\":[{\"@type\":\"ListItem\",\"position\":1,\"name\":\"Home\",\"item\":\"https:\/\/www.scancostablanca.com\/es\/\"},{\"@type\":\"ListItem\",\"position\":2,\"name\":\"Adopci\u00f3n &#8211; el proceso\"}]},{\"@type\":\"WebSite\",\"@id\":\"https:\/\/www.scancostablanca.com\/#website\",\"url\":\"https:\/\/www.scancostablanca.com\/\",\"name\":\"S.C.A.N. Costa Blanca\",\"description\":\"Sociedad para el Cuidado de los Animales que lo Necesitan\",\"publisher\":{\"@id\":\"https:\/\/www.scancostablanca.com\/#organization\"},\"potentialAction\":[{\"@type\":\"SearchAction\",\"target\":{\"@type\":\"EntryPoint\",\"urlTemplate\":\"https:\/\/www.scancostablanca.com\/?s={search_term_string}\"},\"query-input\":{\"@type\":\"PropertyValueSpecification\",\"valueRequired\":true,\"valueName\":\"search_term_string\"}}],\"inLanguage\":\"es\"},{\"@type\":\"Organization\",\"@id\":\"https:\/\/www.scancostablanca.com\/#organization\",\"name\":\"Society for the Care of Animals in Need\",\"url\":\"https:\/\/www.scancostablanca.com\/\",\"logo\":{\"@type\":\"ImageObject\",\"inLanguage\":\"es\",\"@id\":\"https:\/\/www.scancostablanca.com\/#\/schema\/logo\/image\/\",\"url\":\"https:\/\/www.scancostablanca.com\/wp-content\/uploads\/2018\/05\/scan-logo-text-blk-nobg.png\",\"contentUrl\":\"https:\/\/www.scancostablanca.com\/wp-content\/uploads\/2018\/05\/scan-logo-text-blk-nobg.png\",\"width\":409,\"height\":135,\"caption\":\"Society for the Care of Animals in Need\"},\"image\":{\"@id\":\"https:\/\/www.scancostablanca.com\/#\/schema\/logo\/image\/\"},\"sameAs\":[\"https:\/\/www.facebook.com\/SocietyForTheCareOfAnimalsInNeedScan\/\"]}]}<\/script>\n<!-- \/ Yoast SEO plugin. -->","yoast_head_json":{"title":"S.C.A.N. Costa Blanca - Animals for Adoption - Adopci\u00f3n - el proceso","description":"S.C.A.N. Costa Blanca - Animal Adoptions - Dog and Cat Rescue, Care & Rehoming - - Adopci\u00f3n - el proceso","robots":{"index":"index","follow":"follow","max-snippet":"max-snippet:-1","max-image-preview":"max-image-preview:large","max-video-preview":"max-video-preview:-1"},"canonical":"https:\/\/www.scancostablanca.com\/es\/adopciones\/","og_locale":"es_ES","og_type":"article","og_title":"S.C.A.N. Costa Blanca - Animals for Adoption - Adopci\u00f3n - el proceso","og_description":"S.C.A.N. Costa Blanca - Animal Adoptions - Dog and Cat Rescue, Care & Rehoming - - Adopci\u00f3n - el proceso","og_url":"https:\/\/www.scancostablanca.com\/es\/adopciones\/","og_site_name":"S.C.A.N. Costa Blanca","article_publisher":"https:\/\/www.facebook.com\/SocietyForTheCareOfAnimalsInNeedScan\/","article_modified_time":"2020-11-29T20:05:35+00:00","og_image":[{"url":"https:\/\/www.scancostablanca.com\/wp-content\/uploads\/2020\/05\/New-Cats-Logo-480x343.jpg","type":"","width":"","height":""}],"twitter_card":"summary_large_image","schema":{"@context":"https:\/\/schema.org","@graph":[{"@type":"WebPage","@id":"https:\/\/www.scancostablanca.com\/es\/adopciones\/","url":"https:\/\/www.scancostablanca.com\/es\/adopciones\/","name":"S.C.A.N. Costa Blanca - Animals for Adoption - Adopci\u00f3n - el proceso","isPartOf":{"@id":"https:\/\/www.scancostablanca.com\/#website"},"primaryImageOfPage":{"@id":"https:\/\/www.scancostablanca.com\/es\/adopciones\/#primaryimage"},"image":{"@id":"https:\/\/www.scancostablanca.com\/es\/adopciones\/#primaryimage"},"thumbnailUrl":"https:\/\/www.scancostablanca.com\/wp-content\/uploads\/2020\/05\/New-Cats-Logo-480x343.jpg","datePublished":"2017-11-20T16:05:13+00:00","dateModified":"2020-11-29T20:05:35+00:00","description":"S.C.A.N. Costa Blanca - Animal Adoptions - Dog and Cat Rescue, Care & Rehoming - - Adopci\u00f3n - el proceso","breadcrumb":{"@id":"https:\/\/www.scancostablanca.com\/es\/adopciones\/#breadcrumb"},"inLanguage":"es","potentialAction":[{"@type":"ReadAction","target":["https:\/\/www.scancostablanca.com\/es\/adopciones\/"]}]},{"@type":"ImageObject","inLanguage":"es","@id":"https:\/\/www.scancostablanca.com\/es\/adopciones\/#primaryimage","url":"https:\/\/www.scancostablanca.com\/wp-content\/uploads\/2020\/05\/New-Cats-Logo-480x343.jpg","contentUrl":"https:\/\/www.scancostablanca.com\/wp-content\/uploads\/2020\/05\/New-Cats-Logo-480x343.jpg"},{"@type":"BreadcrumbList","@id":"https:\/\/www.scancostablanca.com\/es\/adopciones\/#breadcrumb","itemListElement":[{"@type":"ListItem","position":1,"name":"Home","item":"https:\/\/www.scancostablanca.com\/es\/"},{"@type":"ListItem","position":2,"name":"Adopci\u00f3n &#8211; el proceso"}]},{"@type":"WebSite","@id":"https:\/\/www.scancostablanca.com\/#website","url":"https:\/\/www.scancostablanca.com\/","name":"S.C.A.N. Costa Blanca","description":"Sociedad para el Cuidado de los Animales que lo Necesitan","publisher":{"@id":"https:\/\/www.scancostablanca.com\/#organization"},"potentialAction":[{"@type":"SearchAction","target":{"@type":"EntryPoint","urlTemplate":"https:\/\/www.scancostablanca.com\/?s={search_term_string}"},"query-input":{"@type":"PropertyValueSpecification","valueRequired":true,"valueName":"search_term_string"}}],"inLanguage":"es"},{"@type":"Organization","@id":"https:\/\/www.scancostablanca.com\/#organization","name":"Society for the Care of Animals in Need","url":"https:\/\/www.scancostablanca.com\/","logo":{"@type":"ImageObject","inLanguage":"es","@id":"https:\/\/www.scancostablanca.com\/#\/schema\/logo\/image\/","url":"https:\/\/www.scancostablanca.com\/wp-content\/uploads\/2018\/05\/scan-logo-text-blk-nobg.png","contentUrl":"https:\/\/www.scancostablanca.com\/wp-content\/uploads\/2018\/05\/scan-logo-text-blk-nobg.png","width":409,"height":135,"caption":"Society for the Care of Animals in Need"},"image":{"@id":"https:\/\/www.scancostablanca.com\/#\/schema\/logo\/image\/"},"sameAs":["https:\/\/www.facebook.com\/SocietyForTheCareOfAnimalsInNeedScan\/"]}]}},"_links":{"self":[{"href":"https:\/\/www.scancostablanca.com\/es\/wp-json\/wp\/v2\/pages\/25416","targetHints":{"allow":["GET"]}}],"collection":[{"href":"https:\/\/www.scancostablanca.com\/es\/wp-json\/wp\/v2\/pages"}],"about":[{"href":"https:\/\/www.scancostablanca.com\/es\/wp-json\/wp\/v2\/types\/page"}],"author":[{"embeddable":true,"href":"https:\/\/www.scancostablanca.com\/es\/wp-json\/wp\/v2\/users\/1"}],"replies":[{"embeddable":true,"href":"https:\/\/www.scancostablanca.com\/es\/wp-json\/wp\/v2\/comments?post=25416"}],"version-history":[{"count":0,"href":"https:\/\/www.scancostablanca.com\/es\/wp-json\/wp\/v2\/pages\/25416\/revisions"}],"wp:attachment":[{"href":"https:\/\/www.scancostablanca.com\/es\/wp-json\/wp\/v2\/media?parent=25416"}],"curies":[{"name":"wp","href":"https:\/\/api.w.org\/{rel}","templated":true}]}}