{"id":25428,"date":"2017-11-20T17:20:50","date_gmt":"2017-11-20T16:20:50","guid":{"rendered":"https:\/\/www.scancostablanca.com\/donations\/"},"modified":"2020-11-29T20:59:56","modified_gmt":"2020-11-29T19:59:56","slug":"donaciones","status":"publish","type":"page","link":"https:\/\/www.scancostablanca.com\/es\/donaciones\/","title":{"rendered":"Donaciones"},"content":{"rendered":"<h3>Donaciones<\/h3>\n<p>La recaudaci\u00f3n de fondos es un asunto de coraz\u00f3n. Sin el flujo constante de efectivo SCAN no podr\u00eda funcionar. Las donaciones son la fuente de ingresos m\u00e1s importante para nosotros. M\u00e1s de 2000 animales pueden agradecer a todos y cada uno de los donantes por ayudarlos a disfrutar de una nueva vida.<\/p>\n<p>Hay varias formas en las que puedes donar dinero a SCAN.<\/p>\n<ul>\n<li>Simplemente haga clic <a href=\"https:\/\/www.paypal.com\/cgi-bin\/webscr?cmd=_s-xclick&amp;hosted_button_id=CER4MPSU4ZHGL&amp;lc=GB\">aqu\u00ed<\/a>\u00a0para ir directamente a nuestra pantalla de pago segura de PayPal. No necesita una cuenta de PayPal, solo una tarjeta de d\u00e9bito o cr\u00e9dito.<\/li>\n<li>Al enviar una donaci\u00f3n directamente a nuestra cuenta de PayPal: donations@scancostablanca.com<\/li>\n<li>Al unirte a nuestro Grupo de Teaming y donar 1 \u20ac al mes, lo que puede no parecer mucho, pero poco muchas veces iguala a mucho. Y <strong><em>marcar\u00e1<\/em> <\/strong>la diferencia. Haga clic <a href=\"https:\/\/www.teaming.net\/societyforthecareofanimalsinneed\">aqu\u00ed<\/a>\u00a0para ir directamente a nuestro sitio web de Teaming, donde puede inscribirse para unirse a nuestro grupo o haga clic <a href=\"https:\/\/www.scancostablanca.com\/es\/what-is-teaming\/\">aqu\u00ed<\/a>\u00a0para obtener m\u00e1s informaci\u00f3n sobre Teaming.<\/li>\n<li>Puede pagar directamente en nuestra cuenta bancaria o establecer un pago regular a trav\u00e9s de d\u00e9bito directo o orden permanente.<br \/>\n<strong>Nuestra cuenta bancaria<\/strong>:<br \/>\nBanco de Sabadell, Carrer Marques de Estrella,2, 03770, Verger, Alicante.<br \/>\nIBAN: ES34 0081 1046 3300 0119 9530<\/li>\n<\/ul>\n<p>A SCAN le cobran gastos bancarios por las donaciones recibidas en monedas distintas del euro.\u00a0 A usted, el donante, tambi\u00e9n se le cobrar\u00e1 una tarifa. Para pagos en otras monedas que no sean euros, PayPal es la mejor manera de maximizar el valor de su regalo.<\/p>\n<ul>\n<li>Puede hacer donaciones en persona en el refugio de SCAN o en la Boutique de caridad, ambos en El Verger.<\/li>\n<li>Contamos con una extensa red de huchas en el \u00e1rea. Echar unas cuantas monedas de vez en cuando ayuda m\u00e1s de lo que piensa. Los botes recaudan sumas considerables para SCAN cada a\u00f1o.<\/li>\n<\/ul>\n<h3>\u00a0De individuales y negocios<\/h3>\n<ul>\n<li>Donaciones de premios de rifas o de competiciones son siempre bienvenidas. Las mesas de premios generalmente incluyen vinos, licores, chocolates, bonitos boles de vidrio o porcelana llenos de dulces u otros bombones deliciosos, cervezas interesantes y otras cosas deseables.<\/li>\n<li>Agradecemos vales para peluquer\u00eda o tratamientos de belleza, comidas en restaurantes, por ejemplo. Estos premios hacen que la rifa o la competencia sean m\u00e1s atractivas para el p\u00fablico, lo que aumenta el dinero que recaudamos. Tambi\u00e9n promueven el negocio de los donantes a nuestros voluntarios, miembros y patrocinadores, una situaci\u00f3n en la que todos ganan, creemos.<\/li>\n<\/ul>\n<p>&nbsp;<\/p>\n","protected":false},"excerpt":{"rendered":"<p>Donaciones La recaudaci\u00f3n de fondos es un asunto de coraz\u00f3n. Sin el flujo constante de efectivo SCAN no podr\u00eda funcionar. Las donaciones son la fuente de ingresos m\u00e1s importante para [&#8230;]<\/p>\n<p><a class=\"btn btn-secondary understrap-read-more-link\" href=\"https:\/\/www.scancostablanca.com\/es\/donaciones\/\">Leer m\u00e1s&#8230;<\/a><\/p>\n","protected":false},"author":1,"featured_media":0,"parent":0,"menu_order":0,"comment_status":"closed","ping_status":"closed","template":"","meta":{"_acf_changed":false,"footnotes":""},"class_list":["post-25428","page","type-page","status-publish","hentry"],"acf":[],"yoast_head":"<!-- This site is optimized with the Yoast SEO plugin v27.4 - https:\/\/yoast.com\/product\/yoast-seo-wordpress\/ -->\n<title>S.C.A.N. Costa Blanca - Animals for Adoption - Donaciones<\/title>\n<meta name=\"description\" content=\"S.C.A.N. Costa Blanca - Animal Adoptions - Dog and Cat Rescue, Care &amp; Rehoming - - Donaciones\" \/>\n<meta name=\"robots\" content=\"index, follow, max-snippet:-1, max-image-preview:large, max-video-preview:-1\" \/>\n<link rel=\"canonical\" href=\"https:\/\/www.scancostablanca.com\/es\/donaciones\/\" \/>\n<meta property=\"og:locale\" content=\"es_ES\" \/>\n<meta property=\"og:type\" content=\"article\" \/>\n<meta property=\"og:title\" content=\"S.C.A.N. Costa Blanca - Animals for Adoption - Donaciones\" \/>\n<meta property=\"og:description\" content=\"S.C.A.N. Costa Blanca - Animal Adoptions - Dog and Cat Rescue, Care &amp; Rehoming - - Donaciones\" \/>\n<meta property=\"og:url\" content=\"https:\/\/www.scancostablanca.com\/es\/donaciones\/\" \/>\n<meta property=\"og:site_name\" content=\"S.C.A.N. Costa Blanca\" \/>\n<meta property=\"article:publisher\" content=\"https:\/\/www.facebook.com\/SocietyForTheCareOfAnimalsInNeedScan\/\" \/>\n<meta property=\"article:modified_time\" content=\"2020-11-29T19:59:56+00:00\" \/>\n<meta property=\"og:image\" content=\"https:\/\/www.scancostablanca.com\/wp-content\/uploads\/2018\/06\/puppy-advice-notes-1.jpg\" \/>\n\t<meta property=\"og:image:width\" content=\"992\" \/>\n\t<meta property=\"og:image:height\" content=\"661\" \/>\n\t<meta property=\"og:image:type\" content=\"image\/jpeg\" \/>\n<meta name=\"twitter:card\" content=\"summary_large_image\" \/>\n<script type=\"application\/ld+json\" class=\"yoast-schema-graph\">{\"@context\":\"https:\\\/\\\/schema.org\",\"@graph\":[{\"@type\":\"WebPage\",\"@id\":\"https:\\\/\\\/www.scancostablanca.com\\\/es\\\/donaciones\\\/\",\"url\":\"https:\\\/\\\/www.scancostablanca.com\\\/es\\\/donaciones\\\/\",\"name\":\"S.C.A.N. Costa Blanca - Animals for Adoption - Donaciones\",\"isPartOf\":{\"@id\":\"https:\\\/\\\/www.scancostablanca.com\\\/#website\"},\"datePublished\":\"2017-11-20T16:20:50+00:00\",\"dateModified\":\"2020-11-29T19:59:56+00:00\",\"description\":\"S.C.A.N. Costa Blanca - Animal Adoptions - Dog and Cat Rescue, Care & Rehoming - - Donaciones\",\"breadcrumb\":{\"@id\":\"https:\\\/\\\/www.scancostablanca.com\\\/es\\\/donaciones\\\/#breadcrumb\"},\"inLanguage\":\"es\",\"potentialAction\":[{\"@type\":\"ReadAction\",\"target\":[\"https:\\\/\\\/www.scancostablanca.com\\\/es\\\/donaciones\\\/\"]}]},{\"@type\":\"BreadcrumbList\",\"@id\":\"https:\\\/\\\/www.scancostablanca.com\\\/es\\\/donaciones\\\/#breadcrumb\",\"itemListElement\":[{\"@type\":\"ListItem\",\"position\":1,\"name\":\"Home\",\"item\":\"https:\\\/\\\/www.scancostablanca.com\\\/es\\\/\"},{\"@type\":\"ListItem\",\"position\":2,\"name\":\"Donaciones\"}]},{\"@type\":\"WebSite\",\"@id\":\"https:\\\/\\\/www.scancostablanca.com\\\/#website\",\"url\":\"https:\\\/\\\/www.scancostablanca.com\\\/\",\"name\":\"S.C.A.N. Costa Blanca\",\"description\":\"Sociedad para el Cuidado de los Animales que lo Necesitan\",\"publisher\":{\"@id\":\"https:\\\/\\\/www.scancostablanca.com\\\/#organization\"},\"potentialAction\":[{\"@type\":\"SearchAction\",\"target\":{\"@type\":\"EntryPoint\",\"urlTemplate\":\"https:\\\/\\\/www.scancostablanca.com\\\/?s={search_term_string}\"},\"query-input\":{\"@type\":\"PropertyValueSpecification\",\"valueRequired\":true,\"valueName\":\"search_term_string\"}}],\"inLanguage\":\"es\"},{\"@type\":\"Organization\",\"@id\":\"https:\\\/\\\/www.scancostablanca.com\\\/#organization\",\"name\":\"Society for the Care of Animals in Need\",\"url\":\"https:\\\/\\\/www.scancostablanca.com\\\/\",\"logo\":{\"@type\":\"ImageObject\",\"inLanguage\":\"es\",\"@id\":\"https:\\\/\\\/www.scancostablanca.com\\\/#\\\/schema\\\/logo\\\/image\\\/\",\"url\":\"https:\\\/\\\/www.scancostablanca.com\\\/wp-content\\\/uploads\\\/2018\\\/05\\\/scan-logo-text-blk-nobg.png\",\"contentUrl\":\"https:\\\/\\\/www.scancostablanca.com\\\/wp-content\\\/uploads\\\/2018\\\/05\\\/scan-logo-text-blk-nobg.png\",\"width\":409,\"height\":135,\"caption\":\"Society for the Care of Animals in Need\"},\"image\":{\"@id\":\"https:\\\/\\\/www.scancostablanca.com\\\/#\\\/schema\\\/logo\\\/image\\\/\"},\"sameAs\":[\"https:\\\/\\\/www.facebook.com\\\/SocietyForTheCareOfAnimalsInNeedScan\\\/\"]}]}<\/script>\n<!-- \/ Yoast SEO plugin. -->","yoast_head_json":{"title":"S.C.A.N. Costa Blanca - Animals for Adoption - Donaciones","description":"S.C.A.N. Costa Blanca - Animal Adoptions - Dog and Cat Rescue, Care & Rehoming - - Donaciones","robots":{"index":"index","follow":"follow","max-snippet":"max-snippet:-1","max-image-preview":"max-image-preview:large","max-video-preview":"max-video-preview:-1"},"canonical":"https:\/\/www.scancostablanca.com\/es\/donaciones\/","og_locale":"es_ES","og_type":"article","og_title":"S.C.A.N. Costa Blanca - Animals for Adoption - Donaciones","og_description":"S.C.A.N. Costa Blanca - Animal Adoptions - Dog and Cat Rescue, Care & Rehoming - - Donaciones","og_url":"https:\/\/www.scancostablanca.com\/es\/donaciones\/","og_site_name":"S.C.A.N. Costa Blanca","article_publisher":"https:\/\/www.facebook.com\/SocietyForTheCareOfAnimalsInNeedScan\/","article_modified_time":"2020-11-29T19:59:56+00:00","og_image":[{"width":992,"height":661,"url":"https:\/\/www.scancostablanca.com\/wp-content\/uploads\/2018\/06\/puppy-advice-notes-1.jpg","type":"image\/jpeg"}],"twitter_card":"summary_large_image","schema":{"@context":"https:\/\/schema.org","@graph":[{"@type":"WebPage","@id":"https:\/\/www.scancostablanca.com\/es\/donaciones\/","url":"https:\/\/www.scancostablanca.com\/es\/donaciones\/","name":"S.C.A.N. Costa Blanca - Animals for Adoption - Donaciones","isPartOf":{"@id":"https:\/\/www.scancostablanca.com\/#website"},"datePublished":"2017-11-20T16:20:50+00:00","dateModified":"2020-11-29T19:59:56+00:00","description":"S.C.A.N. Costa Blanca - Animal Adoptions - Dog and Cat Rescue, Care & Rehoming - - Donaciones","breadcrumb":{"@id":"https:\/\/www.scancostablanca.com\/es\/donaciones\/#breadcrumb"},"inLanguage":"es","potentialAction":[{"@type":"ReadAction","target":["https:\/\/www.scancostablanca.com\/es\/donaciones\/"]}]},{"@type":"BreadcrumbList","@id":"https:\/\/www.scancostablanca.com\/es\/donaciones\/#breadcrumb","itemListElement":[{"@type":"ListItem","position":1,"name":"Home","item":"https:\/\/www.scancostablanca.com\/es\/"},{"@type":"ListItem","position":2,"name":"Donaciones"}]},{"@type":"WebSite","@id":"https:\/\/www.scancostablanca.com\/#website","url":"https:\/\/www.scancostablanca.com\/","name":"S.C.A.N. Costa Blanca","description":"Sociedad para el Cuidado de los Animales que lo Necesitan","publisher":{"@id":"https:\/\/www.scancostablanca.com\/#organization"},"potentialAction":[{"@type":"SearchAction","target":{"@type":"EntryPoint","urlTemplate":"https:\/\/www.scancostablanca.com\/?s={search_term_string}"},"query-input":{"@type":"PropertyValueSpecification","valueRequired":true,"valueName":"search_term_string"}}],"inLanguage":"es"},{"@type":"Organization","@id":"https:\/\/www.scancostablanca.com\/#organization","name":"Society for the Care of Animals in Need","url":"https:\/\/www.scancostablanca.com\/","logo":{"@type":"ImageObject","inLanguage":"es","@id":"https:\/\/www.scancostablanca.com\/#\/schema\/logo\/image\/","url":"https:\/\/www.scancostablanca.com\/wp-content\/uploads\/2018\/05\/scan-logo-text-blk-nobg.png","contentUrl":"https:\/\/www.scancostablanca.com\/wp-content\/uploads\/2018\/05\/scan-logo-text-blk-nobg.png","width":409,"height":135,"caption":"Society for the Care of Animals in Need"},"image":{"@id":"https:\/\/www.scancostablanca.com\/#\/schema\/logo\/image\/"},"sameAs":["https:\/\/www.facebook.com\/SocietyForTheCareOfAnimalsInNeedScan\/"]}]}},"_links":{"self":[{"href":"https:\/\/www.scancostablanca.com\/es\/wp-json\/wp\/v2\/pages\/25428","targetHints":{"allow":["GET"]}}],"collection":[{"href":"https:\/\/www.scancostablanca.com\/es\/wp-json\/wp\/v2\/pages"}],"about":[{"href":"https:\/\/www.scancostablanca.com\/es\/wp-json\/wp\/v2\/types\/page"}],"author":[{"embeddable":true,"href":"https:\/\/www.scancostablanca.com\/es\/wp-json\/wp\/v2\/users\/1"}],"replies":[{"embeddable":true,"href":"https:\/\/www.scancostablanca.com\/es\/wp-json\/wp\/v2\/comments?post=25428"}],"version-history":[{"count":0,"href":"https:\/\/www.scancostablanca.com\/es\/wp-json\/wp\/v2\/pages\/25428\/revisions"}],"wp:attachment":[{"href":"https:\/\/www.scancostablanca.com\/es\/wp-json\/wp\/v2\/media?parent=25428"}],"curies":[{"name":"wp","href":"https:\/\/api.w.org\/{rel}","templated":true}]}}