{"id":32836,"date":"2018-03-27T16:07:30","date_gmt":"2018-03-27T14:07:30","guid":{"rendered":"https:\/\/www.scancostablanca.com\/what-is-teaming\/"},"modified":"2020-11-29T21:57:21","modified_gmt":"2020-11-29T20:57:21","slug":"what-is-teaming","status":"publish","type":"page","link":"https:\/\/www.scancostablanca.com\/es\/what-is-teaming\/","title":{"rendered":"\u00bfQu\u00e9 es Teaming?"},"content":{"rendered":"<p><img decoding=\"async\" class=\"wp-image-26541 aligncenter lazyload\" data-src=\"https:\/\/www.scancostablanca.com\/wp-content\/uploads\/2017\/10\/teaming-logo-480x112.jpg\" alt=\"\" width=\"407\" height=\"95\" src=\"data:image\/svg+xml;base64,PHN2ZyB3aWR0aD0iMSIgaGVpZ2h0PSIxIiB4bWxucz0iaHR0cDovL3d3dy53My5vcmcvMjAwMC9zdmciPjwvc3ZnPg==\" style=\"--smush-placeholder-width: 407px; --smush-placeholder-aspect-ratio: 407\/95;\" \/><\/p>\n<h4 style=\"text-align: center;\"><strong>\u20ac1 por mes, no m\u00e1s ni menos.<\/strong><\/h4>\n<p>TEAMING es una herramienta en l\u00ednea recaudando fondos para causas sociales. Se basa en la filosof\u00eda de que 1\u20ac por mes no puede conseguir mucho, mucha gente donando una cantidad peque\u00f1a puede hacer una diferencia enorme.<\/p>\n<p>En 1998 un pu\u00f1ado de compa\u00f1\u00edas empez\u00f3 a preguntar a sus empleados si quer\u00edan contribuir con 1\u20ac por mes a varias causas caritativas. El concepto se llam\u00f3 Teaming. Fue un \u00e9xito y en 2010 se extendi\u00f3 la idea para alcanzar a todo el mundo y se form\u00f3 <em>Teaming Online<\/em>.<\/p>\n<p><img decoding=\"async\" class=\"alignnone wp-image-26535 lazyload\" data-src=\"https:\/\/www.scancostablanca.com\/wp-content\/uploads\/2017\/10\/teaming-fundacion-logo.jpg\" alt=\"\" width=\"119\" height=\"47\" src=\"data:image\/svg+xml;base64,PHN2ZyB3aWR0aD0iMSIgaGVpZ2h0PSIxIiB4bWxucz0iaHR0cDovL3d3dy53My5vcmcvMjAwMC9zdmciPjwvc3ZnPg==\" style=\"--smush-placeholder-width: 119px; --smush-placeholder-aspect-ratio: 119\/47;\" \/> Est\u00e1 gerentado por la Fundaci\u00f3n Teaming con tres compa\u00f1\u00edas patrocinadores que proveen de los recursos necesarios de financiaci\u00f3n y recursos humanos. Estas son:<\/p>\n<p><img decoding=\"async\" class=\"alignnone wp-image-26520 lazyload\" data-src=\"https:\/\/www.scancostablanca.com\/wp-content\/uploads\/2017\/10\/grupo-intercom-480x100.gif\" alt=\"\" width=\"139\" height=\"29\" src=\"data:image\/svg+xml;base64,PHN2ZyB3aWR0aD0iMSIgaGVpZ2h0PSIxIiB4bWxucz0iaHR0cDovL3d3dy53My5vcmcvMjAwMC9zdmciPjwvc3ZnPg==\" style=\"--smush-placeholder-width: 139px; --smush-placeholder-aspect-ratio: 139\/29;\" \/> La empresa l\u00edder de e-commerce en Espa\u00f1a. Tiene m\u00e1s que 700 empleados y figura entre las 50 mejores compa\u00f1\u00edas donde trabajar.<\/p>\n<p><img decoding=\"async\" class=\"alignnone wp-image-26526 lazyload\" data-src=\"https:\/\/www.scancostablanca.com\/wp-content\/uploads\/2017\/10\/Logo-everis-.png\" alt=\"\" width=\"126\" height=\"66\" src=\"data:image\/svg+xml;base64,PHN2ZyB3aWR0aD0iMSIgaGVpZ2h0PSIxIiB4bWxucz0iaHR0cDovL3d3dy53My5vcmcvMjAwMC9zdmciPjwvc3ZnPg==\" style=\"--smush-placeholder-width: 126px; --smush-placeholder-aspect-ratio: 126\/66;\" \/> Una consultor\u00eda multinacional con m\u00e1s de 10.000 profesionales trabajando en Europa, Am\u00e9rica Latina y EEUU.<\/p>\n<p><img decoding=\"async\" class=\"alignnone wp-image-26523 lazyload\" data-src=\"https:\/\/www.scancostablanca.com\/wp-content\/uploads\/2017\/10\/Banco_Sabadell_logo-480x107.png\" alt=\"\" width=\"157\" height=\"35\" src=\"data:image\/svg+xml;base64,PHN2ZyB3aWR0aD0iMSIgaGVpZ2h0PSIxIiB4bWxucz0iaHR0cDovL3d3dy53My5vcmcvMjAwMC9zdmciPjwvc3ZnPg==\" style=\"--smush-placeholder-width: 157px; --smush-placeholder-aspect-ratio: 157\/35;\" \/> Banco Sabadell, el cuarto grupo bancario m\u00e1s grande de Espa\u00f1a. Sabadell provee transacciones seguras y opera sin comisiones, as\u00ed tu donaci\u00f3n completa llega a SCAN.<\/p>\n<p style=\"text-align: center;\">Hay (n\u00fameros de 11\/17) 191,051 teamers y 7,963 grupos de Teaming. \u20ac8,109,417 han sido recaudados hasta ahora.<\/p>\n<p>Es f\u00e1cil y r\u00e1pido registrarse en la p\u00e1gina web de Teaming. El Euro est\u00e1 pagado de tu cuenta de la tarjeta VISA o MasterCard. Una vez registrado el proceso es autom\u00e1tico y no requiere m\u00e1s acciones. Por supuesto, te puedes dar de baja en cualquier momento.<\/p>\n<p style=\"text-align: center;\"><strong><a href=\"http:\/\/www.teaming.net\/scancatsdogs\">www.teaming.net\/scancatsdogs<\/a><\/strong><\/p>\n","protected":false},"excerpt":{"rendered":"<p>\u20ac1 por mes, no m\u00e1s ni menos. TEAMING es una herramienta en l\u00ednea recaudando fondos para causas sociales. Se basa en la filosof\u00eda de que 1\u20ac por mes no puede [&#8230;]<\/p>\n<p><a class=\"btn btn-secondary understrap-read-more-link\" href=\"https:\/\/www.scancostablanca.com\/es\/what-is-teaming\/\">Leer m\u00e1s&#8230;<\/a><\/p>\n","protected":false},"author":1,"featured_media":0,"parent":0,"menu_order":0,"comment_status":"closed","ping_status":"closed","template":"","meta":{"_acf_changed":false,"footnotes":""},"class_list":["post-32836","page","type-page","status-publish","hentry"],"acf":[],"yoast_head":"<!-- This site is optimized with the Yoast SEO plugin v27.4 - https:\/\/yoast.com\/product\/yoast-seo-wordpress\/ -->\n<title>S.C.A.N. Costa Blanca - Animals for Adoption - \u00bfQu\u00e9 es Teaming?<\/title>\n<meta name=\"description\" content=\"S.C.A.N. Costa Blanca - Animal Adoptions - Dog and Cat Rescue, Care &amp; Rehoming - - \u00bfQu\u00e9 es Teaming?\" \/>\n<meta name=\"robots\" content=\"index, follow, max-snippet:-1, max-image-preview:large, max-video-preview:-1\" \/>\n<link rel=\"canonical\" href=\"https:\/\/www.scancostablanca.com\/es\/what-is-teaming\/\" \/>\n<meta property=\"og:locale\" content=\"es_ES\" \/>\n<meta property=\"og:type\" content=\"article\" \/>\n<meta property=\"og:title\" content=\"S.C.A.N. Costa Blanca - Animals for Adoption - \u00bfQu\u00e9 es Teaming?\" \/>\n<meta property=\"og:description\" content=\"S.C.A.N. Costa Blanca - Animal Adoptions - Dog and Cat Rescue, Care &amp; Rehoming - - \u00bfQu\u00e9 es Teaming?\" \/>\n<meta property=\"og:url\" content=\"https:\/\/www.scancostablanca.com\/es\/what-is-teaming\/\" \/>\n<meta property=\"og:site_name\" content=\"S.C.A.N. Costa Blanca\" \/>\n<meta property=\"article:publisher\" content=\"https:\/\/www.facebook.com\/SocietyForTheCareOfAnimalsInNeedScan\/\" \/>\n<meta property=\"article:modified_time\" content=\"2020-11-29T20:57:21+00:00\" \/>\n<meta property=\"og:image\" content=\"https:\/\/www.scancostablanca.com\/wp-content\/uploads\/2017\/10\/teaming-logo-480x112.jpg\" \/>\n<meta name=\"twitter:card\" content=\"summary_large_image\" \/>\n<script type=\"application\/ld+json\" class=\"yoast-schema-graph\">{\"@context\":\"https:\\\/\\\/schema.org\",\"@graph\":[{\"@type\":\"WebPage\",\"@id\":\"https:\\\/\\\/www.scancostablanca.com\\\/es\\\/what-is-teaming\\\/\",\"url\":\"https:\\\/\\\/www.scancostablanca.com\\\/es\\\/what-is-teaming\\\/\",\"name\":\"S.C.A.N. Costa Blanca - Animals for Adoption - \u00bfQu\u00e9 es Teaming?\",\"isPartOf\":{\"@id\":\"https:\\\/\\\/www.scancostablanca.com\\\/#website\"},\"primaryImageOfPage\":{\"@id\":\"https:\\\/\\\/www.scancostablanca.com\\\/es\\\/what-is-teaming\\\/#primaryimage\"},\"image\":{\"@id\":\"https:\\\/\\\/www.scancostablanca.com\\\/es\\\/what-is-teaming\\\/#primaryimage\"},\"thumbnailUrl\":\"https:\\\/\\\/www.scancostablanca.com\\\/wp-content\\\/uploads\\\/2017\\\/10\\\/teaming-logo-480x112.jpg\",\"datePublished\":\"2018-03-27T14:07:30+00:00\",\"dateModified\":\"2020-11-29T20:57:21+00:00\",\"description\":\"S.C.A.N. Costa Blanca - Animal Adoptions - Dog and Cat Rescue, Care & Rehoming - - \u00bfQu\u00e9 es Teaming?\",\"breadcrumb\":{\"@id\":\"https:\\\/\\\/www.scancostablanca.com\\\/es\\\/what-is-teaming\\\/#breadcrumb\"},\"inLanguage\":\"es\",\"potentialAction\":[{\"@type\":\"ReadAction\",\"target\":[\"https:\\\/\\\/www.scancostablanca.com\\\/es\\\/what-is-teaming\\\/\"]}]},{\"@type\":\"ImageObject\",\"inLanguage\":\"es\",\"@id\":\"https:\\\/\\\/www.scancostablanca.com\\\/es\\\/what-is-teaming\\\/#primaryimage\",\"url\":\"https:\\\/\\\/www.scancostablanca.com\\\/wp-content\\\/uploads\\\/2017\\\/10\\\/teaming-logo-480x112.jpg\",\"contentUrl\":\"https:\\\/\\\/www.scancostablanca.com\\\/wp-content\\\/uploads\\\/2017\\\/10\\\/teaming-logo-480x112.jpg\"},{\"@type\":\"BreadcrumbList\",\"@id\":\"https:\\\/\\\/www.scancostablanca.com\\\/es\\\/what-is-teaming\\\/#breadcrumb\",\"itemListElement\":[{\"@type\":\"ListItem\",\"position\":1,\"name\":\"Home\",\"item\":\"https:\\\/\\\/www.scancostablanca.com\\\/es\\\/\"},{\"@type\":\"ListItem\",\"position\":2,\"name\":\"\u00bfQu\u00e9 es Teaming?\"}]},{\"@type\":\"WebSite\",\"@id\":\"https:\\\/\\\/www.scancostablanca.com\\\/#website\",\"url\":\"https:\\\/\\\/www.scancostablanca.com\\\/\",\"name\":\"S.C.A.N. Costa Blanca\",\"description\":\"Sociedad para el Cuidado de los Animales que lo Necesitan\",\"publisher\":{\"@id\":\"https:\\\/\\\/www.scancostablanca.com\\\/#organization\"},\"potentialAction\":[{\"@type\":\"SearchAction\",\"target\":{\"@type\":\"EntryPoint\",\"urlTemplate\":\"https:\\\/\\\/www.scancostablanca.com\\\/?s={search_term_string}\"},\"query-input\":{\"@type\":\"PropertyValueSpecification\",\"valueRequired\":true,\"valueName\":\"search_term_string\"}}],\"inLanguage\":\"es\"},{\"@type\":\"Organization\",\"@id\":\"https:\\\/\\\/www.scancostablanca.com\\\/#organization\",\"name\":\"Society for the Care of Animals in Need\",\"url\":\"https:\\\/\\\/www.scancostablanca.com\\\/\",\"logo\":{\"@type\":\"ImageObject\",\"inLanguage\":\"es\",\"@id\":\"https:\\\/\\\/www.scancostablanca.com\\\/#\\\/schema\\\/logo\\\/image\\\/\",\"url\":\"https:\\\/\\\/www.scancostablanca.com\\\/wp-content\\\/uploads\\\/2018\\\/05\\\/scan-logo-text-blk-nobg.png\",\"contentUrl\":\"https:\\\/\\\/www.scancostablanca.com\\\/wp-content\\\/uploads\\\/2018\\\/05\\\/scan-logo-text-blk-nobg.png\",\"width\":409,\"height\":135,\"caption\":\"Society for the Care of Animals in Need\"},\"image\":{\"@id\":\"https:\\\/\\\/www.scancostablanca.com\\\/#\\\/schema\\\/logo\\\/image\\\/\"},\"sameAs\":[\"https:\\\/\\\/www.facebook.com\\\/SocietyForTheCareOfAnimalsInNeedScan\\\/\"]}]}<\/script>\n<!-- \/ Yoast SEO plugin. -->","yoast_head_json":{"title":"S.C.A.N. Costa Blanca - Animals for Adoption - \u00bfQu\u00e9 es Teaming?","description":"S.C.A.N. Costa Blanca - Animal Adoptions - Dog and Cat Rescue, Care & Rehoming - - \u00bfQu\u00e9 es Teaming?","robots":{"index":"index","follow":"follow","max-snippet":"max-snippet:-1","max-image-preview":"max-image-preview:large","max-video-preview":"max-video-preview:-1"},"canonical":"https:\/\/www.scancostablanca.com\/es\/what-is-teaming\/","og_locale":"es_ES","og_type":"article","og_title":"S.C.A.N. Costa Blanca - Animals for Adoption - \u00bfQu\u00e9 es Teaming?","og_description":"S.C.A.N. Costa Blanca - Animal Adoptions - Dog and Cat Rescue, Care & Rehoming - - \u00bfQu\u00e9 es Teaming?","og_url":"https:\/\/www.scancostablanca.com\/es\/what-is-teaming\/","og_site_name":"S.C.A.N. Costa Blanca","article_publisher":"https:\/\/www.facebook.com\/SocietyForTheCareOfAnimalsInNeedScan\/","article_modified_time":"2020-11-29T20:57:21+00:00","og_image":[{"url":"https:\/\/www.scancostablanca.com\/wp-content\/uploads\/2017\/10\/teaming-logo-480x112.jpg","type":"","width":"","height":""}],"twitter_card":"summary_large_image","schema":{"@context":"https:\/\/schema.org","@graph":[{"@type":"WebPage","@id":"https:\/\/www.scancostablanca.com\/es\/what-is-teaming\/","url":"https:\/\/www.scancostablanca.com\/es\/what-is-teaming\/","name":"S.C.A.N. Costa Blanca - Animals for Adoption - \u00bfQu\u00e9 es Teaming?","isPartOf":{"@id":"https:\/\/www.scancostablanca.com\/#website"},"primaryImageOfPage":{"@id":"https:\/\/www.scancostablanca.com\/es\/what-is-teaming\/#primaryimage"},"image":{"@id":"https:\/\/www.scancostablanca.com\/es\/what-is-teaming\/#primaryimage"},"thumbnailUrl":"https:\/\/www.scancostablanca.com\/wp-content\/uploads\/2017\/10\/teaming-logo-480x112.jpg","datePublished":"2018-03-27T14:07:30+00:00","dateModified":"2020-11-29T20:57:21+00:00","description":"S.C.A.N. Costa Blanca - Animal Adoptions - Dog and Cat Rescue, Care & Rehoming - - \u00bfQu\u00e9 es Teaming?","breadcrumb":{"@id":"https:\/\/www.scancostablanca.com\/es\/what-is-teaming\/#breadcrumb"},"inLanguage":"es","potentialAction":[{"@type":"ReadAction","target":["https:\/\/www.scancostablanca.com\/es\/what-is-teaming\/"]}]},{"@type":"ImageObject","inLanguage":"es","@id":"https:\/\/www.scancostablanca.com\/es\/what-is-teaming\/#primaryimage","url":"https:\/\/www.scancostablanca.com\/wp-content\/uploads\/2017\/10\/teaming-logo-480x112.jpg","contentUrl":"https:\/\/www.scancostablanca.com\/wp-content\/uploads\/2017\/10\/teaming-logo-480x112.jpg"},{"@type":"BreadcrumbList","@id":"https:\/\/www.scancostablanca.com\/es\/what-is-teaming\/#breadcrumb","itemListElement":[{"@type":"ListItem","position":1,"name":"Home","item":"https:\/\/www.scancostablanca.com\/es\/"},{"@type":"ListItem","position":2,"name":"\u00bfQu\u00e9 es Teaming?"}]},{"@type":"WebSite","@id":"https:\/\/www.scancostablanca.com\/#website","url":"https:\/\/www.scancostablanca.com\/","name":"S.C.A.N. Costa Blanca","description":"Sociedad para el Cuidado de los Animales que lo Necesitan","publisher":{"@id":"https:\/\/www.scancostablanca.com\/#organization"},"potentialAction":[{"@type":"SearchAction","target":{"@type":"EntryPoint","urlTemplate":"https:\/\/www.scancostablanca.com\/?s={search_term_string}"},"query-input":{"@type":"PropertyValueSpecification","valueRequired":true,"valueName":"search_term_string"}}],"inLanguage":"es"},{"@type":"Organization","@id":"https:\/\/www.scancostablanca.com\/#organization","name":"Society for the Care of Animals in Need","url":"https:\/\/www.scancostablanca.com\/","logo":{"@type":"ImageObject","inLanguage":"es","@id":"https:\/\/www.scancostablanca.com\/#\/schema\/logo\/image\/","url":"https:\/\/www.scancostablanca.com\/wp-content\/uploads\/2018\/05\/scan-logo-text-blk-nobg.png","contentUrl":"https:\/\/www.scancostablanca.com\/wp-content\/uploads\/2018\/05\/scan-logo-text-blk-nobg.png","width":409,"height":135,"caption":"Society for the Care of Animals in Need"},"image":{"@id":"https:\/\/www.scancostablanca.com\/#\/schema\/logo\/image\/"},"sameAs":["https:\/\/www.facebook.com\/SocietyForTheCareOfAnimalsInNeedScan\/"]}]}},"_links":{"self":[{"href":"https:\/\/www.scancostablanca.com\/es\/wp-json\/wp\/v2\/pages\/32836","targetHints":{"allow":["GET"]}}],"collection":[{"href":"https:\/\/www.scancostablanca.com\/es\/wp-json\/wp\/v2\/pages"}],"about":[{"href":"https:\/\/www.scancostablanca.com\/es\/wp-json\/wp\/v2\/types\/page"}],"author":[{"embeddable":true,"href":"https:\/\/www.scancostablanca.com\/es\/wp-json\/wp\/v2\/users\/1"}],"replies":[{"embeddable":true,"href":"https:\/\/www.scancostablanca.com\/es\/wp-json\/wp\/v2\/comments?post=32836"}],"version-history":[{"count":0,"href":"https:\/\/www.scancostablanca.com\/es\/wp-json\/wp\/v2\/pages\/32836\/revisions"}],"wp:attachment":[{"href":"https:\/\/www.scancostablanca.com\/es\/wp-json\/wp\/v2\/media?parent=32836"}],"curies":[{"name":"wp","href":"https:\/\/api.w.org\/{rel}","templated":true}]}}