{"id":34529,"date":"2018-06-05T11:42:51","date_gmt":"2018-06-05T09:42:51","guid":{"rendered":"https:\/\/www.scancostablanca.com\/adopting-one-of-scans-animals\/"},"modified":"2020-11-29T21:07:32","modified_gmt":"2020-11-29T20:07:32","slug":"adoptar-un-animal-de-scan","status":"publish","type":"page","link":"https:\/\/www.scancostablanca.com\/es\/adoptar-un-animal-de-scan\/","title":{"rendered":"Adoptar un animal de SCAN"},"content":{"rendered":"<p style=\"text-align: left;\"><a href=\"https:\/\/www.scancostablanca.com\/wp-content\/uploads\/2018\/06\/how-to-help-adopt.jpg\"><img decoding=\"async\" class=\"alignright wp-image-34523 lazyload\" data-src=\"https:\/\/www.scancostablanca.com\/wp-content\/uploads\/2018\/06\/how-to-help-adopt.jpg\" alt=\"\" width=\"296\" height=\"430\" src=\"data:image\/svg+xml;base64,PHN2ZyB3aWR0aD0iMSIgaGVpZ2h0PSIxIiB4bWxucz0iaHR0cDovL3d3dy53My5vcmcvMjAwMC9zdmciPjwvc3ZnPg==\" style=\"--smush-placeholder-width: 296px; --smush-placeholder-aspect-ratio: 296\/430;\" \/><\/a><\/p>\n<p><img decoding=\"async\" class=\"alignnone size-full wp-image-43426 lazyload\" data-src=\"https:\/\/www.scancostablanca.com\/wp-content\/uploads\/2020\/05\/New-SCAN-Logos.jpg\" alt=\"\" width=\"217\" height=\"139\" src=\"data:image\/svg+xml;base64,PHN2ZyB3aWR0aD0iMSIgaGVpZ2h0PSIxIiB4bWxucz0iaHR0cDovL3d3dy53My5vcmcvMjAwMC9zdmciPjwvc3ZnPg==\" style=\"--smush-placeholder-width: 217px; --smush-placeholder-aspect-ratio: 217\/139;\" \/><\/p>\n<p>El objetivo final de nuestro proceso de Rescate y Cuidado es encontrar para cada animal un nuevo\/nueva amo cari\u00f1oso y compasivo, que le dar\u00e1 a ese animal un hogar propio por el resto de su vida.<\/p>\n<p>Si est\u00e1 leyendo esta secci\u00f3n sobre \"C\u00f3mo Puedes Ayudar\", adoptar uno de nuestros perros o gatos es una cosa maravillosa y duradera que puede hacer para ayudar a nuestros animales.<\/p>\n<p>Tenemos un proceso est\u00e1ndar de adopci\u00f3n, luego de la aplicaci\u00f3n inicial, pasamos por varias etapas para permitir que la adopci\u00f3n tenga lugar en un hogar adecuado con la persona adecuada. Todo el proceso est\u00e1 dise\u00f1ado para proteger al potencial adoptante y, lo m\u00e1s importante, para garantizar que se produce el \"mejor ajuste del animal al propietario\".<\/p>\n<p>El <a href=\"https:\/\/www.scancostablanca.com\/es\/adopciones\/\">\u00a0proceso completo de adopci\u00f3n se muestra aqu\u00ed.<\/a><\/p>\n<p>&nbsp;<\/p>\n","protected":false},"excerpt":{"rendered":"<p>El objetivo final de nuestro proceso de Rescate y Cuidado es encontrar para cada animal un nuevo\/nueva amo cari\u00f1oso y compasivo, que le dar\u00e1 a ese animal un hogar propio [&#8230;]<\/p>\n<p><a class=\"btn btn-secondary understrap-read-more-link\" href=\"https:\/\/www.scancostablanca.com\/es\/adoptar-un-animal-de-scan\/\">Leer m\u00e1s&#8230;<\/a><\/p>\n","protected":false},"author":2,"featured_media":0,"parent":0,"menu_order":0,"comment_status":"closed","ping_status":"closed","template":"","meta":{"_acf_changed":false,"footnotes":""},"class_list":["post-34529","page","type-page","status-publish","hentry"],"acf":[],"yoast_head":"<!-- This site is optimized with the Yoast SEO plugin v25.9 - https:\/\/yoast.com\/wordpress\/plugins\/seo\/ -->\n<title>S.C.A.N. Costa Blanca - Animals for Adoption - Adoptar un animal de SCAN<\/title>\n<meta name=\"description\" content=\"S.C.A.N. Costa Blanca - Animal Adoptions - Dog and Cat Rescue, Care &amp; Rehoming - - Adoptar un animal de SCAN\" \/>\n<meta name=\"robots\" content=\"index, follow, max-snippet:-1, max-image-preview:large, max-video-preview:-1\" \/>\n<link rel=\"canonical\" href=\"https:\/\/www.scancostablanca.com\/es\/adoptar-un-animal-de-scan\/\" \/>\n<meta property=\"og:locale\" content=\"es_ES\" \/>\n<meta property=\"og:type\" content=\"article\" \/>\n<meta property=\"og:title\" content=\"S.C.A.N. Costa Blanca - Animals for Adoption - Adoptar un animal de SCAN\" \/>\n<meta property=\"og:description\" content=\"S.C.A.N. Costa Blanca - Animal Adoptions - Dog and Cat Rescue, Care &amp; Rehoming - - Adoptar un animal de SCAN\" \/>\n<meta property=\"og:url\" content=\"https:\/\/www.scancostablanca.com\/es\/adoptar-un-animal-de-scan\/\" \/>\n<meta property=\"og:site_name\" content=\"S.C.A.N. Costa Blanca\" \/>\n<meta property=\"article:publisher\" content=\"https:\/\/www.facebook.com\/SocietyForTheCareOfAnimalsInNeedScan\/\" \/>\n<meta property=\"article:modified_time\" content=\"2020-11-29T20:07:32+00:00\" \/>\n<meta property=\"og:image\" content=\"https:\/\/www.scancostablanca.com\/wp-content\/uploads\/2018\/06\/how-to-help-adopt.jpg\" \/>\n<meta name=\"twitter:card\" content=\"summary_large_image\" \/>\n<script type=\"application\/ld+json\" class=\"yoast-schema-graph\">{\"@context\":\"https:\/\/schema.org\",\"@graph\":[{\"@type\":\"WebPage\",\"@id\":\"https:\/\/www.scancostablanca.com\/es\/adoptar-un-animal-de-scan\/\",\"url\":\"https:\/\/www.scancostablanca.com\/es\/adoptar-un-animal-de-scan\/\",\"name\":\"S.C.A.N. Costa Blanca - Animals for Adoption - Adoptar un animal de SCAN\",\"isPartOf\":{\"@id\":\"https:\/\/www.scancostablanca.com\/#website\"},\"primaryImageOfPage\":{\"@id\":\"https:\/\/www.scancostablanca.com\/es\/adoptar-un-animal-de-scan\/#primaryimage\"},\"image\":{\"@id\":\"https:\/\/www.scancostablanca.com\/es\/adoptar-un-animal-de-scan\/#primaryimage\"},\"thumbnailUrl\":\"https:\/\/www.scancostablanca.com\/wp-content\/uploads\/2018\/06\/how-to-help-adopt.jpg\",\"datePublished\":\"2018-06-05T09:42:51+00:00\",\"dateModified\":\"2020-11-29T20:07:32+00:00\",\"description\":\"S.C.A.N. Costa Blanca - Animal Adoptions - Dog and Cat Rescue, Care & Rehoming - - Adoptar un animal de SCAN\",\"breadcrumb\":{\"@id\":\"https:\/\/www.scancostablanca.com\/es\/adoptar-un-animal-de-scan\/#breadcrumb\"},\"inLanguage\":\"es\",\"potentialAction\":[{\"@type\":\"ReadAction\",\"target\":[\"https:\/\/www.scancostablanca.com\/es\/adoptar-un-animal-de-scan\/\"]}]},{\"@type\":\"ImageObject\",\"inLanguage\":\"es\",\"@id\":\"https:\/\/www.scancostablanca.com\/es\/adoptar-un-animal-de-scan\/#primaryimage\",\"url\":\"https:\/\/www.scancostablanca.com\/wp-content\/uploads\/2018\/06\/how-to-help-adopt.jpg\",\"contentUrl\":\"https:\/\/www.scancostablanca.com\/wp-content\/uploads\/2018\/06\/how-to-help-adopt.jpg\"},{\"@type\":\"BreadcrumbList\",\"@id\":\"https:\/\/www.scancostablanca.com\/es\/adoptar-un-animal-de-scan\/#breadcrumb\",\"itemListElement\":[{\"@type\":\"ListItem\",\"position\":1,\"name\":\"Home\",\"item\":\"https:\/\/www.scancostablanca.com\/es\/\"},{\"@type\":\"ListItem\",\"position\":2,\"name\":\"Adoptar un animal de SCAN\"}]},{\"@type\":\"WebSite\",\"@id\":\"https:\/\/www.scancostablanca.com\/#website\",\"url\":\"https:\/\/www.scancostablanca.com\/\",\"name\":\"S.C.A.N. Costa Blanca\",\"description\":\"Sociedad para el Cuidado de los Animales que lo Necesitan\",\"publisher\":{\"@id\":\"https:\/\/www.scancostablanca.com\/#organization\"},\"potentialAction\":[{\"@type\":\"SearchAction\",\"target\":{\"@type\":\"EntryPoint\",\"urlTemplate\":\"https:\/\/www.scancostablanca.com\/?s={search_term_string}\"},\"query-input\":{\"@type\":\"PropertyValueSpecification\",\"valueRequired\":true,\"valueName\":\"search_term_string\"}}],\"inLanguage\":\"es\"},{\"@type\":\"Organization\",\"@id\":\"https:\/\/www.scancostablanca.com\/#organization\",\"name\":\"Society for the Care of Animals in Need\",\"url\":\"https:\/\/www.scancostablanca.com\/\",\"logo\":{\"@type\":\"ImageObject\",\"inLanguage\":\"es\",\"@id\":\"https:\/\/www.scancostablanca.com\/#\/schema\/logo\/image\/\",\"url\":\"https:\/\/www.scancostablanca.com\/wp-content\/uploads\/2018\/05\/scan-logo-text-blk-nobg.png\",\"contentUrl\":\"https:\/\/www.scancostablanca.com\/wp-content\/uploads\/2018\/05\/scan-logo-text-blk-nobg.png\",\"width\":409,\"height\":135,\"caption\":\"Society for the Care of Animals in Need\"},\"image\":{\"@id\":\"https:\/\/www.scancostablanca.com\/#\/schema\/logo\/image\/\"},\"sameAs\":[\"https:\/\/www.facebook.com\/SocietyForTheCareOfAnimalsInNeedScan\/\"]}]}<\/script>\n<!-- \/ Yoast SEO plugin. -->","yoast_head_json":{"title":"S.C.A.N. Costa Blanca - Animals for Adoption - Adoptar un animal de SCAN","description":"S.C.A.N. Costa Blanca - Animal Adoptions - Dog and Cat Rescue, Care & Rehoming - - Adoptar un animal de SCAN","robots":{"index":"index","follow":"follow","max-snippet":"max-snippet:-1","max-image-preview":"max-image-preview:large","max-video-preview":"max-video-preview:-1"},"canonical":"https:\/\/www.scancostablanca.com\/es\/adoptar-un-animal-de-scan\/","og_locale":"es_ES","og_type":"article","og_title":"S.C.A.N. Costa Blanca - Animals for Adoption - Adoptar un animal de SCAN","og_description":"S.C.A.N. Costa Blanca - Animal Adoptions - Dog and Cat Rescue, Care & Rehoming - - Adoptar un animal de SCAN","og_url":"https:\/\/www.scancostablanca.com\/es\/adoptar-un-animal-de-scan\/","og_site_name":"S.C.A.N. Costa Blanca","article_publisher":"https:\/\/www.facebook.com\/SocietyForTheCareOfAnimalsInNeedScan\/","article_modified_time":"2020-11-29T20:07:32+00:00","og_image":[{"url":"https:\/\/www.scancostablanca.com\/wp-content\/uploads\/2018\/06\/how-to-help-adopt.jpg","type":"","width":"","height":""}],"twitter_card":"summary_large_image","schema":{"@context":"https:\/\/schema.org","@graph":[{"@type":"WebPage","@id":"https:\/\/www.scancostablanca.com\/es\/adoptar-un-animal-de-scan\/","url":"https:\/\/www.scancostablanca.com\/es\/adoptar-un-animal-de-scan\/","name":"S.C.A.N. Costa Blanca - Animals for Adoption - Adoptar un animal de SCAN","isPartOf":{"@id":"https:\/\/www.scancostablanca.com\/#website"},"primaryImageOfPage":{"@id":"https:\/\/www.scancostablanca.com\/es\/adoptar-un-animal-de-scan\/#primaryimage"},"image":{"@id":"https:\/\/www.scancostablanca.com\/es\/adoptar-un-animal-de-scan\/#primaryimage"},"thumbnailUrl":"https:\/\/www.scancostablanca.com\/wp-content\/uploads\/2018\/06\/how-to-help-adopt.jpg","datePublished":"2018-06-05T09:42:51+00:00","dateModified":"2020-11-29T20:07:32+00:00","description":"S.C.A.N. Costa Blanca - Animal Adoptions - Dog and Cat Rescue, Care & Rehoming - - Adoptar un animal de SCAN","breadcrumb":{"@id":"https:\/\/www.scancostablanca.com\/es\/adoptar-un-animal-de-scan\/#breadcrumb"},"inLanguage":"es","potentialAction":[{"@type":"ReadAction","target":["https:\/\/www.scancostablanca.com\/es\/adoptar-un-animal-de-scan\/"]}]},{"@type":"ImageObject","inLanguage":"es","@id":"https:\/\/www.scancostablanca.com\/es\/adoptar-un-animal-de-scan\/#primaryimage","url":"https:\/\/www.scancostablanca.com\/wp-content\/uploads\/2018\/06\/how-to-help-adopt.jpg","contentUrl":"https:\/\/www.scancostablanca.com\/wp-content\/uploads\/2018\/06\/how-to-help-adopt.jpg"},{"@type":"BreadcrumbList","@id":"https:\/\/www.scancostablanca.com\/es\/adoptar-un-animal-de-scan\/#breadcrumb","itemListElement":[{"@type":"ListItem","position":1,"name":"Home","item":"https:\/\/www.scancostablanca.com\/es\/"},{"@type":"ListItem","position":2,"name":"Adoptar un animal de SCAN"}]},{"@type":"WebSite","@id":"https:\/\/www.scancostablanca.com\/#website","url":"https:\/\/www.scancostablanca.com\/","name":"S.C.A.N. Costa Blanca","description":"Sociedad para el Cuidado de los Animales que lo Necesitan","publisher":{"@id":"https:\/\/www.scancostablanca.com\/#organization"},"potentialAction":[{"@type":"SearchAction","target":{"@type":"EntryPoint","urlTemplate":"https:\/\/www.scancostablanca.com\/?s={search_term_string}"},"query-input":{"@type":"PropertyValueSpecification","valueRequired":true,"valueName":"search_term_string"}}],"inLanguage":"es"},{"@type":"Organization","@id":"https:\/\/www.scancostablanca.com\/#organization","name":"Society for the Care of Animals in Need","url":"https:\/\/www.scancostablanca.com\/","logo":{"@type":"ImageObject","inLanguage":"es","@id":"https:\/\/www.scancostablanca.com\/#\/schema\/logo\/image\/","url":"https:\/\/www.scancostablanca.com\/wp-content\/uploads\/2018\/05\/scan-logo-text-blk-nobg.png","contentUrl":"https:\/\/www.scancostablanca.com\/wp-content\/uploads\/2018\/05\/scan-logo-text-blk-nobg.png","width":409,"height":135,"caption":"Society for the Care of Animals in Need"},"image":{"@id":"https:\/\/www.scancostablanca.com\/#\/schema\/logo\/image\/"},"sameAs":["https:\/\/www.facebook.com\/SocietyForTheCareOfAnimalsInNeedScan\/"]}]}},"_links":{"self":[{"href":"https:\/\/www.scancostablanca.com\/es\/wp-json\/wp\/v2\/pages\/34529","targetHints":{"allow":["GET"]}}],"collection":[{"href":"https:\/\/www.scancostablanca.com\/es\/wp-json\/wp\/v2\/pages"}],"about":[{"href":"https:\/\/www.scancostablanca.com\/es\/wp-json\/wp\/v2\/types\/page"}],"author":[{"embeddable":true,"href":"https:\/\/www.scancostablanca.com\/es\/wp-json\/wp\/v2\/users\/2"}],"replies":[{"embeddable":true,"href":"https:\/\/www.scancostablanca.com\/es\/wp-json\/wp\/v2\/comments?post=34529"}],"version-history":[{"count":0,"href":"https:\/\/www.scancostablanca.com\/es\/wp-json\/wp\/v2\/pages\/34529\/revisions"}],"wp:attachment":[{"href":"https:\/\/www.scancostablanca.com\/es\/wp-json\/wp\/v2\/media?parent=34529"}],"curies":[{"name":"wp","href":"https:\/\/api.w.org\/{rel}","templated":true}]}}