{"id":37675,"date":"2018-03-01T18:39:22","date_gmt":"2018-03-01T17:39:22","guid":{"rendered":"https:\/\/www.scancostablanca.com\/legacies\/"},"modified":"2019-01-06T23:34:11","modified_gmt":"2019-01-06T22:34:11","slug":"legacies","status":"publish","type":"page","link":"https:\/\/www.scancostablanca.com\/es\/legacies\/","title":{"rendered":"Legados"},"content":{"rendered":"<p>Cuando un partidario de SCAN fallece, siempre es un momento de reflexi\u00f3n y tristeza. Le extra\u00f1amos,sabemos que los animales le extra\u00f1an y la vida nunca volver\u00e1 a ser la misma.<br \/>\nSCAN tiene la suerte de haber sido considerado en los testamentos de algunos de nuestros miembros. Su generosidad ha permitido que se realicen mejoras en el refugio, haciendo la vida m\u00e1s c\u00f3moda para nuestros residentes y haciendo que el trabajo de cuidarlos sea un poco m\u00e1s f\u00e1cil para todos. Las donaciones de este tipo hacen una gran diferencia en el funcionamiento diario del centro y en nuestra capacidad de brindar la mejor atenci\u00f3n a la mayor cantidad posible de animales.<\/p>\n<p>Si desea ser recordado de esta manera, hable, con total confianza y sin compromiso, con nuestro presidente Barry Caulfield.<\/p>\n<p>Tel\u00e9fono: 626 550 864<br \/>\nCorreo electr\u00f3nico: scancenter9@gmail.com<\/p>\n<p>&nbsp;<\/p>\n","protected":false},"excerpt":{"rendered":"<p>Cuando un partidario de SCAN fallece, siempre es un momento de reflexi\u00f3n y tristeza. Le extra\u00f1amos,sabemos que los animales le extra\u00f1an y la vida nunca volver\u00e1 a ser la misma. [&#8230;]<\/p>\n<p><a class=\"btn btn-secondary understrap-read-more-link\" href=\"https:\/\/www.scancostablanca.com\/es\/legacies\/\">Leer m\u00e1s&#8230;<\/a><\/p>\n","protected":false},"author":1,"featured_media":0,"parent":0,"menu_order":0,"comment_status":"closed","ping_status":"closed","template":"","meta":{"_acf_changed":false,"footnotes":""},"class_list":["post-37675","page","type-page","status-publish","hentry"],"acf":[],"yoast_head":"<!-- This site is optimized with the Yoast SEO plugin v25.9 - https:\/\/yoast.com\/wordpress\/plugins\/seo\/ -->\n<title>S.C.A.N. Costa Blanca - Animals for Adoption - Legados<\/title>\n<meta name=\"description\" content=\"S.C.A.N. Costa Blanca - Animal Adoptions - Dog and Cat Rescue, Care &amp; Rehoming - - Legados\" \/>\n<meta name=\"robots\" content=\"index, follow, max-snippet:-1, max-image-preview:large, max-video-preview:-1\" \/>\n<link rel=\"canonical\" href=\"https:\/\/www.scancostablanca.com\/es\/legacies\/\" \/>\n<meta property=\"og:locale\" content=\"es_ES\" \/>\n<meta property=\"og:type\" content=\"article\" \/>\n<meta property=\"og:title\" content=\"S.C.A.N. Costa Blanca - Animals for Adoption - Legados\" \/>\n<meta property=\"og:description\" content=\"S.C.A.N. Costa Blanca - Animal Adoptions - Dog and Cat Rescue, Care &amp; Rehoming - - Legados\" \/>\n<meta property=\"og:url\" content=\"https:\/\/www.scancostablanca.com\/es\/legacies\/\" \/>\n<meta property=\"og:site_name\" content=\"S.C.A.N. Costa Blanca\" \/>\n<meta property=\"article:publisher\" content=\"https:\/\/www.facebook.com\/SocietyForTheCareOfAnimalsInNeedScan\/\" \/>\n<meta property=\"article:modified_time\" content=\"2019-01-06T22:34:11+00:00\" \/>\n<meta property=\"og:image\" content=\"https:\/\/www.scancostablanca.com\/wp-content\/uploads\/2018\/06\/puppy-advice-notes-1.jpg\" \/>\n\t<meta property=\"og:image:width\" content=\"992\" \/>\n\t<meta property=\"og:image:height\" content=\"661\" \/>\n\t<meta property=\"og:image:type\" content=\"image\/jpeg\" \/>\n<meta name=\"twitter:card\" content=\"summary_large_image\" \/>\n<script type=\"application\/ld+json\" class=\"yoast-schema-graph\">{\"@context\":\"https:\/\/schema.org\",\"@graph\":[{\"@type\":\"WebPage\",\"@id\":\"https:\/\/www.scancostablanca.com\/es\/legacies\/\",\"url\":\"https:\/\/www.scancostablanca.com\/es\/legacies\/\",\"name\":\"S.C.A.N. Costa Blanca - Animals for Adoption - Legados\",\"isPartOf\":{\"@id\":\"https:\/\/www.scancostablanca.com\/#website\"},\"datePublished\":\"2018-03-01T17:39:22+00:00\",\"dateModified\":\"2019-01-06T22:34:11+00:00\",\"description\":\"S.C.A.N. Costa Blanca - Animal Adoptions - Dog and Cat Rescue, Care & Rehoming - - Legados\",\"breadcrumb\":{\"@id\":\"https:\/\/www.scancostablanca.com\/es\/legacies\/#breadcrumb\"},\"inLanguage\":\"es\",\"potentialAction\":[{\"@type\":\"ReadAction\",\"target\":[\"https:\/\/www.scancostablanca.com\/es\/legacies\/\"]}]},{\"@type\":\"BreadcrumbList\",\"@id\":\"https:\/\/www.scancostablanca.com\/es\/legacies\/#breadcrumb\",\"itemListElement\":[{\"@type\":\"ListItem\",\"position\":1,\"name\":\"Home\",\"item\":\"https:\/\/www.scancostablanca.com\/es\/\"},{\"@type\":\"ListItem\",\"position\":2,\"name\":\"Legados\"}]},{\"@type\":\"WebSite\",\"@id\":\"https:\/\/www.scancostablanca.com\/#website\",\"url\":\"https:\/\/www.scancostablanca.com\/\",\"name\":\"S.C.A.N. Costa Blanca\",\"description\":\"Sociedad para el Cuidado de los Animales que lo Necesitan\",\"publisher\":{\"@id\":\"https:\/\/www.scancostablanca.com\/#organization\"},\"potentialAction\":[{\"@type\":\"SearchAction\",\"target\":{\"@type\":\"EntryPoint\",\"urlTemplate\":\"https:\/\/www.scancostablanca.com\/?s={search_term_string}\"},\"query-input\":{\"@type\":\"PropertyValueSpecification\",\"valueRequired\":true,\"valueName\":\"search_term_string\"}}],\"inLanguage\":\"es\"},{\"@type\":\"Organization\",\"@id\":\"https:\/\/www.scancostablanca.com\/#organization\",\"name\":\"Society for the Care of Animals in Need\",\"url\":\"https:\/\/www.scancostablanca.com\/\",\"logo\":{\"@type\":\"ImageObject\",\"inLanguage\":\"es\",\"@id\":\"https:\/\/www.scancostablanca.com\/#\/schema\/logo\/image\/\",\"url\":\"https:\/\/www.scancostablanca.com\/wp-content\/uploads\/2018\/05\/scan-logo-text-blk-nobg.png\",\"contentUrl\":\"https:\/\/www.scancostablanca.com\/wp-content\/uploads\/2018\/05\/scan-logo-text-blk-nobg.png\",\"width\":409,\"height\":135,\"caption\":\"Society for the Care of Animals in Need\"},\"image\":{\"@id\":\"https:\/\/www.scancostablanca.com\/#\/schema\/logo\/image\/\"},\"sameAs\":[\"https:\/\/www.facebook.com\/SocietyForTheCareOfAnimalsInNeedScan\/\"]}]}<\/script>\n<!-- \/ Yoast SEO plugin. -->","yoast_head_json":{"title":"S.C.A.N. Costa Blanca - Animals for Adoption - Legados","description":"S.C.A.N. Costa Blanca - Animal Adoptions - Dog and Cat Rescue, Care & Rehoming - - Legados","robots":{"index":"index","follow":"follow","max-snippet":"max-snippet:-1","max-image-preview":"max-image-preview:large","max-video-preview":"max-video-preview:-1"},"canonical":"https:\/\/www.scancostablanca.com\/es\/legacies\/","og_locale":"es_ES","og_type":"article","og_title":"S.C.A.N. Costa Blanca - Animals for Adoption - Legados","og_description":"S.C.A.N. Costa Blanca - Animal Adoptions - Dog and Cat Rescue, Care & Rehoming - - Legados","og_url":"https:\/\/www.scancostablanca.com\/es\/legacies\/","og_site_name":"S.C.A.N. Costa Blanca","article_publisher":"https:\/\/www.facebook.com\/SocietyForTheCareOfAnimalsInNeedScan\/","article_modified_time":"2019-01-06T22:34:11+00:00","og_image":[{"width":992,"height":661,"url":"https:\/\/www.scancostablanca.com\/wp-content\/uploads\/2018\/06\/puppy-advice-notes-1.jpg","type":"image\/jpeg"}],"twitter_card":"summary_large_image","schema":{"@context":"https:\/\/schema.org","@graph":[{"@type":"WebPage","@id":"https:\/\/www.scancostablanca.com\/es\/legacies\/","url":"https:\/\/www.scancostablanca.com\/es\/legacies\/","name":"S.C.A.N. Costa Blanca - Animals for Adoption - Legados","isPartOf":{"@id":"https:\/\/www.scancostablanca.com\/#website"},"datePublished":"2018-03-01T17:39:22+00:00","dateModified":"2019-01-06T22:34:11+00:00","description":"S.C.A.N. Costa Blanca - Animal Adoptions - Dog and Cat Rescue, Care & Rehoming - - Legados","breadcrumb":{"@id":"https:\/\/www.scancostablanca.com\/es\/legacies\/#breadcrumb"},"inLanguage":"es","potentialAction":[{"@type":"ReadAction","target":["https:\/\/www.scancostablanca.com\/es\/legacies\/"]}]},{"@type":"BreadcrumbList","@id":"https:\/\/www.scancostablanca.com\/es\/legacies\/#breadcrumb","itemListElement":[{"@type":"ListItem","position":1,"name":"Home","item":"https:\/\/www.scancostablanca.com\/es\/"},{"@type":"ListItem","position":2,"name":"Legados"}]},{"@type":"WebSite","@id":"https:\/\/www.scancostablanca.com\/#website","url":"https:\/\/www.scancostablanca.com\/","name":"S.C.A.N. Costa Blanca","description":"Sociedad para el Cuidado de los Animales que lo Necesitan","publisher":{"@id":"https:\/\/www.scancostablanca.com\/#organization"},"potentialAction":[{"@type":"SearchAction","target":{"@type":"EntryPoint","urlTemplate":"https:\/\/www.scancostablanca.com\/?s={search_term_string}"},"query-input":{"@type":"PropertyValueSpecification","valueRequired":true,"valueName":"search_term_string"}}],"inLanguage":"es"},{"@type":"Organization","@id":"https:\/\/www.scancostablanca.com\/#organization","name":"Society for the Care of Animals in Need","url":"https:\/\/www.scancostablanca.com\/","logo":{"@type":"ImageObject","inLanguage":"es","@id":"https:\/\/www.scancostablanca.com\/#\/schema\/logo\/image\/","url":"https:\/\/www.scancostablanca.com\/wp-content\/uploads\/2018\/05\/scan-logo-text-blk-nobg.png","contentUrl":"https:\/\/www.scancostablanca.com\/wp-content\/uploads\/2018\/05\/scan-logo-text-blk-nobg.png","width":409,"height":135,"caption":"Society for the Care of Animals in Need"},"image":{"@id":"https:\/\/www.scancostablanca.com\/#\/schema\/logo\/image\/"},"sameAs":["https:\/\/www.facebook.com\/SocietyForTheCareOfAnimalsInNeedScan\/"]}]}},"_links":{"self":[{"href":"https:\/\/www.scancostablanca.com\/es\/wp-json\/wp\/v2\/pages\/37675","targetHints":{"allow":["GET"]}}],"collection":[{"href":"https:\/\/www.scancostablanca.com\/es\/wp-json\/wp\/v2\/pages"}],"about":[{"href":"https:\/\/www.scancostablanca.com\/es\/wp-json\/wp\/v2\/types\/page"}],"author":[{"embeddable":true,"href":"https:\/\/www.scancostablanca.com\/es\/wp-json\/wp\/v2\/users\/1"}],"replies":[{"embeddable":true,"href":"https:\/\/www.scancostablanca.com\/es\/wp-json\/wp\/v2\/comments?post=37675"}],"version-history":[{"count":0,"href":"https:\/\/www.scancostablanca.com\/es\/wp-json\/wp\/v2\/pages\/37675\/revisions"}],"wp:attachment":[{"href":"https:\/\/www.scancostablanca.com\/es\/wp-json\/wp\/v2\/media?parent=37675"}],"curies":[{"name":"wp","href":"https:\/\/api.w.org\/{rel}","templated":true}]}}