{"id":37758,"date":"2017-06-13T13:10:57","date_gmt":"2017-06-13T11:10:57","guid":{"rendered":"https:\/\/www.scancostablanca.com\/sponsor-dog-cat\/"},"modified":"2020-11-29T22:00:17","modified_gmt":"2020-11-29T21:00:17","slug":"apadrina-un-perro-o-un-gato","status":"publish","type":"page","link":"https:\/\/www.scancostablanca.com\/es\/apadrina-un-perro-o-un-gato\/","title":{"rendered":"Apadrina un perro o un gato"},"content":{"rendered":"<p>\u00bfAma a los animales pero no puede tener su propia mascota? \u00bfPor qu\u00e9 no apadrina a uno de los perros o gatos de SCAN y ayuda a pagar por su alimentaci\u00f3n, chequeos m\u00e9dicos, facturas de veterinarios, microchip y pasaporte mientras esperan su hogar para siempre?<\/p>\n<p><a href=\"https:\/\/www.scancostablanca.com\/wp-content\/uploads\/2017\/06\/sponsor-dog.jpg\"><img decoding=\"async\" class=\"wp-image-23473 aligncenter lazyload\" data-src=\"https:\/\/www.scancostablanca.com\/wp-content\/uploads\/2017\/06\/sponsor-dog.jpg\" alt=\"sponsor-dog\" width=\"511\" height=\"313\" src=\"data:image\/svg+xml;base64,PHN2ZyB3aWR0aD0iMSIgaGVpZ2h0PSIxIiB4bWxucz0iaHR0cDovL3d3dy53My5vcmcvMjAwMC9zdmciPjwvc3ZnPg==\" style=\"--smush-placeholder-width: 511px; --smush-placeholder-aspect-ratio: 511\/313;\" \/><\/a><\/p>\n<h3>Las recompensas de patrocinar a un perro o gato SCAN<\/h3>\n<p>Como patrocinador de uno de nuestros perros o gatos, puede elegir qu\u00e9 animal quiers apoyar y su donaci\u00f3n se destinar\u00e1 al cuidado de ese animal. Recibir\u00e1 actualizaciones mensuales sobre el animal por correo electr\u00f3nico con noticias y fotos. As\u00ed que no importa lo lejos que est\u00e9, se convertir\u00e1 en padrino\/a del animal. Si est\u00e1 activo en l\u00ednea y en las redes sociales, tambi\u00e9n puede convertirse en un \"compa\u00f1ero cibern\u00e9tico\" para su perro o gato y compartir su perfil con su red para ayudarnos a encontrar un hogar. Si est\u00e1 cerca del <a href=\"https:\/\/www.scancostablanca.com\/es\/scan-protectora\/\">refugio SCAN<\/a>, puede visitar a su perro y gato, pasearlo y ayudarlo a socializar durante las horas de apertura.<\/p>\n<p><a href=\"https:\/\/www.scancostablanca.com\/wp-content\/uploads\/2017\/06\/sponsor-cat.jpg\"><img decoding=\"async\" class=\"alignright wp-image-23476 lazyload\" data-src=\"https:\/\/www.scancostablanca.com\/wp-content\/uploads\/2017\/06\/sponsor-cat.jpg\" alt=\"sponsor-cat\" width=\"332\" height=\"331\" src=\"data:image\/svg+xml;base64,PHN2ZyB3aWR0aD0iMSIgaGVpZ2h0PSIxIiB4bWxucz0iaHR0cDovL3d3dy53My5vcmcvMjAwMC9zdmciPjwvc3ZnPg==\" style=\"--smush-placeholder-width: 332px; --smush-placeholder-aspect-ratio: 332\/331;\" \/><\/a>Al ser patrocinador de un perro o gato, puede tener una mascota mientras nosotros cuidamos de ellos en el refugio con su apoyo. Usted nos ayuda a cubrir los costos y se convierte en la madrina o el padrino de un animal que necesita amor, apoyo y ayuda para encontrar su nuevo hogar.<\/p>\n<h3>C\u00f3mo convertirse en patrocinador de un perro o gato<\/h3>\n<p>Si est\u00e1 interesado en convertirse en el padrino\/la madrina de uno de nuestros animales, complete el formulario a continuaci\u00f3n e incluya el nombre del animal que est\u00e1 interesado en el padrinazgo. Le responderemos con informaci\u00f3n sobre c\u00f3mo puede hacer su donaci\u00f3n regular (a trav\u00e9s de PayPal o transferencia bancaria) e informaci\u00f3n adicional sobre el programa de patrocinio.<\/p>\n<p>Gracias por su inter\u00e9s.<\/p>\n<h3>Patrocinar un animal<\/h3>\n\n<div class=\"wpcf7 no-js\" id=\"wpcf7-f33721-o1\" lang=\"en-US\" dir=\"ltr\" data-wpcf7-id=\"33721\">\n<div class=\"screen-reader-response\"><p role=\"status\" aria-live=\"polite\" aria-atomic=\"true\"><\/p> <ul><\/ul><\/div>\n<form action=\"\/es\/wp-json\/wp\/v2\/pages\/37758#wpcf7-f33721-o1\" method=\"post\" class=\"wpcf7-form init\" aria-label=\"Contact form\" novalidate=\"novalidate\" data-status=\"init\">\n<fieldset class=\"hidden-fields-container\"><input type=\"hidden\" name=\"_wpcf7\" value=\"33721\" \/><input type=\"hidden\" name=\"_wpcf7_version\" value=\"6.1.1\" \/><input type=\"hidden\" name=\"_wpcf7_locale\" value=\"en_US\" \/><input type=\"hidden\" name=\"_wpcf7_unit_tag\" value=\"wpcf7-f33721-o1\" \/><input type=\"hidden\" name=\"_wpcf7_container_post\" value=\"0\" \/><input type=\"hidden\" name=\"_wpcf7_posted_data_hash\" value=\"\" \/><input type=\"hidden\" name=\"_wpcf7_recaptcha_response\" value=\"\" \/>\n<\/fieldset>\n<p><small>Fields marked with an * are required<\/small>\n<\/p>\n<div class=\"form-group\">\n\t<p><label>Name *<\/label><br \/>\n<span class=\"wpcf7-form-control-wrap\" data-name=\"sa-name\"><input size=\"40\" maxlength=\"400\" class=\"wpcf7-form-control wpcf7-text wpcf7-validates-as-required\" aria-required=\"true\" aria-invalid=\"false\" value=\"\" type=\"text\" name=\"sa-name\" \/><\/span>\n\t<\/p>\n<\/div>\n<div class=\"form-group\">\n\t<p><label>Email *<\/label><br \/>\n<span class=\"wpcf7-form-control-wrap\" data-name=\"sa-email\"><input size=\"40\" maxlength=\"400\" class=\"wpcf7-form-control wpcf7-email wpcf7-validates-as-required wpcf7-text wpcf7-validates-as-email\" aria-required=\"true\" aria-invalid=\"false\" value=\"\" type=\"email\" name=\"sa-email\" \/><\/span>\n\t<\/p>\n<\/div>\n<div class=\"form-group\">\n\t<p><label>I would like to sponsor a *<\/label><br \/>\n<span class=\"wpcf7-form-control-wrap\" data-name=\"sa-dog-cat\"><select class=\"wpcf7-form-control wpcf7-select wpcf7-validates-as-required\" aria-required=\"true\" aria-invalid=\"false\" name=\"sa-dog-cat\"><option value=\"\">&#8212;Please choose an option&#8212;<\/option><option value=\"Dog\">Dog<\/option><option value=\"Cat\">Cat<\/option><option value=\"Dog &amp; Cat\">Dog &amp; Cat<\/option><\/select><\/span>\n\t<\/p>\n<\/div>\n<div class=\"form-group\">\n\t<p><label>Name of animal\/s *<\/label><br \/>\n<span class=\"wpcf7-form-control-wrap\" data-name=\"sa-animal-name\"><input size=\"40\" maxlength=\"400\" class=\"wpcf7-form-control wpcf7-text wpcf7-validates-as-required\" aria-required=\"true\" aria-invalid=\"false\" value=\"\" type=\"text\" name=\"sa-animal-name\" \/><\/span>\n\t<\/p>\n<\/div>\n<div class=\"form-group\">\n\t<p><label>Message<\/label><br \/>\n<span class=\"wpcf7-form-control-wrap\" data-name=\"message\"><textarea cols=\"40\" rows=\"10\" maxlength=\"2000\" class=\"wpcf7-form-control wpcf7-textarea\" aria-invalid=\"false\" name=\"message\"><\/textarea><\/span>\n\t<\/p>\n<\/div>\n<div class=\"form-group\">\n\t<p><input class=\"wpcf7-form-control wpcf7-submit has-spinner btn-primary\" type=\"submit\" value=\"Send\" \/>\n\t<\/p>\n<\/div><p style=\"display: none !important;\" class=\"akismet-fields-container\" data-prefix=\"_wpcf7_ak_\"><label>&#916;<textarea name=\"_wpcf7_ak_hp_textarea\" cols=\"45\" rows=\"8\" maxlength=\"100\"><\/textarea><\/label><input type=\"hidden\" id=\"ak_js_1\" name=\"_wpcf7_ak_js\" value=\"23\"\/><script>document.getElementById( \"ak_js_1\" ).setAttribute( \"value\", ( new Date() ).getTime() );<\/script><\/p><div class=\"wpcf7-response-output\" aria-hidden=\"true\"><\/div>\n<\/form>\n<\/div>\n\n","protected":false},"excerpt":{"rendered":"<p>\u00bfAma a los animales pero no puede tener su propia mascota? \u00bfPor qu\u00e9 no apadrina a uno de los perros o gatos de SCAN y ayuda a pagar por su [&#8230;]<\/p>\n<p><a class=\"btn btn-secondary understrap-read-more-link\" href=\"https:\/\/www.scancostablanca.com\/es\/apadrina-un-perro-o-un-gato\/\">Leer m\u00e1s&#8230;<\/a><\/p>\n","protected":false},"author":1,"featured_media":0,"parent":0,"menu_order":0,"comment_status":"closed","ping_status":"closed","template":"","meta":{"_acf_changed":false,"footnotes":""},"class_list":["post-37758","page","type-page","status-publish","hentry"],"acf":[],"yoast_head":"<!-- This site is optimized with the Yoast SEO plugin v25.9 - https:\/\/yoast.com\/wordpress\/plugins\/seo\/ -->\n<title>S.C.A.N. Costa Blanca - Animals for Adoption - Apadrina un perro o un gato<\/title>\n<meta name=\"description\" content=\"S.C.A.N. Costa Blanca - Animal Adoptions - Dog and Cat Rescue, Care &amp; Rehoming - - Apadrina un perro o un gato\" \/>\n<meta name=\"robots\" content=\"index, follow, max-snippet:-1, max-image-preview:large, max-video-preview:-1\" \/>\n<link rel=\"canonical\" href=\"https:\/\/www.scancostablanca.com\/es\/apadrina-un-perro-o-un-gato\/\" \/>\n<meta property=\"og:locale\" content=\"es_ES\" \/>\n<meta property=\"og:type\" content=\"article\" \/>\n<meta property=\"og:title\" content=\"S.C.A.N. Costa Blanca - Animals for Adoption - Apadrina un perro o un gato\" \/>\n<meta property=\"og:description\" content=\"S.C.A.N. Costa Blanca - Animal Adoptions - Dog and Cat Rescue, Care &amp; Rehoming - - Apadrina un perro o un gato\" \/>\n<meta property=\"og:url\" content=\"https:\/\/www.scancostablanca.com\/es\/apadrina-un-perro-o-un-gato\/\" \/>\n<meta property=\"og:site_name\" content=\"S.C.A.N. Costa Blanca\" \/>\n<meta property=\"article:publisher\" content=\"https:\/\/www.facebook.com\/SocietyForTheCareOfAnimalsInNeedScan\/\" \/>\n<meta property=\"article:modified_time\" content=\"2020-11-29T21:00:17+00:00\" \/>\n<meta property=\"og:image\" content=\"https:\/\/www.scancostablanca.com\/wp-content\/uploads\/2017\/06\/sponsor-dog.jpg\" \/>\n<meta name=\"twitter:card\" content=\"summary_large_image\" \/>\n<script type=\"application\/ld+json\" class=\"yoast-schema-graph\">{\"@context\":\"https:\/\/schema.org\",\"@graph\":[{\"@type\":\"WebPage\",\"@id\":\"https:\/\/www.scancostablanca.com\/es\/apadrina-un-perro-o-un-gato\/\",\"url\":\"https:\/\/www.scancostablanca.com\/es\/apadrina-un-perro-o-un-gato\/\",\"name\":\"S.C.A.N. Costa Blanca - Animals for Adoption - Apadrina un perro o un gato\",\"isPartOf\":{\"@id\":\"https:\/\/www.scancostablanca.com\/#website\"},\"primaryImageOfPage\":{\"@id\":\"https:\/\/www.scancostablanca.com\/es\/apadrina-un-perro-o-un-gato\/#primaryimage\"},\"image\":{\"@id\":\"https:\/\/www.scancostablanca.com\/es\/apadrina-un-perro-o-un-gato\/#primaryimage\"},\"thumbnailUrl\":\"https:\/\/www.scancostablanca.com\/wp-content\/uploads\/2017\/06\/sponsor-dog.jpg\",\"datePublished\":\"2017-06-13T11:10:57+00:00\",\"dateModified\":\"2020-11-29T21:00:17+00:00\",\"description\":\"S.C.A.N. Costa Blanca - Animal Adoptions - Dog and Cat Rescue, Care & Rehoming - - Apadrina un perro o un gato\",\"breadcrumb\":{\"@id\":\"https:\/\/www.scancostablanca.com\/es\/apadrina-un-perro-o-un-gato\/#breadcrumb\"},\"inLanguage\":\"es\",\"potentialAction\":[{\"@type\":\"ReadAction\",\"target\":[\"https:\/\/www.scancostablanca.com\/es\/apadrina-un-perro-o-un-gato\/\"]}]},{\"@type\":\"ImageObject\",\"inLanguage\":\"es\",\"@id\":\"https:\/\/www.scancostablanca.com\/es\/apadrina-un-perro-o-un-gato\/#primaryimage\",\"url\":\"https:\/\/www.scancostablanca.com\/wp-content\/uploads\/2017\/06\/sponsor-dog.jpg\",\"contentUrl\":\"https:\/\/www.scancostablanca.com\/wp-content\/uploads\/2017\/06\/sponsor-dog.jpg\"},{\"@type\":\"BreadcrumbList\",\"@id\":\"https:\/\/www.scancostablanca.com\/es\/apadrina-un-perro-o-un-gato\/#breadcrumb\",\"itemListElement\":[{\"@type\":\"ListItem\",\"position\":1,\"name\":\"Home\",\"item\":\"https:\/\/www.scancostablanca.com\/es\/\"},{\"@type\":\"ListItem\",\"position\":2,\"name\":\"Apadrina un perro o un gato\"}]},{\"@type\":\"WebSite\",\"@id\":\"https:\/\/www.scancostablanca.com\/#website\",\"url\":\"https:\/\/www.scancostablanca.com\/\",\"name\":\"S.C.A.N. Costa Blanca\",\"description\":\"Sociedad para el Cuidado de los Animales que lo Necesitan\",\"publisher\":{\"@id\":\"https:\/\/www.scancostablanca.com\/#organization\"},\"potentialAction\":[{\"@type\":\"SearchAction\",\"target\":{\"@type\":\"EntryPoint\",\"urlTemplate\":\"https:\/\/www.scancostablanca.com\/?s={search_term_string}\"},\"query-input\":{\"@type\":\"PropertyValueSpecification\",\"valueRequired\":true,\"valueName\":\"search_term_string\"}}],\"inLanguage\":\"es\"},{\"@type\":\"Organization\",\"@id\":\"https:\/\/www.scancostablanca.com\/#organization\",\"name\":\"Society for the Care of Animals in Need\",\"url\":\"https:\/\/www.scancostablanca.com\/\",\"logo\":{\"@type\":\"ImageObject\",\"inLanguage\":\"es\",\"@id\":\"https:\/\/www.scancostablanca.com\/#\/schema\/logo\/image\/\",\"url\":\"https:\/\/www.scancostablanca.com\/wp-content\/uploads\/2018\/05\/scan-logo-text-blk-nobg.png\",\"contentUrl\":\"https:\/\/www.scancostablanca.com\/wp-content\/uploads\/2018\/05\/scan-logo-text-blk-nobg.png\",\"width\":409,\"height\":135,\"caption\":\"Society for the Care of Animals in Need\"},\"image\":{\"@id\":\"https:\/\/www.scancostablanca.com\/#\/schema\/logo\/image\/\"},\"sameAs\":[\"https:\/\/www.facebook.com\/SocietyForTheCareOfAnimalsInNeedScan\/\"]}]}<\/script>\n<!-- \/ Yoast SEO plugin. -->","yoast_head_json":{"title":"S.C.A.N. Costa Blanca - Animals for Adoption - Apadrina un perro o un gato","description":"S.C.A.N. Costa Blanca - Animal Adoptions - Dog and Cat Rescue, Care & Rehoming - - Apadrina un perro o un gato","robots":{"index":"index","follow":"follow","max-snippet":"max-snippet:-1","max-image-preview":"max-image-preview:large","max-video-preview":"max-video-preview:-1"},"canonical":"https:\/\/www.scancostablanca.com\/es\/apadrina-un-perro-o-un-gato\/","og_locale":"es_ES","og_type":"article","og_title":"S.C.A.N. Costa Blanca - Animals for Adoption - Apadrina un perro o un gato","og_description":"S.C.A.N. Costa Blanca - Animal Adoptions - Dog and Cat Rescue, Care & Rehoming - - Apadrina un perro o un gato","og_url":"https:\/\/www.scancostablanca.com\/es\/apadrina-un-perro-o-un-gato\/","og_site_name":"S.C.A.N. Costa Blanca","article_publisher":"https:\/\/www.facebook.com\/SocietyForTheCareOfAnimalsInNeedScan\/","article_modified_time":"2020-11-29T21:00:17+00:00","og_image":[{"url":"https:\/\/www.scancostablanca.com\/wp-content\/uploads\/2017\/06\/sponsor-dog.jpg","type":"","width":"","height":""}],"twitter_card":"summary_large_image","schema":{"@context":"https:\/\/schema.org","@graph":[{"@type":"WebPage","@id":"https:\/\/www.scancostablanca.com\/es\/apadrina-un-perro-o-un-gato\/","url":"https:\/\/www.scancostablanca.com\/es\/apadrina-un-perro-o-un-gato\/","name":"S.C.A.N. Costa Blanca - Animals for Adoption - Apadrina un perro o un gato","isPartOf":{"@id":"https:\/\/www.scancostablanca.com\/#website"},"primaryImageOfPage":{"@id":"https:\/\/www.scancostablanca.com\/es\/apadrina-un-perro-o-un-gato\/#primaryimage"},"image":{"@id":"https:\/\/www.scancostablanca.com\/es\/apadrina-un-perro-o-un-gato\/#primaryimage"},"thumbnailUrl":"https:\/\/www.scancostablanca.com\/wp-content\/uploads\/2017\/06\/sponsor-dog.jpg","datePublished":"2017-06-13T11:10:57+00:00","dateModified":"2020-11-29T21:00:17+00:00","description":"S.C.A.N. Costa Blanca - Animal Adoptions - Dog and Cat Rescue, Care & Rehoming - - Apadrina un perro o un gato","breadcrumb":{"@id":"https:\/\/www.scancostablanca.com\/es\/apadrina-un-perro-o-un-gato\/#breadcrumb"},"inLanguage":"es","potentialAction":[{"@type":"ReadAction","target":["https:\/\/www.scancostablanca.com\/es\/apadrina-un-perro-o-un-gato\/"]}]},{"@type":"ImageObject","inLanguage":"es","@id":"https:\/\/www.scancostablanca.com\/es\/apadrina-un-perro-o-un-gato\/#primaryimage","url":"https:\/\/www.scancostablanca.com\/wp-content\/uploads\/2017\/06\/sponsor-dog.jpg","contentUrl":"https:\/\/www.scancostablanca.com\/wp-content\/uploads\/2017\/06\/sponsor-dog.jpg"},{"@type":"BreadcrumbList","@id":"https:\/\/www.scancostablanca.com\/es\/apadrina-un-perro-o-un-gato\/#breadcrumb","itemListElement":[{"@type":"ListItem","position":1,"name":"Home","item":"https:\/\/www.scancostablanca.com\/es\/"},{"@type":"ListItem","position":2,"name":"Apadrina un perro o un gato"}]},{"@type":"WebSite","@id":"https:\/\/www.scancostablanca.com\/#website","url":"https:\/\/www.scancostablanca.com\/","name":"S.C.A.N. Costa Blanca","description":"Sociedad para el Cuidado de los Animales que lo Necesitan","publisher":{"@id":"https:\/\/www.scancostablanca.com\/#organization"},"potentialAction":[{"@type":"SearchAction","target":{"@type":"EntryPoint","urlTemplate":"https:\/\/www.scancostablanca.com\/?s={search_term_string}"},"query-input":{"@type":"PropertyValueSpecification","valueRequired":true,"valueName":"search_term_string"}}],"inLanguage":"es"},{"@type":"Organization","@id":"https:\/\/www.scancostablanca.com\/#organization","name":"Society for the Care of Animals in Need","url":"https:\/\/www.scancostablanca.com\/","logo":{"@type":"ImageObject","inLanguage":"es","@id":"https:\/\/www.scancostablanca.com\/#\/schema\/logo\/image\/","url":"https:\/\/www.scancostablanca.com\/wp-content\/uploads\/2018\/05\/scan-logo-text-blk-nobg.png","contentUrl":"https:\/\/www.scancostablanca.com\/wp-content\/uploads\/2018\/05\/scan-logo-text-blk-nobg.png","width":409,"height":135,"caption":"Society for the Care of Animals in Need"},"image":{"@id":"https:\/\/www.scancostablanca.com\/#\/schema\/logo\/image\/"},"sameAs":["https:\/\/www.facebook.com\/SocietyForTheCareOfAnimalsInNeedScan\/"]}]}},"_links":{"self":[{"href":"https:\/\/www.scancostablanca.com\/es\/wp-json\/wp\/v2\/pages\/37758","targetHints":{"allow":["GET"]}}],"collection":[{"href":"https:\/\/www.scancostablanca.com\/es\/wp-json\/wp\/v2\/pages"}],"about":[{"href":"https:\/\/www.scancostablanca.com\/es\/wp-json\/wp\/v2\/types\/page"}],"author":[{"embeddable":true,"href":"https:\/\/www.scancostablanca.com\/es\/wp-json\/wp\/v2\/users\/1"}],"replies":[{"embeddable":true,"href":"https:\/\/www.scancostablanca.com\/es\/wp-json\/wp\/v2\/comments?post=37758"}],"version-history":[{"count":0,"href":"https:\/\/www.scancostablanca.com\/es\/wp-json\/wp\/v2\/pages\/37758\/revisions"}],"wp:attachment":[{"href":"https:\/\/www.scancostablanca.com\/es\/wp-json\/wp\/v2\/media?parent=37758"}],"curies":[{"name":"wp","href":"https:\/\/api.w.org\/{rel}","templated":true}]}}