{"id":37767,"date":"2018-08-15T21:25:12","date_gmt":"2018-08-15T19:25:12","guid":{"rendered":"https:\/\/www.scancostablanca.com\/scan-shelter\/"},"modified":"2020-11-29T21:51:54","modified_gmt":"2020-11-29T20:51:54","slug":"scan-protectora","status":"publish","type":"page","link":"https:\/\/www.scancostablanca.com\/es\/scan-protectora\/","title":{"rendered":"SCAN Protectora"},"content":{"rendered":"<p>SCAN tiene una reputaci\u00f3n de calidad en el cuidado de los animales, altos est\u00e1ndares de limpieza e higiene y por cumplir nuestras promesas. La excelencia de nuestros procesos higi\u00e9nicos y administrativos nos ha valido la codiciada acreditaci\u00f3n N\u00facleo Zool\u00f3gico. Este es un conjunto de est\u00e1ndares nacionales y regionales para organizaciones que se ocupan de los animales. Solo los refugios con esta acreditaci\u00f3n pueden transportar animales a trav\u00e9s de fronteras internacionales.<\/p>\n<p>Nuestro Centro construido especialmente ha sido dise\u00f1ado para proporcionar un ambiente de vida limpio, aireado y luminoso para todos los animales bajo el cuidado de SCAN.<\/p>\n<p>Las instalaciones incluyen refugios seguros para animales, una sala de tratamiento veterinario en situ, una oficina, \u00e1reas de almacenamiento y cocinas. El centro, en una zona industrial recientemente desarrollada en un terreno donado por el Ayuntamiento de El Verger, cumple con los exigentes est\u00e1ndares requeridos de una instalaci\u00f3n moderna y compatible para animales .<\/p>\n<p>Nuestro veterinario visita el centro una vez a la semana para evaluar a los reci\u00e9n llegados y examinar los animales que dan motivo de preocupaci\u00f3n. Este enfoque permite detectar los problemas de forma temprana, lo que ayuda a evitar tratamientos complejos y sufrimientos innecesarios para los animales.<\/p>\n<p>El centro cuenta con 1400m2 de \u00e1reas de ejercicio, juego y entrenamiento y un jard\u00edn de barbacoa donde realizamos varios de nuestros eventos de recaudaci\u00f3n de fondos.<\/p>\n\n","protected":false},"excerpt":{"rendered":"<p>SCAN tiene una reputaci\u00f3n de calidad en el cuidado de los animales, altos est\u00e1ndares de limpieza e higiene y por cumplir nuestras promesas. La excelencia de nuestros procesos higi\u00e9nicos y [&#8230;]<\/p>\n<p><a class=\"btn btn-secondary understrap-read-more-link\" href=\"https:\/\/www.scancostablanca.com\/es\/scan-protectora\/\">Leer m\u00e1s&#8230;<\/a><\/p>\n","protected":false},"author":1,"featured_media":0,"parent":0,"menu_order":0,"comment_status":"closed","ping_status":"closed","template":"","meta":{"_acf_changed":false,"footnotes":""},"class_list":["post-37767","page","type-page","status-publish","hentry"],"acf":[],"yoast_head":"<!-- This site is optimized with the Yoast SEO plugin v27.4 - https:\/\/yoast.com\/product\/yoast-seo-wordpress\/ -->\n<title>S.C.A.N. Costa Blanca - Animals for Adoption - SCAN Protectora<\/title>\n<meta name=\"description\" content=\"S.C.A.N. Costa Blanca - Animal Adoptions - Dog and Cat Rescue, Care &amp; Rehoming - - SCAN Protectora\" \/>\n<meta name=\"robots\" content=\"index, follow, max-snippet:-1, max-image-preview:large, max-video-preview:-1\" \/>\n<link rel=\"canonical\" href=\"https:\/\/www.scancostablanca.com\/es\/scan-protectora\/\" \/>\n<meta property=\"og:locale\" content=\"es_ES\" \/>\n<meta property=\"og:type\" content=\"article\" \/>\n<meta property=\"og:title\" content=\"S.C.A.N. Costa Blanca - Animals for Adoption - SCAN Protectora\" \/>\n<meta property=\"og:description\" content=\"S.C.A.N. Costa Blanca - Animal Adoptions - Dog and Cat Rescue, Care &amp; Rehoming - - SCAN Protectora\" \/>\n<meta property=\"og:url\" content=\"https:\/\/www.scancostablanca.com\/es\/scan-protectora\/\" \/>\n<meta property=\"og:site_name\" content=\"S.C.A.N. Costa Blanca\" \/>\n<meta property=\"article:publisher\" content=\"https:\/\/www.facebook.com\/SocietyForTheCareOfAnimalsInNeedScan\/\" \/>\n<meta property=\"article:modified_time\" content=\"2020-11-29T20:51:54+00:00\" \/>\n<meta property=\"og:image\" content=\"https:\/\/www.scancostablanca.com\/wp-content\/uploads\/2016\/06\/school-5-250x250.jpg\" \/>\n<meta name=\"twitter:card\" content=\"summary_large_image\" \/>\n<script type=\"application\/ld+json\" class=\"yoast-schema-graph\">{\"@context\":\"https:\\\/\\\/schema.org\",\"@graph\":[{\"@type\":\"WebPage\",\"@id\":\"https:\\\/\\\/www.scancostablanca.com\\\/es\\\/scan-protectora\\\/\",\"url\":\"https:\\\/\\\/www.scancostablanca.com\\\/es\\\/scan-protectora\\\/\",\"name\":\"S.C.A.N. Costa Blanca - Animals for Adoption - SCAN Protectora\",\"isPartOf\":{\"@id\":\"https:\\\/\\\/www.scancostablanca.com\\\/#website\"},\"datePublished\":\"2018-08-15T19:25:12+00:00\",\"dateModified\":\"2020-11-29T20:51:54+00:00\",\"description\":\"S.C.A.N. Costa Blanca - Animal Adoptions - Dog and Cat Rescue, Care & Rehoming - - SCAN Protectora\",\"breadcrumb\":{\"@id\":\"https:\\\/\\\/www.scancostablanca.com\\\/es\\\/scan-protectora\\\/#breadcrumb\"},\"inLanguage\":\"es\",\"potentialAction\":[{\"@type\":\"ReadAction\",\"target\":[\"https:\\\/\\\/www.scancostablanca.com\\\/es\\\/scan-protectora\\\/\"]}]},{\"@type\":\"BreadcrumbList\",\"@id\":\"https:\\\/\\\/www.scancostablanca.com\\\/es\\\/scan-protectora\\\/#breadcrumb\",\"itemListElement\":[{\"@type\":\"ListItem\",\"position\":1,\"name\":\"Home\",\"item\":\"https:\\\/\\\/www.scancostablanca.com\\\/es\\\/\"},{\"@type\":\"ListItem\",\"position\":2,\"name\":\"SCAN Protectora\"}]},{\"@type\":\"WebSite\",\"@id\":\"https:\\\/\\\/www.scancostablanca.com\\\/#website\",\"url\":\"https:\\\/\\\/www.scancostablanca.com\\\/\",\"name\":\"S.C.A.N. Costa Blanca\",\"description\":\"Sociedad para el Cuidado de los Animales que lo Necesitan\",\"publisher\":{\"@id\":\"https:\\\/\\\/www.scancostablanca.com\\\/#organization\"},\"potentialAction\":[{\"@type\":\"SearchAction\",\"target\":{\"@type\":\"EntryPoint\",\"urlTemplate\":\"https:\\\/\\\/www.scancostablanca.com\\\/?s={search_term_string}\"},\"query-input\":{\"@type\":\"PropertyValueSpecification\",\"valueRequired\":true,\"valueName\":\"search_term_string\"}}],\"inLanguage\":\"es\"},{\"@type\":\"Organization\",\"@id\":\"https:\\\/\\\/www.scancostablanca.com\\\/#organization\",\"name\":\"Society for the Care of Animals in Need\",\"url\":\"https:\\\/\\\/www.scancostablanca.com\\\/\",\"logo\":{\"@type\":\"ImageObject\",\"inLanguage\":\"es\",\"@id\":\"https:\\\/\\\/www.scancostablanca.com\\\/#\\\/schema\\\/logo\\\/image\\\/\",\"url\":\"https:\\\/\\\/www.scancostablanca.com\\\/wp-content\\\/uploads\\\/2018\\\/05\\\/scan-logo-text-blk-nobg.png\",\"contentUrl\":\"https:\\\/\\\/www.scancostablanca.com\\\/wp-content\\\/uploads\\\/2018\\\/05\\\/scan-logo-text-blk-nobg.png\",\"width\":409,\"height\":135,\"caption\":\"Society for the Care of Animals in Need\"},\"image\":{\"@id\":\"https:\\\/\\\/www.scancostablanca.com\\\/#\\\/schema\\\/logo\\\/image\\\/\"},\"sameAs\":[\"https:\\\/\\\/www.facebook.com\\\/SocietyForTheCareOfAnimalsInNeedScan\\\/\"]}]}<\/script>\n<!-- \/ Yoast SEO plugin. -->","yoast_head_json":{"title":"S.C.A.N. Costa Blanca - Animals for Adoption - SCAN Protectora","description":"S.C.A.N. Costa Blanca - Animal Adoptions - Dog and Cat Rescue, Care & Rehoming - - SCAN Protectora","robots":{"index":"index","follow":"follow","max-snippet":"max-snippet:-1","max-image-preview":"max-image-preview:large","max-video-preview":"max-video-preview:-1"},"canonical":"https:\/\/www.scancostablanca.com\/es\/scan-protectora\/","og_locale":"es_ES","og_type":"article","og_title":"S.C.A.N. Costa Blanca - Animals for Adoption - SCAN Protectora","og_description":"S.C.A.N. Costa Blanca - Animal Adoptions - Dog and Cat Rescue, Care & Rehoming - - SCAN Protectora","og_url":"https:\/\/www.scancostablanca.com\/es\/scan-protectora\/","og_site_name":"S.C.A.N. Costa Blanca","article_publisher":"https:\/\/www.facebook.com\/SocietyForTheCareOfAnimalsInNeedScan\/","article_modified_time":"2020-11-29T20:51:54+00:00","og_image":[{"url":"https:\/\/www.scancostablanca.com\/wp-content\/uploads\/2016\/06\/school-5-250x250.jpg","type":"","width":"","height":""}],"twitter_card":"summary_large_image","schema":{"@context":"https:\/\/schema.org","@graph":[{"@type":"WebPage","@id":"https:\/\/www.scancostablanca.com\/es\/scan-protectora\/","url":"https:\/\/www.scancostablanca.com\/es\/scan-protectora\/","name":"S.C.A.N. Costa Blanca - Animals for Adoption - SCAN Protectora","isPartOf":{"@id":"https:\/\/www.scancostablanca.com\/#website"},"datePublished":"2018-08-15T19:25:12+00:00","dateModified":"2020-11-29T20:51:54+00:00","description":"S.C.A.N. Costa Blanca - Animal Adoptions - Dog and Cat Rescue, Care & Rehoming - - SCAN Protectora","breadcrumb":{"@id":"https:\/\/www.scancostablanca.com\/es\/scan-protectora\/#breadcrumb"},"inLanguage":"es","potentialAction":[{"@type":"ReadAction","target":["https:\/\/www.scancostablanca.com\/es\/scan-protectora\/"]}]},{"@type":"BreadcrumbList","@id":"https:\/\/www.scancostablanca.com\/es\/scan-protectora\/#breadcrumb","itemListElement":[{"@type":"ListItem","position":1,"name":"Home","item":"https:\/\/www.scancostablanca.com\/es\/"},{"@type":"ListItem","position":2,"name":"SCAN Protectora"}]},{"@type":"WebSite","@id":"https:\/\/www.scancostablanca.com\/#website","url":"https:\/\/www.scancostablanca.com\/","name":"S.C.A.N. Costa Blanca","description":"Sociedad para el Cuidado de los Animales que lo Necesitan","publisher":{"@id":"https:\/\/www.scancostablanca.com\/#organization"},"potentialAction":[{"@type":"SearchAction","target":{"@type":"EntryPoint","urlTemplate":"https:\/\/www.scancostablanca.com\/?s={search_term_string}"},"query-input":{"@type":"PropertyValueSpecification","valueRequired":true,"valueName":"search_term_string"}}],"inLanguage":"es"},{"@type":"Organization","@id":"https:\/\/www.scancostablanca.com\/#organization","name":"Society for the Care of Animals in Need","url":"https:\/\/www.scancostablanca.com\/","logo":{"@type":"ImageObject","inLanguage":"es","@id":"https:\/\/www.scancostablanca.com\/#\/schema\/logo\/image\/","url":"https:\/\/www.scancostablanca.com\/wp-content\/uploads\/2018\/05\/scan-logo-text-blk-nobg.png","contentUrl":"https:\/\/www.scancostablanca.com\/wp-content\/uploads\/2018\/05\/scan-logo-text-blk-nobg.png","width":409,"height":135,"caption":"Society for the Care of Animals in Need"},"image":{"@id":"https:\/\/www.scancostablanca.com\/#\/schema\/logo\/image\/"},"sameAs":["https:\/\/www.facebook.com\/SocietyForTheCareOfAnimalsInNeedScan\/"]}]}},"_links":{"self":[{"href":"https:\/\/www.scancostablanca.com\/es\/wp-json\/wp\/v2\/pages\/37767","targetHints":{"allow":["GET"]}}],"collection":[{"href":"https:\/\/www.scancostablanca.com\/es\/wp-json\/wp\/v2\/pages"}],"about":[{"href":"https:\/\/www.scancostablanca.com\/es\/wp-json\/wp\/v2\/types\/page"}],"author":[{"embeddable":true,"href":"https:\/\/www.scancostablanca.com\/es\/wp-json\/wp\/v2\/users\/1"}],"replies":[{"embeddable":true,"href":"https:\/\/www.scancostablanca.com\/es\/wp-json\/wp\/v2\/comments?post=37767"}],"version-history":[{"count":0,"href":"https:\/\/www.scancostablanca.com\/es\/wp-json\/wp\/v2\/pages\/37767\/revisions"}],"wp:attachment":[{"href":"https:\/\/www.scancostablanca.com\/es\/wp-json\/wp\/v2\/media?parent=37767"}],"curies":[{"name":"wp","href":"https:\/\/api.w.org\/{rel}","templated":true}]}}