{"id":37769,"date":"2018-08-15T21:27:22","date_gmt":"2018-08-15T19:27:22","guid":{"rendered":"https:\/\/www.scancostablanca.com\/scan-history\/"},"modified":"2020-11-29T21:36:25","modified_gmt":"2020-11-29T20:36:25","slug":"historia-de-scan","status":"publish","type":"page","link":"https:\/\/www.scancostablanca.com\/es\/historia-de-scan\/","title":{"rendered":"Historia de SCAN"},"content":{"rendered":"<p>En 2009, SCAN comenz\u00f3 como una organizaci\u00f3n que recauda fondos para la organizaci\u00f3n de rescate de gatos en Pego, con su propio refugio abierto para gatos en 2010.<\/p>\n<p>Este refugio original estuvo bajo presi\u00f3n para cerrar en 2011, lo cual era, por supuesto, inaceptable, por lo que, junto con el Ayuntamiento de El Verger, el equipo de SCAN comenz\u00f3 a planificar y dise\u00f1ar un nuevo refugio construido especialmente que podr\u00eda albergar perros y gatos abandonados.<\/p>\n<p>En 2012, Alcalde D. Miguel Gonz\u00e1lez Ba\u00f1o y Lord and Lady Acton abrieron el nuevo refugio construido a tal efecto. Los fondos para la construcci\u00f3n se obtuvieron de las actividades de recaudaci\u00f3n de fondos en la comunidad y el terreno se arrend\u00f3 al Ayuntamiento por el primer per\u00edodo de 15 a\u00f1os, con un contrato de arrendamiento renovable posteriormente.<\/p>\n<p>El albergue es un Centro de Excelencia otorgado por el N\u00facleo Zool\u00f3gico: uno de los dos \u00fanicos albergues en esta parte de Espa\u00f1a con esta acreditaci\u00f3n.<\/p>\n<p>En 2014, la recaudaci\u00f3n de fondos se aceler\u00f3 con la apertura de SCAN Charity Boutique en El Verger, una tienda que ofrece moda, art\u00edculos para el hogar y m\u00e1s.<\/p>\n<p>Desde que se abri\u00f3 el refugio en 2012, \u00a1se han encontrado nuevos hogares para m\u00e1s de <strong>2.800<\/strong> animales!<\/p>\n<p>Y hay planes de expansi\u00f3n en el horizonte. SCAN espera abrir:<\/p>\n<ul>\n<li>Casa de perros y gatos viejos. El Ayuntamiento ha dado permiso a SCAN para extender el centro m\u00e1s all\u00e1 de su huella original, con el plan de construir una \"casa de retiro\" para los residentes a largo plazo y los animales que se acercan al final de sus vidas. Esto les dar\u00e1 una existencia m\u00e1s pac\u00edfica y m\u00e1s espacio para vivir, tanto en el interior como en el exterior, lo que les permitir\u00e1 deambular entre los dos sin restricciones.<\/li>\n<li>Un \u00e1rea de juegos mejorada para los gatos. Los gatos se benefician enormemente del juego. Ayuda con problemas de comportamiento, obesidad y estr\u00e9s. Tambi\u00e9n ayuda con la tensi\u00f3n entre gatos y genera confianza, particularmente en animales t\u00edmidos. Este proyecto ser\u00e1 de enorme beneficio para los amigos felinos de SCAN haciendo que su tiempo en el refugio sea m\u00e1s c\u00f3modo y aumente sus posibilidades de una adopci\u00f3n temprana.<\/li>\n<li>Una rampa en el \u00e1rea de BBQ para facilitar el acceso de sillas de ruedas y aquellos que encuentran dificultad para caminar.<\/li>\n<li>Para demoler un cobertizo de madera y reemplazarlo por un edificio de metal adecuado para el almacenamiento de alimentos a granel<\/li>\n<li>Una mejora del \u00e1rea de ejercicio para perros con nuevas rampas y piscinas para disfrutar del agua fresquito en verano, con mejoras del refugio en curso.<\/li>\n<\/ul>\n<figure id=\"attachment_36543\" aria-describedby=\"caption-attachment-36543\" style=\"width: 480px\" class=\"wp-caption alignnone\"><img decoding=\"async\" class=\"wp-image-36543 size-medium lazyload\" data-src=\"https:\/\/www.scancostablanca.com\/wp-content\/uploads\/2018\/08\/IMG_3274-480x360.jpg\" alt=\"Boutique\" width=\"480\" height=\"360\" src=\"data:image\/svg+xml;base64,PHN2ZyB3aWR0aD0iMSIgaGVpZ2h0PSIxIiB4bWxucz0iaHR0cDovL3d3dy53My5vcmcvMjAwMC9zdmciPjwvc3ZnPg==\" style=\"--smush-placeholder-width: 480px; --smush-placeholder-aspect-ratio: 480\/360;\" \/><figcaption id=\"caption-attachment-36543\" class=\"wp-caption-text\">SCAN Boutique &amp; tienda de caridad<\/figcaption><\/figure>\n<figure id=\"attachment_646\" aria-describedby=\"caption-attachment-646\" style=\"width: 480px\" class=\"wp-caption alignnone\"><img decoding=\"async\" class=\"wp-image-646 size-medium lazyload\" data-src=\"https:\/\/www.scancostablanca.com\/wp-content\/uploads\/2013\/03\/DSC01433-480x350.jpg\" alt=\"Inauguration\" width=\"480\" height=\"350\" src=\"data:image\/svg+xml;base64,PHN2ZyB3aWR0aD0iMSIgaGVpZ2h0PSIxIiB4bWxucz0iaHR0cDovL3d3dy53My5vcmcvMjAwMC9zdmciPjwvc3ZnPg==\" style=\"--smush-placeholder-width: 480px; --smush-placeholder-aspect-ratio: 480\/350;\" \/><figcaption id=\"caption-attachment-646\" class=\"wp-caption-text\">Ceremonia de apertura del refugio<\/figcaption><\/figure>\n","protected":false},"excerpt":{"rendered":"<p>En 2009, SCAN comenz\u00f3 como una organizaci\u00f3n que recauda fondos para la organizaci\u00f3n de rescate de gatos en Pego, con su propio refugio abierto para gatos en 2010. Este refugio [&#8230;]<\/p>\n<p><a class=\"btn btn-secondary understrap-read-more-link\" href=\"https:\/\/www.scancostablanca.com\/es\/historia-de-scan\/\">Leer m\u00e1s&#8230;<\/a><\/p>\n","protected":false},"author":1,"featured_media":0,"parent":0,"menu_order":0,"comment_status":"closed","ping_status":"closed","template":"","meta":{"_acf_changed":false,"footnotes":""},"class_list":["post-37769","page","type-page","status-publish","hentry"],"acf":[],"yoast_head":"<!-- This site is optimized with the Yoast SEO plugin v25.9 - https:\/\/yoast.com\/wordpress\/plugins\/seo\/ -->\n<title>S.C.A.N. Costa Blanca - Animals for Adoption - Historia de SCAN<\/title>\n<meta name=\"description\" content=\"S.C.A.N. Costa Blanca - Animal Adoptions - Dog and Cat Rescue, Care &amp; Rehoming - - Historia de SCAN\" \/>\n<meta name=\"robots\" content=\"index, follow, max-snippet:-1, max-image-preview:large, max-video-preview:-1\" \/>\n<link rel=\"canonical\" href=\"https:\/\/www.scancostablanca.com\/es\/historia-de-scan\/\" \/>\n<meta property=\"og:locale\" content=\"es_ES\" \/>\n<meta property=\"og:type\" content=\"article\" \/>\n<meta property=\"og:title\" content=\"S.C.A.N. Costa Blanca - Animals for Adoption - Historia de SCAN\" \/>\n<meta property=\"og:description\" content=\"S.C.A.N. Costa Blanca - Animal Adoptions - Dog and Cat Rescue, Care &amp; Rehoming - - Historia de SCAN\" \/>\n<meta property=\"og:url\" content=\"https:\/\/www.scancostablanca.com\/es\/historia-de-scan\/\" \/>\n<meta property=\"og:site_name\" content=\"S.C.A.N. Costa Blanca\" \/>\n<meta property=\"article:publisher\" content=\"https:\/\/www.facebook.com\/SocietyForTheCareOfAnimalsInNeedScan\/\" \/>\n<meta property=\"article:modified_time\" content=\"2020-11-29T20:36:25+00:00\" \/>\n<meta property=\"og:image\" content=\"https:\/\/www.scancostablanca.com\/wp-content\/uploads\/2018\/08\/IMG_3274-480x360.jpg\" \/>\n<meta name=\"twitter:card\" content=\"summary_large_image\" \/>\n<script type=\"application\/ld+json\" class=\"yoast-schema-graph\">{\"@context\":\"https:\/\/schema.org\",\"@graph\":[{\"@type\":\"WebPage\",\"@id\":\"https:\/\/www.scancostablanca.com\/es\/historia-de-scan\/\",\"url\":\"https:\/\/www.scancostablanca.com\/es\/historia-de-scan\/\",\"name\":\"S.C.A.N. Costa Blanca - Animals for Adoption - Historia de SCAN\",\"isPartOf\":{\"@id\":\"https:\/\/www.scancostablanca.com\/#website\"},\"primaryImageOfPage\":{\"@id\":\"https:\/\/www.scancostablanca.com\/es\/historia-de-scan\/#primaryimage\"},\"image\":{\"@id\":\"https:\/\/www.scancostablanca.com\/es\/historia-de-scan\/#primaryimage\"},\"thumbnailUrl\":\"https:\/\/www.scancostablanca.com\/wp-content\/uploads\/2018\/08\/IMG_3274-480x360.jpg\",\"datePublished\":\"2018-08-15T19:27:22+00:00\",\"dateModified\":\"2020-11-29T20:36:25+00:00\",\"description\":\"S.C.A.N. Costa Blanca - Animal Adoptions - Dog and Cat Rescue, Care & Rehoming - - Historia de SCAN\",\"breadcrumb\":{\"@id\":\"https:\/\/www.scancostablanca.com\/es\/historia-de-scan\/#breadcrumb\"},\"inLanguage\":\"es\",\"potentialAction\":[{\"@type\":\"ReadAction\",\"target\":[\"https:\/\/www.scancostablanca.com\/es\/historia-de-scan\/\"]}]},{\"@type\":\"ImageObject\",\"inLanguage\":\"es\",\"@id\":\"https:\/\/www.scancostablanca.com\/es\/historia-de-scan\/#primaryimage\",\"url\":\"https:\/\/www.scancostablanca.com\/wp-content\/uploads\/2018\/08\/IMG_3274-480x360.jpg\",\"contentUrl\":\"https:\/\/www.scancostablanca.com\/wp-content\/uploads\/2018\/08\/IMG_3274-480x360.jpg\"},{\"@type\":\"BreadcrumbList\",\"@id\":\"https:\/\/www.scancostablanca.com\/es\/historia-de-scan\/#breadcrumb\",\"itemListElement\":[{\"@type\":\"ListItem\",\"position\":1,\"name\":\"Home\",\"item\":\"https:\/\/www.scancostablanca.com\/es\/\"},{\"@type\":\"ListItem\",\"position\":2,\"name\":\"Historia de SCAN\"}]},{\"@type\":\"WebSite\",\"@id\":\"https:\/\/www.scancostablanca.com\/#website\",\"url\":\"https:\/\/www.scancostablanca.com\/\",\"name\":\"S.C.A.N. Costa Blanca\",\"description\":\"Sociedad para el Cuidado de los Animales que lo Necesitan\",\"publisher\":{\"@id\":\"https:\/\/www.scancostablanca.com\/#organization\"},\"potentialAction\":[{\"@type\":\"SearchAction\",\"target\":{\"@type\":\"EntryPoint\",\"urlTemplate\":\"https:\/\/www.scancostablanca.com\/?s={search_term_string}\"},\"query-input\":{\"@type\":\"PropertyValueSpecification\",\"valueRequired\":true,\"valueName\":\"search_term_string\"}}],\"inLanguage\":\"es\"},{\"@type\":\"Organization\",\"@id\":\"https:\/\/www.scancostablanca.com\/#organization\",\"name\":\"Society for the Care of Animals in Need\",\"url\":\"https:\/\/www.scancostablanca.com\/\",\"logo\":{\"@type\":\"ImageObject\",\"inLanguage\":\"es\",\"@id\":\"https:\/\/www.scancostablanca.com\/#\/schema\/logo\/image\/\",\"url\":\"https:\/\/www.scancostablanca.com\/wp-content\/uploads\/2018\/05\/scan-logo-text-blk-nobg.png\",\"contentUrl\":\"https:\/\/www.scancostablanca.com\/wp-content\/uploads\/2018\/05\/scan-logo-text-blk-nobg.png\",\"width\":409,\"height\":135,\"caption\":\"Society for the Care of Animals in Need\"},\"image\":{\"@id\":\"https:\/\/www.scancostablanca.com\/#\/schema\/logo\/image\/\"},\"sameAs\":[\"https:\/\/www.facebook.com\/SocietyForTheCareOfAnimalsInNeedScan\/\"]}]}<\/script>\n<!-- \/ Yoast SEO plugin. -->","yoast_head_json":{"title":"S.C.A.N. Costa Blanca - Animals for Adoption - Historia de SCAN","description":"S.C.A.N. Costa Blanca - Animal Adoptions - Dog and Cat Rescue, Care & Rehoming - - Historia de SCAN","robots":{"index":"index","follow":"follow","max-snippet":"max-snippet:-1","max-image-preview":"max-image-preview:large","max-video-preview":"max-video-preview:-1"},"canonical":"https:\/\/www.scancostablanca.com\/es\/historia-de-scan\/","og_locale":"es_ES","og_type":"article","og_title":"S.C.A.N. Costa Blanca - Animals for Adoption - Historia de SCAN","og_description":"S.C.A.N. Costa Blanca - Animal Adoptions - Dog and Cat Rescue, Care & Rehoming - - Historia de SCAN","og_url":"https:\/\/www.scancostablanca.com\/es\/historia-de-scan\/","og_site_name":"S.C.A.N. Costa Blanca","article_publisher":"https:\/\/www.facebook.com\/SocietyForTheCareOfAnimalsInNeedScan\/","article_modified_time":"2020-11-29T20:36:25+00:00","og_image":[{"url":"https:\/\/www.scancostablanca.com\/wp-content\/uploads\/2018\/08\/IMG_3274-480x360.jpg","type":"","width":"","height":""}],"twitter_card":"summary_large_image","schema":{"@context":"https:\/\/schema.org","@graph":[{"@type":"WebPage","@id":"https:\/\/www.scancostablanca.com\/es\/historia-de-scan\/","url":"https:\/\/www.scancostablanca.com\/es\/historia-de-scan\/","name":"S.C.A.N. Costa Blanca - Animals for Adoption - Historia de SCAN","isPartOf":{"@id":"https:\/\/www.scancostablanca.com\/#website"},"primaryImageOfPage":{"@id":"https:\/\/www.scancostablanca.com\/es\/historia-de-scan\/#primaryimage"},"image":{"@id":"https:\/\/www.scancostablanca.com\/es\/historia-de-scan\/#primaryimage"},"thumbnailUrl":"https:\/\/www.scancostablanca.com\/wp-content\/uploads\/2018\/08\/IMG_3274-480x360.jpg","datePublished":"2018-08-15T19:27:22+00:00","dateModified":"2020-11-29T20:36:25+00:00","description":"S.C.A.N. Costa Blanca - Animal Adoptions - Dog and Cat Rescue, Care & Rehoming - - Historia de SCAN","breadcrumb":{"@id":"https:\/\/www.scancostablanca.com\/es\/historia-de-scan\/#breadcrumb"},"inLanguage":"es","potentialAction":[{"@type":"ReadAction","target":["https:\/\/www.scancostablanca.com\/es\/historia-de-scan\/"]}]},{"@type":"ImageObject","inLanguage":"es","@id":"https:\/\/www.scancostablanca.com\/es\/historia-de-scan\/#primaryimage","url":"https:\/\/www.scancostablanca.com\/wp-content\/uploads\/2018\/08\/IMG_3274-480x360.jpg","contentUrl":"https:\/\/www.scancostablanca.com\/wp-content\/uploads\/2018\/08\/IMG_3274-480x360.jpg"},{"@type":"BreadcrumbList","@id":"https:\/\/www.scancostablanca.com\/es\/historia-de-scan\/#breadcrumb","itemListElement":[{"@type":"ListItem","position":1,"name":"Home","item":"https:\/\/www.scancostablanca.com\/es\/"},{"@type":"ListItem","position":2,"name":"Historia de SCAN"}]},{"@type":"WebSite","@id":"https:\/\/www.scancostablanca.com\/#website","url":"https:\/\/www.scancostablanca.com\/","name":"S.C.A.N. Costa Blanca","description":"Sociedad para el Cuidado de los Animales que lo Necesitan","publisher":{"@id":"https:\/\/www.scancostablanca.com\/#organization"},"potentialAction":[{"@type":"SearchAction","target":{"@type":"EntryPoint","urlTemplate":"https:\/\/www.scancostablanca.com\/?s={search_term_string}"},"query-input":{"@type":"PropertyValueSpecification","valueRequired":true,"valueName":"search_term_string"}}],"inLanguage":"es"},{"@type":"Organization","@id":"https:\/\/www.scancostablanca.com\/#organization","name":"Society for the Care of Animals in Need","url":"https:\/\/www.scancostablanca.com\/","logo":{"@type":"ImageObject","inLanguage":"es","@id":"https:\/\/www.scancostablanca.com\/#\/schema\/logo\/image\/","url":"https:\/\/www.scancostablanca.com\/wp-content\/uploads\/2018\/05\/scan-logo-text-blk-nobg.png","contentUrl":"https:\/\/www.scancostablanca.com\/wp-content\/uploads\/2018\/05\/scan-logo-text-blk-nobg.png","width":409,"height":135,"caption":"Society for the Care of Animals in Need"},"image":{"@id":"https:\/\/www.scancostablanca.com\/#\/schema\/logo\/image\/"},"sameAs":["https:\/\/www.facebook.com\/SocietyForTheCareOfAnimalsInNeedScan\/"]}]}},"_links":{"self":[{"href":"https:\/\/www.scancostablanca.com\/es\/wp-json\/wp\/v2\/pages\/37769","targetHints":{"allow":["GET"]}}],"collection":[{"href":"https:\/\/www.scancostablanca.com\/es\/wp-json\/wp\/v2\/pages"}],"about":[{"href":"https:\/\/www.scancostablanca.com\/es\/wp-json\/wp\/v2\/types\/page"}],"author":[{"embeddable":true,"href":"https:\/\/www.scancostablanca.com\/es\/wp-json\/wp\/v2\/users\/1"}],"replies":[{"embeddable":true,"href":"https:\/\/www.scancostablanca.com\/es\/wp-json\/wp\/v2\/comments?post=37769"}],"version-history":[{"count":0,"href":"https:\/\/www.scancostablanca.com\/es\/wp-json\/wp\/v2\/pages\/37769\/revisions"}],"wp:attachment":[{"href":"https:\/\/www.scancostablanca.com\/es\/wp-json\/wp\/v2\/media?parent=37769"}],"curies":[{"name":"wp","href":"https:\/\/api.w.org\/{rel}","templated":true}]}}