{"id":45176,"date":"2012-11-28T15:11:22","date_gmt":"2012-11-28T14:11:22","guid":{"rendered":"https:\/\/www.scancostablanca.com\/website-disclaimer\/"},"modified":"2020-11-29T22:12:05","modified_gmt":"2020-11-29T21:12:05","slug":"aviso-legal","status":"publish","type":"page","link":"https:\/\/www.scancostablanca.com\/es\/aviso-legal\/","title":{"rendered":"Aviso legal"},"content":{"rendered":"<p>La informaci\u00f3n contenida en este sitio web es solo para fines de informaci\u00f3n general. La informaci\u00f3n es proporcionada por S.C.A.N. y aunque nos esforzamos por mantener la informaci\u00f3n actualizada y correcta, no hacemos declaraciones ni garant\u00edas de ning\u00fan tipo, expresas o impl\u00edcitas, sobre la integridad, precisi\u00f3n, confiabilidad, idoneidad o disponibilidad con respecto al sitio web o la informaci\u00f3n, productos, servicios o gr\u00e1ficos relacionados contenidos en el sitio web para cualquier prop\u00f3sito. Por lo tanto, cualquier confianza que deposite en dicha informaci\u00f3n es estrictamente bajo su propio riesgo.<\/p>\n<p>En ning\u00fan caso seremos responsables de ninguna p\u00e9rdida o da\u00f1o, incluidos, entre otros, p\u00e9rdidas o da\u00f1os indirectos o consecuentes, o cualquier p\u00e9rdida o da\u00f1o que surja de la p\u00e9rdida de datos o ganancias que surjan de, o en conexi\u00f3n con, el uso de este sitio web. .<\/p>\n<p>A trav\u00e9s de este sitio web, puede conectarse a otros sitios web que no est\u00e1n bajo el control de S.C.A.N.. No tenemos control sobre la naturaleza, el contenido y la disponibilidad de esos sitios. La inclusi\u00f3n de cualquier enlace no implica necesariamente una recomendaci\u00f3n ni respalda las opiniones expresadas en ellos.<\/p>\n<p>Se hace todo lo posible para mantener el sitio web en funcionamiento sin problemas. Sin embargo, S.C.A.N. no se responsabiliza ni ser\u00e1 responsable de que el sitio web no est\u00e9 disponible temporalmente debido a problemas t\u00e9cnicos fuera de nuestro control.<\/p>\n","protected":false},"excerpt":{"rendered":"<p>La informaci\u00f3n contenida en este sitio web es solo para fines de informaci\u00f3n general. La informaci\u00f3n es proporcionada por S.C.A.N. y aunque nos esforzamos por mantener la informaci\u00f3n actualizada y [&#8230;]<\/p>\n<p><a class=\"btn btn-secondary understrap-read-more-link\" href=\"https:\/\/www.scancostablanca.com\/es\/aviso-legal\/\">Leer m\u00e1s&#8230;<\/a><\/p>\n","protected":false},"author":2,"featured_media":0,"parent":0,"menu_order":0,"comment_status":"closed","ping_status":"closed","template":"","meta":{"_acf_changed":false,"footnotes":""},"class_list":["post-45176","page","type-page","status-publish","hentry"],"acf":[],"yoast_head":"<!-- This site is optimized with the Yoast SEO plugin v25.9 - https:\/\/yoast.com\/wordpress\/plugins\/seo\/ -->\n<title>S.C.A.N. Costa Blanca - Animals for Adoption - Aviso legal<\/title>\n<meta name=\"description\" content=\"S.C.A.N. Costa Blanca - Animal Adoptions - Dog and Cat Rescue, Care &amp; Rehoming - - Aviso legal\" \/>\n<meta name=\"robots\" content=\"index, follow, max-snippet:-1, max-image-preview:large, max-video-preview:-1\" \/>\n<link rel=\"canonical\" href=\"https:\/\/www.scancostablanca.com\/es\/aviso-legal\/\" \/>\n<meta property=\"og:locale\" content=\"es_ES\" \/>\n<meta property=\"og:type\" content=\"article\" \/>\n<meta property=\"og:title\" content=\"S.C.A.N. Costa Blanca - Animals for Adoption - Aviso legal\" \/>\n<meta property=\"og:description\" content=\"S.C.A.N. Costa Blanca - Animal Adoptions - Dog and Cat Rescue, Care &amp; Rehoming - - Aviso legal\" \/>\n<meta property=\"og:url\" content=\"https:\/\/www.scancostablanca.com\/es\/aviso-legal\/\" \/>\n<meta property=\"og:site_name\" content=\"S.C.A.N. Costa Blanca\" \/>\n<meta property=\"article:publisher\" content=\"https:\/\/www.facebook.com\/SocietyForTheCareOfAnimalsInNeedScan\/\" \/>\n<meta property=\"article:modified_time\" content=\"2020-11-29T21:12:05+00:00\" \/>\n<meta property=\"og:image\" content=\"https:\/\/www.scancostablanca.com\/wp-content\/uploads\/2018\/06\/puppy-advice-notes-1.jpg\" \/>\n\t<meta property=\"og:image:width\" content=\"992\" \/>\n\t<meta property=\"og:image:height\" content=\"661\" \/>\n\t<meta property=\"og:image:type\" content=\"image\/jpeg\" \/>\n<meta name=\"twitter:card\" content=\"summary_large_image\" \/>\n<script type=\"application\/ld+json\" class=\"yoast-schema-graph\">{\"@context\":\"https:\/\/schema.org\",\"@graph\":[{\"@type\":\"WebPage\",\"@id\":\"https:\/\/www.scancostablanca.com\/es\/aviso-legal\/\",\"url\":\"https:\/\/www.scancostablanca.com\/es\/aviso-legal\/\",\"name\":\"S.C.A.N. Costa Blanca - Animals for Adoption - Aviso legal\",\"isPartOf\":{\"@id\":\"https:\/\/www.scancostablanca.com\/#website\"},\"datePublished\":\"2012-11-28T14:11:22+00:00\",\"dateModified\":\"2020-11-29T21:12:05+00:00\",\"description\":\"S.C.A.N. Costa Blanca - Animal Adoptions - Dog and Cat Rescue, Care & Rehoming - - Aviso legal\",\"breadcrumb\":{\"@id\":\"https:\/\/www.scancostablanca.com\/es\/aviso-legal\/#breadcrumb\"},\"inLanguage\":\"es\",\"potentialAction\":[{\"@type\":\"ReadAction\",\"target\":[\"https:\/\/www.scancostablanca.com\/es\/aviso-legal\/\"]}]},{\"@type\":\"BreadcrumbList\",\"@id\":\"https:\/\/www.scancostablanca.com\/es\/aviso-legal\/#breadcrumb\",\"itemListElement\":[{\"@type\":\"ListItem\",\"position\":1,\"name\":\"Home\",\"item\":\"https:\/\/www.scancostablanca.com\/es\/\"},{\"@type\":\"ListItem\",\"position\":2,\"name\":\"Aviso legal\"}]},{\"@type\":\"WebSite\",\"@id\":\"https:\/\/www.scancostablanca.com\/#website\",\"url\":\"https:\/\/www.scancostablanca.com\/\",\"name\":\"S.C.A.N. Costa Blanca\",\"description\":\"Sociedad para el Cuidado de los Animales que lo Necesitan\",\"publisher\":{\"@id\":\"https:\/\/www.scancostablanca.com\/#organization\"},\"potentialAction\":[{\"@type\":\"SearchAction\",\"target\":{\"@type\":\"EntryPoint\",\"urlTemplate\":\"https:\/\/www.scancostablanca.com\/?s={search_term_string}\"},\"query-input\":{\"@type\":\"PropertyValueSpecification\",\"valueRequired\":true,\"valueName\":\"search_term_string\"}}],\"inLanguage\":\"es\"},{\"@type\":\"Organization\",\"@id\":\"https:\/\/www.scancostablanca.com\/#organization\",\"name\":\"Society for the Care of Animals in Need\",\"url\":\"https:\/\/www.scancostablanca.com\/\",\"logo\":{\"@type\":\"ImageObject\",\"inLanguage\":\"es\",\"@id\":\"https:\/\/www.scancostablanca.com\/#\/schema\/logo\/image\/\",\"url\":\"https:\/\/www.scancostablanca.com\/wp-content\/uploads\/2018\/05\/scan-logo-text-blk-nobg.png\",\"contentUrl\":\"https:\/\/www.scancostablanca.com\/wp-content\/uploads\/2018\/05\/scan-logo-text-blk-nobg.png\",\"width\":409,\"height\":135,\"caption\":\"Society for the Care of Animals in Need\"},\"image\":{\"@id\":\"https:\/\/www.scancostablanca.com\/#\/schema\/logo\/image\/\"},\"sameAs\":[\"https:\/\/www.facebook.com\/SocietyForTheCareOfAnimalsInNeedScan\/\"]}]}<\/script>\n<!-- \/ Yoast SEO plugin. -->","yoast_head_json":{"title":"S.C.A.N. Costa Blanca - Animals for Adoption - Aviso legal","description":"S.C.A.N. Costa Blanca - Animal Adoptions - Dog and Cat Rescue, Care & Rehoming - - Aviso legal","robots":{"index":"index","follow":"follow","max-snippet":"max-snippet:-1","max-image-preview":"max-image-preview:large","max-video-preview":"max-video-preview:-1"},"canonical":"https:\/\/www.scancostablanca.com\/es\/aviso-legal\/","og_locale":"es_ES","og_type":"article","og_title":"S.C.A.N. Costa Blanca - Animals for Adoption - Aviso legal","og_description":"S.C.A.N. Costa Blanca - Animal Adoptions - Dog and Cat Rescue, Care & Rehoming - - Aviso legal","og_url":"https:\/\/www.scancostablanca.com\/es\/aviso-legal\/","og_site_name":"S.C.A.N. Costa Blanca","article_publisher":"https:\/\/www.facebook.com\/SocietyForTheCareOfAnimalsInNeedScan\/","article_modified_time":"2020-11-29T21:12:05+00:00","og_image":[{"width":992,"height":661,"url":"https:\/\/www.scancostablanca.com\/wp-content\/uploads\/2018\/06\/puppy-advice-notes-1.jpg","type":"image\/jpeg"}],"twitter_card":"summary_large_image","schema":{"@context":"https:\/\/schema.org","@graph":[{"@type":"WebPage","@id":"https:\/\/www.scancostablanca.com\/es\/aviso-legal\/","url":"https:\/\/www.scancostablanca.com\/es\/aviso-legal\/","name":"S.C.A.N. Costa Blanca - Animals for Adoption - Aviso legal","isPartOf":{"@id":"https:\/\/www.scancostablanca.com\/#website"},"datePublished":"2012-11-28T14:11:22+00:00","dateModified":"2020-11-29T21:12:05+00:00","description":"S.C.A.N. Costa Blanca - Animal Adoptions - Dog and Cat Rescue, Care & Rehoming - - Aviso legal","breadcrumb":{"@id":"https:\/\/www.scancostablanca.com\/es\/aviso-legal\/#breadcrumb"},"inLanguage":"es","potentialAction":[{"@type":"ReadAction","target":["https:\/\/www.scancostablanca.com\/es\/aviso-legal\/"]}]},{"@type":"BreadcrumbList","@id":"https:\/\/www.scancostablanca.com\/es\/aviso-legal\/#breadcrumb","itemListElement":[{"@type":"ListItem","position":1,"name":"Home","item":"https:\/\/www.scancostablanca.com\/es\/"},{"@type":"ListItem","position":2,"name":"Aviso legal"}]},{"@type":"WebSite","@id":"https:\/\/www.scancostablanca.com\/#website","url":"https:\/\/www.scancostablanca.com\/","name":"S.C.A.N. Costa Blanca","description":"Sociedad para el Cuidado de los Animales que lo Necesitan","publisher":{"@id":"https:\/\/www.scancostablanca.com\/#organization"},"potentialAction":[{"@type":"SearchAction","target":{"@type":"EntryPoint","urlTemplate":"https:\/\/www.scancostablanca.com\/?s={search_term_string}"},"query-input":{"@type":"PropertyValueSpecification","valueRequired":true,"valueName":"search_term_string"}}],"inLanguage":"es"},{"@type":"Organization","@id":"https:\/\/www.scancostablanca.com\/#organization","name":"Society for the Care of Animals in Need","url":"https:\/\/www.scancostablanca.com\/","logo":{"@type":"ImageObject","inLanguage":"es","@id":"https:\/\/www.scancostablanca.com\/#\/schema\/logo\/image\/","url":"https:\/\/www.scancostablanca.com\/wp-content\/uploads\/2018\/05\/scan-logo-text-blk-nobg.png","contentUrl":"https:\/\/www.scancostablanca.com\/wp-content\/uploads\/2018\/05\/scan-logo-text-blk-nobg.png","width":409,"height":135,"caption":"Society for the Care of Animals in Need"},"image":{"@id":"https:\/\/www.scancostablanca.com\/#\/schema\/logo\/image\/"},"sameAs":["https:\/\/www.facebook.com\/SocietyForTheCareOfAnimalsInNeedScan\/"]}]}},"_links":{"self":[{"href":"https:\/\/www.scancostablanca.com\/es\/wp-json\/wp\/v2\/pages\/45176","targetHints":{"allow":["GET"]}}],"collection":[{"href":"https:\/\/www.scancostablanca.com\/es\/wp-json\/wp\/v2\/pages"}],"about":[{"href":"https:\/\/www.scancostablanca.com\/es\/wp-json\/wp\/v2\/types\/page"}],"author":[{"embeddable":true,"href":"https:\/\/www.scancostablanca.com\/es\/wp-json\/wp\/v2\/users\/2"}],"replies":[{"embeddable":true,"href":"https:\/\/www.scancostablanca.com\/es\/wp-json\/wp\/v2\/comments?post=45176"}],"version-history":[{"count":0,"href":"https:\/\/www.scancostablanca.com\/es\/wp-json\/wp\/v2\/pages\/45176\/revisions"}],"wp:attachment":[{"href":"https:\/\/www.scancostablanca.com\/es\/wp-json\/wp\/v2\/media?parent=45176"}],"curies":[{"name":"wp","href":"https:\/\/api.w.org\/{rel}","templated":true}]}}