{"id":9827,"date":"2012-11-23T12:43:41","date_gmt":"2012-11-23T11:43:41","guid":{"rendered":"https:\/\/www.scancostablanca.com\/es\/about-scan\/"},"modified":"2020-11-29T22:23:23","modified_gmt":"2020-11-29T21:23:23","slug":"about-scan","status":"publish","type":"page","link":"https:\/\/www.scancostablanca.com\/es\/about-scan\/","title":{"rendered":"About SCAN"},"content":{"rendered":"<p>SCAN es una organizaci\u00f3n ben\u00e9fica registrada que rescata y reubica a gatos y perros abandonados en el norte de la Costa Blanca. Muchos animales que llegan a nuestro refugio han sido maltratados, est\u00e1n enfermos, hambrientos y algunos est\u00e1n a solo unas horas de la muerte. Los animales que salen de nuestro refugio se van a vivir en hogares afectuosos y cari\u00f1osos, para nunca m\u00e1s ser maltratados o pasar hambre.<\/p>\n<p>SCAN ha prometido una pol\u00edtica de SACRIFICIO 0 para animales sanos: mantenemos la promesa que hacemos a cada gato y perro que entra en nuestro refugio: \"<strong>Ahora eres un animal de SCAN, est\u00e1s a salvo<\/strong>\".<\/p>\n<p>Trabajamos en estrecha colaboraci\u00f3n con las autoridades locales, la polic\u00eda y los veterinarios locales. Todos los involucrados est\u00e1n enfocados en el bienestar y cuidado de los animales necesitados. Nuestra misi\u00f3n es proteger a quienes no pueden hablar por s\u00ed mismos. Nosotros:<\/p>\n<ul>\n<li>RESCATAMOS animales en peligro<\/li>\n<li>CUIDAMOS de ellos brind\u00e1ndoles una dieta adecuada, atenci\u00f3n veterinaria y un alojamiento seguro, c\u00f3modo y seco<\/li>\n<li>ENCONTRAMOS nuevos HOGARES definitivos,\u00a0para que puedan seguir disfrutando del resto de sus vidas.<\/li>\n<\/ul>\n<p>Desde nuestro Centro especialmente dise\u00f1ado, ejecutamos nuestro Programa de Adopciones, posiblemente el m\u00e1s activo y efectivo en el \u00e1rea. Las estad\u00edsticas para esta iniciativa son asombrosas: a marzo de 2018 el 96% de nuestros animales han sido adoptados localmente en Espa\u00f1a y en el Reino Unido, Guernsey y las Islas del Canal, Alemania, Francia, Suiza, Finlandia y los Estados Unidos.<a href=\"https:\/\/www.scancostablanca.com\/wp-content\/uploads\/2018\/03\/5-freedoms-v3-.jpg\"><img decoding=\"async\" class=\"alignright size-medium wp-image-32648 lazyload\" data-src=\"https:\/\/www.scancostablanca.com\/wp-content\/uploads\/2018\/03\/5-freedoms-v3--480x249.jpg\" alt=\"\" width=\"480\" height=\"249\" src=\"data:image\/svg+xml;base64,PHN2ZyB3aWR0aD0iMSIgaGVpZ2h0PSIxIiB4bWxucz0iaHR0cDovL3d3dy53My5vcmcvMjAwMC9zdmciPjwvc3ZnPg==\" style=\"--smush-placeholder-width: 480px; --smush-placeholder-aspect-ratio: 480\/249;\" \/><\/a><\/p>\n<p>Nos dedicamos tanto a un conjunto de pautas internacionales para el bienestar animal conocidas como \"Las cinco libertades del cuidado de los animales\" como a los principios en los que nos fundamos: que siempre estaremos comprometidos, preocupados, eficaces y compasivos.<\/p>\n<p>SCAN no recibe dinero del gobierno local, regional o nacional. Estamos totalmente financiados por la generosidad de los partidarios de SCAN en todo el mundo, generado por nuestro programa de Eventos, la Boutique de SCAN y nuestras botes de donaciones. Debido a que contamos con financiamiento independiente, operamos sin cuotas y protocolos de administraci\u00f3n impuestos de forma centralizada que pondr\u00edan en riesgo el bienestar de nuestros animales.<\/p>\n<p><a href=\"https:\/\/www.scancostablanca.com\/wp-content\/uploads\/2013\/03\/DSC01433.jpg\"><img decoding=\"async\" class=\"wp-image-646 alignright lazyload\" data-src=\"https:\/\/www.scancostablanca.com\/wp-content\/uploads\/2013\/03\/DSC01433.jpg\" alt=\"Inauguration\" width=\"464\" height=\"333\" src=\"data:image\/svg+xml;base64,PHN2ZyB3aWR0aD0iMSIgaGVpZ2h0PSIxIiB4bWxucz0iaHR0cDovL3d3dy53My5vcmcvMjAwMC9zdmciPjwvc3ZnPg==\" style=\"--smush-placeholder-width: 464px; --smush-placeholder-aspect-ratio: 464\/333;\" \/><\/a><\/p>\n<h2>D\u00f3nde encontrarnos:<\/h2>\n<p><strong>SCAN Protectora<\/strong><\/p>\n<p>Poligono Industrial<br \/>\nCalle Alcoy<br \/>\nEsq. Cami Cremadella<br \/>\nEl Verger 03770<\/p>\n<p>Solicitudes generales 626 550 864<\/p>\n<p><strong>Las coordenadas GPS son:<\/strong><\/p>\n<p>dependiendo de su dispositivo:<\/p>\n<p>N 38\u00b0 51.578' - W 000\u00b0 00.451' o<\/p>\n<p>N 38\u00b0 51' 35\" - W 000\u00b0 00' 27\"<\/p>\n<h2>Horario<\/h2>\n<p><strong>Lunes a domingo<\/strong><\/p>\n<h3>Horario Verano<\/h3>\n<p><strong>Ma\u00f1anas (gatos y perros): 09:30 a 12:30<\/strong><\/p>\n<p><strong>Tardes (perros): 17:00 a 19:00<\/strong><\/p>\n<h3>Horario Invierno<strong><br \/>\n<\/strong><\/h3>\n<p><strong>Ma\u00f1anas (gatos y perros): 09:30 a 12:30<\/strong><\/p>\n<p><strong>Tardes (perros): 16:30 a 18:00<\/strong><\/p>\n<p>Si este horario le es dif\u00edcil de cumplir y desea una cita para hablar sobre una adopci\u00f3n, trabajo de voluntario o cualquier otro tema importante llamen a\u00a0<strong><span style=\"text-decoration: underline;\">Barry Caulfield en 626 550 864 <\/span><\/strong><\/p>\n<p><iframe data-src=\"https:\/\/www.google.com\/maps\/d\/embed?mid=12PfS1YnDXX02zBB9KhUUc3M-2Q-vveLJ\" width=\"700\" height=\"520\" src=\"data:image\/svg+xml;base64,PHN2ZyB3aWR0aD0iMSIgaGVpZ2h0PSIxIiB4bWxucz0iaHR0cDovL3d3dy53My5vcmcvMjAwMC9zdmciPjwvc3ZnPg==\" class=\"lazyload\" data-load-mode=\"1\"><\/iframe><\/p>\n","protected":false},"excerpt":{"rendered":"<p>SCAN es una organizaci\u00f3n ben\u00e9fica registrada que rescata y reubica a gatos y perros abandonados en el norte de la Costa Blanca. Muchos animales que llegan a nuestro refugio han [&#8230;]<\/p>\n<p><a class=\"btn btn-secondary understrap-read-more-link\" href=\"https:\/\/www.scancostablanca.com\/es\/about-scan\/\">Leer m\u00e1s&#8230;<\/a><\/p>\n","protected":false},"author":2,"featured_media":0,"parent":0,"menu_order":0,"comment_status":"closed","ping_status":"closed","template":"","meta":{"_acf_changed":false,"footnotes":""},"class_list":["post-9827","page","type-page","status-publish","hentry"],"acf":[],"yoast_head":"<!-- This site is optimized with the Yoast SEO plugin v25.9 - https:\/\/yoast.com\/wordpress\/plugins\/seo\/ -->\n<title>S.C.A.N. Costa Blanca - Animals for Adoption - About SCAN<\/title>\n<meta name=\"description\" content=\"S.C.A.N. Costa Blanca - Animal Adoptions - Dog and Cat Rescue, Care &amp; Rehoming - - About SCAN\" \/>\n<meta name=\"robots\" content=\"index, follow, max-snippet:-1, max-image-preview:large, max-video-preview:-1\" \/>\n<link rel=\"canonical\" href=\"https:\/\/www.scancostablanca.com\/es\/about-scan\/\" \/>\n<meta property=\"og:locale\" content=\"es_ES\" \/>\n<meta property=\"og:type\" content=\"article\" \/>\n<meta property=\"og:title\" content=\"S.C.A.N. Costa Blanca - Animals for Adoption - About SCAN\" \/>\n<meta property=\"og:description\" content=\"S.C.A.N. Costa Blanca - Animal Adoptions - Dog and Cat Rescue, Care &amp; Rehoming - - About SCAN\" \/>\n<meta property=\"og:url\" content=\"https:\/\/www.scancostablanca.com\/es\/about-scan\/\" \/>\n<meta property=\"og:site_name\" content=\"S.C.A.N. Costa Blanca\" \/>\n<meta property=\"article:publisher\" content=\"https:\/\/www.facebook.com\/SocietyForTheCareOfAnimalsInNeedScan\/\" \/>\n<meta property=\"article:modified_time\" content=\"2020-11-29T21:23:23+00:00\" \/>\n<meta property=\"og:image\" content=\"https:\/\/www.scancostablanca.com\/wp-content\/uploads\/2018\/03\/5-freedoms-v3--480x249.jpg\" \/>\n<meta name=\"twitter:card\" content=\"summary_large_image\" \/>\n<script type=\"application\/ld+json\" class=\"yoast-schema-graph\">{\"@context\":\"https:\/\/schema.org\",\"@graph\":[{\"@type\":\"WebPage\",\"@id\":\"https:\/\/www.scancostablanca.com\/es\/about-scan\/\",\"url\":\"https:\/\/www.scancostablanca.com\/es\/about-scan\/\",\"name\":\"S.C.A.N. Costa Blanca - Animals for Adoption - About SCAN\",\"isPartOf\":{\"@id\":\"https:\/\/www.scancostablanca.com\/#website\"},\"primaryImageOfPage\":{\"@id\":\"https:\/\/www.scancostablanca.com\/es\/about-scan\/#primaryimage\"},\"image\":{\"@id\":\"https:\/\/www.scancostablanca.com\/es\/about-scan\/#primaryimage\"},\"thumbnailUrl\":\"https:\/\/www.scancostablanca.com\/wp-content\/uploads\/2018\/03\/5-freedoms-v3--480x249.jpg\",\"datePublished\":\"2012-11-23T11:43:41+00:00\",\"dateModified\":\"2020-11-29T21:23:23+00:00\",\"description\":\"S.C.A.N. Costa Blanca - Animal Adoptions - Dog and Cat Rescue, Care & Rehoming - - About SCAN\",\"breadcrumb\":{\"@id\":\"https:\/\/www.scancostablanca.com\/es\/about-scan\/#breadcrumb\"},\"inLanguage\":\"es\",\"potentialAction\":[{\"@type\":\"ReadAction\",\"target\":[\"https:\/\/www.scancostablanca.com\/es\/about-scan\/\"]}]},{\"@type\":\"ImageObject\",\"inLanguage\":\"es\",\"@id\":\"https:\/\/www.scancostablanca.com\/es\/about-scan\/#primaryimage\",\"url\":\"https:\/\/www.scancostablanca.com\/wp-content\/uploads\/2018\/03\/5-freedoms-v3--480x249.jpg\",\"contentUrl\":\"https:\/\/www.scancostablanca.com\/wp-content\/uploads\/2018\/03\/5-freedoms-v3--480x249.jpg\"},{\"@type\":\"BreadcrumbList\",\"@id\":\"https:\/\/www.scancostablanca.com\/es\/about-scan\/#breadcrumb\",\"itemListElement\":[{\"@type\":\"ListItem\",\"position\":1,\"name\":\"Home\",\"item\":\"https:\/\/www.scancostablanca.com\/es\/\"},{\"@type\":\"ListItem\",\"position\":2,\"name\":\"About SCAN\"}]},{\"@type\":\"WebSite\",\"@id\":\"https:\/\/www.scancostablanca.com\/#website\",\"url\":\"https:\/\/www.scancostablanca.com\/\",\"name\":\"S.C.A.N. Costa Blanca\",\"description\":\"Sociedad para el Cuidado de los Animales que lo Necesitan\",\"publisher\":{\"@id\":\"https:\/\/www.scancostablanca.com\/#organization\"},\"potentialAction\":[{\"@type\":\"SearchAction\",\"target\":{\"@type\":\"EntryPoint\",\"urlTemplate\":\"https:\/\/www.scancostablanca.com\/?s={search_term_string}\"},\"query-input\":{\"@type\":\"PropertyValueSpecification\",\"valueRequired\":true,\"valueName\":\"search_term_string\"}}],\"inLanguage\":\"es\"},{\"@type\":\"Organization\",\"@id\":\"https:\/\/www.scancostablanca.com\/#organization\",\"name\":\"Society for the Care of Animals in Need\",\"url\":\"https:\/\/www.scancostablanca.com\/\",\"logo\":{\"@type\":\"ImageObject\",\"inLanguage\":\"es\",\"@id\":\"https:\/\/www.scancostablanca.com\/#\/schema\/logo\/image\/\",\"url\":\"https:\/\/www.scancostablanca.com\/wp-content\/uploads\/2018\/05\/scan-logo-text-blk-nobg.png\",\"contentUrl\":\"https:\/\/www.scancostablanca.com\/wp-content\/uploads\/2018\/05\/scan-logo-text-blk-nobg.png\",\"width\":409,\"height\":135,\"caption\":\"Society for the Care of Animals in Need\"},\"image\":{\"@id\":\"https:\/\/www.scancostablanca.com\/#\/schema\/logo\/image\/\"},\"sameAs\":[\"https:\/\/www.facebook.com\/SocietyForTheCareOfAnimalsInNeedScan\/\"]}]}<\/script>\n<!-- \/ Yoast SEO plugin. -->","yoast_head_json":{"title":"S.C.A.N. Costa Blanca - Animals for Adoption - About SCAN","description":"S.C.A.N. Costa Blanca - Animal Adoptions - Dog and Cat Rescue, Care & Rehoming - - About SCAN","robots":{"index":"index","follow":"follow","max-snippet":"max-snippet:-1","max-image-preview":"max-image-preview:large","max-video-preview":"max-video-preview:-1"},"canonical":"https:\/\/www.scancostablanca.com\/es\/about-scan\/","og_locale":"es_ES","og_type":"article","og_title":"S.C.A.N. Costa Blanca - Animals for Adoption - About SCAN","og_description":"S.C.A.N. Costa Blanca - Animal Adoptions - Dog and Cat Rescue, Care & Rehoming - - About SCAN","og_url":"https:\/\/www.scancostablanca.com\/es\/about-scan\/","og_site_name":"S.C.A.N. Costa Blanca","article_publisher":"https:\/\/www.facebook.com\/SocietyForTheCareOfAnimalsInNeedScan\/","article_modified_time":"2020-11-29T21:23:23+00:00","og_image":[{"url":"https:\/\/www.scancostablanca.com\/wp-content\/uploads\/2018\/03\/5-freedoms-v3--480x249.jpg","type":"","width":"","height":""}],"twitter_card":"summary_large_image","schema":{"@context":"https:\/\/schema.org","@graph":[{"@type":"WebPage","@id":"https:\/\/www.scancostablanca.com\/es\/about-scan\/","url":"https:\/\/www.scancostablanca.com\/es\/about-scan\/","name":"S.C.A.N. Costa Blanca - Animals for Adoption - About SCAN","isPartOf":{"@id":"https:\/\/www.scancostablanca.com\/#website"},"primaryImageOfPage":{"@id":"https:\/\/www.scancostablanca.com\/es\/about-scan\/#primaryimage"},"image":{"@id":"https:\/\/www.scancostablanca.com\/es\/about-scan\/#primaryimage"},"thumbnailUrl":"https:\/\/www.scancostablanca.com\/wp-content\/uploads\/2018\/03\/5-freedoms-v3--480x249.jpg","datePublished":"2012-11-23T11:43:41+00:00","dateModified":"2020-11-29T21:23:23+00:00","description":"S.C.A.N. Costa Blanca - Animal Adoptions - Dog and Cat Rescue, Care & Rehoming - - About SCAN","breadcrumb":{"@id":"https:\/\/www.scancostablanca.com\/es\/about-scan\/#breadcrumb"},"inLanguage":"es","potentialAction":[{"@type":"ReadAction","target":["https:\/\/www.scancostablanca.com\/es\/about-scan\/"]}]},{"@type":"ImageObject","inLanguage":"es","@id":"https:\/\/www.scancostablanca.com\/es\/about-scan\/#primaryimage","url":"https:\/\/www.scancostablanca.com\/wp-content\/uploads\/2018\/03\/5-freedoms-v3--480x249.jpg","contentUrl":"https:\/\/www.scancostablanca.com\/wp-content\/uploads\/2018\/03\/5-freedoms-v3--480x249.jpg"},{"@type":"BreadcrumbList","@id":"https:\/\/www.scancostablanca.com\/es\/about-scan\/#breadcrumb","itemListElement":[{"@type":"ListItem","position":1,"name":"Home","item":"https:\/\/www.scancostablanca.com\/es\/"},{"@type":"ListItem","position":2,"name":"About SCAN"}]},{"@type":"WebSite","@id":"https:\/\/www.scancostablanca.com\/#website","url":"https:\/\/www.scancostablanca.com\/","name":"S.C.A.N. Costa Blanca","description":"Sociedad para el Cuidado de los Animales que lo Necesitan","publisher":{"@id":"https:\/\/www.scancostablanca.com\/#organization"},"potentialAction":[{"@type":"SearchAction","target":{"@type":"EntryPoint","urlTemplate":"https:\/\/www.scancostablanca.com\/?s={search_term_string}"},"query-input":{"@type":"PropertyValueSpecification","valueRequired":true,"valueName":"search_term_string"}}],"inLanguage":"es"},{"@type":"Organization","@id":"https:\/\/www.scancostablanca.com\/#organization","name":"Society for the Care of Animals in Need","url":"https:\/\/www.scancostablanca.com\/","logo":{"@type":"ImageObject","inLanguage":"es","@id":"https:\/\/www.scancostablanca.com\/#\/schema\/logo\/image\/","url":"https:\/\/www.scancostablanca.com\/wp-content\/uploads\/2018\/05\/scan-logo-text-blk-nobg.png","contentUrl":"https:\/\/www.scancostablanca.com\/wp-content\/uploads\/2018\/05\/scan-logo-text-blk-nobg.png","width":409,"height":135,"caption":"Society for the Care of Animals in Need"},"image":{"@id":"https:\/\/www.scancostablanca.com\/#\/schema\/logo\/image\/"},"sameAs":["https:\/\/www.facebook.com\/SocietyForTheCareOfAnimalsInNeedScan\/"]}]}},"_links":{"self":[{"href":"https:\/\/www.scancostablanca.com\/es\/wp-json\/wp\/v2\/pages\/9827","targetHints":{"allow":["GET"]}}],"collection":[{"href":"https:\/\/www.scancostablanca.com\/es\/wp-json\/wp\/v2\/pages"}],"about":[{"href":"https:\/\/www.scancostablanca.com\/es\/wp-json\/wp\/v2\/types\/page"}],"author":[{"embeddable":true,"href":"https:\/\/www.scancostablanca.com\/es\/wp-json\/wp\/v2\/users\/2"}],"replies":[{"embeddable":true,"href":"https:\/\/www.scancostablanca.com\/es\/wp-json\/wp\/v2\/comments?post=9827"}],"version-history":[{"count":0,"href":"https:\/\/www.scancostablanca.com\/es\/wp-json\/wp\/v2\/pages\/9827\/revisions"}],"wp:attachment":[{"href":"https:\/\/www.scancostablanca.com\/es\/wp-json\/wp\/v2\/media?parent=9827"}],"curies":[{"name":"wp","href":"https:\/\/api.w.org\/{rel}","templated":true}]}}