{"id":9839,"date":"2018-08-16T17:22:56","date_gmt":"2018-08-16T15:22:56","guid":{"rendered":"https:\/\/www.scancostablanca.com\/es\/scan-shop\/"},"modified":"2019-01-07T12:00:05","modified_gmt":"2019-01-07T11:00:05","slug":"scan-shop","status":"publish","type":"page","link":"https:\/\/www.scancostablanca.com\/es\/scan-shop\/","title":{"rendered":"SCAN Boutique de Caridad"},"content":{"rendered":"<p><img decoding=\"async\" class=\"alignnone size-medium wp-image-32770 aligncenter lazyload\" data-src=\"https:\/\/www.scancostablanca.com\/wp-content\/uploads\/2018\/03\/items-composite-sf-1-6-480x284.png\" alt=\"\" width=\"480\" height=\"284\" src=\"data:image\/svg+xml;base64,PHN2ZyB3aWR0aD0iMSIgaGVpZ2h0PSIxIiB4bWxucz0iaHR0cDovL3d3dy53My5vcmcvMjAwMC9zdmciPjwvc3ZnPg==\" style=\"--smush-placeholder-width: 480px; --smush-placeholder-aspect-ratio: 480\/284;\" \/><\/p>\n<p>SCAN Boutique vende ropa nueva y usada (incluso ofertas de ropa de dise\u00f1o), accesorios para el hogar, joyas, tarjetas de felicitaci\u00f3n, bolsos, ropa de cama, zapatos, DVD y libros a precios incre\u00edblemente atractivos.<\/p>\n<p>Cada art\u00edculo vendido ayuda a proteger vidas vulnerables y brinda a los gatos y perros SCAN un futuro.<\/p>\n<p>Tras el \u00e9xito de nuestra tienda en Carrer de Estella, la nueva tienda SCAN Boutique abri\u00f3 sus puertas en noviembre de 2017 con m\u00e1s del doble de superficie de venta, brindando a nuestros clientes un ambiente m\u00e1s fresco y acogedor.<\/p>\n<p>Puede encontrar el SCAN Boutique en Carrer Doctor Domenech 5, El Verger (vea el mapa interactivo a continuaci\u00f3n). Si conoces el \u00e1rea: est\u00e1 a lo largo de la calle del Consum. Desde el supermercado, salga por las puertas principales, vaya a la calle, no al estacionamiento y gire a la izquierda. Nuestra tienda est\u00e1 un poco m\u00e1s arriba a la derecha. Est\u00e1 bien se\u00f1alado y es f\u00e1cil de encontrar.<\/p>\n<p>El SCAN Boutique est\u00e1 abierto de lunes a viernes de 10: 0 a 13:00.<\/p>\n<p>Damos la bienvenida y agradecemos todas las donaciones en la Boutique (ropa no deseada y vendible, accesorios para el hogar, ropa de cama, libros, DVD, etc.) durante las horas de apertura.<\/p>\n<p>Si no puede llegar a la Boutique mientras estamos abiertos, estaremos encantados de recibir sus donaciones en el refugio que est\u00e1 abierto los 7 d\u00edas de la semana, los 365 d\u00edas del a\u00f1o, de 9:30 a 13:00 y de 16:30 a 18:00.<\/p>\n<p>Todos los ingresos del SCAN Boutique se utilizan para el bienestar de los animales cuidados y protegidos por SCAN. \u00bfPor qu\u00e9 no viene y mira si puede conseguir una ganga? Esperamos verle....<\/p>\n<p style=\"text-align: center;\">The SCAN Boutique<br \/>\nCarrer Doctor Domenech 5<br \/>\n03770 El Verger<br \/>\nAlicante<br \/>\nSpain<\/p>\n<p><img decoding=\"async\" class=\"size-medium wp-image-26961 aligncenter lazyload\" data-src=\"https:\/\/www.scancostablanca.com\/wp-content\/uploads\/2012\/11\/exterior-480x360.jpg\" alt=\"\" width=\"480\" height=\"360\" src=\"data:image\/svg+xml;base64,PHN2ZyB3aWR0aD0iMSIgaGVpZ2h0PSIxIiB4bWxucz0iaHR0cDovL3d3dy53My5vcmcvMjAwMC9zdmciPjwvc3ZnPg==\" style=\"--smush-placeholder-width: 480px; --smush-placeholder-aspect-ratio: 480\/360;\" \/><\/p>\n<p>[mappress mapid=\"3\"]<\/p>\n","protected":false},"excerpt":{"rendered":"<p>SCAN Boutique vende ropa nueva y usada (incluso ofertas de ropa de dise\u00f1o), accesorios para el hogar, joyas, tarjetas de felicitaci\u00f3n, bolsos, ropa de cama, zapatos, DVD y libros a [&#8230;]<\/p>\n<p><a class=\"btn btn-secondary understrap-read-more-link\" href=\"https:\/\/www.scancostablanca.com\/es\/scan-shop\/\">Leer m\u00e1s&#8230;<\/a><\/p>\n","protected":false},"author":2,"featured_media":0,"parent":0,"menu_order":0,"comment_status":"closed","ping_status":"closed","template":"","meta":{"_acf_changed":false,"footnotes":""},"class_list":["post-9839","page","type-page","status-publish","hentry"],"acf":[],"yoast_head":"<!-- This site is optimized with the Yoast SEO plugin v25.9 - https:\/\/yoast.com\/wordpress\/plugins\/seo\/ -->\n<title>S.C.A.N. Costa Blanca - Animals for Adoption - SCAN Boutique de Caridad<\/title>\n<meta name=\"description\" content=\"S.C.A.N. Costa Blanca - Animal Adoptions - Dog and Cat Rescue, Care &amp; Rehoming - - SCAN Boutique de Caridad\" \/>\n<meta name=\"robots\" content=\"index, follow, max-snippet:-1, max-image-preview:large, max-video-preview:-1\" \/>\n<link rel=\"canonical\" href=\"https:\/\/www.scancostablanca.com\/es\/scan-shop\/\" \/>\n<meta property=\"og:locale\" content=\"es_ES\" \/>\n<meta property=\"og:type\" content=\"article\" \/>\n<meta property=\"og:title\" content=\"S.C.A.N. Costa Blanca - Animals for Adoption - SCAN Boutique de Caridad\" \/>\n<meta property=\"og:description\" content=\"S.C.A.N. Costa Blanca - Animal Adoptions - Dog and Cat Rescue, Care &amp; Rehoming - - SCAN Boutique de Caridad\" \/>\n<meta property=\"og:url\" content=\"https:\/\/www.scancostablanca.com\/es\/scan-shop\/\" \/>\n<meta property=\"og:site_name\" content=\"S.C.A.N. Costa Blanca\" \/>\n<meta property=\"article:publisher\" content=\"https:\/\/www.facebook.com\/SocietyForTheCareOfAnimalsInNeedScan\/\" \/>\n<meta property=\"article:modified_time\" content=\"2019-01-07T11:00:05+00:00\" \/>\n<meta property=\"og:image\" content=\"https:\/\/www.scancostablanca.com\/wp-content\/uploads\/2018\/03\/items-composite-sf-1-6-480x284.png\" \/>\n<meta name=\"twitter:card\" content=\"summary_large_image\" \/>\n<script type=\"application\/ld+json\" class=\"yoast-schema-graph\">{\"@context\":\"https:\/\/schema.org\",\"@graph\":[{\"@type\":\"WebPage\",\"@id\":\"https:\/\/www.scancostablanca.com\/es\/scan-shop\/\",\"url\":\"https:\/\/www.scancostablanca.com\/es\/scan-shop\/\",\"name\":\"S.C.A.N. Costa Blanca - Animals for Adoption - SCAN Boutique de Caridad\",\"isPartOf\":{\"@id\":\"https:\/\/www.scancostablanca.com\/#website\"},\"primaryImageOfPage\":{\"@id\":\"https:\/\/www.scancostablanca.com\/es\/scan-shop\/#primaryimage\"},\"image\":{\"@id\":\"https:\/\/www.scancostablanca.com\/es\/scan-shop\/#primaryimage\"},\"thumbnailUrl\":\"https:\/\/www.scancostablanca.com\/wp-content\/uploads\/2018\/03\/items-composite-sf-1-6-480x284.png\",\"datePublished\":\"2018-08-16T15:22:56+00:00\",\"dateModified\":\"2019-01-07T11:00:05+00:00\",\"description\":\"S.C.A.N. Costa Blanca - Animal Adoptions - Dog and Cat Rescue, Care & Rehoming - - SCAN Boutique de Caridad\",\"breadcrumb\":{\"@id\":\"https:\/\/www.scancostablanca.com\/es\/scan-shop\/#breadcrumb\"},\"inLanguage\":\"es\",\"potentialAction\":[{\"@type\":\"ReadAction\",\"target\":[\"https:\/\/www.scancostablanca.com\/es\/scan-shop\/\"]}]},{\"@type\":\"ImageObject\",\"inLanguage\":\"es\",\"@id\":\"https:\/\/www.scancostablanca.com\/es\/scan-shop\/#primaryimage\",\"url\":\"https:\/\/www.scancostablanca.com\/wp-content\/uploads\/2018\/03\/items-composite-sf-1-6-480x284.png\",\"contentUrl\":\"https:\/\/www.scancostablanca.com\/wp-content\/uploads\/2018\/03\/items-composite-sf-1-6-480x284.png\"},{\"@type\":\"BreadcrumbList\",\"@id\":\"https:\/\/www.scancostablanca.com\/es\/scan-shop\/#breadcrumb\",\"itemListElement\":[{\"@type\":\"ListItem\",\"position\":1,\"name\":\"Home\",\"item\":\"https:\/\/www.scancostablanca.com\/es\/\"},{\"@type\":\"ListItem\",\"position\":2,\"name\":\"SCAN Boutique de Caridad\"}]},{\"@type\":\"WebSite\",\"@id\":\"https:\/\/www.scancostablanca.com\/#website\",\"url\":\"https:\/\/www.scancostablanca.com\/\",\"name\":\"S.C.A.N. Costa Blanca\",\"description\":\"Sociedad para el Cuidado de los Animales que lo Necesitan\",\"publisher\":{\"@id\":\"https:\/\/www.scancostablanca.com\/#organization\"},\"potentialAction\":[{\"@type\":\"SearchAction\",\"target\":{\"@type\":\"EntryPoint\",\"urlTemplate\":\"https:\/\/www.scancostablanca.com\/?s={search_term_string}\"},\"query-input\":{\"@type\":\"PropertyValueSpecification\",\"valueRequired\":true,\"valueName\":\"search_term_string\"}}],\"inLanguage\":\"es\"},{\"@type\":\"Organization\",\"@id\":\"https:\/\/www.scancostablanca.com\/#organization\",\"name\":\"Society for the Care of Animals in Need\",\"url\":\"https:\/\/www.scancostablanca.com\/\",\"logo\":{\"@type\":\"ImageObject\",\"inLanguage\":\"es\",\"@id\":\"https:\/\/www.scancostablanca.com\/#\/schema\/logo\/image\/\",\"url\":\"https:\/\/www.scancostablanca.com\/wp-content\/uploads\/2018\/05\/scan-logo-text-blk-nobg.png\",\"contentUrl\":\"https:\/\/www.scancostablanca.com\/wp-content\/uploads\/2018\/05\/scan-logo-text-blk-nobg.png\",\"width\":409,\"height\":135,\"caption\":\"Society for the Care of Animals in Need\"},\"image\":{\"@id\":\"https:\/\/www.scancostablanca.com\/#\/schema\/logo\/image\/\"},\"sameAs\":[\"https:\/\/www.facebook.com\/SocietyForTheCareOfAnimalsInNeedScan\/\"]}]}<\/script>\n<!-- \/ Yoast SEO plugin. -->","yoast_head_json":{"title":"S.C.A.N. Costa Blanca - Animals for Adoption - SCAN Boutique de Caridad","description":"S.C.A.N. Costa Blanca - Animal Adoptions - Dog and Cat Rescue, Care & Rehoming - - SCAN Boutique de Caridad","robots":{"index":"index","follow":"follow","max-snippet":"max-snippet:-1","max-image-preview":"max-image-preview:large","max-video-preview":"max-video-preview:-1"},"canonical":"https:\/\/www.scancostablanca.com\/es\/scan-shop\/","og_locale":"es_ES","og_type":"article","og_title":"S.C.A.N. Costa Blanca - Animals for Adoption - SCAN Boutique de Caridad","og_description":"S.C.A.N. Costa Blanca - Animal Adoptions - Dog and Cat Rescue, Care & Rehoming - - SCAN Boutique de Caridad","og_url":"https:\/\/www.scancostablanca.com\/es\/scan-shop\/","og_site_name":"S.C.A.N. Costa Blanca","article_publisher":"https:\/\/www.facebook.com\/SocietyForTheCareOfAnimalsInNeedScan\/","article_modified_time":"2019-01-07T11:00:05+00:00","og_image":[{"url":"https:\/\/www.scancostablanca.com\/wp-content\/uploads\/2018\/03\/items-composite-sf-1-6-480x284.png","type":"","width":"","height":""}],"twitter_card":"summary_large_image","schema":{"@context":"https:\/\/schema.org","@graph":[{"@type":"WebPage","@id":"https:\/\/www.scancostablanca.com\/es\/scan-shop\/","url":"https:\/\/www.scancostablanca.com\/es\/scan-shop\/","name":"S.C.A.N. Costa Blanca - Animals for Adoption - SCAN Boutique de Caridad","isPartOf":{"@id":"https:\/\/www.scancostablanca.com\/#website"},"primaryImageOfPage":{"@id":"https:\/\/www.scancostablanca.com\/es\/scan-shop\/#primaryimage"},"image":{"@id":"https:\/\/www.scancostablanca.com\/es\/scan-shop\/#primaryimage"},"thumbnailUrl":"https:\/\/www.scancostablanca.com\/wp-content\/uploads\/2018\/03\/items-composite-sf-1-6-480x284.png","datePublished":"2018-08-16T15:22:56+00:00","dateModified":"2019-01-07T11:00:05+00:00","description":"S.C.A.N. Costa Blanca - Animal Adoptions - Dog and Cat Rescue, Care & Rehoming - - SCAN Boutique de Caridad","breadcrumb":{"@id":"https:\/\/www.scancostablanca.com\/es\/scan-shop\/#breadcrumb"},"inLanguage":"es","potentialAction":[{"@type":"ReadAction","target":["https:\/\/www.scancostablanca.com\/es\/scan-shop\/"]}]},{"@type":"ImageObject","inLanguage":"es","@id":"https:\/\/www.scancostablanca.com\/es\/scan-shop\/#primaryimage","url":"https:\/\/www.scancostablanca.com\/wp-content\/uploads\/2018\/03\/items-composite-sf-1-6-480x284.png","contentUrl":"https:\/\/www.scancostablanca.com\/wp-content\/uploads\/2018\/03\/items-composite-sf-1-6-480x284.png"},{"@type":"BreadcrumbList","@id":"https:\/\/www.scancostablanca.com\/es\/scan-shop\/#breadcrumb","itemListElement":[{"@type":"ListItem","position":1,"name":"Home","item":"https:\/\/www.scancostablanca.com\/es\/"},{"@type":"ListItem","position":2,"name":"SCAN Boutique de Caridad"}]},{"@type":"WebSite","@id":"https:\/\/www.scancostablanca.com\/#website","url":"https:\/\/www.scancostablanca.com\/","name":"S.C.A.N. Costa Blanca","description":"Sociedad para el Cuidado de los Animales que lo Necesitan","publisher":{"@id":"https:\/\/www.scancostablanca.com\/#organization"},"potentialAction":[{"@type":"SearchAction","target":{"@type":"EntryPoint","urlTemplate":"https:\/\/www.scancostablanca.com\/?s={search_term_string}"},"query-input":{"@type":"PropertyValueSpecification","valueRequired":true,"valueName":"search_term_string"}}],"inLanguage":"es"},{"@type":"Organization","@id":"https:\/\/www.scancostablanca.com\/#organization","name":"Society for the Care of Animals in Need","url":"https:\/\/www.scancostablanca.com\/","logo":{"@type":"ImageObject","inLanguage":"es","@id":"https:\/\/www.scancostablanca.com\/#\/schema\/logo\/image\/","url":"https:\/\/www.scancostablanca.com\/wp-content\/uploads\/2018\/05\/scan-logo-text-blk-nobg.png","contentUrl":"https:\/\/www.scancostablanca.com\/wp-content\/uploads\/2018\/05\/scan-logo-text-blk-nobg.png","width":409,"height":135,"caption":"Society for the Care of Animals in Need"},"image":{"@id":"https:\/\/www.scancostablanca.com\/#\/schema\/logo\/image\/"},"sameAs":["https:\/\/www.facebook.com\/SocietyForTheCareOfAnimalsInNeedScan\/"]}]}},"_links":{"self":[{"href":"https:\/\/www.scancostablanca.com\/es\/wp-json\/wp\/v2\/pages\/9839","targetHints":{"allow":["GET"]}}],"collection":[{"href":"https:\/\/www.scancostablanca.com\/es\/wp-json\/wp\/v2\/pages"}],"about":[{"href":"https:\/\/www.scancostablanca.com\/es\/wp-json\/wp\/v2\/types\/page"}],"author":[{"embeddable":true,"href":"https:\/\/www.scancostablanca.com\/es\/wp-json\/wp\/v2\/users\/2"}],"replies":[{"embeddable":true,"href":"https:\/\/www.scancostablanca.com\/es\/wp-json\/wp\/v2\/comments?post=9839"}],"version-history":[{"count":0,"href":"https:\/\/www.scancostablanca.com\/es\/wp-json\/wp\/v2\/pages\/9839\/revisions"}],"wp:attachment":[{"href":"https:\/\/www.scancostablanca.com\/es\/wp-json\/wp\/v2\/media?parent=9839"}],"curies":[{"name":"wp","href":"https:\/\/api.w.org\/{rel}","templated":true}]}}